{"id":27985,"date":"2026-03-18T12:47:52","date_gmt":"2026-03-18T12:47:52","guid":{"rendered":"https:\/\/soydeaqui.ddns.net\/pachuca\/index.php\/producto\/tarjeta-iclass-se-clamshell-gruesa-garantia-de-por-vida\/"},"modified":"2026-03-18T12:47:52","modified_gmt":"2026-03-18T12:47:52","slug":"tarjeta-iclass-se-clamshell-gruesa-garantia-de-por-vida","status":"publish","type":"product","link":"https:\/\/soydeaqui.ddns.net\/pachuca\/index.php\/producto\/tarjeta-iclass-se-clamshell-gruesa-garantia-de-por-vida\/","title":{"rendered":"Tarjeta iClass SE  Clamshell (Gruesa) \/ Garant\u00eda de por Vida"},"content":{"rendered":"<div style='width: 100%; max-width: 1200px; margin: 0 auto; font-family: sans-serif; line-height: 1.6; color: inherit; background-color: transparent;'>\n<div style='display: flex; flex-wrap: wrap; gap: 30px; margin-bottom: 30px;'>\n<div style='flex: 1 1 300px; min-width: 280px;'>\n<h3 style='font-size: 22px; border-bottom: 2px solid currentColor; padding-bottom: 5px; margin-top: 0; color: inherit; opacity: 0.8;'>Caracter\u00edsticas principales<\/h3>\n<ul style='padding-left: 20px; font-size: 15px; color: inherit;'>\n<li style='margin-bottom: 5px;'>Tarjeta iClass SE<\/li>\n<li style='margin-bottom: 5px;'>Logo HID frontal<\/li>\n<li style='margin-bottom: 5px;'>Orden m\u00ednima de 100 pzs<\/li>\n<\/ul><\/div>\n<div style='flex: 1 1 300px; min-width: 280px;'>\n<h3 style='font-size: 22px; border-bottom: 2px solid currentColor; padding-bottom: 5px; margin-top: 0; color: inherit; opacity: 0.8;'>Requisitos de personalizaci\u00f3n<\/h3>\n<ul style='padding-left: 20px; font-size: 15px; color: inherit;'>\n<li style='margin-bottom: 5px;'>Indicar formato&comma; c\u00f3digo de sitio y consecutivo de tarjeta<\/li>\n<li style='margin-bottom: 5px;'>Para formatos Corporate 1000 o Elite&comma; adem\u00e1s es necesario llenar documentaci\u00f3n<\/li>\n<li style='margin-bottom: 5px;'>Para formatos Corporate 1000 se requiere costo adicional (modelo MC-1000)<\/li>\n<\/ul><\/div>\n<div style='flex: 1 1 300px; min-width: 280px;'>\n<h3 style='font-size: 22px; border-bottom: 2px solid currentColor; padding-bottom: 5px; margin-top: 0; color: inherit; opacity: 0.8;'>Proceso de compra<\/h3>\n<ul style='padding-left: 20px; font-size: 15px; color: inherit;'>\n<li style='margin-bottom: 5px;'>Todas las tarjetas de HID son de programaci\u00f3n personalizadas<\/li>\n<li style='margin-bottom: 5px;'>Para formatos abiertos: Confirmar que es H10301 (26 bits)<\/li>\n<li style='margin-bottom: 5px;'>Para formatos diferentes a H10301 (26 bits) es necesario solicitar validaci\u00f3n y tiempo de entrega al departamento de ingenier\u00eda<\/li>\n<li style='margin-bottom: 5px;'>Cualquier variaci\u00f3n en el modelo o formato tiene tiempo de entrega estimado de 3 semanas<\/li>\n<\/ul><\/div>\n<\/p><\/div>\n<div style='display: flex; flex-wrap: wrap; gap: 20px; margin-bottom: 30px;'>\n<div style='flex: 1 1 250px; border: 1px solid rgba(150&comma; 150&comma; 150&comma; 0.4); border-radius: 8px; overflow: hidden; display: flex; flex-direction: column;'>\n<div style='padding: 15px; border-bottom: 1px solid rgba(150&comma; 150&comma; 150&comma; 0.2); font-weight: bold; font-size: 18px; color: inherit;'>Corporate 1000<\/div>\n<div style='padding: 15px; color: inherit;'>\n<ul style='padding-left: 20px; margin: 0; font-size: 14px; list-style-type: disc;'>\n<li style='margin-bottom: 5px;'>Agregue un formato controlado por el usuario<\/li>\n<li style='margin-bottom: 5px;'>Disponible en SYSCOM a 48 bits<\/li>\n<li style='margin-bottom: 5px;'>Documentaci\u00f3n adicional requerida:<\/li>\n<ul style='padding-left: 20px; margin: 0; font-size: 14px; list-style-type: disc;'>\n<li style='margin-bottom: 5px;'><a style='color: #005cb9; text-decoration: none;' href='http:\/\/ftp3.syscom.mx\/usuarios\/ftp\/2017\/09\/15\/96cc8\/Corporate_1000_nuevo.pdf' target='_blank' rel='noopener'>Solicitud para nuevos proyectos<\/a><\/li>\n<li style='margin-bottom: 5px;'><a style='color: #005cb9; text-decoration: none;' href='http:\/\/ftp3.syscom.mx\/usuarios\/ftp\/2018\/01\/16\/6a208\/Credential_Program_License_Agreement%20(1).pdf' target='_blank' rel='noopener'>Credential Program<\/a><\/li>\n<li style='margin-bottom: 5px;'><a style='color: #005cb9; text-decoration: none;' href='http:\/\/ftp3.syscom.mx\/usuarios\/ftp\/2017\/09\/15\/e939a\/Corporate_1000_existente.pdf' target='_top'>Proyectos existentes<\/a><\/li>\n<\/ul>\n<\/ul><\/div>\n<\/p><\/div>\n<div style='flex: 1 1 250px; border: 1px solid rgba(150&comma; 150&comma; 150&comma; 0.4); border-radius: 8px; overflow: hidden; display: flex; flex-direction: column;'>\n<div style='padding: 15px; border-bottom: 1px solid rgba(150&comma; 150&comma; 150&comma; 0.2); font-weight: bold; font-size: 18px; color: inherit;'>Documentaci\u00f3n requerida<\/div>\n<div style='padding: 15px; color: inherit;'>\n<ul style='padding-left: 20px; margin: 0; font-size: 14px; list-style-type: disc;'>\n<li style='margin-bottom: 5px;'><a style='color: #005cb9; text-decoration: none;' href='http:\/\/ftp3.syscom.mx\/usuarios\/ftp\/2017\/09\/06\/5922c\/Solicitud_Tarjetas%20(1).docx'>Formulario general de solicitud de tarjetas<\/a><\/li>\n<li style='margin-bottom: 5px;'><a style='color: #005cb9; text-decoration: none;' href='http:\/\/ftp3.syscom.mx\/usuarios\/ftp\/2017\/09\/07\/36288\/FOR%207.4%20025%20CMP%20Formato%20para%20Solicitud%20de%20Tarjetas%20HID%20rev.%20001.docx'>Formulario para solicitud de tarjetas HID<\/a><\/li>\n<li style='margin-bottom: 5px;'><a style='color: #005cb9; text-decoration: none;' href='http:\/\/ftp3.syscom.mx\/usuarios\/ftp\/2017\/09\/08\/ae5a5\/corporate1000_ds_es.pdf' target='_blank' rel='noopener'>Documentaci\u00f3n Corporate 1000<\/a><\/li>\n<\/ul><\/div>\n<\/p><\/div>\n<div style='flex: 1 1 250px; border: 1px solid rgba(150&comma; 150&comma; 150&comma; 0.4); border-radius: 8px; overflow: hidden; display: flex; flex-direction: column;'>\n<div style='padding: 15px; border-bottom: 1px solid rgba(150&comma; 150&comma; 150&comma; 0.2); font-weight: bold; font-size: 18px; color: inherit;'>Tiempo de entrega<\/div>\n<div style='padding: 15px; color: inherit;'>\n<ul style='padding-left: 20px; margin: 0; font-size: 14px; list-style-type: disc;'>\n<li style='margin-bottom: 5px;'>Tiempo de entrega aproximado de 3 d\u00edas para formato H10301<\/li>\n<li style='margin-bottom: 5px;'>Para otros formatos se confirmar\u00e1 tiempo de entrega por parte del ejecutivo<\/li>\n<li style='margin-bottom: 5px;'>Cualquier variaci\u00f3n en el modelo o formato tiene tiempo de entrega estimado de 3 semanas<\/li>\n<\/ul><\/div>\n<\/p><\/div>\n<\/p><\/div>\n<div style='display: flex; flex-wrap: wrap; gap: 20px; margin-bottom: 30px;'>\n<div style='flex: 1 1 250px; border: 1px solid rgba(150&comma; 150&comma; 150&comma; 0.4); border-radius: 8px; overflow: hidden; display: flex; flex-direction: column;'>\n<div style='padding: 15px; border-bottom: 1px solid rgba(150&comma; 150&comma; 150&comma; 0.2); font-weight: bold; font-size: 18px; color: inherit;'>Requisitos adicionales<\/div>\n<div style='padding: 15px; color: inherit;'>\n<ul style='padding-left: 20px; margin: 0; font-size: 14px; list-style-type: disc;'>\n<li style='margin-bottom: 5px;'>Todas las compras est\u00e1n sujetas al env\u00edo de la informaci\u00f3n indispensable para procesar la compra<\/li>\n<li style='margin-bottom: 5px;'>Es recomendable enviar una tarjeta existente a SYSCOM para su identificaci\u00f3n previa a la compra<\/li>\n<\/ul><\/div>\n<\/p><\/div>\n<div style='flex: 1 1 250px; border: 1px solid rgba(150&comma; 150&comma; 150&comma; 0.4); border-radius: 8px; overflow: hidden; display: flex; flex-direction: column;'>\n<div style='padding: 15px; border-bottom: 1px solid rgba(150&comma; 150&comma; 150&comma; 0.2); font-weight: bold; font-size: 18px; color: inherit;'>Formato H10301<\/div>\n<div style='padding: 15px; color: inherit;'>\n<ul style='padding-left: 20px; margin: 0; font-size: 14px; list-style-type: disc;'>\n<li style='margin-bottom: 5px;'><strong>C\u00f3digo de sitio:<\/strong> (0 a 255&comma; si es formato 26 bits H10301)<\/li>\n<li style='margin-bottom: 5px;'><strong>Consecutivo:<\/strong> rango entre 0-65535 si es a 26 bits H10301<\/li>\n<li style='margin-bottom: 5px;'>Indicar si desea que el n\u00famero de la tarjeta est\u00e9 impreso<\/li>\n<\/ul><\/div>\n<\/p><\/div>\n<\/p><\/div>\n<div style='margin-top: 30px; padding: 20px; border: 1px solid rgba(150&comma; 150&comma; 150&comma; 0.3); border-radius: 8px; background-color: rgba(0&comma; 0&comma; 0&comma; 0.02); color: inherit;'>\n<p style='margin: 0; font-weight: bold;'>Producto sobre pedido<\/p>\n<\/p><\/div>\n<\/p><\/div>\n","protected":false},"excerpt":{"rendered":"<p>Tarjeta iClass SE  Clamshell (Gruesa) \/ Garant\u00eda de por Vida<\/p>\n","protected":false},"featured_media":27984,"comment_status":"open","ping_status":"closed","template":"","meta":[],"product_brand":[],"product_cat":[770],"product_tag":[814,466,771],"class_list":{"0":"post-27985","1":"product","2":"type-product","3":"status-publish","4":"has-post-thumbnail","6":"product_cat-mifare-iclass-13-56-mhz","7":"product_tag-hid","8":"product_tag-lectoras-y-tarjetas","9":"product_tag-mifare-iclass-13-56-mhz","11":"first","12":"outofstock","13":"sale","14":"shipping-taxable","15":"purchasable","16":"product-type-simple"},"_links":{"self":[{"href":"https:\/\/soydeaqui.ddns.net\/pachuca\/index.php\/wp-json\/wp\/v2\/product\/27985","targetHints":{"allow":["GET"]}}],"collection":[{"href":"https:\/\/soydeaqui.ddns.net\/pachuca\/index.php\/wp-json\/wp\/v2\/product"}],"about":[{"href":"https:\/\/soydeaqui.ddns.net\/pachuca\/index.php\/wp-json\/wp\/v2\/types\/product"}],"replies":[{"embeddable":true,"href":"https:\/\/soydeaqui.ddns.net\/pachuca\/index.php\/wp-json\/wp\/v2\/comments?post=27985"}],"wp:featuredmedia":[{"embeddable":true,"href":"https:\/\/soydeaqui.ddns.net\/pachuca\/index.php\/wp-json\/wp\/v2\/media\/27984"}],"wp:attachment":[{"href":"https:\/\/soydeaqui.ddns.net\/pachuca\/index.php\/wp-json\/wp\/v2\/media?parent=27985"}],"wp:term":[{"taxonomy":"product_brand","embeddable":true,"href":"https:\/\/soydeaqui.ddns.net\/pachuca\/index.php\/wp-json\/wp\/v2\/product_brand?post=27985"},{"taxonomy":"product_cat","embeddable":true,"href":"https:\/\/soydeaqui.ddns.net\/pachuca\/index.php\/wp-json\/wp\/v2\/product_cat?post=27985"},{"taxonomy":"product_tag","embeddable":true,"href":"https:\/\/soydeaqui.ddns.net\/pachuca\/index.php\/wp-json\/wp\/v2\/product_tag?post=27985"}],"curies":[{"name":"wp","href":"https:\/\/api.w.org\/{rel}","templated":true}]}}