{"id":27962,"date":"2026-03-18T12:47:21","date_gmt":"2026-03-18T12:47:21","guid":{"rendered":"https:\/\/soydeaqui.ddns.net\/pachuca\/index.php\/producto\/lector-de-huella-morphowave-compact-lector-multiformato-mifare-desfire-prox-hid-iclass-qr-ip65-poe\/"},"modified":"2026-03-18T12:47:22","modified_gmt":"2026-03-18T12:47:22","slug":"lector-de-huella-morphowave-compact-lector-multiformato-mifare-desfire-prox-hid-iclass-qr-ip65-poe","status":"publish","type":"product","link":"https:\/\/soydeaqui.ddns.net\/pachuca\/index.php\/producto\/lector-de-huella-morphowave-compact-lector-multiformato-mifare-desfire-prox-hid-iclass-qr-ip65-poe\/","title":{"rendered":"Lector de huella MorphoWave Compact \/ lector Multiformato  MIFare, DESFire, Prox HID, ICLASS\/ QR\/ IP65 \/ PoE"},"content":{"rendered":"<div style='width: 100%; max-width: 1200px; margin: 0 auto; font-family: sans-serif; line-height: 1.6; color: inherit; background-color: transparent;'>\n<div style='display: flex; flex-wrap: wrap; gap: 30px; margin-bottom: 30px;'>\n<div style='flex: 1 1 300px; min-width: 280px;'>\n<h3 style='font-size: 22px; border-bottom: 2px solid currentColor; padding-bottom: 5px; margin-top: 0; color: inherit; opacity: 0.8;'>Descripci\u00f3n general<\/h3>\n<p style='margin-top: 0; color: inherit;'>MorphoWave \u2122 Compact by IDEMIA DEMO es la \u00faltima incorporaci\u00f3n a IDEMIA<\/p>\n<p style='color: inherit;'>Gama de lectores para control de acceso biom\u00e9trico sin fricci\u00f3n. Esta obra maestra de ingenier\u00eda ofrece el rendimiento galardonado y probado en el campo de Tecnolog\u00eda de huellas dactilares 3D sin contacto MorphoWave \u2122 en un dise\u00f1o compacto y elegante<\/p>\n<p style='color: inherit; font-weight: bold;'>Solo se puede adquirir un equipo demo por proveedor<\/p>\n<p style='color: inherit; font-weight: bold;'>Requiere adquirir la capacitaci\u00f3n con el modelo 293CERT m\u00ednimo 4 personas.<\/p>\n<p style='color: inherit;'>Dispositivo de pared&comma; adecuado para cualquier ubicaci\u00f3n.<\/p>\n<p style='color: inherit;'>La tecnolog\u00eda de huellas dactilares 3D sin contacto de MorphoWave \u2122 est\u00e1 dise\u00f1ada para el mundo real.<\/p>\n<ul style='padding-left: 20px; font-size: 15px; color: inherit;'>\n<li style='margin-bottom: 5px;'>Captura 4 dedos en la mano derecha o izquierda&comma; en cualquier direcci\u00f3n<\/li>\n<li style='margin-bottom: 5px;'>Inmune a factores ambientales (luz externa&comma; polvo)<\/li>\n<li style='margin-bottom: 5px;'>Copes con dedos h\u00famedos y secos.<\/li>\n<li style='margin-bottom: 5px;'>No quedan impresiones latentes en el esc\u00e1ner<\/li>\n<li style='margin-bottom: 5px;'>Mitiga las preocupaciones de higiene.<\/li>\n<\/ul>\n<p style='color: inherit;'>La galardonada tecnolog\u00eda MorphoWave \u2122 se ha convertido en el punto de referencia en fricci\u00f3n acceso&comma; asegurando puntos de acceso de alto tr\u00e1fico en las instituciones financieras m\u00e1s grandes del mundo&comma; instalaciones de infraestructura&comma; universidades y organizaciones sanitarias.<\/p>\n<\/p><\/div>\n<\/p><\/div>\n<div style='display: flex; flex-wrap: wrap; gap: 20px; margin-bottom: 30px;'>\n<div style='flex: 1 1 250px; border: 1px solid rgba(150&comma; 150&comma; 150&comma; 0.4); border-radius: 8px; overflow: hidden; display: flex; flex-direction: column;'>\n<div style='padding: 15px; border-bottom: 1px solid rgba(150&comma; 150&comma; 150&comma; 0.2); font-weight: bold; font-size: 18px; color: inherit;'>Caracter\u00edsticas t\u00e9cnicas<\/div>\n<div style='padding: 15px; color: inherit;'>\n<ul style='padding-left: 20px; margin: 0; font-size: 14px; list-style-type: disc;'>\n<li style='margin-bottom: 5px;'>CPU: Nvidia ARM Cortex-A15 QuadCore 2.1GHz<\/li>\n<li style='margin-bottom: 5px;'>Pantalla t\u00e1ctil capacitiva de color WVGA de 4.3 &#8221;.<\/li>\n<li style='margin-bottom: 5px;'>Altavoz y micr\u00f3fono. Funci\u00f3n de intercomunicaci\u00f3n.<\/li>\n<li style='margin-bottom: 5px;'>Reproductor de audio y video.<\/li>\n<li style='margin-bottom: 5px;'>Sensor de huellas dactilares sin contacto Detecci\u00f3n de presencia manual Capacidad de escaneo de c\u00f3digos QR.<\/li>\n<li style='margin-bottom: 5px;'>Opciones de lector sin contacto: Prox HID&comma; iClass&comma; MIFARE \/ DESFire.<\/li>\n<li style='margin-bottom: 5px;'>Lector QR para m\u00f3dulo de visitantes Requiere estar impreso.<\/li>\n<li style='margin-bottom: 5px;'>Interruptores de sabotaje<\/li>\n<li style='margin-bottom: 5px;'>Capacidad de almacenamiento interno: 16GB Flash&comma; 2GB RAM &#8211; 20&comma;000 registros de usuarios (2 * 4 dedos cada uno) para identificaci\u00f3n 1: N&comma; ampliable a 40&comma;000 con licencias (4) &#8211; 250&comma;000 ID en la lista de usuarios autorizados &#8211; 1 mill\u00f3n de registros de transacciones<\/li>\n<li style='margin-bottom: 5px;'>Red \/ Comunicaci\u00f3n: Ethernet&comma; RS485&comma; RS422&comma; USB &#8211; Wi-Fi y opciones 4G.<\/li>\n<li style='margin-bottom: 5px;'>Entradas \/ salidas: Wiegand In &#038; Out (personalizable hasta 512 bits)&comma; rel\u00e9 de puerta&comma; 3 GPI (incluyendo monitoreo de puerta)&comma; 3 GPO.<\/li>\n<li style='margin-bottom: 5px;'>Fuente de alimentaci\u00f3n: 12 a 24 V DC (2.5A min @ 12V) Alimentaci\u00f3n a trav\u00e9s de Ethernet con conmutadores PoE +.<\/li>\n<li style='margin-bottom: 5px;'>Condiciones de funcionamiento: Temperatura: -10 \u00b0C a 55 \u00b0C (14 \u00b0F a 131 \u00b0F) &#8211; Humedad: 10% a 95% (sin condensaci\u00f3n).<\/li>\n<li style='margin-bottom: 5px;'>Protecci\u00f3n de ingreso: IP65.<\/li>\n<li style='margin-bottom: 5px;'>Dimensiones: 250 * 152 * 216 mm (9.9 * 6 * 8.5 pulg.)<\/li>\n<li style='margin-bottom: 5px;'>Peso: 2.2 kg (4.85 lb.).<\/li>\n<li style='margin-bottom: 5px;'>Est\u00e1ndares de seguridad \/ EMC: CE&comma; CB&comma; FCC \u2022 Cumple con RoHS&comma; REACh y WEEE<\/li>\n<\/ul><\/div>\n<\/p><\/div>\n<div style='flex: 1 1 250px; border: 1px solid rgba(150&comma; 150&comma; 150&comma; 0.4); border-radius: 8px; overflow: hidden; display: flex; flex-direction: column;'>\n<div style='padding: 15px; border-bottom: 1px solid rgba(150&comma; 150&comma; 150&comma; 0.2); font-weight: bold; font-size: 18px; color: inherit;'>Software<\/div>\n<div style='padding: 15px; color: inherit;'>\n<ul style='padding-left: 20px; margin: 0; font-size: 14px; list-style-type: disc;'>\n<li style='margin-bottom: 5px;'>Morpho Manager licenciado<\/li>\n<li style='margin-bottom: 5px;'>Gratuito para 5 terminales&comma; despu\u00e9s de esto requiere licencia<\/li>\n<\/ul><\/div>\n<\/p><\/div>\n<\/p><\/div>\n<div style='position: relative; padding-bottom: 56.25%; height: 0; overflow: hidden; margin-bottom: 30px;'>   <\/div>\n<\/p><\/div>\n","protected":false},"excerpt":{"rendered":"<p>Lector de huella MorphoWave Compact \/ lector Multiformato  MIFare, DESFire, Prox HID, ICLASS\/ QR\/ IP65 \/ PoE<\/p>\n","protected":false},"featured_media":27961,"comment_status":"open","ping_status":"closed","template":"","meta":[],"product_brand":[],"product_cat":[806],"product_tag":[744,794,807],"class_list":{"0":"post-27962","1":"product","2":"type-product","3":"status-publish","4":"has-post-thumbnail","6":"product_cat-para-control-de-acceso","7":"product_tag-biometricos","8":"product_tag-idemia-morpho","9":"product_tag-para-control-de-acceso","11":"first","12":"outofstock","13":"sale","14":"shipping-taxable","15":"purchasable","16":"product-type-simple"},"_links":{"self":[{"href":"https:\/\/soydeaqui.ddns.net\/pachuca\/index.php\/wp-json\/wp\/v2\/product\/27962","targetHints":{"allow":["GET"]}}],"collection":[{"href":"https:\/\/soydeaqui.ddns.net\/pachuca\/index.php\/wp-json\/wp\/v2\/product"}],"about":[{"href":"https:\/\/soydeaqui.ddns.net\/pachuca\/index.php\/wp-json\/wp\/v2\/types\/product"}],"replies":[{"embeddable":true,"href":"https:\/\/soydeaqui.ddns.net\/pachuca\/index.php\/wp-json\/wp\/v2\/comments?post=27962"}],"wp:featuredmedia":[{"embeddable":true,"href":"https:\/\/soydeaqui.ddns.net\/pachuca\/index.php\/wp-json\/wp\/v2\/media\/27961"}],"wp:attachment":[{"href":"https:\/\/soydeaqui.ddns.net\/pachuca\/index.php\/wp-json\/wp\/v2\/media?parent=27962"}],"wp:term":[{"taxonomy":"product_brand","embeddable":true,"href":"https:\/\/soydeaqui.ddns.net\/pachuca\/index.php\/wp-json\/wp\/v2\/product_brand?post=27962"},{"taxonomy":"product_cat","embeddable":true,"href":"https:\/\/soydeaqui.ddns.net\/pachuca\/index.php\/wp-json\/wp\/v2\/product_cat?post=27962"},{"taxonomy":"product_tag","embeddable":true,"href":"https:\/\/soydeaqui.ddns.net\/pachuca\/index.php\/wp-json\/wp\/v2\/product_tag?post=27962"}],"curies":[{"name":"wp","href":"https:\/\/api.w.org\/{rel}","templated":true}]}}