{"id":27956,"date":"2026-03-18T12:47:13","date_gmt":"2026-03-18T12:47:13","guid":{"rendered":"https:\/\/soydeaqui.ddns.net\/pachuca\/index.php\/producto\/tarjeta-dual-iclass-proximidad-2120-pvc-compuesto-garantia-de-por-vida-preprogamada-a-26-bits\/"},"modified":"2026-03-18T12:47:14","modified_gmt":"2026-03-18T12:47:14","slug":"tarjeta-dual-iclass-proximidad-2120-pvc-compuesto-garantia-de-por-vida-preprogamada-a-26-bits","status":"publish","type":"product","link":"https:\/\/soydeaqui.ddns.net\/pachuca\/index.php\/producto\/tarjeta-dual-iclass-proximidad-2120-pvc-compuesto-garantia-de-por-vida-preprogamada-a-26-bits\/","title":{"rendered":"Tarjeta DUAL iClass + Proximidad 2120\/ PVC Compuesto\/ Garant\u00eda de por Vida\/ Preprogamada a 26 bits"},"content":{"rendered":"<div style='width: 100%; max-width: 1200px; margin: 0 auto; font-family: sans-serif; line-height: 1.6; color: inherit; background-color: transparent;'>\n<div style='display: flex; flex-wrap: wrap; gap: 30px; margin-bottom: 30px;'>\n<div style='flex: 1 1 300px; min-width: 280px;'>\n<h3 style='font-size: 22px; border-bottom: 2px solid currentColor; padding-bottom: 5px; margin-top: 0; color: inherit; opacity: 0.8;'>Caracter\u00edsticas<\/h3>\n<ul style='padding-left: 20px; font-size: 15px; color: inherit;'>\n<li style='margin-bottom: 5px;'>Referencia HID: 2120BGGMNM<\/li>\n<li style='margin-bottom: 5px;'>PVC Compuesto m\u00e1s resistente que el PVC convencional<\/li>\n<li style='margin-bottom: 5px;'>Memoria de 2 k Bits (256 Bytes) con 2 \u00e1reas de aplicaci\u00f3n<\/li>\n<li style='margin-bottom: 5px;'>La programaci\u00f3n de iClass y PROX es diferente<\/li>\n<li style='margin-bottom: 5px;'>Acabado Gloss<\/li>\n<li style='margin-bottom: 5px;'>N\u00fameraci\u00f3n impresa sobre la tarjeta<\/li>\n<li style='margin-bottom: 5px;'>No tiene perforaci\u00f3n&comma; puede ser perforada verticalmente&comma; cuenta con indicadores de ranuras verticales<\/li>\n<li style='margin-bottom: 5px;'>Frecuencia de operaci\u00f3n: 13.56 MHz para tecnolog\u00eda iClass y 125 KHz para tecnolog\u00eda PROX<\/li>\n<li style='margin-bottom: 5px;'>Material: Est\u00e1ndar PVC Compuesto (m\u00e1s resistente)<\/li>\n<li style='margin-bottom: 5px;'>Dimensiones: 5.40 x 8.57 x 0.084 cm<\/li>\n<li style='margin-bottom: 5px;'>Peso: 6.8 g<\/li>\n<li style='margin-bottom: 5px;'>Retenci\u00f3n de los datos: Hasta por 10 a\u00f1os<\/li>\n<li style='margin-bottom: 5px; font-weight: bold;'>Programaci\u00f3n aleatoria a 26 bits&comma; si desea una programaci\u00f3n en especifica requiere el modelo 2120BGGMNM<\/li>\n<\/ul>\n<p style='font-size: 15px; color: inherit; margin-top: 20px;'>Producto sobre pedido.<\/p>\n<\/p><\/div>\n<\/p><\/div>\n<hr style='border: 0; border-top: 1px solid rgba(150&comma; 150&comma; 150&comma; 0.3); margin: 30px 0;'> <\/div>\n","protected":false},"excerpt":{"rendered":"<p>Tarjeta DUAL iClass + Proximidad 2120\/ PVC Compuesto\/ Garant\u00eda de por Vida\/ Preprogamada a 26 bits<\/p>\n","protected":false},"featured_media":27955,"comment_status":"open","ping_status":"closed","template":"","meta":[],"product_brand":[],"product_cat":[465],"product_tag":[814,466,467],"class_list":{"0":"post-27956","1":"product","2":"type-product","3":"status-publish","4":"has-post-thumbnail","6":"product_cat-proximidad-125-khz","7":"product_tag-hid","8":"product_tag-lectoras-y-tarjetas","9":"product_tag-proximidad-125-khz","11":"first","12":"outofstock","13":"sale","14":"shipping-taxable","15":"purchasable","16":"product-type-simple"},"_links":{"self":[{"href":"https:\/\/soydeaqui.ddns.net\/pachuca\/index.php\/wp-json\/wp\/v2\/product\/27956","targetHints":{"allow":["GET"]}}],"collection":[{"href":"https:\/\/soydeaqui.ddns.net\/pachuca\/index.php\/wp-json\/wp\/v2\/product"}],"about":[{"href":"https:\/\/soydeaqui.ddns.net\/pachuca\/index.php\/wp-json\/wp\/v2\/types\/product"}],"replies":[{"embeddable":true,"href":"https:\/\/soydeaqui.ddns.net\/pachuca\/index.php\/wp-json\/wp\/v2\/comments?post=27956"}],"wp:featuredmedia":[{"embeddable":true,"href":"https:\/\/soydeaqui.ddns.net\/pachuca\/index.php\/wp-json\/wp\/v2\/media\/27955"}],"wp:attachment":[{"href":"https:\/\/soydeaqui.ddns.net\/pachuca\/index.php\/wp-json\/wp\/v2\/media?parent=27956"}],"wp:term":[{"taxonomy":"product_brand","embeddable":true,"href":"https:\/\/soydeaqui.ddns.net\/pachuca\/index.php\/wp-json\/wp\/v2\/product_brand?post=27956"},{"taxonomy":"product_cat","embeddable":true,"href":"https:\/\/soydeaqui.ddns.net\/pachuca\/index.php\/wp-json\/wp\/v2\/product_cat?post=27956"},{"taxonomy":"product_tag","embeddable":true,"href":"https:\/\/soydeaqui.ddns.net\/pachuca\/index.php\/wp-json\/wp\/v2\/product_tag?post=27956"}],"curies":[{"name":"wp","href":"https:\/\/api.w.org\/{rel}","templated":true}]}}