{"id":27951,"date":"2026-03-18T12:47:07","date_gmt":"2026-03-18T12:47:07","guid":{"rendered":"https:\/\/soydeaqui.ddns.net\/pachuca\/index.php\/producto\/lector-de-codigos-qr-tarjetas-convencionales-y-tarjetas-virtuales-via-bluetooth-y-nfc-administracion-en-la-nube-salida-wiegand-compatible-con-cualquier-panel-de-acceso-nvite\/"},"modified":"2026-03-18T12:47:12","modified_gmt":"2026-03-18T12:47:12","slug":"lector-de-codigos-qr-tarjetas-convencionales-y-tarjetas-virtuales-via-bluetooth-y-nfc-administracion-en-la-nube-salida-wiegand-compatible-con-cualquier-panel-de-acceso-nvite","status":"publish","type":"product","link":"https:\/\/soydeaqui.ddns.net\/pachuca\/index.php\/producto\/lector-de-codigos-qr-tarjetas-convencionales-y-tarjetas-virtuales-via-bluetooth-y-nfc-administracion-en-la-nube-salida-wiegand-compatible-con-cualquier-panel-de-acceso-nvite\/","title":{"rendered":"Lector de c\u00f3digos QR \/ tarjetas convencionales y tarjetas virtuales via BLUETOOTH y NFC \/ Administraci\u00f3n en la NUBE \/ Salida WIEGAND compatible con cualquier panel de acceso \/NVITE"},"content":{"rendered":"<div style='width: 100%; max-width: 1200px; margin: 0 auto; font-family: sans-serif; line-height: 1.6; color: inherit; background-color: transparent;'>\n<div style='display: flex; flex-direction: column; align-items: center; width: 100%; margin-bottom: 30px;'>\n<div style='position: relative; padding-bottom: 56.25%; height: 0; overflow: hidden; width: 100%; max-width: 640px; margin-bottom: 30px;'>   <\/div>\n<p> <img style='width: 100%; max-width: 516px; height: auto; border: 1px solid rgba(150&comma;150&comma;150&comma;0.3); border-radius: 8px; margin-bottom: 20px;' src='https:\/\/ftp3.syscom.mx\/usuarios\/fotos\/9565531\/160512-images.png' alt=''> <\/div>\n<div style='width: 100%; max-width: 800px; margin: 0 auto 30px; padding: 0 20px;'>\n<h2 style='text-align: center; font-size: 24px; margin-top: 0; margin-bottom: 20px; color: inherit;'><strong>F\u00c1CIL ADMINISTRACI\u00d3N DESDE LA NUBE<\/strong><\/h2>\n<p style='text-align: center; font-size: 15px; margin-bottom: 20px; color: inherit;'>NVITE de Nedap es una plataforma que permite el control de accesos por el m\u00f3vil. La plataforma consiste en un servicio basado en la nube&comma; lectores y apps. Las apps de ACCESSBLU ID son credenciales de identificaci\u00f3n virtuales. Estos credenciales son presentados a los lectores NVITE&comma; presentando Bluetooth o QR. Los credenciales de identificaci\u00f3n virtuales son enviados al tel\u00e9fono de manera segura desde el servidor de ACCESSPRO.<\/p>\n<\/p><\/div>\n<div style='display: flex; flex-direction: column; align-items: center; width: 100%; margin-bottom: 30px;'> <img style='width: 100%; max-width: 500px; height: auto; border: 1px solid rgba(150&comma;150&comma;150&comma;0.3); border-radius: 8px; margin-bottom: 20px;' src='https:\/\/ftp3.syscom.mx\/usuarios\/fotos\/9565531\/160512-nedap-introduces-mace.png' alt=''> <\/p>\n<div style='width: 100%; max-width: 800px; padding: 0 20px;'>\n<p style='text-align: center; font-size: 30px; margin-top: 0; margin-bottom: 15px; color: inherit;'><strong>EL SMARTPHONE COMO M\u00c9TODO DE<\/strong><\/p>\n<p style='text-align: center; font-size: 30px; margin-top: 0; margin-bottom: 20px; color: inherit;'><strong>IDENTIFICACI\u00d3N<\/strong><\/p>\n<p style='text-align: center; font-size: 15px; margin-bottom: 30px; color: inherit;'>NEDAP Permite la extensi\u00f3n de cualquier sistema de control de accesos&comma; con la habilidad de usar smartphones como contenedores de tarjetas de control de acceso virtuales. Puede aplicarse en cualquier situaci\u00f3n donde los usuarios necesiten ser capaces de identificarse usando sus smartphones. Control de accesos a edificios&comma; sistemas de gesti\u00f3n de aparcamientos&comma; e incluso sistemas de venta de entradas para eventos o <strong>sistemas de visitantes<\/strong>.<\/p>\n<\/p><\/div>\n<p> <img style='width: 100%; max-width: 450px; height: auto; border: 1px solid rgba(150&comma;150&comma;150&comma;0.3); border-radius: 8px; margin: 30px 0;' src='https:\/\/ftp3.syscom.mx\/usuarios\/fotos\/9565531\/160512-qr-code-scan-hand-450x405.png' alt=''> <\/div>\n<div style='width: 100%; max-width: 800px; margin: 0 auto 30px; padding: 0 20px;'>\n<h3 style='text-align: center; font-size: 24px; margin-bottom: 25px; color: inherit;'><strong>ESPECIFICACIONES<\/strong><\/h3>\n<div style='display: flex; flex-direction: column; gap: 15px;'>\n<div style='border: 1px solid rgba(150&comma;150&comma;150&comma;0.4); border-radius: 8px; padding: 15px; color: inherit;'>\n<ul style='padding-left: 20px; margin: 0; font-size: 14px; list-style-type: disc; color: inherit;'>\n<li style='margin-bottom: 8px;'>Administraci\u00f3n de credenciales a trav\u00e9s de la nube&comma; se env\u00edan como QR o tarjeta.<\/li>\n<li style='margin-bottom: 8px;'>Soporta <strong>Bluetooth<\/strong>&comma; NFC&comma; Proximidad (125 Khz EM)&comma; MIFARE (classic) y <strong>C\u00f3digos QR (generados por plataforma Accesspro)<\/strong>.<\/li>\n<li style='margin-bottom: 8px;'>Compatible con cualquier controlador de acceso de terceros (Rosslare&comma; Suprema&comma; HID&comma; Accesspro&comma; ZKTeco).<\/li>\n<li style='margin-bottom: 8px;'>Alta capacidad de personalizaci\u00f3n (Color del LED en espera\/al leer&comma; beep&comma; dise\u00f1o de tarjeta&comma; etc).<\/li>\n<li style='margin-bottom: 8px;'>Conexi\u00f3n v\u00eda WIEGAND.<\/li>\n<li style='margin-bottom: 8px;'>Dimensiones de 40 X 150 X 50 mm.<\/li>\n<li style='margin-bottom: 0;'>Peso de 500 gramos.<\/li>\n<\/ul><\/div>\n<\/p><\/div>\n<p style='text-align: left; font-size: 14px; margin-top: 30px; color: inherit;'><em>Descargue la aplicaci\u00f3n ACCESSBLU ID<\/em><\/p>\n<\/p><\/div>\n<\/p><\/div>\n","protected":false},"excerpt":{"rendered":"<p>Lector de c\u00f3digos QR \/ tarjetas convencionales y tarjetas virtuales via BLUETOOTH y NFC \/ Administraci\u00f3n en la NUBE \/ Salida WIEGAND compatible con cualquier panel de acceso \/NVITE<\/p>\n","protected":false},"featured_media":27950,"comment_status":"open","ping_status":"closed","template":"","meta":[],"product_brand":[],"product_cat":[917],"product_tag":[918,466,858],"class_list":{"0":"post-27951","1":"product","2":"type-product","3":"status-publish","4":"has-post-thumbnail","6":"product_cat-bluetooth","7":"product_tag-bluetooth","8":"product_tag-lectoras-y-tarjetas","9":"product_tag-nedap","11":"first","12":"instock","13":"sale","14":"shipping-taxable","15":"purchasable","16":"product-type-simple"},"_links":{"self":[{"href":"https:\/\/soydeaqui.ddns.net\/pachuca\/index.php\/wp-json\/wp\/v2\/product\/27951","targetHints":{"allow":["GET"]}}],"collection":[{"href":"https:\/\/soydeaqui.ddns.net\/pachuca\/index.php\/wp-json\/wp\/v2\/product"}],"about":[{"href":"https:\/\/soydeaqui.ddns.net\/pachuca\/index.php\/wp-json\/wp\/v2\/types\/product"}],"replies":[{"embeddable":true,"href":"https:\/\/soydeaqui.ddns.net\/pachuca\/index.php\/wp-json\/wp\/v2\/comments?post=27951"}],"wp:featuredmedia":[{"embeddable":true,"href":"https:\/\/soydeaqui.ddns.net\/pachuca\/index.php\/wp-json\/wp\/v2\/media\/27950"}],"wp:attachment":[{"href":"https:\/\/soydeaqui.ddns.net\/pachuca\/index.php\/wp-json\/wp\/v2\/media?parent=27951"}],"wp:term":[{"taxonomy":"product_brand","embeddable":true,"href":"https:\/\/soydeaqui.ddns.net\/pachuca\/index.php\/wp-json\/wp\/v2\/product_brand?post=27951"},{"taxonomy":"product_cat","embeddable":true,"href":"https:\/\/soydeaqui.ddns.net\/pachuca\/index.php\/wp-json\/wp\/v2\/product_cat?post=27951"},{"taxonomy":"product_tag","embeddable":true,"href":"https:\/\/soydeaqui.ddns.net\/pachuca\/index.php\/wp-json\/wp\/v2\/product_tag?post=27951"}],"curies":[{"name":"wp","href":"https:\/\/api.w.org\/{rel}","templated":true}]}}