{"id":2795,"date":"2026-03-18T06:00:58","date_gmt":"2026-03-18T06:00:58","guid":{"rendered":"https:\/\/soydeaqui.ddns.net\/pachuca\/index.php\/producto\/up-superlink-gateway-inalambrico-de-largo-alcance-y-baja-latencia-para-sensores-unifi-protect-con-alcance-de-hasta-2-km-alimentacion-poe-usb-c-y-montaje-en-pared-o-riel-din\/"},"modified":"2026-03-18T06:01:02","modified_gmt":"2026-03-18T06:01:02","slug":"up-superlink-gateway-inalambrico-de-largo-alcance-y-baja-latencia-para-sensores-unifi-protect-con-alcance-de-hasta-2-km-alimentacion-poe-usb-c-y-montaje-en-pared-o-riel-din","status":"publish","type":"product","link":"https:\/\/soydeaqui.ddns.net\/pachuca\/index.php\/producto\/up-superlink-gateway-inalambrico-de-largo-alcance-y-baja-latencia-para-sensores-unifi-protect-con-alcance-de-hasta-2-km-alimentacion-poe-usb-c-y-montaje-en-pared-o-riel-din\/","title":{"rendered":"UP-SuperLink Gateway Inal\u00e1mbrico de Largo Alcance y Baja Latencia para Sensores UniFi Protect con Alcance de hasta 2 km, Alimentaci\u00f3n PoE\/USB-C y Montaje en Pared o Riel DIN"},"content":{"rendered":"<div style='width: 100%; max-width: 1200px; margin: 0 auto; font-family: sans-serif; line-height: 1.6; color: inherit; background-color: transparent;'>\n<div style='display: flex; flex-wrap: wrap; gap: 16px; align-items: center; border: 1px solid rgba(150&comma;150&comma;150&comma;0.3); border-radius: 12px; padding: 16px; margin-bottom: 30px;'>\n<div style='flex: 1 1 320px; min-width: 280px;'>\n<div style='position: relative; padding-bottom: 56.25%; height: 0; overflow: hidden;'><video src='https:\/\/ftp3.syscom.mx\/usuarios\/adiaz\/Ubiquiti\/Imagenes\/UPSuperLink\/hero.mp4' autoplay muted loop playsinline style='position: absolute; top: 0; left: 0; width: 100%; height: 100%; border: 1px solid rgba(150&comma;150&comma;150&comma;0.3); border-radius: 8px;' class='fr-fvc fr-dvb fr-draggable'><\/video><\/div>\n<p><img src='https:\/\/ftp3.syscom.mx\/usuarios\/adiaz\/Ubiquiti\/Imagenes\/UPSuperLink\/fallback.avif' alt='Ubiquiti UCG-Fiber' style='width: 100%; height: auto; border: 1px solid rgba(150&comma;150&comma;150&comma;0.3); border-radius: 8px; display: none;' class='fr-fil fr-dib'><\/div>\n<div style='flex: 1 1 320px; min-width: 280px;'>\n<div style='position: relative; padding-bottom: 56.25%; height: 0; overflow: hidden;'><video src='https:\/\/ftp3.syscom.mx\/usuarios\/adiaz\/Ubiquiti\/Imagenes\/UPSuperLink\/loop.mp4' autoplay muted loop playsinline style='position: absolute; top: 0; left: 0; width: 100%; height: 100%; border: 1px solid rgba(150&comma;150&comma;150&comma;0.3); border-radius: 8px;' class='fr-fvc fr-dvb fr-draggable'><\/video><\/div>\n<p><img src='https:\/\/ftp3.syscom.mx\/usuarios\/adiaz\/Ubiquiti\/Imagenes\/UPSuperLink\/fallback.avif' alt='Ubiquiti UCG-Fiber' style='width: 100%; height: auto; border: 1px solid rgba(150&comma;150&comma;150&comma;0.3); border-radius: 8px; display: none;' class='fr-fil fr-dib'><\/div>\n<div style='flex: 1 1 360px; min-width: 280px; text-align: center;'>\n<h2 style='margin: 0 0 6px; font-size: 1.6rem; text-align: left; color: inherit;'>SuperLink<\/h2>\n<div style='margin: 0 0 12px; color: rgba(108&comma; 117&comma; 125&comma; 0.8); font-weight: 600; text-align: left;'>Modelo: <span style='font-weight:700;'>UP-SuperLink<\/span><\/div>\n<p style='margin: 0; text-align: left; color: inherit;'>Dispositivo especial <strong>UniFi Protect<\/strong> que crea un enlace inal\u00e1mbrico <strong>SuperLink<\/strong> para integrar m\u00faltiples sensores y clientes Bluetooth a la red&comma; con alimentaci\u00f3n <strong>PoE o USB tipo C<\/strong> y gesti\u00f3n centralizada desde <strong>UniFi Protect<\/strong>.<\/p>\n<\/div>\n<\/div>\n<div style='text-align:center; margin: 24px 0 12px;'><span style='font-size:1.35rem; color:#0d6efd; font-weight:700;'>Especificaciones<\/span><\/div>\n<div style='display: flex; flex-wrap: wrap; gap: 20px; margin-bottom: 30px;'>\n<div style='flex: 1 1 280px; min-width: 260px;'>\n<div style='border: 1px solid rgba(150&comma;150&comma;150&comma;0.4); border-radius: 8px; overflow: hidden; display: flex; flex-direction: column; height: 100%;'>\n<div style='padding: 15px; border-bottom: 1px solid rgba(150&comma;150&comma;150&comma;0.2); font-weight: bold; font-size: 18px; color: inherit;'>Caracter\u00edsticas principales<\/div>\n<div style='padding: 15px; color: inherit; flex: 1 1 auto;'>\n<ul style='padding-left: 20px; margin: 0; font-size: 14px; list-style-type: disc; color: inherit;'>\n<li style='margin-bottom: 5px;'>Dise\u00f1ado para integrar sensores y dispositivos mediante el enlace inal\u00e1mbrico propietario SuperLink.<\/li>\n<li style='margin-bottom: 5px;'>Interfaz de red: (1) Puerto 10\/100 MbE RJ45.<\/li>\n<li style='margin-bottom: 5px;'>Interfaz de gesti\u00f3n: Bluetooth 5.2 y radio SuperLink.<\/li>\n<li style='margin-bottom: 5px;'>M\u00e9todo de alimentaci\u00f3n: PoE o USB tipo C&comma; 5 V&comma; 1 A (opcional).<\/li>\n<li style='margin-bottom: 5px;'>Consumo m\u00e1ximo de energ\u00eda: 3.4 W.<\/li>\n<\/ul>\n<\/div>\n<\/div>\n<\/div>\n<div style='flex: 1 1 280px; min-width: 260px;'>\n<div style='border: 1px solid rgba(150&comma;150&comma;150&comma;0.4); border-radius: 8px; overflow: hidden; display: flex; flex-direction: column; height: 100%;'>\n<div style='padding: 15px; border-bottom: 1px solid rgba(150&comma;150&comma;150&comma;0.2); font-weight: bold; font-size: 18px; color: inherit;'>Caracter\u00edsticas f\u00edsicas y el\u00e9ctricas<\/div>\n<div style='padding: 15px; color: inherit; flex: 1 1 auto;'>\n<ul style='padding-left: 20px; margin: 0; font-size: 14px; list-style-type: disc; color: inherit;'>\n<li style='margin-bottom: 5px;'>Dimensiones con antena: 159.3 x 81.9 x 26 mm (6.3 x 3.2 x 1&#8242;)<\/li>\n<li style='margin-bottom: 5px;'>Con montaje en riel DIN: 159.3 x 81.9 x 38.5 mm (6.3 x 3.2 x 1.5&#8242;)<\/li>\n<li style='margin-bottom: 5px;'>Con montaje en pared: 159.3 x 81.9 x 30.5 mm (6.3 x 3.2 x 1.2&#8242;)<\/li>\n<li style='margin-bottom: 5px;'>Peso: 179 g (6.3 oz)<\/li>\n<li style='margin-bottom: 5px;'>Material de la carcasa: Policarbonato y aleaci\u00f3n de aluminio; material de montaje: Policarbonato.<\/li>\n<li style='margin-bottom: 5px;'>Montaje: pared o riel DIN.<\/li>\n<li style='margin-bottom: 5px;'>Protecci\u00f3n ESD\/EMP: aire \u00b18 kV&comma; contacto \u00b14 kV.<\/li>\n<li style='margin-bottom: 5px;'>Temperatura de operaci\u00f3n: 0 a 40 \u00b0C (32 a 104 \u00b0F).<\/li>\n<li style='margin-bottom: 5px;'>Humedad de operaci\u00f3n: 10\u201390% sin condensaci\u00f3n.<\/li>\n<li style='margin-bottom: 5px;'>Certificaciones: FCC&comma; IC&comma; CE; cumplimiento NDAA.<\/li>\n<\/ul>\n<\/div>\n<\/div>\n<\/div>\n<div style='flex: 1 1 280px; min-width: 260px;'>\n<div style='border: 1px solid rgba(150&comma;150&comma;150&comma;0.4); border-radius: 8px; overflow: hidden; display: flex; flex-direction: column; height: 100%;'>\n<div style='padding: 15px; border-bottom: 1px solid rgba(150&comma;150&comma;150&comma;0.2); font-weight: bold; font-size: 18px; color: inherit;'>Radio y rendimiento<\/div>\n<div style='padding: 15px; color: inherit; flex: 1 1 auto;'>\n<ul style='padding-left: 20px; margin: 0; font-size: 14px; list-style-type: disc; color: inherit;'>\n<li style='margin-bottom: 5px;'>Ganancia de antena Bluetooth: 3 dBi; SuperLink: 1 dBi.<\/li>\n<li style='margin-bottom: 5px;'>Potencia m\u00e1xima de transmisi\u00f3n Bluetooth: 10 dBm; SuperLink: 27 dBm.<\/li>\n<li style='margin-bottom: 5px;'>Clientes m\u00e1ximos Bluetooth: 7; clientes m\u00e1ximos SuperLink: 96*<br \/><span style='font-size:0.85rem; color:rgba(108&comma; 117&comma; 125&comma; 0.8);'> *Los sensores SuperLink estar\u00e1n disponibles pr\u00f3ximamente. <\/span><\/li>\n<li style='margin-bottom: 5px;'>LED: (1) Azul\/blanco.<\/li>\n<li style='margin-bottom: 5px;'>Bot\u00f3n: (1) Bot\u00f3n de restablecimiento de f\u00e1brica.<\/li>\n<\/ul>\n<\/div>\n<\/div>\n<\/div>\n<\/div>\n<div style='display: flex; flex-wrap: wrap; gap: 20px; margin-bottom: 30px;'>\n<div style='flex: 1 1 280px; min-width: 260px;'>\n<div style='border: 1px solid rgba(150&comma;150&comma;150&comma;0.4); border-radius: 8px; overflow: hidden; display: flex; flex-direction: column; height: 100%;'>\n<div style='padding: 15px; border-bottom: 1px solid rgba(150&comma;150&comma;150&comma;0.2); font-weight: bold; font-size: 18px; color: inherit;'>Software y gesti\u00f3n<\/div>\n<div style='padding: 15px; color: inherit; flex: 1 1 auto;'>\n<ul style='padding-left: 20px; margin: 0; font-size: 14px; list-style-type: disc; color: inherit;'>\n<li style='margin-bottom: 5px;'>Aplicaci\u00f3n web: <strong>UniFi Protect<\/strong>.<\/li>\n<li style='margin-bottom: 5px;'>App m\u00f3vil: <strong>UniFi Protect<\/strong> para <strong>iOS<\/strong> y <strong>Android<\/strong>.<\/li>\n<\/ul>\n<\/div>\n<\/div>\n<\/div>\n<div style='flex: 1 1 280px; min-width: 260px;'>\n<div style='border: 1px solid rgba(150&comma;150&comma;150&comma;0.4); border-radius: 8px; overflow: hidden; display: flex; flex-direction: column; height: 100%;'>\n<div style='padding: 15px; border-bottom: 1px solid rgba(150&comma;150&comma;150&comma;0.2); font-weight: bold; font-size: 18px; color: inherit;'>Contenido del paquete<\/div>\n<div style='padding: 15px; color: inherit; flex: 1 1 auto;'><img src='https:\/\/ftp3.syscom.mx\/usuarios\/adiaz\/Ubiquiti\/Imagenes\/UPSuperLink\/contenido.avif' alt='Contenido del Paquete UP-SuperLink' style='width: 100%; height: auto; border: 1px solid rgba(150&comma;150&comma;150&comma;0.3); border-radius: 8px;'><\/div>\n<\/div>\n<\/div>\n<\/div>\n<hr style='border: 0; border-top: 1px solid rgba(150&comma;150&comma;150&comma;0.3); margin: 30px 0;'><\/div>\n","protected":false},"excerpt":{"rendered":"<p>UP-SuperLink Gateway Inal\u00e1mbrico de Largo Alcance y Baja Latencia para Sensores UniFi Protect con Alcance de hasta 2 km, Alimentaci\u00f3n PoE\/USB-C y Montaje en Pared o Riel DIN<\/p>\n","protected":false},"featured_media":2794,"comment_status":"open","ping_status":"closed","template":"","meta":[],"product_brand":[],"product_cat":[436],"product_tag":[437,19,166],"class_list":{"0":"post-2795","1":"product","2":"type-product","3":"status-publish","4":"has-post-thumbnail","6":"product_cat-activos","7":"product_tag-activos","8":"product_tag-detectores-sensores","9":"product_tag-ubiquiti","11":"first","12":"outofstock","13":"sale","14":"shipping-taxable","15":"purchasable","16":"product-type-simple"},"_links":{"self":[{"href":"https:\/\/soydeaqui.ddns.net\/pachuca\/index.php\/wp-json\/wp\/v2\/product\/2795","targetHints":{"allow":["GET"]}}],"collection":[{"href":"https:\/\/soydeaqui.ddns.net\/pachuca\/index.php\/wp-json\/wp\/v2\/product"}],"about":[{"href":"https:\/\/soydeaqui.ddns.net\/pachuca\/index.php\/wp-json\/wp\/v2\/types\/product"}],"replies":[{"embeddable":true,"href":"https:\/\/soydeaqui.ddns.net\/pachuca\/index.php\/wp-json\/wp\/v2\/comments?post=2795"}],"wp:featuredmedia":[{"embeddable":true,"href":"https:\/\/soydeaqui.ddns.net\/pachuca\/index.php\/wp-json\/wp\/v2\/media\/2794"}],"wp:attachment":[{"href":"https:\/\/soydeaqui.ddns.net\/pachuca\/index.php\/wp-json\/wp\/v2\/media?parent=2795"}],"wp:term":[{"taxonomy":"product_brand","embeddable":true,"href":"https:\/\/soydeaqui.ddns.net\/pachuca\/index.php\/wp-json\/wp\/v2\/product_brand?post=2795"},{"taxonomy":"product_cat","embeddable":true,"href":"https:\/\/soydeaqui.ddns.net\/pachuca\/index.php\/wp-json\/wp\/v2\/product_cat?post=2795"},{"taxonomy":"product_tag","embeddable":true,"href":"https:\/\/soydeaqui.ddns.net\/pachuca\/index.php\/wp-json\/wp\/v2\/product_tag?post=2795"}],"curies":[{"name":"wp","href":"https:\/\/api.w.org\/{rel}","templated":true}]}}