{"id":27947,"date":"2026-03-18T12:47:03","date_gmt":"2026-03-18T12:47:03","guid":{"rendered":"https:\/\/soydeaqui.ddns.net\/pachuca\/index.php\/producto\/pantalla-led-para-aplicacion-de-estacionamientos-indicador-de-estados-como-exceso-de-velocidad-velocidad-normal\/"},"modified":"2026-03-18T12:47:04","modified_gmt":"2026-03-18T12:47:04","slug":"pantalla-led-para-aplicacion-de-estacionamientos-indicador-de-estados-como-exceso-de-velocidad-velocidad-normal","status":"publish","type":"product","link":"https:\/\/soydeaqui.ddns.net\/pachuca\/index.php\/producto\/pantalla-led-para-aplicacion-de-estacionamientos-indicador-de-estados-como-exceso-de-velocidad-velocidad-normal\/","title":{"rendered":"Pantalla LED para Aplicaci\u00f3n de Estacionamientos \/ Indicador de Estados como Exceso de Velocidad, Velocidad Normal"},"content":{"rendered":"<div style='width: 100%; max-width: 1200px; margin: 0 auto; font-family: sans-serif; line-height: 1.6; color: inherit; background-color: transparent;'>\n<p style='text-align: center;'><img style='width: 45%; height: auto; border: 1px solid rgba(150&comma;150&comma;150&comma;0.3); border-radius: 8px;' src='https:\/\/ftp3.syscom.mx\/usuarios\/jsosa\/HIKVISION\/imagenes\/logo\/hikvision%20see%20far.png' alt='Logo Hikvision'><\/p>\n<p> <!-- Secci\u00f3n de caracter\u00edsticas --> <\/p>\n<div style='display: flex; flex-wrap: wrap; gap: 30px; margin-bottom: 30px;'>\n<div style='flex: 1 1 300px; min-width: 280px;'>\n<h3 style='font-size: 22px; border-bottom: 2px solid currentColor; padding-bottom: 5px; margin-top: 0; color: inherit; opacity: 0.8;'>Caracter\u00edsticas principales<\/h3>\n<ul style='padding-left: 20px; font-size: 15px; color: inherit;'>\n<li style='margin-bottom: 5px;'><strong>Lugares de Aplicaci\u00f3n:<\/strong><\/li>\n<li style='margin-bottom: 5px;'>Recintos Cerrados<\/li>\n<li style='margin-bottom: 5px;'>Parque Industrial<\/li>\n<li style='margin-bottom: 5px;'>Educaci\u00f3n<\/li>\n<li style='margin-bottom: 5px;'>Puertos<\/li>\n<li style='margin-bottom: 5px;'>Pantalla LED para exterior&comma; uso en accesos<\/li>\n<li style='margin-bottom: 5px;'>Muestra 3 colores diferentes para representaci\u00f3n de m\u00faltiples estados&comma; como exceso de velocidad&comma; velocidad normal<\/li>\n<li style='margin-bottom: 5px;'>Distancia m\u00e1xima visible de 50 mts<\/li>\n<li style='margin-bottom: 5px;'>N\u00famero de Caracteres: 2<\/li>\n<\/ul><\/div>\n<div style='flex: 1 1 300px; min-width: 280px;'>\n<h3 style='font-size: 22px; border-bottom: 2px solid currentColor; padding-bottom: 5px; margin-top: 0; color: inherit; opacity: 0.8;'>Caracter\u00edsticas F\u00edsicas y El\u00e9ctricas<\/h3>\n<ul style='padding-left: 20px; font-size: 15px; color: inherit;'>\n<li style='margin-bottom: 5px;'><strong>Interfaz de comunicaci\u00f3n:<\/strong> RS-485\/RJ45<\/li>\n<li style='margin-bottom: 5px;'><strong>Temperatura de Operaci\u00f3n:<\/strong> -30\u00b0C a 60\u00b0C<\/li>\n<li style='margin-bottom: 5px;'><strong>Grado de Protecci\u00f3n:<\/strong> IP54<\/li>\n<li style='margin-bottom: 5px;'><strong>Material:<\/strong> Aluminio<\/li>\n<li style='margin-bottom: 5px;'><strong>Voltaje de Operaci\u00f3n:<\/strong> 110 VCA&comma; 45 W<\/li>\n<li style='margin-bottom: 5px;'><strong>Peso:<\/strong> 25 kg<\/li>\n<li style='margin-bottom: 5px;'><strong>Dimensiones:<\/strong> 740 x 850 x 90 mm<\/li>\n<li style='margin-bottom: 5px;'><strong>Tipo de Pantalla:<\/strong> LED<\/li>\n<\/ul><\/div>\n<\/p><\/div>\n<p> <!-- Banner final --> <\/p>\n<p style='text-align: center;'><img style='width: 100%; height: auto; border: 1px solid rgba(150&comma;150&comma;150&comma;0.3); border-radius: 8px;' src='https:\/\/ftp3.syscom.mx\/usuarios\/jsosa\/HIKVISION\/imagenes\/banners\/solution%20complete.png' alt='Banner final Hikvision'><\/p>\n<\/p><\/div>\n","protected":false},"excerpt":{"rendered":"<p>Pantalla LED para Aplicaci\u00f3n de Estacionamientos \/ Indicador de Estados como Exceso de Velocidad, Velocidad Normal<\/p>\n","protected":false},"featured_media":27946,"comment_status":"open","ping_status":"closed","template":"","meta":[],"product_brand":[],"product_cat":[828],"product_tag":[401,54,829],"class_list":{"0":"post-27947","1":"product","2":"type-product","3":"status-publish","4":"has-post-thumbnail","6":"product_cat-semaforos-y-senalizacion","7":"product_tag-acceso-vehicular","8":"product_tag-hikvision","9":"product_tag-semaforos-y-senalizacion","11":"first","12":"outofstock","13":"sale","14":"shipping-taxable","15":"purchasable","16":"product-type-simple"},"_links":{"self":[{"href":"https:\/\/soydeaqui.ddns.net\/pachuca\/index.php\/wp-json\/wp\/v2\/product\/27947","targetHints":{"allow":["GET"]}}],"collection":[{"href":"https:\/\/soydeaqui.ddns.net\/pachuca\/index.php\/wp-json\/wp\/v2\/product"}],"about":[{"href":"https:\/\/soydeaqui.ddns.net\/pachuca\/index.php\/wp-json\/wp\/v2\/types\/product"}],"replies":[{"embeddable":true,"href":"https:\/\/soydeaqui.ddns.net\/pachuca\/index.php\/wp-json\/wp\/v2\/comments?post=27947"}],"wp:featuredmedia":[{"embeddable":true,"href":"https:\/\/soydeaqui.ddns.net\/pachuca\/index.php\/wp-json\/wp\/v2\/media\/27946"}],"wp:attachment":[{"href":"https:\/\/soydeaqui.ddns.net\/pachuca\/index.php\/wp-json\/wp\/v2\/media?parent=27947"}],"wp:term":[{"taxonomy":"product_brand","embeddable":true,"href":"https:\/\/soydeaqui.ddns.net\/pachuca\/index.php\/wp-json\/wp\/v2\/product_brand?post=27947"},{"taxonomy":"product_cat","embeddable":true,"href":"https:\/\/soydeaqui.ddns.net\/pachuca\/index.php\/wp-json\/wp\/v2\/product_cat?post=27947"},{"taxonomy":"product_tag","embeddable":true,"href":"https:\/\/soydeaqui.ddns.net\/pachuca\/index.php\/wp-json\/wp\/v2\/product_tag?post=27947"}],"curies":[{"name":"wp","href":"https:\/\/api.w.org\/{rel}","templated":true}]}}