{"id":27925,"date":"2026-03-18T12:46:35","date_gmt":"2026-03-18T12:46:35","guid":{"rendered":"https:\/\/soydeaqui.ddns.net\/pachuca\/index.php\/producto\/reanude-labores-con-las-mejores-soluciones-de-acceso-sin-contacto-curso-express-syscom\/"},"modified":"2026-03-18T12:46:36","modified_gmt":"2026-03-18T12:46:36","slug":"reanude-labores-con-las-mejores-soluciones-de-acceso-sin-contacto-curso-express-syscom","status":"publish","type":"product","link":"https:\/\/soydeaqui.ddns.net\/pachuca\/index.php\/producto\/reanude-labores-con-las-mejores-soluciones-de-acceso-sin-contacto-curso-express-syscom\/","title":{"rendered":"Reanude labores con las mejores soluciones de acceso sin contacto &#8211; Curso Express SYSCOM"},"content":{"rendered":"<div style='width: 100%; max-width: 1200px; margin: 0 auto; font-family: sans-serif; line-height: 1.6; color: inherit; background-color: transparent;'> <!-- Secci\u00f3n de t\u00edtulo --> <\/p>\n<div style='margin-bottom: 30px;'>\n<h3 style='font-size: 22px; border-bottom: 2px solid currentColor; padding-bottom: 5px; margin-top: 0; color: inherit; opacity: 0.8;'>REANUDE LABORES CON LAS MEJORES SOLUCIONES DE ACCESO SIN CONTACTO<\/h3>\n<\/p><\/div>\n<p> <!-- Secci\u00f3n de temario --> <\/p>\n<div style='margin-bottom: 30px;'>\n<h4 style='font-size: 18px; margin-top: 0; margin-bottom: 15px; color: inherit;'>TEMARIO<\/h4>\n<ul style='padding-left: 20px; font-size: 15px; color: inherit; list-style-type: decimal;'>\n<li style='margin-bottom: 10px;'>\u00bfQu\u00e9 es la Tecnolog\u00eda Sin contacto?<\/li>\n<li style='margin-bottom: 10px;'>\u00bfQu\u00e9 tecnolog\u00edas existen en el mercado de la seguridad?<\/li>\n<li style='margin-bottom: 10px;'>Accesorios Sin contactos&comma; Botones y mandos a distancia<\/li>\n<li style='margin-bottom: 10px;'>\u00bfQu\u00e9 es la tecnolog\u00eda de tarjetas de proximidad y Mifare sin contacto de corto alcance y por qu\u00e9 utilizarlas?<\/li>\n<li style='margin-bottom: 10px;'>La biometr\u00eda sin contacto donde se utilizan actualmente y cu\u00e1les ofrecer<\/li>\n<li style='margin-bottom: 10px;'>Ventajas y uso de las credenciales M\u00f3viles o tarjetas virtuales<\/li>\n<li style='margin-bottom: 10px;'>C\u00f3mo realizar una recomendaci\u00f3n de la tecnolog\u00eda SIN CONTACTO.<\/li>\n<\/ul><\/div>\n<\/p><\/div>\n","protected":false},"excerpt":{"rendered":"<p>Reanude labores con las mejores soluciones de acceso sin contacto &#8211; Curso Express SYSCOM<\/p>\n","protected":false},"featured_media":32,"comment_status":"open","ping_status":"closed","template":"","meta":[],"product_brand":[],"product_cat":[764],"product_tag":[765,744,63],"class_list":{"0":"post-27925","1":"product","2":"type-product","3":"status-publish","4":"has-post-thumbnail","6":"product_cat-biometricos-acceso-sin-contacto","7":"product_tag-acceso-sin-contacto","8":"product_tag-biometricos","9":"product_tag-syscom","11":"first","12":"outofstock","13":"sale","14":"shipping-taxable","15":"purchasable","16":"product-type-simple"},"_links":{"self":[{"href":"https:\/\/soydeaqui.ddns.net\/pachuca\/index.php\/wp-json\/wp\/v2\/product\/27925","targetHints":{"allow":["GET"]}}],"collection":[{"href":"https:\/\/soydeaqui.ddns.net\/pachuca\/index.php\/wp-json\/wp\/v2\/product"}],"about":[{"href":"https:\/\/soydeaqui.ddns.net\/pachuca\/index.php\/wp-json\/wp\/v2\/types\/product"}],"replies":[{"embeddable":true,"href":"https:\/\/soydeaqui.ddns.net\/pachuca\/index.php\/wp-json\/wp\/v2\/comments?post=27925"}],"wp:featuredmedia":[{"embeddable":true,"href":"https:\/\/soydeaqui.ddns.net\/pachuca\/index.php\/wp-json\/wp\/v2\/media\/32"}],"wp:attachment":[{"href":"https:\/\/soydeaqui.ddns.net\/pachuca\/index.php\/wp-json\/wp\/v2\/media?parent=27925"}],"wp:term":[{"taxonomy":"product_brand","embeddable":true,"href":"https:\/\/soydeaqui.ddns.net\/pachuca\/index.php\/wp-json\/wp\/v2\/product_brand?post=27925"},{"taxonomy":"product_cat","embeddable":true,"href":"https:\/\/soydeaqui.ddns.net\/pachuca\/index.php\/wp-json\/wp\/v2\/product_cat?post=27925"},{"taxonomy":"product_tag","embeddable":true,"href":"https:\/\/soydeaqui.ddns.net\/pachuca\/index.php\/wp-json\/wp\/v2\/product_tag?post=27925"}],"curies":[{"name":"wp","href":"https:\/\/api.w.org\/{rel}","templated":true}]}}