{"id":2790,"date":"2026-03-18T06:00:55","date_gmt":"2026-03-18T06:00:55","guid":{"rendered":"https:\/\/soydeaqui.ddns.net\/pachuca\/index.php\/producto\/unifi-sense-sensor-inteligente-inalambrico-para-unifi-protect-con-deteccion-de-luz-temperatura-humedad-sonido-de-alarma-y-alineacion-magnetica-montaje-en-pared-y-autonomia-de-bateria-de\/"},"modified":"2026-03-18T06:00:57","modified_gmt":"2026-03-18T06:00:57","slug":"unifi-sense-sensor-inteligente-inalambrico-para-unifi-protect-con-deteccion-de-luz-temperatura-humedad-sonido-de-alarma-y-alineacion-magnetica-montaje-en-pared-y-autonomia-de-bateria-de","status":"publish","type":"product","link":"https:\/\/soydeaqui.ddns.net\/pachuca\/index.php\/producto\/unifi-sense-sensor-inteligente-inalambrico-para-unifi-protect-con-deteccion-de-luz-temperatura-humedad-sonido-de-alarma-y-alineacion-magnetica-montaje-en-pared-y-autonomia-de-bateria-de\/","title":{"rendered":"UniFi Sense \u2013 Sensor Inteligente Inal\u00e1mbrico para UniFi Protect con Detecci\u00f3n de Luz, Temperatura, Humedad, Sonido de Alarma y Alineaci\u00f3n Magn\u00e9tica, Montaje en Pared y Autonom\u00eda de Bater\u00eda de hasta 1 A&#038;n"},"content":{"rendered":"<div style='width: 100%; max-width: 1200px; margin: 0 auto; font-family: sans-serif; line-height: 1.6; color: inherit; background-color: transparent;'> <!-- Hero Section --> <\/p>\n<div style='display: flex; flex-wrap: wrap; gap: 30px; align-items: center; border: 1px solid rgba(150&comma;150&comma;150&comma;0.3); border-radius: 12px; padding: 20px; margin-bottom: 30px; background-color: transparent;'>\n<div style='flex: 1 1 320px; min-width: 280px;'> <!-- Video container --> <\/p>\n<div style='position: relative; padding-bottom: 56.25%; height: 0; overflow: hidden; margin-bottom: 15px;'> <video style='position: absolute; top: 0; left: 0; width: 100%; height: 100%; border: 1px solid rgba(150&comma;150&comma;150&comma;0.3); border-radius: 8px; background-color: transparent;' autoplay muted loop playsinline><source src='https:\/\/ftp3.syscom.mx\/usuarios\/adiaz\/Ubiquiti\/Imagenes\/UPSENSE\/loop.mp4' type='video\/mp4'><!-- Fallback image --> <img style='position: absolute; top: 0; left: 0; width: 100%; height: 100%; border: 1px solid rgba(150&comma;150&comma;150&comma;0.3); border-radius: 8px; background-color: transparent;' src='https:\/\/ftp3.syscom.mx\/usuarios\/adiaz\/Ubiquiti\/Imagenes\/UPSENSE\/fallback.png' alt='Ubiquiti UP-Sense'><\/video> <\/div>\n<\/p><\/div>\n<div style='flex: 1 1 360px; min-width: 280px;'>\n<h2 style='font-size: 24px; margin: 0 0 10px; color: inherit; opacity: 0.9;'>All-In-One Sensor<\/h2>\n<div style='margin: 0 0 15px; font-weight: 600; color: inherit; opacity: 0.8;'>Modelo: <span style='font-weight: 700; opacity: 1;'>UP-Sense<\/span><\/div>\n<p style='margin: 0; color: inherit; font-size: 15px;'>Sensor Inteligente que funciona con bater\u00eda y es capaz de detectar movimiento&comma; iluminaci\u00f3n y cambios ambientales.<\/p>\n<\/p><\/div>\n<\/p><\/div>\n<p> <!-- Features Grid --> <\/p>\n<div style='display: flex; flex-wrap: wrap; gap: 20px; margin-bottom: 30px;'> <!-- Features Card --> <\/p>\n<div style='flex: 1 1 250px; border: 1px solid rgba(150&comma;150&comma;150&comma;0.4); border-radius: 8px; overflow: hidden; display: flex; flex-direction: column; background-color: transparent;'>\n<div style='padding: 15px; border-bottom: 1px solid rgba(150&comma;150&comma;150&comma;0.2); font-weight: bold; font-size: 18px; color: inherit;'>Caracter\u00edsticas principales<\/div>\n<div style='padding: 15px; color: inherit;'>\n<ul style='padding-left: 20px; margin: 0; font-size: 14px; list-style-type: disc;'>\n<li style='margin-bottom: 8px;'>Detecci\u00f3n de movimiento hasta 5 m (16 ft)<\/li>\n<li style='margin-bottom: 8px;'>Detecci\u00f3n de temperatura y humedad<\/li>\n<li style='margin-bottom: 8px;'>Detecci\u00f3n de luz ambiental<\/li>\n<li style='margin-bottom: 8px;'>Detecci\u00f3n de sonido de alarma (Basado en patrones de alarma UL217 y UL2034)<\/li>\n<li style='margin-bottom: 8px;'>Detecci\u00f3n del estado de puertas y ventanas<\/li>\n<li style='margin-bottom: 8px;'>Aceler\u00f3metro para apertura y cierre de puertas de garaje<\/li>\n<li style='margin-bottom: 8px;'>Hasta 1 a\u00f1o de duraci\u00f3n de la bater\u00eda<\/li>\n<li style='margin-bottom: 8px;'>Conectividad BLE de largo alcance a UP-SuperLink o Punto de Acceso UniFi<\/li>\n<\/ul><\/div>\n<\/p><\/div>\n<p> <!-- Physical & Electrical Card --> <\/p>\n<div style='flex: 1 1 250px; border: 1px solid rgba(150&comma;150&comma;150&comma;0.4); border-radius: 8px; overflow: hidden; display: flex; flex-direction: column; background-color: transparent;'>\n<div style='padding: 15px; border-bottom: 1px solid rgba(150&comma;150&comma;150&comma;0.2); font-weight: bold; font-size: 18px; color: inherit;'>Caracter\u00edsticas f\u00edsicas y el\u00e9ctricas<\/div>\n<div style='padding: 15px; color: inherit;'>\n<ul style='padding-left: 20px; margin: 0; font-size: 14px; list-style-type: disc;'>\n<li style='margin-bottom: 8px;'><strong>Dimensiones<\/strong>: \u00d824 x 83.5 mm (\u00d80.9 x 3.3&#8242;)<\/li>\n<li style='margin-bottom: 8px;'><strong>Peso<\/strong>: 50.2 g (1.8 oz)<\/li>\n<li style='margin-bottom: 8px;'><strong>Material de la carcasa<\/strong>: Policarbonato<\/li>\n<li style='margin-bottom: 8px;'><strong>Interfaz de red<\/strong>: Bluetooth 5.0&comma; BLE<\/li>\n<li style='margin-bottom: 8px;'><strong>M\u00e9todo de alimentaci\u00f3n<\/strong>: Bater\u00eda de litio CR123A<\/li>\n<li style='margin-bottom: 8px;'><strong>Temperatura de operaci\u00f3n<\/strong>: 0 a 45 \u00b0C (32 a 113 \u00b0F)<\/li>\n<li style='margin-bottom: 8px;'><strong>Humedad de operaci\u00f3n<\/strong>: 10\u201390% sin condensaci\u00f3n<\/li>\n<\/ul><\/div>\n<\/p><\/div>\n<p> <!-- Connectivity Card --> <\/p>\n<div style='flex: 1 1 250px; border: 1px solid rgba(150&comma;150&comma;150&comma;0.4); border-radius: 8px; overflow: hidden; display: flex; flex-direction: column; background-color: transparent;'>\n<div style='padding: 15px; border-bottom: 1px solid rgba(150&comma;150&comma;150&comma;0.2); font-weight: bold; font-size: 18px; color: inherit;'>Conectividad<\/div>\n<div style='padding: 15px; color: inherit;'>\n<ul style='padding-left: 20px; margin: 0; font-size: 14px; list-style-type: disc;'>\n<li style='margin-bottom: 8px;'>Conectividad BLE con UP-SuperLink o un AP UniFi<\/li>\n<li style='margin-bottom: 8px;'>Debe estar conectado AP UniFi compatible con Bluetooth actualizado<\/li>\n<li style='margin-bottom: 8px;'><strong>UDR<\/strong><\/li>\n<li style='margin-bottom: 8px;'><strong>U6-Lite<\/strong> (excluyendo modelos Early Access)<\/li>\n<li style='margin-bottom: 8px;'><strong>U6-LR<\/strong> (excluyendo modelos Early Access)<\/li>\n<li style='margin-bottom: 8px;'><strong>U6-Mesh<\/strong><\/li>\n<li style='margin-bottom: 8px;'><strong>U6-Pro<\/strong><\/li>\n<li style='margin-bottom: 8px;'><strong>U6-IW<\/strong><\/li>\n<li style='margin-bottom: 8px;'><strong>U6-Enterprise<\/strong><\/li>\n<li style='margin-bottom: 8px;'><strong>U6-Extender<\/strong><\/li>\n<\/ul><\/div>\n<\/p><\/div>\n<\/p><\/div>\n<p> <!-- Package Content --> <\/p>\n<div style='border: 1px solid rgba(150&comma;150&comma;150&comma;0.4); border-radius: 8px; overflow: hidden; margin-bottom: 30px; background-color: transparent;'>\n<div style='padding: 15px; border-bottom: 1px solid rgba(150&comma;150&comma;150&comma;0.2); font-weight: bold; font-size: 18px; color: inherit;'>Contenido del Paquete<\/div>\n<div style='padding: 20px; text-align: center;'> <img style='width: 100%; height: auto; border: 1px solid rgba(150&comma;150&comma;150&comma;0.3); border-radius: 8px;' src='https:\/\/ftp3.syscom.mx\/usuarios\/adiaz\/Ubiquiti\/Imagenes\/UPSENSE\/Contenido.png' alt='Contenido del paquete UP-Sense'> <\/div>\n<\/p><\/div>\n<\/p><\/div>\n","protected":false},"excerpt":{"rendered":"<p>UniFi Sense \u2013 Sensor Inteligente Inal\u00e1mbrico para UniFi Protect con Detecci\u00f3n de Luz, Temperatura, Humedad, Sonido de Alarma y Alineaci\u00f3n Magn\u00e9tica, Montaje en Pared y Autonom\u00eda de Bater\u00eda de hasta 1 A&#038;n<\/p>\n","protected":false},"featured_media":2789,"comment_status":"open","ping_status":"closed","template":"","meta":[],"product_brand":[],"product_cat":[18],"product_tag":[19,20,166],"class_list":{"0":"post-2790","1":"product","2":"type-product","3":"status-publish","4":"has-post-thumbnail","6":"product_cat-movimiento-para-interior","7":"product_tag-detectores-sensores","8":"product_tag-movimiento-para-interior","9":"product_tag-ubiquiti","11":"first","12":"instock","13":"sale","14":"shipping-taxable","15":"purchasable","16":"product-type-simple"},"_links":{"self":[{"href":"https:\/\/soydeaqui.ddns.net\/pachuca\/index.php\/wp-json\/wp\/v2\/product\/2790","targetHints":{"allow":["GET"]}}],"collection":[{"href":"https:\/\/soydeaqui.ddns.net\/pachuca\/index.php\/wp-json\/wp\/v2\/product"}],"about":[{"href":"https:\/\/soydeaqui.ddns.net\/pachuca\/index.php\/wp-json\/wp\/v2\/types\/product"}],"replies":[{"embeddable":true,"href":"https:\/\/soydeaqui.ddns.net\/pachuca\/index.php\/wp-json\/wp\/v2\/comments?post=2790"}],"wp:featuredmedia":[{"embeddable":true,"href":"https:\/\/soydeaqui.ddns.net\/pachuca\/index.php\/wp-json\/wp\/v2\/media\/2789"}],"wp:attachment":[{"href":"https:\/\/soydeaqui.ddns.net\/pachuca\/index.php\/wp-json\/wp\/v2\/media?parent=2790"}],"wp:term":[{"taxonomy":"product_brand","embeddable":true,"href":"https:\/\/soydeaqui.ddns.net\/pachuca\/index.php\/wp-json\/wp\/v2\/product_brand?post=2790"},{"taxonomy":"product_cat","embeddable":true,"href":"https:\/\/soydeaqui.ddns.net\/pachuca\/index.php\/wp-json\/wp\/v2\/product_cat?post=2790"},{"taxonomy":"product_tag","embeddable":true,"href":"https:\/\/soydeaqui.ddns.net\/pachuca\/index.php\/wp-json\/wp\/v2\/product_tag?post=2790"}],"curies":[{"name":"wp","href":"https:\/\/api.w.org\/{rel}","templated":true}]}}