{"id":27896,"date":"2026-03-18T12:45:55","date_gmt":"2026-03-18T12:45:55","guid":{"rendered":"https:\/\/soydeaqui.ddns.net\/pachuca\/index.php\/producto\/boton-de-salida-sin-contacto-con-control-remoto-iluminacion-led-distancia-de-deteccion-touch-ajustable\/"},"modified":"2026-03-18T12:46:00","modified_gmt":"2026-03-18T12:46:00","slug":"boton-de-salida-sin-contacto-con-control-remoto-iluminacion-led-distancia-de-deteccion-touch-ajustable","status":"publish","type":"product","link":"https:\/\/soydeaqui.ddns.net\/pachuca\/index.php\/producto\/boton-de-salida-sin-contacto-con-control-remoto-iluminacion-led-distancia-de-deteccion-touch-ajustable\/","title":{"rendered":"Bot\u00f3n de Salida sin Contacto con Control Remoto \/ Iluminaci\u00f3n LED \/ Distancia de Detecci\u00f3n Touch Ajustable"},"content":{"rendered":"<div style='width: 100%; max-width: 1200px; margin: 0 auto; font-family: sans-serif; line-height: 1.6; color: inherit; background-color: transparent;'> <!-- Imagen principal --> <\/p>\n<div style='margin: 20px 0;'> <img style='width: 100%; max-width: 393px; height: auto; border: 1px solid rgba(150&comma;150&comma;150&comma;0.3); border-radius: 8px; display: block; margin: 0 auto;' src='https:\/\/ftp3.syscom.mx\/usuarios\/fotos\/PRO800B\/67296-access-pro.png' alt=''> <\/div>\n<p> <!-- Secci\u00f3n de caracter\u00edsticas en grid --> <\/p>\n<div style='display: flex; flex-wrap: wrap; gap: 30px; margin: 30px 0;'>\n<div style='flex: 1 1 300px; min-width: 280px;'>\n<div style='border-left: 5px solid #0091ff; border-radius: 5px; padding: 15px; background: rgba(150&comma;150&comma;150&comma;0.05);'>\n<h3 style='font-size: 20px; margin-top: 0; margin-bottom: 15px; color: inherit; opacity: 0.85;'>Caracter\u00edsticas principales:<\/h3>\n<ul style='padding-left: 20px; margin: 0; font-size: 15px; color: inherit;'>\n<li style='margin-bottom: 8px;'>Distancia de detecci\u00f3n es de <strong style='color: inherit;'>4 a 15 cm ajustable<\/strong>.<\/li>\n<li style='margin-bottom: 8px;'>Temporizador 0-9 segundos.<\/li>\n<li style='margin-bottom: 8px;'>Control Remoto (hasta <strong style='color: inherit;'>16 controles<\/strong> modelo <a style='color: #005cb9; text-decoration: none; font-size: 14px; font-weight: 600;' href='https:\/\/www.syscom.mx\/producto\/ACCESS807M-ACCESSPRO-191147.html'>ACCESS807M<\/a>).<\/li>\n<li style='margin-bottom: 8px;'>Distancia de transmisi\u00f3n: <strong style='color: inherit;'>menor a 10 metros<\/strong> (en l\u00ednea de vista)<\/li>\n<li style='margin-bottom: 8px;'>Acero inoxidable.<\/li>\n<li style='margin-bottom: 8px;'>Sensor IR<\/li>\n<li style='margin-bottom: 8px;'><strong style='color: inherit;'>Garant\u00eda de por vida para el bot\u00f3n.<\/strong><\/li>\n<li style='margin-bottom: 8px;'>para el control.<\/li>\n<\/ul><\/div>\n<\/p><\/div>\n<div style='flex: 1 1 300px; min-width: 280px;'>\n<div style='border-left: 5px solid #0091ff; border-radius: 5px; padding: 15px; background: rgba(150&comma;150&comma;150&comma;0.05);'>\n<h3 style='font-size: 20px; margin-top: 0; margin-bottom: 15px; color: inherit; opacity: 0.85;'>Caracter\u00edsticas F\u00edsicas y El\u00e9ctricas:<\/h3>\n<ul style='padding-left: 20px; margin: 0; font-size: 15px; color: inherit;'>\n<li style='margin-bottom: 8px;'>Voltaje 12VDC.<\/li>\n<li style='margin-bottom: 8px;'>Tensi\u00f3n que soporta en su relevador menor\/igual a 24Vcc.<\/li>\n<li style='margin-bottom: 8px;'>Contactos de salida NO\/COM\/NC.<\/li>\n<li style='margin-bottom: 8px;'>Temperatura de operaci\u00f3n: -20 a 55\u00b0C.<\/li>\n<li style='margin-bottom: 8px;'>Dimensiones: 115 x 70 x 24 (mm).<\/li>\n<\/ul><\/div>\n<\/p><\/div>\n<div style='flex: 1 1 300px; min-width: 280px;'>\n<div style='border-left: 5px solid #0091ff; border-radius: 5px; padding: 15px; background: rgba(150&comma;150&comma;150&comma;0.05);'>\n<h3 style='font-size: 20px; margin-top: 0; margin-bottom: 15px; color: inherit; opacity: 0.85;'>Caracter\u00edsticas Destacadas:<\/h3>\n<ul style='padding-left: 20px; margin: 0; font-size: 14px; color: inherit;'>\n<li style='margin-bottom: 8px;'>Distancia ajustable del sensor sin contacto m\u00e1s el tiempo del relevador <strong style='color: inherit;'>mediante dos potenciometros en la parte posterior<\/strong>. Receptor de RF de 433 Mhz&comma; con soporte de hasta 16 transmisores modelo <a style='color: #005cb9; text-decoration: none; font-size: 14px; font-weight: 600;' href='https:\/\/www.syscom.mx\/producto\/ACCESS807M-ACCESSPRO-191147.html'>ACCESS807M (No incluye bater\u00eda)<\/a><\/li>\n<\/ul><\/div>\n<\/p><\/div>\n<\/p><\/div>\n<p> <!-- Nota importante --> <\/p>\n<div style='margin: 30px 0; padding: 15px; border-left: 4px solid #ff9100; background-color: rgba(255&comma;145&comma;0&comma;0.05);'>\n<h3 style='margin: 0; font-size: 18px; color: inherit;'>Nota: Adquirir una bater\u00eda modelo CR2032PM para el control Inal\u00e1mbrico.<\/h3>\n<\/p><\/div>\n<p> <!-- Video de YouTube --> <\/p>\n<div style='position: relative; padding-bottom: 56.25%; height: 0; overflow: hidden; margin: 30px 0;'>   <\/div>\n<p> <!-- Galer\u00eda de im\u00e1genes --> <\/p>\n<div style='display: flex; flex-wrap: wrap; gap: 20px; margin: 30px 0;'>\n<div style='flex: 1 1 300px; min-width: 280px;'> <img style='width: 100%; height: auto; border: 1px solid rgba(150&comma;150&comma;150&comma;0.3); border-radius: 8px;' src='http:\/\/ftp3.syscom.mx\/usuarios\/ccordova\/AccessPRO\/botones\/accessk1.jpg' alt=''> <\/div>\n<div style='flex: 1 1 300px; min-width: 280px;'> <img style='width: 100%; height: auto; border: 1px solid rgba(150&comma;150&comma;150&comma;0.3); border-radius: 8px;' src='http:\/\/ftp3.syscom.mx\/usuarios\/ccordova\/AccessPRO\/botones\/accessk1-1.jpg' alt=''> <\/div>\n<div style='flex: 1 1 300px; min-width: 280px; margin-top: 20px;'> <img style='width: 100%; max-width: 600px; height: auto; border: 1px solid rgba(150&comma;150&comma;150&comma;0.3); border-radius: 8px; display: block; margin: 0 auto;' src='http:\/\/ftp3.syscom.mx\/usuarios\/fotos\/chapas.gif' alt=''> <\/div>\n<\/p><\/div>\n<\/p><\/div>\n","protected":false},"excerpt":{"rendered":"<p>Bot\u00f3n de Salida sin Contacto con Control Remoto \/ Iluminaci\u00f3n LED \/ Distancia de Detecci\u00f3n Touch Ajustable<\/p>\n","protected":false},"featured_media":27895,"comment_status":"open","ping_status":"closed","template":"","meta":[],"product_brand":[],"product_cat":[190],"product_tag":[93,234,191],"class_list":{"0":"post-27896","1":"product","2":"type-product","3":"status-publish","4":"has-post-thumbnail","6":"product_cat-botones-de-salida","7":"product_tag-accesorios","8":"product_tag-accesspro","9":"product_tag-botones-de-salida","11":"first","12":"instock","13":"sale","14":"shipping-taxable","15":"purchasable","16":"product-type-simple"},"_links":{"self":[{"href":"https:\/\/soydeaqui.ddns.net\/pachuca\/index.php\/wp-json\/wp\/v2\/product\/27896","targetHints":{"allow":["GET"]}}],"collection":[{"href":"https:\/\/soydeaqui.ddns.net\/pachuca\/index.php\/wp-json\/wp\/v2\/product"}],"about":[{"href":"https:\/\/soydeaqui.ddns.net\/pachuca\/index.php\/wp-json\/wp\/v2\/types\/product"}],"replies":[{"embeddable":true,"href":"https:\/\/soydeaqui.ddns.net\/pachuca\/index.php\/wp-json\/wp\/v2\/comments?post=27896"}],"wp:featuredmedia":[{"embeddable":true,"href":"https:\/\/soydeaqui.ddns.net\/pachuca\/index.php\/wp-json\/wp\/v2\/media\/27895"}],"wp:attachment":[{"href":"https:\/\/soydeaqui.ddns.net\/pachuca\/index.php\/wp-json\/wp\/v2\/media?parent=27896"}],"wp:term":[{"taxonomy":"product_brand","embeddable":true,"href":"https:\/\/soydeaqui.ddns.net\/pachuca\/index.php\/wp-json\/wp\/v2\/product_brand?post=27896"},{"taxonomy":"product_cat","embeddable":true,"href":"https:\/\/soydeaqui.ddns.net\/pachuca\/index.php\/wp-json\/wp\/v2\/product_cat?post=27896"},{"taxonomy":"product_tag","embeddable":true,"href":"https:\/\/soydeaqui.ddns.net\/pachuca\/index.php\/wp-json\/wp\/v2\/product_tag?post=27896"}],"curies":[{"name":"wp","href":"https:\/\/api.w.org\/{rel}","templated":true}]}}