{"id":27878,"date":"2026-03-18T12:45:32","date_gmt":"2026-03-18T12:45:32","guid":{"rendered":"https:\/\/soydeaqui.ddns.net\/pachuca\/index.php\/producto\/barrera-vehicular-izquierda-brazo-incluido-ajustable-de-2-a-4-mts-apertura-en-3-segundos-incluye-banda-protectora-antigolpe-de-vehiculos-proteccion-ip54-compatible-con-cualquier-control-de-a\/"},"modified":"2026-03-18T12:45:41","modified_gmt":"2026-03-18T12:45:41","slug":"barrera-vehicular-izquierda-brazo-incluido-ajustable-de-2-a-4-mts-apertura-en-3-segundos-incluye-banda-protectora-antigolpe-de-vehiculos-proteccion-ip54-compatible-con-cualquier-control-de-a","status":"publish","type":"product","link":"https:\/\/soydeaqui.ddns.net\/pachuca\/index.php\/producto\/barrera-vehicular-izquierda-brazo-incluido-ajustable-de-2-a-4-mts-apertura-en-3-segundos-incluye-banda-protectora-antigolpe-de-vehiculos-proteccion-ip54-compatible-con-cualquier-control-de-a\/","title":{"rendered":"Barrera Vehicular IZQUIERDA \/ Brazo Incluido Ajustable de 2 a 4 mts \/ Apertura en 3 Segundos \/ Incluye Banda Protectora Antigolpe de Vehiculos \/ Protecci\u00f3n IP54 \/ Compatible con Cualquier Control de Acceso"},"content":{"rendered":"<div style='width: 100%; max-width: 1200px; margin: 0 auto; font-family: sans-serif; line-height: 1.6; color: inherit; background-color: transparent;'>\n<div style='display: flex; flex-wrap: wrap; gap: 30px; margin-bottom: 30px;'>\n<div style='flex: 1 1 300px; min-width: 280px;'>\n<h3 style='font-size: 22px; border-bottom: 2px solid currentColor; padding-bottom: 5px; margin-top: 0; color: inherit; opacity: 0.8;'>Caracter\u00edsticas principales<\/h3>\n<ul style='padding-left: 20px; font-size: 15px; color: inherit;'>\n<li style='margin-bottom: 5px;'>Incluye 2 controles remotos (bater\u00eda NO incluida <a style='color: #005cb9; text-decoration: none; font-weight: 600; font-size: 12px;' href='https:\/\/www.syscom.mx\/principal\/searchcont?route=FPD009-AccessPRO-68273&#038;autodetect=LR-27A'>FPD009<\/a>) 1 por control<\/li>\n<li style='margin-bottom: 5px;'>Incluye brazo telescopico de 2 a 4 mts (modelo: <a style='color: #005cb9; text-decoration: none; font-weight: 600; font-size: 12px;' href='https:\/\/www.syscom.mx\/producto\/366000236-HIKVISION-213621.html'>366000236<\/a>)<\/li>\n<li style='margin-bottom: 5px;'>Ajuste Independiente bajada\/subida de pluma<\/li>\n<li style='margin-bottom: 5px;'>Protecci\u00f3n IP54<\/li>\n<li style='margin-bottom: 5px;'>M\u00faltiples modos Anti bajada: Inducci\u00f3n&comma; IR&comma; onda de presi\u00f3n<\/li>\n<li style='margin-bottom: 5px;'>Material CRS (Acero Laminado en Fr\u00edo)<\/li>\n<\/ul><\/div>\n<div style='flex: 1 1 300px; min-width: 280px;'>\n<h3 style='font-size: 22px; border-bottom: 2px solid currentColor; padding-bottom: 5px; margin-top: 0; color: inherit; opacity: 0.8;'>Caracter\u00edsticas F\u00edsicas y El\u00e9ctricas<\/h3>\n<ul style='padding-left: 20px; font-size: 15px; color: inherit;'>\n<li style='margin-bottom: 5px;'>Alimentaci\u00f3n: 110 VCA \/ 52 Watts \/ 1.5 Amp.<\/li>\n<li style='margin-bottom: 5px;'>Velocidad de elevaci\u00f3n de 1.5-2.5 sg<\/li>\n<li style='margin-bottom: 5px;'>Velocidad de ca\u00edda Ajustable 2.5-3.5 sg<\/li>\n<li style='margin-bottom: 5px;'>Peso: 59.3 kg<\/li>\n<li style='margin-bottom: 5px;'>Frecuencia de control remoto: 433 MHz<\/li>\n<li style='margin-bottom: 5px;'>Temperatura de trabajo: -30 \u00b0C a 70 \u00b0C (-22 \u00b0F a 158 \u00b0F)<\/li>\n<li style='margin-bottom: 5px; font-weight: bold;'>Garant\u00eda: 2 a\u00f1os<\/li>\n<\/ul><\/div>\n<\/p><\/div>\n<div style='margin-bottom: 30px;'>\n<h3 style='font-size: 22px; border-bottom: 2px solid currentColor; padding-bottom: 5px; color: inherit; opacity: 0.8;'>Consideraciones<\/h3>\n<ul style='padding-left: 20px; font-size: 15px; color: inherit;'>\n<li style='margin-bottom: 5px;'>Pruebas de operaci\u00f3n llevadas al l\u00edmite dando confiabilidad en partes mec\u00e1nicas&comma; cuenta con lubricaci\u00f3n para altas temperaturas lo que evita da\u00f1o por falta de lubricaci\u00f3n o grasa seca&comma; lo que incrementa su vida de funcionamiento&comma; adem\u00e1s de contar con manivela de giro para ajuste y calibraci\u00f3n de brazo&comma; adem\u00e1s de ser un motor de 110 volts y contar con bajo peso lo hace un excelente producto que ahorra tiempo por no requerir herramientas adicionales para su instalaci\u00f3n.<\/li>\n<\/ul><\/div>\n<div style='display: flex; flex-wrap: wrap; gap: 30px; margin-bottom: 30px;'>\n<div style='flex: 1 1 300px; min-width: 280px;'>\n<h3 style='font-size: 22px; border-bottom: 2px solid currentColor; padding-bottom: 5px; color: inherit; opacity: 0.8;'>Caracter\u00edsticas de la BARRERA<\/h3>\n<ul style='padding-left: 20px; font-size: 15px; color: inherit;'>\n<li style='margin-bottom: 5px;'>Apertura en 3 segundos<\/li>\n<li style='margin-bottom: 5px; color: #c0392b;'>Brazo telesc\u00f3pico ajustable desde 2 a 4 mts.<\/li>\n<li style='margin-bottom: 5px;'>Incluye 2 controles remotos (bater\u00eda no incluida)<\/li>\n<li style='margin-bottom: 5px;'>Manija para operaci\u00f3n manual en caso de p\u00e9rdida de energ\u00eda<\/li>\n<li style='margin-bottom: 5px;'>Soporta habilitar cierre autom\u00e1tico con retardo de 10 seg<\/li>\n<li style='margin-bottom: 5px; font-weight: bold;'>Operaci\u00f3n de hasta 300 ciclos aproximados por hora<\/li>\n<\/ul><\/div>\n<div style='flex: 1 1 300px; min-width: 280px;'>\n<h3 style='font-size: 22px; border-bottom: 2px solid currentColor; padding-bottom: 5px; color: inherit; opacity: 0.8;'>Accesorios Opcionales (NO INCLUIDOS)<\/h3>\n<ul style='padding-left: 20px; font-size: 15px; color: inherit;'>\n<li style='margin-bottom: 5px;'>Lazo magn\u00e9tico <a style='color: #005cb9; text-decoration: none; font-weight: 600; font-size: 12px;' href='https:\/\/www.syscom.mx\/principal\/searchcont?route=SYS-LM6-ACCESSPRO-31960&#038;autodetect=syslm6'>SYS-LM6<\/a> + Sensor de masa <a style='color: #005cb9; text-decoration: none; font-weight: 600; font-size: 12px;' href='https:\/\/www.syscom.mx\/principal\/searchcont?route=10-MATRIX-IIS-1224-BEA-144360&#038;autodetect=syslm6'>10-MATRIX-IIS-1224<\/a><\/li>\n<li style='margin-bottom: 5px;'>Fotoceldas <a style='color: #005cb9; text-decoration: none; font-weight: 600; font-size: 12px;' href='https:\/\/www.syscom.mx\/principal\/searchcont?route=XBS-IR33-AccessPRO-78540&#038;autodetect=xbsir33'>XBS-IR33<\/a><\/li>\n<li style='margin-bottom: 5px;'>Botonera triple para operaci\u00f3n humana <a style='color: #005cb9; text-decoration: none; font-weight: 600; font-size: 12px;' href='https:\/\/www.syscom.mx\/principal\/searchcont?route=XBS-SW-01-ACCESSPRO-78542&#038;autodetect=xbssw01'>XBS-SW-01<\/a><\/li>\n<li style='margin-bottom: 5px;'>Sistema de Acceso con tag Vehicular <a style='color: #005cb9; text-decoration: none; font-weight: 600; font-size: 12px;' href='https:\/\/www.syscom.mx\/principal\/searchcont?route=KIT-UHFSTICKER-01-HIKVISION-177026&#038;autodetect=kituhf'>KIT-UHFSTICKER-01<\/a><\/li>\n<li style='margin-bottom: 5px; color: #c0392b; font-style: italic;'>Compatible con cualquier sistema de acceso<\/li>\n<\/ul><\/div>\n<div style='flex: 1 1 300px; min-width: 280px;'>\n<h3 style='font-size: 22px; border-bottom: 2px solid currentColor; padding-bottom: 5px; color: inherit; opacity: 0.8;'>Brazo con banda Anti-Colisi\u00f3n Incluido<\/h3>\n<p style='font-size: 15px; color: inherit;'>El brazo se regresa al colisionar levemente con un obst\u00e1culo evitando da\u00f1os al veh\u00edculo<\/p>\n<\/p><\/div>\n<\/p><\/div>\n<div style='margin-bottom: 30px;'> <img style='width: 100%; height: auto; border: 1px solid rgba(150&comma;150&comma;150&comma;0.3); border-radius: 8px;' src='https:\/\/ftp3.syscom.mx\/usuarios\/fotos\/BancoFotografiasSyscom\/HIKVISION\/DSTMG4B0LA4M\/DSTMG4B0LA4M-p.PNG' alt='Barrera Vehicular HIKVISION DSTMG4B0LA4M'> <\/div>\n<div style='display: flex; flex-wrap: wrap; gap: 30px; margin-bottom: 30px;'>\n<div style='flex: 1 1 400px; min-width: 300px;'>\n<div style='position: relative; padding-bottom: 56.25%; height: 0; overflow: hidden; margin-bottom: 30px;'>   <\/div>\n<\/p><\/div>\n<div style='flex: 1 1 400px; min-width: 300px;'>\n<div style='position: relative; padding-bottom: 56.25%; height: 0; overflow: hidden; margin-bottom: 30px;'>   <\/div>\n<\/p><\/div>\n<\/p><\/div>\n<div style='margin-bottom: 30px;'>\n<h3 style='font-size: 22px; border-bottom: 2px solid currentColor; padding-bottom: 5px; color: inherit; opacity: 0.8;'>Calibraci\u00f3n y configuraci\u00f3n<\/h3>\n<p style='font-size: 15px; color: inherit;'>Calibraci\u00f3n de L\u00edmites de Carrera | Enrolar controles remotos<\/p>\n<\/p><\/div>\n<\/p><\/div>\n","protected":false},"excerpt":{"rendered":"<p>Barrera Vehicular IZQUIERDA \/ Brazo Incluido Ajustable de 2 a 4 mts \/ Apertura en 3 Segundos \/ Incluye Banda Protectora Antigolpe de Vehiculos \/ Protecci\u00f3n IP54 \/ Compatible con Cualquier Control de Acceso<\/p>\n","protected":false},"featured_media":27877,"comment_status":"open","ping_status":"closed","template":"","meta":[],"product_brand":[],"product_cat":[748],"product_tag":[401,749,54],"class_list":{"0":"post-27878","1":"product","2":"type-product","3":"status-publish","4":"has-post-thumbnail","6":"product_cat-barreras-vehiculares","7":"product_tag-acceso-vehicular","8":"product_tag-barreras-vehiculares","9":"product_tag-hikvision","11":"first","12":"outofstock","13":"sale","14":"shipping-taxable","15":"purchasable","16":"product-type-simple"},"_links":{"self":[{"href":"https:\/\/soydeaqui.ddns.net\/pachuca\/index.php\/wp-json\/wp\/v2\/product\/27878","targetHints":{"allow":["GET"]}}],"collection":[{"href":"https:\/\/soydeaqui.ddns.net\/pachuca\/index.php\/wp-json\/wp\/v2\/product"}],"about":[{"href":"https:\/\/soydeaqui.ddns.net\/pachuca\/index.php\/wp-json\/wp\/v2\/types\/product"}],"replies":[{"embeddable":true,"href":"https:\/\/soydeaqui.ddns.net\/pachuca\/index.php\/wp-json\/wp\/v2\/comments?post=27878"}],"wp:featuredmedia":[{"embeddable":true,"href":"https:\/\/soydeaqui.ddns.net\/pachuca\/index.php\/wp-json\/wp\/v2\/media\/27877"}],"wp:attachment":[{"href":"https:\/\/soydeaqui.ddns.net\/pachuca\/index.php\/wp-json\/wp\/v2\/media?parent=27878"}],"wp:term":[{"taxonomy":"product_brand","embeddable":true,"href":"https:\/\/soydeaqui.ddns.net\/pachuca\/index.php\/wp-json\/wp\/v2\/product_brand?post=27878"},{"taxonomy":"product_cat","embeddable":true,"href":"https:\/\/soydeaqui.ddns.net\/pachuca\/index.php\/wp-json\/wp\/v2\/product_cat?post=27878"},{"taxonomy":"product_tag","embeddable":true,"href":"https:\/\/soydeaqui.ddns.net\/pachuca\/index.php\/wp-json\/wp\/v2\/product_tag?post=27878"}],"curies":[{"name":"wp","href":"https:\/\/api.w.org\/{rel}","templated":true}]}}