{"id":27850,"date":"2026-03-18T12:44:54","date_gmt":"2026-03-18T12:44:54","guid":{"rendered":"https:\/\/soydeaqui.ddns.net\/pachuca\/index.php\/producto\/impresora-de-retransferencia-hdp5000-un-solo-lado-3-anos-de-garantia-impresiones-de-alta-calidad\/"},"modified":"2026-03-18T12:44:55","modified_gmt":"2026-03-18T12:44:55","slug":"impresora-de-retransferencia-hdp5000-un-solo-lado-3-anos-de-garantia-impresiones-de-alta-calidad","status":"publish","type":"product","link":"https:\/\/soydeaqui.ddns.net\/pachuca\/index.php\/producto\/impresora-de-retransferencia-hdp5000-un-solo-lado-3-anos-de-garantia-impresiones-de-alta-calidad\/","title":{"rendered":"Impresora de Retransferencia HDP5000\/ UN SOLO Lado \/ 3 a\u00f1os de Garant\u00eda\/ Impresiones de Alta Calidad"},"content":{"rendered":"<div style='width: 100%; max-width: 1200px; margin: 0 auto; font-family: sans-serif; line-height: 1.6; color: inherit; background-color: transparent;'>\n<div style='display: flex; flex-wrap: wrap; gap: 30px; margin-bottom: 30px;'>\n<div style='flex: 1 1 300px; min-width: 280px;'>\n<h3 style='font-size: 22px; border-bottom: 2px solid currentColor; padding-bottom: 5px; margin-top: 0; color: inherit; opacity: 0.8;'>Caracter\u00edsticas<\/h3>\n<ul style='padding-left: 20px; font-size: 15px; color: inherit;'>\n<li style='margin-bottom: 5px;'>M\u00e9todo de impresi\u00f3n: <a href='https:\/\/www.hidglobal.mx\/doclib\/files\/resource_files\/hid-fargo-high-definition-printing-security-wp-es.pdf' target='_blank' rel='noopener noreferrer' style='color: inherit; text-decoration: underline;'>retransferencia<\/a>.<\/li>\n<li style='margin-bottom: 5px;'>Resoluci\u00f3n: 300 ppp.<\/li>\n<li style='margin-bottom: 5px;'>Velocidad de impresi\u00f3n: 29 seg por tarjeta YMCK.<\/li>\n<li style='margin-bottom: 5px;'>Driver compatible: Windows 8\/7\/ Vista\/ Server 2008 y 2003 \/ XP; MAC OS X 10.6 \/v10.5 y Linux.<\/li>\n<li style='margin-bottom: 5px;'>Tama\u00f1o de tarjetas: CR80.<\/li>\n<li style='margin-bottom: 5px;'>Capacidad de alimentaci\u00f3n de tarjetas: 100 tarjetas.<\/li>\n<li style='margin-bottom: 5px;'>Capacidad de bandeja de salida: 200 tarjetas.<\/li>\n<li style='margin-bottom: 5px;'><strong style='color: inherit;'>Importante:<\/strong> Aunque puede imprimir cualquier tarjeta CR80 (Delgada)&comma; la <strong style='color: inherit;'>calidad de la impresi\u00f3n<\/strong> puede variar por la calidad del material de la misma&comma; se recomienda usar Tarjetas de PVC o poli\u00e9ster con acabado en PVC pulido Ultracard (Compatible con tarjetas PVC <a style='color: inherit; text-decoration: underline;' href='https:\/\/www.syscom.mx\/producto\/081754-HID-183658.html' target='_blank' rel='noopener'>081754<\/a>). Optimizado para tarjetas HID de Control de Acceso.<\/li>\n<li style='margin-bottom: 5px;'><strong style='color: inherit;'>Garant\u00eda:<\/strong> 3 a\u00f1os. Para <strong style='color: inherit;'>conservar la garant\u00eda<\/strong> debe Registrar la Impresora en el Portal de HID&comma; de lo contrario no ser\u00e1 v\u00e1lido.<\/li>\n<li style='margin-bottom: 5px;'><strong style='color: inherit;'>Registro de la impresora:<\/strong><\/li>\n<\/ul><\/div>\n<\/p><\/div>\n<div style='display: flex; flex-wrap: wrap; gap: 20px; margin-bottom: 30px;'>\n<div style='flex: 1 1 250px; border: 1px solid rgba(150&comma; 150&comma; 150&comma; 0.4); border-radius: 8px; overflow: hidden; display: flex; flex-direction: column;'>\n<div style='padding: 15px; border-bottom: 1px solid rgba(150&comma; 150&comma; 150&comma; 0.2); font-weight: bold; font-size: 18px; color: inherit;'>Consumibles<\/div>\n<div style='padding: 15px; color: inherit;'>\n<ul style='padding-left: 20px; margin: 0; font-size: 14px; list-style-type: disc;'>\n<li style='margin-bottom: 5px;'><strong style='color: inherit;'>Requiere Film:<\/strong> <a style='color: inherit; text-decoration: underline;' href='https:\/\/www.syscom.mx\/producto\/84053-HID-136838.html'>84053<\/a>.<\/li>\n<li style='margin-bottom: 5px;'><strong style='color: inherit;'>Requiere ribbon:<\/strong> <a style='color: inherit; text-decoration: underline;' href='https:\/\/www.syscom.mx\/producto\/84051-HID-136155.html'>84051<\/a><\/li>\n<li style='margin-bottom: 5px;'><strong style='color: inherit;'>Kit de Limpieza:<\/strong> <a style='color: inherit; text-decoration: underline;' href='https:\/\/www.syscom.mx\/principal\/searchcont?route=089200-HID-166281&#038;autodetect=hdp5000' target='_blank' rel='noopener noreferrer'>089200<\/a><\/li>\n<\/ul><\/div>\n<\/p><\/div>\n<div style='flex: 1 1 250px; border: 1px solid rgba(150&comma; 150&comma; 150&comma; 0.4); border-radius: 8px; overflow: hidden; display: flex; flex-direction: column;'>\n<div style='padding: 15px; border-bottom: 1px solid rgba(150&comma; 150&comma; 150&comma; 0.2); font-weight: bold; font-size: 18px; color: inherit;'>Software<\/div>\n<div style='padding: 15px; color: inherit;'>\n<ul style='padding-left: 20px; margin: 0; font-size: 14px; list-style-type: disc;'>\n<li style='margin-bottom: 5px;'><a style='color: inherit; text-decoration: underline;' href='https:\/\/www.syscom.mx\/principal\/searchcont?route=86411-HID-139511&#038;autodetect=asureid' target='_blank' rel='noopener noreferrer'>86411<\/a> AsureID Solo<\/li>\n<li style='margin-bottom: 5px;'><a style='color: inherit; text-decoration: underline;' href='https:\/\/www.syscom.mx\/principal\/searchcont?route=86412-HID-139512&#038;autodetect=asureid' target='_blank' rel='noopener noreferrer'>86412<\/a> AsureID Express<\/li>\n<li style='margin-bottom: 5px;'><a style='color: inherit; text-decoration: underline;' href='https:\/\/www.syscom.mx\/principal\/searchcont?route=86413-HID-139513&#038;autodetect=asureid' target='_blank' rel='noopener noreferrer'>86413<\/a> AsureID Enterprise<\/li>\n<li style='margin-bottom: 5px;'><a style='color: inherit; text-decoration: underline;' href='https:\/\/www.syscom.mx\/principal\/searchcont?route=86414-HID-139514&#038;autodetect=asureid' target='_blank' rel='noopener noreferrer'>86414<\/a> AsureID Exchange<\/li>\n<\/ul><\/div>\n<\/p><\/div>\n<\/p><\/div>\n<div style='display: flex; flex-wrap: wrap; gap: 20px; margin-bottom: 30px;'>\n<div style='flex: 1 1 250px; border: 1px solid rgba(150&comma; 150&comma; 150&comma; 0.4); border-radius: 8px; overflow: hidden; display: flex; flex-direction: column;'>\n<div style='padding: 15px; border-bottom: 1px solid rgba(150&comma; 150&comma; 150&comma; 0.2); font-weight: bold; font-size: 18px; color: inherit;'>Registro de la impresora<\/div>\n<div style='padding: 15px; color: inherit;'>\n<p style='margin: 0; padding: 0;'><img style='width: 100px; height: 100px; border: 1px solid rgba(150&comma;150&comma;150&comma;0.3); border-radius: 8px;' src='https:\/\/ftp3.syscom.mx\/usuarios\/ftp\/2022\/09\/26\/e9416\/Register_Fargo_Warranty.png' alt=''><\/p>\n<\/p><\/div>\n<\/p><\/div>\n<div style='flex: 1 1 250px; border: 1px solid rgba(150&comma; 150&comma; 150&comma; 0.4); border-radius: 8px; overflow: hidden; display: flex; flex-direction: column;'>\n<div style='padding: 15px; border-bottom: 1px solid rgba(150&comma; 150&comma; 150&comma; 0.2); font-weight: bold; font-size: 18px; color: inherit;'>V\u00eddeos<\/div>\n<div style='padding: 15px; color: inherit;'>\n<ul style='padding-left: 20px; margin: 0; font-size: 14px; list-style-type: disc;'>\n<li style='margin-bottom: 5px;'><a style='color: inherit; text-decoration: underline;' href='https:\/\/www.youtube.com\/watch?v=9ViY3HJuuSc' target='_blank' rel='noopener noreferrer'>Presentaci\u00f3n<\/a><\/li>\n<li style='margin-bottom: 5px;'><a style='color: inherit; text-decoration: underline;' href='https:\/\/www.youtube.com\/watch?v=YE79dCABt_4' target='_blank' rel='noopener noreferrer'>Calibraci\u00f3n M\u00f3dulo de Laminaci\u00f3n<\/a><\/li>\n<\/ul><\/div>\n<\/p><\/div>\n<\/p><\/div>\n<div style='display: flex; flex-wrap: wrap; gap: 30px;'>\n<div style='flex: 1 1 300px; min-width: 280px;'>\n<div style='padding: 15px; border: 1px solid rgba(150&comma; 150&comma; 150&comma; 0.4); border-radius: 8px; background-color: rgba(255&comma; 255&comma; 255&comma; 0.05);'>\n<p style='margin: 0; color: inherit;'>Producto sobre pedido.<\/p>\n<\/p><\/div>\n<\/p><\/div>\n<\/p><\/div>\n<\/p><\/div>\n","protected":false},"excerpt":{"rendered":"<p>Impresora de Retransferencia HDP5000\/ UN SOLO Lado \/ 3 a\u00f1os de Garant\u00eda\/ Impresiones de Alta Calidad<\/p>\n","protected":false},"featured_media":27849,"comment_status":"open","ping_status":"closed","template":"","meta":[],"product_brand":[],"product_cat":[823],"product_tag":[814,812,62],"class_list":{"0":"post-27850","1":"product","2":"type-product","3":"status-publish","4":"has-post-thumbnail","6":"product_cat-todos-identificacion-y-credencializacion","7":"product_tag-hid","8":"product_tag-identificacion-y-credencializacion","9":"product_tag-todos","11":"first","12":"outofstock","13":"sale","14":"shipping-taxable","15":"purchasable","16":"product-type-simple"},"_links":{"self":[{"href":"https:\/\/soydeaqui.ddns.net\/pachuca\/index.php\/wp-json\/wp\/v2\/product\/27850","targetHints":{"allow":["GET"]}}],"collection":[{"href":"https:\/\/soydeaqui.ddns.net\/pachuca\/index.php\/wp-json\/wp\/v2\/product"}],"about":[{"href":"https:\/\/soydeaqui.ddns.net\/pachuca\/index.php\/wp-json\/wp\/v2\/types\/product"}],"replies":[{"embeddable":true,"href":"https:\/\/soydeaqui.ddns.net\/pachuca\/index.php\/wp-json\/wp\/v2\/comments?post=27850"}],"wp:featuredmedia":[{"embeddable":true,"href":"https:\/\/soydeaqui.ddns.net\/pachuca\/index.php\/wp-json\/wp\/v2\/media\/27849"}],"wp:attachment":[{"href":"https:\/\/soydeaqui.ddns.net\/pachuca\/index.php\/wp-json\/wp\/v2\/media?parent=27850"}],"wp:term":[{"taxonomy":"product_brand","embeddable":true,"href":"https:\/\/soydeaqui.ddns.net\/pachuca\/index.php\/wp-json\/wp\/v2\/product_brand?post=27850"},{"taxonomy":"product_cat","embeddable":true,"href":"https:\/\/soydeaqui.ddns.net\/pachuca\/index.php\/wp-json\/wp\/v2\/product_cat?post=27850"},{"taxonomy":"product_tag","embeddable":true,"href":"https:\/\/soydeaqui.ddns.net\/pachuca\/index.php\/wp-json\/wp\/v2\/product_tag?post=27850"}],"curies":[{"name":"wp","href":"https:\/\/api.w.org\/{rel}","templated":true}]}}