{"id":27795,"date":"2026-03-18T12:43:42","date_gmt":"2026-03-18T12:43:42","guid":{"rendered":"https:\/\/soydeaqui.ddns.net\/pachuca\/index.php\/producto\/terminal-de-reconocimiento-facial-para-3000-usuarios-lector-de-tarjetas-em-compatible-con-zkbiocvaccess-y-zkbiocvsecurity\/"},"modified":"2026-03-18T12:43:50","modified_gmt":"2026-03-18T12:43:50","slug":"terminal-de-reconocimiento-facial-para-3000-usuarios-lector-de-tarjetas-em-compatible-con-zkbiocvaccess-y-zkbiocvsecurity","status":"publish","type":"product","link":"https:\/\/soydeaqui.ddns.net\/pachuca\/index.php\/producto\/terminal-de-reconocimiento-facial-para-3000-usuarios-lector-de-tarjetas-em-compatible-con-zkbiocvaccess-y-zkbiocvsecurity\/","title":{"rendered":"Terminal de reconocimiento Facial para 3,000 usuarios \/ Lector de tarjetas EM \/ Compatible con ZKBioCVAccess y ZKBioCVsecurity"},"content":{"rendered":"<div style='width: 100%; max-width: 1200px; margin: 0 auto; font-family: sans-serif; line-height: 1.6; color: inherit; background-color: transparent;'>\n<p style='margin-bottom: 20px;'>El lector de Reconocimiento Facial SIN CONTACTO <strong style='color: inherit;'>MINI-AC-PLUS<\/strong> dise\u00f1ado para Control de Acceso. Con un avanzado algorito de reconocimiento que permite verificar el rosto en menos de 1 segundo a una distancia de hasta 2 metros de distancia. Con una avanzada funci\u00f3n antisabotaje que evita el detectar rostros falsos en fotograf\u00edas o videos.<\/p>\n<div style='display: flex; flex-wrap: wrap; gap: 30px; margin-bottom: 30px;'>\n<div style='flex: 1 1 300px; min-width: 280px;'>\n<h3 style='font-size: 22px; border-bottom: 2px solid currentColor; padding-bottom: 5px; margin-top: 0; color: inherit; opacity: 0.8;'>Caracter\u00edsticas principales<\/h3>\n<ul style='padding-left: 20px; font-size: 15px; color: inherit;'>\n<li style='margin-bottom: 5px;'>Pantalla t\u00e1ctil de 5 pulgadas<\/li>\n<li style='margin-bottom: 5px;'>Capacidad de 3&comma;000 usuarios<\/li>\n<li style='margin-bottom: 5px;'>Lector de tarjetas EM: 3&comma;000 (ACCESSISOCARD&comma; ACCESSPROXCARD&comma; ACCESKFBPROX)<\/li>\n<li style='margin-bottom: 5px;'>Eventos: 10&comma;000<\/li>\n<li style='margin-bottom: 5px;'>Reconocimiento a 2 metros de distancia<\/li>\n<\/ul><\/div>\n<div style='flex: 1 1 300px; min-width: 280px;'>\n<h3 style='font-size: 22px; border-bottom: 2px solid currentColor; padding-bottom: 5px; margin-top: 0; color: inherit; opacity: 0.8;'>Caracter\u00edsticas F\u00edsicas y El\u00e9ctricas<\/h3>\n<ul style='padding-left: 20px; font-size: 15px; color: inherit;'>\n<li style='margin-bottom: 5px;'>Alimentaci\u00f3n de 12 V CD 3 A (no incluida)<\/li>\n<li style='margin-bottom: 5px;'>Comunicaci\u00f3n: TCP\/IP&comma; RS485&comma; Entrada\/Salida Wiegand<\/li>\n<li style='margin-bottom: 5px;'>Dimensiones: 91.93 * 202.93 * 21.55 mm<\/li>\n<\/ul><\/div>\n<div style='flex: 1 1 300px; min-width: 280px;'>\n<h3 style='font-size: 22px; border-bottom: 2px solid currentColor; padding-bottom: 5px; margin-top: 0; color: inherit; opacity: 0.8;'>Caracter\u00edsticas Destacadas<\/h3>\n<ul style='padding-left: 20px; font-size: 15px; color: inherit;'>\n<li style='margin-bottom: 5px;'>Dise\u00f1o compacto para una mejor est\u00e9tica del lugar<\/li>\n<li style='margin-bottom: 5px;'>M\u00faltiples modos de verificaci\u00f3n: Rostro&comma; tarjeta y\/o Contrase\u00f1a<\/li>\n<li style='margin-bottom: 5px;'>Compatible con Software de Gesti\u00f3n en Centralizada ZKBioAccess<\/li>\n<\/ul><\/div>\n<\/p><\/div>\n<hr style='border: 0; border-top: 1px solid rgba(150&comma; 150&comma; 150&comma; 0.3); margin: 30px 0;'> <\/div>\n","protected":false},"excerpt":{"rendered":"<p>Terminal de reconocimiento Facial para 3,000 usuarios \/ Lector de tarjetas EM \/ Compatible con ZKBioCVAccess y ZKBioCVsecurity<\/p>\n","protected":false},"featured_media":27794,"comment_status":"open","ping_status":"closed","template":"","meta":[],"product_brand":[],"product_cat":[743],"product_tag":[744,745,844],"class_list":{"0":"post-27795","1":"product","2":"type-product","3":"status-publish","4":"has-post-thumbnail","6":"product_cat-para-tiempo-y-asistencia-checadores","7":"product_tag-biometricos","8":"product_tag-para-tiempo-y-asistencia-checadores","9":"product_tag-zkteco","11":"first","12":"instock","13":"sale","14":"shipping-taxable","15":"purchasable","16":"product-type-simple"},"_links":{"self":[{"href":"https:\/\/soydeaqui.ddns.net\/pachuca\/index.php\/wp-json\/wp\/v2\/product\/27795","targetHints":{"allow":["GET"]}}],"collection":[{"href":"https:\/\/soydeaqui.ddns.net\/pachuca\/index.php\/wp-json\/wp\/v2\/product"}],"about":[{"href":"https:\/\/soydeaqui.ddns.net\/pachuca\/index.php\/wp-json\/wp\/v2\/types\/product"}],"replies":[{"embeddable":true,"href":"https:\/\/soydeaqui.ddns.net\/pachuca\/index.php\/wp-json\/wp\/v2\/comments?post=27795"}],"wp:featuredmedia":[{"embeddable":true,"href":"https:\/\/soydeaqui.ddns.net\/pachuca\/index.php\/wp-json\/wp\/v2\/media\/27794"}],"wp:attachment":[{"href":"https:\/\/soydeaqui.ddns.net\/pachuca\/index.php\/wp-json\/wp\/v2\/media?parent=27795"}],"wp:term":[{"taxonomy":"product_brand","embeddable":true,"href":"https:\/\/soydeaqui.ddns.net\/pachuca\/index.php\/wp-json\/wp\/v2\/product_brand?post=27795"},{"taxonomy":"product_cat","embeddable":true,"href":"https:\/\/soydeaqui.ddns.net\/pachuca\/index.php\/wp-json\/wp\/v2\/product_cat?post=27795"},{"taxonomy":"product_tag","embeddable":true,"href":"https:\/\/soydeaqui.ddns.net\/pachuca\/index.php\/wp-json\/wp\/v2\/product_tag?post=27795"}],"curies":[{"name":"wp","href":"https:\/\/api.w.org\/{rel}","templated":true}]}}