{"id":27789,"date":"2026-03-18T12:43:33","date_gmt":"2026-03-18T12:43:33","guid":{"rendered":"https:\/\/soydeaqui.ddns.net\/pachuca\/index.php\/producto\/lector-qr-con-salida-wiegand-y-lector-de-tarjetas-mifare-2\/"},"modified":"2026-03-18T12:43:34","modified_gmt":"2026-03-18T12:43:34","slug":"lector-qr-con-salida-wiegand-y-lector-de-tarjetas-mifare-2","status":"publish","type":"product","link":"https:\/\/soydeaqui.ddns.net\/pachuca\/index.php\/producto\/lector-qr-con-salida-wiegand-y-lector-de-tarjetas-mifare-2\/","title":{"rendered":"Lector QR con Salida Wiegand y lector de tarjetas MIFARE\u00ae"},"content":{"rendered":"<div style='width: 100%; max-width: 1200px; margin: 0 auto; font-family: sans-serif; line-height: 1.6; color: inherit; background-color: transparent;'>\n<div style='margin-bottom: 30px;'>\n<p style='margin: 0 0 15px 0; padding: 0; color: inherit; font-size: 15px; line-height: 1.6; text-align: justify; background-color: transparent;'> El lector de c\u00f3digos QR es una nueva generaci\u00f3n de lectores inteligentes de control de acceso. Tiene una velocidad de escaneo r\u00e1pida&comma; alta tasa de reconocimiento&comma; alta compatibilidad y puede conectarse a cualquier entrada de controlador de acceso Wiegand. Tambi\u00e9n es compatible con el m\u00f3dulo de tarjeta RFID&comma; como la tarjeta de identificaci\u00f3n de 13.56MHz Mifare Ultralight \/ DESFire EV1&comma; NTag&comma; por lo que puede aplicarse en gesti\u00f3n comunitaria&comma; gesti\u00f3n de visitantes&comma; gesti\u00f3n hotelera&comma; supermercados no tripulados&comma; etc. <\/p>\n<\/p><\/div>\n<div style='margin-bottom: 30px;'>\n<h3 style='font-size: 22px; border-bottom: 2px solid currentColor; padding-bottom: 5px; margin-top: 0; margin-bottom: 15px; color: inherit; opacity: 0.8;'>Caracter\u00edsticas<\/h3>\n<ul style='padding-left: 20px; margin: 0; font-size: 15px; color: inherit; list-style-type: disc;'>\n<li style='margin-bottom: 8px;'>Esc\u00e1ner de C\u00f3digo QR<\/li>\n<li style='margin-bottom: 8px;'>Mifare Ultralight \/ S50 \/ S70 \/ DESFire \/ EV1 NTag<\/li>\n<li style='margin-bottom: 8px;'>W26 \/ W34 \/ W66&comma; RS485*&comma; USB*<\/li>\n<li style='margin-bottom: 8px;'>Distancia de lectura: C\u00f3digo QR \u2264 5 cm<\/li>\n<li style='margin-bottom: 8px;'>Tarjeta RFID \u2264 4cm<\/li>\n<\/ul><\/div>\n<div style='margin-bottom: 30px;'>\n<div style='display: flex; flex-wrap: wrap; gap: 15px; align-items: center;'>\n<div style='flex: 1 1 200px; min-width: 180px;'>\n<div style='font-size: 14px; color: inherit; font-weight: bold; margin-bottom: 8px;'>Tarjetas recomendadas:<\/div>\n<ul style='padding-left: 20px; margin: 0; font-size: 14px; color: inherit; list-style-type: disc;'>\n<li style='margin-bottom: 5px;'>ACCESSCARM1K<\/li>\n<li style='margin-bottom: 5px;'>ACCESSCARDM4K<\/li>\n<li style='margin-bottom: 5px;'>ACCESKFBM1K<\/li>\n<li style='margin-bottom: 5px;'>ACCESSWB65M1K<\/li>\n<li style='margin-bottom: 5px;'>ACCESSWB74M1K<\/li>\n<\/ul><\/div>\n<div style='flex: 1 1 200px; min-width: 180px;'> <a href='https:\/\/www.syscom.mx\/principal\/promociones\/tarjetas_mifare-7359.html?ordenar=Relevancia&#038;pag=1' style='display: inline-block; padding: 10px 15px; background-color: rgba(122&comma; 193&comma; 67&comma; 0.1); border: 1px solid rgba(122&comma; 193&comma; 67&comma; 0.3); border-radius: 6px; color: inherit; text-decoration: none; font-weight: bold;'> Ver aqu\u00ed <\/a> <\/div>\n<\/p><\/div>\n<\/p><\/div>\n<hr style='border: 0; border-top: 1px solid rgba(150&comma; 150&comma; 150&comma; 0.3); margin: 30px 0;'> <\/div>\n","protected":false},"excerpt":{"rendered":"<p>Lector QR con Salida Wiegand y lector de tarjetas MIFARE\u00ae<\/p>\n","protected":false},"featured_media":27788,"comment_status":"open","ping_status":"closed","template":"","meta":[],"product_brand":[],"product_cat":[770],"product_tag":[466,771,844],"class_list":{"0":"post-27789","1":"product","2":"type-product","3":"status-publish","4":"has-post-thumbnail","6":"product_cat-mifare-iclass-13-56-mhz","7":"product_tag-lectoras-y-tarjetas","8":"product_tag-mifare-iclass-13-56-mhz","9":"product_tag-zkteco","11":"first","12":"outofstock","13":"sale","14":"shipping-taxable","15":"purchasable","16":"product-type-simple"},"_links":{"self":[{"href":"https:\/\/soydeaqui.ddns.net\/pachuca\/index.php\/wp-json\/wp\/v2\/product\/27789","targetHints":{"allow":["GET"]}}],"collection":[{"href":"https:\/\/soydeaqui.ddns.net\/pachuca\/index.php\/wp-json\/wp\/v2\/product"}],"about":[{"href":"https:\/\/soydeaqui.ddns.net\/pachuca\/index.php\/wp-json\/wp\/v2\/types\/product"}],"replies":[{"embeddable":true,"href":"https:\/\/soydeaqui.ddns.net\/pachuca\/index.php\/wp-json\/wp\/v2\/comments?post=27789"}],"wp:featuredmedia":[{"embeddable":true,"href":"https:\/\/soydeaqui.ddns.net\/pachuca\/index.php\/wp-json\/wp\/v2\/media\/27788"}],"wp:attachment":[{"href":"https:\/\/soydeaqui.ddns.net\/pachuca\/index.php\/wp-json\/wp\/v2\/media?parent=27789"}],"wp:term":[{"taxonomy":"product_brand","embeddable":true,"href":"https:\/\/soydeaqui.ddns.net\/pachuca\/index.php\/wp-json\/wp\/v2\/product_brand?post=27789"},{"taxonomy":"product_cat","embeddable":true,"href":"https:\/\/soydeaqui.ddns.net\/pachuca\/index.php\/wp-json\/wp\/v2\/product_cat?post=27789"},{"taxonomy":"product_tag","embeddable":true,"href":"https:\/\/soydeaqui.ddns.net\/pachuca\/index.php\/wp-json\/wp\/v2\/product_tag?post=27789"}],"curies":[{"name":"wp","href":"https:\/\/api.w.org\/{rel}","templated":true}]}}