{"id":27783,"date":"2026-03-18T12:43:26","date_gmt":"2026-03-18T12:43:26","guid":{"rendered":"https:\/\/soydeaqui.ddns.net\/pachuca\/index.php\/producto\/kit-de-sensor-laser-y-control-remoto-evite-el-uso-de-lazos-magneticos-protege-carriles-de-hasta-9-6-m-de-ancho-y-9-6-metros-de-profundidad\/"},"modified":"2026-03-18T12:43:32","modified_gmt":"2026-03-18T12:43:32","slug":"kit-de-sensor-laser-y-control-remoto-evite-el-uso-de-lazos-magneticos-protege-carriles-de-hasta-9-6-m-de-ancho-y-9-6-metros-de-profundidad","status":"publish","type":"product","link":"https:\/\/soydeaqui.ddns.net\/pachuca\/index.php\/producto\/kit-de-sensor-laser-y-control-remoto-evite-el-uso-de-lazos-magneticos-protege-carriles-de-hasta-9-6-m-de-ancho-y-9-6-metros-de-profundidad\/","title":{"rendered":"Kit de Sensor l\u00e1ser y control remoto \/ Evite el uso de lazos magn\u00e9ticos \/ Protege carriles de hasta 9.6 m de ancho y 9.6 metros de profundidad"},"content":{"rendered":"<div style='width: 100%; max-width: 1200px; margin: 0 auto; font-family: sans-serif; line-height: 1.6; color: inherit; background-color: transparent;'> <!-- Secci\u00f3n de caracter\u00edsticas --> <\/p>\n<div style='display: flex; flex-wrap: wrap; gap: 30px; margin-bottom: 30px;'>\n<div style='flex: 1 1 300px; min-width: 280px;'>\n<h3 style='font-size: 22px; border-bottom: 2px solid currentColor; padding-bottom: 5px; margin-top: 0; color: inherit; opacity: 0.8;'>Caracter\u00edsticas principales<\/h3>\n<ul style='padding-left: 20px; font-size: 15px; color: inherit;'>\n<li style='margin-bottom: 5px;'>Tecnolog\u00eda L\u00e1ser<\/li>\n<li style='margin-bottom: 5px;'>Modo de detecci\u00f3n: Movimiento y presencia<\/li>\n<li style='margin-bottom: 5px;'>Rango de detecci\u00f3n: 9.6 x 9.6 m<\/li>\n<\/ul><\/div>\n<div style='flex: 1 1 300px; min-width: 280px;'>\n<h3 style='font-size: 22px; border-bottom: 2px solid currentColor; padding-bottom: 5px; margin-top: 0; color: inherit; opacity: 0.8;'>Caracter\u00edsticas F\u00edsicas y El\u00e9ctricas<\/h3>\n<ul style='padding-left: 20px; font-size: 15px; color: inherit;'>\n<li style='margin-bottom: 5px;'>Voltaje de operaci\u00f3n: 12 a 24 VCC<\/li>\n<li style='margin-bottom: 5px;'>Consumo m\u00e1ximo 5 W<\/li>\n<li style='margin-bottom: 5px;'>Corriente m\u00e1xima 1.8 A<\/li>\n<\/ul><\/div>\n<div style='flex: 1 1 300px; min-width: 280px;'>\n<h3 style='font-size: 22px; border-bottom: 2px solid currentColor; padding-bottom: 5px; margin-top: 0; color: inherit; opacity: 0.8;'>Caracter\u00edsticas Destacadas<\/h3>\n<ul style='padding-left: 20px; font-size: 15px; color: inherit;'>\n<li style='margin-bottom: 5px;'>Tecnolog\u00eda Time of Flight<\/li>\n<li style='margin-bottom: 5px;'>Grado de protecci\u00f3n NEMA 4<\/li>\n<li style='margin-bottom: 5px;'>Se\u00f1ales de activaci\u00f3n y seguridad<\/li>\n<\/ul><\/div>\n<\/p><\/div>\n<p> <!-- Separador --> <\/p>\n<hr style='border: 0; border-top: 1px solid rgba(150&comma; 150&comma; 150&comma; 0.3); margin: 30px 0;'> <!-- Secci\u00f3n de aplicaci\u00f3n y contenido --> <\/p>\n<div style='display: flex; flex-wrap: wrap; gap: 30px; margin-bottom: 30px;'>\n<div style='flex: 1 1 600px; min-width: 300px;'>\n<h3 style='font-size: 24px; margin-top: 0; color: inherit; opacity: 0.8;'>Aplicaciones<\/h3>\n<p style='color: inherit;'>Barreras vehiculares&comma; portones abatibles o corredizos y cortinas enrollables<\/p>\n<h3 style='font-size: 24px; margin-top: 20px; margin-bottom: 10px; color: inherit; opacity: 0.8;'>\u00bfQu\u00e9 contiene el kit?<\/h3>\n<ol style='padding-left: 20px; font-size: 15px; color: inherit;'>\n<li style='margin-bottom: 5px;'>Sensor <strong style='color: inherit;'>10-LZR-H100<\/strong>&comma; sensor l\u00e1ser<\/li>\n<li style='margin-bottom: 5px;'>Control remoto para configuraci\u00f3n modelo <strong style='color: inherit;'>10-REMOTE<\/strong><\/li>\n<\/ol>\n<h3 style='font-size: 24px; margin-top: 20px; margin-bottom: 10px; color: inherit; opacity: 0.8;'>\u00bfQu\u00e9 necesito cotizar?<\/h3>\n<ol style='padding-left: 20px; font-size: 15px; color: inherit;'>\n<li style='margin-bottom: 5px;'>Soporte para montaje en barrera o pedestal (No incluido). Facilita la instalaci\u00f3n. Modelo <span style='color: inherit;'><strong style='color: inherit;'>10-LBA<\/strong><\/span><\/li>\n<li style='margin-bottom: 5px;'>Fuente de alimentaci\u00f3n 12 Vcc&comma; 1 A regulada para la alimentaci\u00f3n del equipo (No incluida). Modelo recomendado: <span style='color: inherit;'><strong style='color: inherit;'>PL-DC-1000<\/strong><\/span> o equivalente<\/li>\n<\/ol>\n<h3 style='font-size: 24px; margin-top: 20px; margin-bottom: 10px; color: inherit; opacity: 0.8;'>Accesorio opcional para cotizar<\/h3>\n<ul style='padding-left: 20px; font-size: 15px; color: inherit;'>\n<li style='margin-bottom: 5px;'>Bolardo tipo pedestal para montar el sensor 10-LZRH100 (No incluido). Modelo <a style='color: inherit; text-decoration: underline;' href='https:\/\/www.syscom.mx\/producto\/10-BOLLARD-BLK-BEA-162893.html' target='_blank' rel='noopener'><strong style='color: inherit;'>10-BOLLARD-BLK<\/strong><\/a><\/li>\n<\/ul><\/div>\n<div style='flex: 1 1 600px; min-width: 300px;'> <img style='width: 100%; height: auto; border: 1px solid rgba(150&comma;150&comma;150&comma;0.3); border-radius: 8px;' src='https:\/\/ftp3.syscom.mx\/usuarios\/fotos\/10LZRH10019327\/188163-10lzrh10019327.jpg' alt='Sensor l\u00e1ser 10-LZR-H100'> <\/div>\n<\/p><\/div>\n<p> <!-- Separador --> <\/p>\n<hr style='border: 0; border-top: 1px solid rgba(150&comma; 150&comma; 150&comma; 0.3); margin: 30px 0;'> <!-- Banner informativo --> <\/p>\n<div style='margin-bottom: 30px;'> <img style='width: 100%; height: auto; border: 1px solid rgba(150&comma;150&comma;150&comma;0.3); border-radius: 8px;' src='https:\/\/ftp3.syscom.mx\/usuarios\/anavarrete\/Bea\/SYSCOM%20-%20WEB%20BANNER%20LZR-H100%2020190710.png' alt='Banner informativo del sensor LZR-H100'> <\/div>\n<p> <!-- Descripci\u00f3n detallada --> <\/p>\n<div style='margin-bottom: 30px;'>\n<p style='color: inherit;'>El sensor 10-LZR-H100 de BEA es un sensor basado en la tecnolog\u00eda l\u00e1ser Time of Flight. Est\u00e1 dise\u00f1ado para aplicaciones en puertas&comma; portones y barreras vehiculares.<\/p>\n<p style='color: inherit;'>Esta soluci\u00f3n provee 4 cortinas l\u00e1ser&comma; las cuales ofrecen una zona tridimensional de detecci\u00f3n para una detecci\u00f3n precisa de objetos. Estas cortinas l\u00e1ser son altamente configurables y pueden ser ajustadas para funci\u00f3n de apertura&comma; seguridad y detecci\u00f3n de presencia en aplicaciones para sensado de veh\u00edculos.<\/p>\n<p style='color: inherit;'>El 10-LZR-H100 es una alternativa segura y altamente competitiva para lugares donde no es posible instalar lazos magn\u00e9ticos&comma; esto debido a restricciones aplicadas por el usuario final o inconvenientes que limiten el \u00e1rea de instalaci\u00f3n.<\/p>\n<p style='color: inherit;'>El sensor est\u00e1 encapsulado en un gabinete NEMA 4&comma; asegurando un excelente rendimiento en aplicaciones de intemperie.<\/p>\n<\/p><\/div>\n<p> <!-- Separador --> <\/p>\n<hr style='border: 0; border-top: 1px solid rgba(150&comma; 150&comma; 150&comma; 0.3); margin: 30px 0;'> <!-- Secci\u00f3n de videos --> <\/p>\n<div style='margin-bottom: 30px;'>\n<h3 style='font-size: 24px; margin-top: 0; margin-bottom: 20px; color: inherit; opacity: 0.8;'>Videos de referencia<\/h3>\n<div style='display: flex; flex-wrap: wrap; gap: 15px; justify-content: space-between;'>\n<div style='flex: 1 1 48%; min-width: 300px; position: relative; padding-bottom: 56.25%; height: 0; overflow: hidden;'>   <\/div>\n<div style='flex: 1 1 48%; min-width: 300px; position: relative; padding-bottom: 56.25%; height: 0; overflow: hidden;'>   <\/div>\n<div style='flex: 1 1 48%; min-width: 300px; position: relative; padding-bottom: 56.25%; height: 0; overflow: hidden;'>   <\/div>\n<div style='flex: 1 1 48%; min-width: 300px; position: relative; padding-bottom: 56.25%; height: 0; overflow: hidden;'>   <\/div>\n<\/p><\/div>\n<\/p><\/div>\n<\/p><\/div>\n","protected":false},"excerpt":{"rendered":"<p>Kit de Sensor l\u00e1ser y control remoto \/ Evite el uso de lazos magn\u00e9ticos \/ Protege carriles de hasta 9.6 m de ancho y 9.6 metros de profundidad<\/p>\n","protected":false},"featured_media":27782,"comment_status":"open","ping_status":"closed","template":"","meta":[],"product_brand":[],"product_cat":[777],"product_tag":[401,93,843],"class_list":{"0":"post-27783","1":"product","2":"type-product","3":"status-publish","4":"has-post-thumbnail","6":"product_cat-accesorios-acceso-vehicular","7":"product_tag-acceso-vehicular","8":"product_tag-accesorios","9":"product_tag-bea","11":"first","12":"instock","13":"sale","14":"shipping-taxable","15":"purchasable","16":"product-type-simple"},"_links":{"self":[{"href":"https:\/\/soydeaqui.ddns.net\/pachuca\/index.php\/wp-json\/wp\/v2\/product\/27783","targetHints":{"allow":["GET"]}}],"collection":[{"href":"https:\/\/soydeaqui.ddns.net\/pachuca\/index.php\/wp-json\/wp\/v2\/product"}],"about":[{"href":"https:\/\/soydeaqui.ddns.net\/pachuca\/index.php\/wp-json\/wp\/v2\/types\/product"}],"replies":[{"embeddable":true,"href":"https:\/\/soydeaqui.ddns.net\/pachuca\/index.php\/wp-json\/wp\/v2\/comments?post=27783"}],"wp:featuredmedia":[{"embeddable":true,"href":"https:\/\/soydeaqui.ddns.net\/pachuca\/index.php\/wp-json\/wp\/v2\/media\/27782"}],"wp:attachment":[{"href":"https:\/\/soydeaqui.ddns.net\/pachuca\/index.php\/wp-json\/wp\/v2\/media?parent=27783"}],"wp:term":[{"taxonomy":"product_brand","embeddable":true,"href":"https:\/\/soydeaqui.ddns.net\/pachuca\/index.php\/wp-json\/wp\/v2\/product_brand?post=27783"},{"taxonomy":"product_cat","embeddable":true,"href":"https:\/\/soydeaqui.ddns.net\/pachuca\/index.php\/wp-json\/wp\/v2\/product_cat?post=27783"},{"taxonomy":"product_tag","embeddable":true,"href":"https:\/\/soydeaqui.ddns.net\/pachuca\/index.php\/wp-json\/wp\/v2\/product_tag?post=27783"}],"curies":[{"name":"wp","href":"https:\/\/api.w.org\/{rel}","templated":true}]}}