{"id":27765,"date":"2026-03-18T12:43:01","date_gmt":"2026-03-18T12:43:01","guid":{"rendered":"https:\/\/soydeaqui.ddns.net\/pachuca\/index.php\/producto\/kit-de-barrera-gard-px\/"},"modified":"2026-03-18T12:43:02","modified_gmt":"2026-03-18T12:43:02","slug":"kit-de-barrera-gard-px","status":"publish","type":"product","link":"https:\/\/soydeaqui.ddns.net\/pachuca\/index.php\/producto\/kit-de-barrera-gard-px\/","title":{"rendered":"KIT DE BARRERA GARD PX"},"content":{"rendered":"<div style='width: 100%; max-width: 1200px; margin: 0 auto; font-family: sans-serif; line-height: 1.6; color: inherit; background-color: transparent;'>\n<div style='display: flex; flex-wrap: wrap; gap: 30px; margin-bottom: 30px;'>\n<div style='flex: 1 1 300px; min-width: 280px;'>\n<h3 style='font-size: 22px; border-bottom: 2px solid currentColor; padding-bottom: 5px; margin-top: 0; color: inherit; opacity: 0.8;'>Caracter\u00edsticas Principales:<\/h3>\n<ul style='padding-left: 20px; font-size: 15px; color: inherit;'>\n<li style='margin-bottom: 5px;'>Equipo de uso continuo<\/li>\n<li style='margin-bottom: 5px;'>Soporta brazo de hasta 4 metros<\/li>\n<li style='margin-bottom: 5px;'>Tiempo de apertura ajustable<\/li>\n<\/ul><\/div>\n<div style='flex: 1 1 300px; min-width: 280px;'>\n<h3 style='font-size: 22px; border-bottom: 2px solid currentColor; padding-bottom: 5px; margin-top: 0; color: inherit; opacity: 0.8;'>Caracter\u00edsticas F\u00edsicas y El\u00e9ctricas:<\/h3>\n<ul style='padding-left: 20px; font-size: 15px; color: inherit;'>\n<li style='margin-bottom: 5px;'>Voltaje de alimentaci\u00f3n de 120 VCA<\/li>\n<li style='margin-bottom: 5px;'>Alimentaci\u00f3n del motor 36 VDC<\/li>\n<li style='margin-bottom: 5px;'>Consumo de potencia de 270 W<\/li>\n<\/ul><\/div>\n<div style='flex: 1 1 300px; min-width: 280px;'>\n<h3 style='font-size: 22px; border-bottom: 2px solid currentColor; padding-bottom: 5px; margin-top: 0; color: inherit; opacity: 0.8;'>Caracter\u00edsticas Adicionales:<\/h3>\n<ul style='padding-left: 20px; font-size: 15px; color: inherit;'>\n<li style='margin-bottom: 5px;'>Temperatura de operaci\u00f3n -20 a 55 \u00b0C<\/li>\n<li style='margin-bottom: 5px;'>Grado de protecci\u00f3n IP54<\/li>\n<li style='margin-bottom: 5px;'>Peso de la barrera 62.5 kg (Sin accesorios)<\/li>\n<\/ul><\/div>\n<\/p><\/div>\n<hr style='border: 0; border-top: 1px solid rgba(150&comma; 150&comma; 150&comma; 0.3); margin: 30px 0;'>\n<div style='display: flex; flex-wrap: wrap; gap: 30px; margin-bottom: 30px;'>\n<div style='flex: 1 1 300px; min-width: 280px;'>\n<h3 style='font-size: 20px; margin-top: 0; color: inherit; opacity: 0.8;'>Kit de barrera vehicular CAME GARD PX de uso continuo<\/h3>\n<h3 style='font-size: 20px; margin-top: 0; color: inherit; opacity: 0.8;'>\u00bfQu\u00e9 contiene el Kit KT-GARD-PX?<\/h3>\n<ul style='padding-left: 20px; font-size: 15px; color: inherit;'>\n<li style='margin-bottom: 5px;'><strong>803BB-0120<\/strong> Barrera vehicular a 120V<\/li>\n<li style='margin-bottom: 5px;'><strong>803XA-0050<\/strong> M\u00e1stil de aluminio de 4 metros<\/li>\n<li style='margin-bottom: 5px;'><strong>803XA-0140<\/strong><\/li>\n<li style='margin-bottom: 5px;'><strong>001G-04060<\/strong><\/li>\n<li style='margin-bottom: 5px;'><strong>001G-028119<\/strong> Paquete de bandas reflectivas para m\u00e1stil CAME<\/li>\n<li style='margin-bottom: 5px;'><strong>803XA-0020<\/strong> Tira LED CAME de 4 metros<\/li>\n<\/ul><\/div>\n<div style='flex: 1 1 300px; min-width: 280px;'> <img style='width: 100%; height: auto; border: 1px solid rgba(150&comma;150&comma;150&comma;0.3); border-radius: 8px;' src='bbbbb' alt=''> <\/div>\n<\/p><\/div>\n<hr style='border: 0; border-top: 1px solid rgba(150&comma; 150&comma; 150&comma; 0.3); margin: 30px 0;'>\n<div style='margin-bottom: 30px;'>\n<h3 style='font-size: 20px; text-align: center; margin-top: 0; color: inherit; opacity: 0.8;'>\u00bfQu\u00e9 accesorios puedo agregar a una instalaci\u00f3n?<\/h3>\n<div style='display: flex; flex-wrap: wrap; justify-content: center; gap: 15px; padding: 0 20px;'>\n<p style='margin: 5px 0; text-align: center; width: 100%; color: inherit; font-size: 14px;'><strong>001-DIR-10<\/strong> Fotocelda de seguridad CAME con alcance de hasta 10 metros<\/p>\n<p style='margin: 5px 0; text-align: center; width: 100%; color: inherit; font-size: 14px;'><strong>10-MATRIX-IIS1224<\/strong> Sensor de masa de un canal<\/p>\n<p style='margin: 5px 0; text-align: center; width: 100%; color: inherit; font-size: 14px;'><strong>SYS-LM6<\/strong> Lazo magn\u00e9tico para detecci\u00f3n de veh\u00edculos<\/p>\n<p style='margin: 5px 0; text-align: center; width: 100%; color: inherit; font-size: 14px;'><strong>XBSSW01<\/strong> o <strong>XBSSW02<\/strong> Botonera triple de uso rudo para aplicaciones de acceso vehicular<\/p>\n<p style='margin: 5px 0; text-align: center; width: 100%; color: inherit; font-size: 14px;'><strong>001-DIR-DL<\/strong> Poste para fotocelda DIR de CAME<\/p>\n<p style='margin: 5px 0; text-align: center; width: 100%; color: inherit; font-size: 14px;'><strong>001-AF-43S<\/strong> Receptor inal\u00e1mbrico de controles CAME<\/p>\n<p style='margin: 5px 0; text-align: center; width: 100%; color: inherit; font-size: 14px;'><strong>001-TOP-432EE<\/strong> Control remoto bicanal CAME<\/p>\n<\/p><\/div>\n<\/p><\/div>\n<hr style='border: 0; border-top: 1px solid rgba(150&comma; 150&comma; 150&comma; 0.3); margin: 30px 0;'>\n<div style='margin-bottom: 30px;'>\n<h3 style='font-size: 20px; text-align: center; margin-top: 0; color: inherit; opacity: 0.8;'>Notas adicionales<\/h3>\n<div style='display: flex; flex-direction: column; align-items: center; padding: 0 20px;'>\n<p style='margin: 5px 0; text-align: center; width: 100%; color: inherit; font-size: 14px;'><strong>803BB-0120<\/strong> Barrera vehicular a 120V<\/p>\n<p style='margin: 5px 0; text-align: center; width: 100%; color: inherit; font-size: 14px;'>Garant\u00eda de la barrera <strong>803BB-0120<\/strong> es de un a\u00f1o contra defectos de fabricaci\u00f3n<\/p>\n<p style='margin: 5px 0; text-align: center; width: 100%; color: inherit; font-size: 14px;'>Cualquier cambio en la longitud del brazo requiere de un rebalanceo del mecanismo<\/p>\n<\/p><\/div>\n<\/p><\/div>\n<hr style='border: 0; border-top: 1px solid rgba(150&comma; 150&comma; 150&comma; 0.3); margin: 30px 0;'> <\/div>\n","protected":false},"excerpt":{"rendered":"<p>KIT DE BARRERA GARD PX<\/p>\n","protected":false},"featured_media":27764,"comment_status":"open","ping_status":"closed","template":"","meta":[],"product_brand":[],"product_cat":[748],"product_tag":[401,749,779],"class_list":{"0":"post-27765","1":"product","2":"type-product","3":"status-publish","4":"has-post-thumbnail","6":"product_cat-barreras-vehiculares","7":"product_tag-acceso-vehicular","8":"product_tag-barreras-vehiculares","9":"product_tag-came","11":"first","12":"outofstock","13":"sale","14":"shipping-taxable","15":"purchasable","16":"product-type-simple"},"_links":{"self":[{"href":"https:\/\/soydeaqui.ddns.net\/pachuca\/index.php\/wp-json\/wp\/v2\/product\/27765","targetHints":{"allow":["GET"]}}],"collection":[{"href":"https:\/\/soydeaqui.ddns.net\/pachuca\/index.php\/wp-json\/wp\/v2\/product"}],"about":[{"href":"https:\/\/soydeaqui.ddns.net\/pachuca\/index.php\/wp-json\/wp\/v2\/types\/product"}],"replies":[{"embeddable":true,"href":"https:\/\/soydeaqui.ddns.net\/pachuca\/index.php\/wp-json\/wp\/v2\/comments?post=27765"}],"wp:featuredmedia":[{"embeddable":true,"href":"https:\/\/soydeaqui.ddns.net\/pachuca\/index.php\/wp-json\/wp\/v2\/media\/27764"}],"wp:attachment":[{"href":"https:\/\/soydeaqui.ddns.net\/pachuca\/index.php\/wp-json\/wp\/v2\/media?parent=27765"}],"wp:term":[{"taxonomy":"product_brand","embeddable":true,"href":"https:\/\/soydeaqui.ddns.net\/pachuca\/index.php\/wp-json\/wp\/v2\/product_brand?post=27765"},{"taxonomy":"product_cat","embeddable":true,"href":"https:\/\/soydeaqui.ddns.net\/pachuca\/index.php\/wp-json\/wp\/v2\/product_cat?post=27765"},{"taxonomy":"product_tag","embeddable":true,"href":"https:\/\/soydeaqui.ddns.net\/pachuca\/index.php\/wp-json\/wp\/v2\/product_tag?post=27765"}],"curies":[{"name":"wp","href":"https:\/\/api.w.org\/{rel}","templated":true}]}}