{"id":27749,"date":"2026-03-18T12:42:37","date_gmt":"2026-03-18T12:42:37","guid":{"rendered":"https:\/\/soydeaqui.ddns.net\/pachuca\/index.php\/producto\/resorte-y-braket-para-b680h-para-brazos-de-5-3-m-o-mas\/"},"modified":"2026-03-18T12:42:44","modified_gmt":"2026-03-18T12:42:44","slug":"resorte-y-braket-para-b680h-para-brazos-de-5-3-m-o-mas","status":"publish","type":"product","link":"https:\/\/soydeaqui.ddns.net\/pachuca\/index.php\/producto\/resorte-y-braket-para-b680h-para-brazos-de-5-3-m-o-mas\/","title":{"rendered":"RESORTE Y BRAKET PARA B680H PARA BRAZOS DE 5.3 M O MAS"},"content":{"rendered":"<div style='width: 100%; max-width: 1200px; margin: 0 auto; font-family: sans-serif; line-height: 1.6; color: inherit;'>\n<div style='display: flex; flex-wrap: wrap; gap: 30px; margin-bottom: 30px;'>\n<div style='flex: 1 1 300px; min-width: 280px;'>\n<h3 style='font-size: 22px; border-bottom: 2px solid currentColor; padding-bottom: 5px; margin-top: 0; color: inherit; opacity: 0.8;'>Caracter\u00edsticas Generales<\/h3>\n<ul style='padding-left: 20px; font-size: 15px; color: inherit;'>\n<li style='margin-bottom: 5px;'>Innovador motor de puerta deslizable de muy bajo consumo<\/li>\n<li style='margin-bottom: 5px;'>Un s\u00f3lo paso de programaci\u00f3n; sistema con aprendizaje autom\u00e1tico de l\u00edmite de apertura y cierre<\/li>\n<li style='margin-bottom: 5px;'>Suave encendido electr\u00f3nico; asegura el inicio del motor constante y sin problemas<\/li>\n<li style='margin-bottom: 5px;'>Llave de liberaci\u00f3n en caso de falla de energ\u00eda para desbloqueo<\/li>\n<li style='margin-bottom: 5px;'>F\u00e1cil mantenimiento e instalaci\u00f3n<\/li>\n<\/ul><\/div>\n<div style='flex: 1 1 300px; min-width: 280px;'>\n<h3 style='font-size: 22px; border-bottom: 2px solid currentColor; padding-bottom: 5px; margin-top: 0; color: inherit; opacity: 0.8;'>Funciones de Seguridad<\/h3>\n<ul style='padding-left: 20px; font-size: 15px; color: inherit;'>\n<li style='margin-bottom: 5px;'>Stop parcial<\/li>\n<li style='margin-bottom: 5px;'>Cierre autom\u00e1tico temporizado<\/li>\n<li style='margin-bottom: 5px;'>Final de carrera mec\u00e1nico<\/li>\n<li style='margin-bottom: 5px;'>Detecci\u00f3n electr\u00f3nica del obst\u00e1culo<\/li>\n<li style='margin-bottom: 5px;'>Desbloqueo de emergencia con llave personalizada<\/li>\n<\/ul><\/div>\n<\/p><\/div>\n<div style='display: flex; flex-wrap: wrap; gap: 20px; margin-bottom: 30px;'>\n<div style='flex: 1 1 250px; border: 1px solid rgba(150&comma; 150&comma; 150&comma; 0.4); border-radius: 8px; overflow: hidden; display: flex; flex-direction: column;'>\n<div style='padding: 15px; border-bottom: 1px solid rgba(150&comma; 150&comma; 150&comma; 0.2); font-weight: bold; font-size: 18px; color: inherit;'>Especificaciones T\u00e9cnicas XBSCANAC800<\/div>\n<div style='padding: 15px; color: inherit;'>\n<ul style='padding-left: 20px; margin: 0; font-size: 14px; list-style-type: disc;'>\n<li style='margin-bottom: 5px;'><strong>Alimentaci\u00f3n:<\/strong> 110 a 120 Vca<\/li>\n<li style='margin-bottom: 5px;'><strong>Consumo de potencia del motor:<\/strong> 280 W<\/li>\n<li style='margin-bottom: 5px;'><strong>Grado de protecci\u00f3n:<\/strong> IP44<\/li>\n<li style='margin-bottom: 5px;'><strong>Rango de temperatura ambiental:<\/strong> -20 a 40 \u00b0C<\/li>\n<li style='margin-bottom: 5px;'><strong>Peso m\u00e1ximo de puerta y arrastre:<\/strong> 800 kg<\/li>\n<\/ul><\/div>\n<\/p><\/div>\n<div style='flex: 1 1 250px; border: 1px solid rgba(150&comma; 150&comma; 150&comma; 0.4); border-radius: 8px; overflow: hidden; display: flex; flex-direction: column;'>\n<div style='padding: 15px; border-bottom: 1px solid rgba(150&comma; 150&comma; 150&comma; 0.2); font-weight: bold; font-size: 18px; color: inherit;'>Especificaciones T\u00e9cnicas XBSIZ1200<\/div>\n<div style='padding: 15px; color: inherit;'>\n<ul style='padding-left: 20px; margin: 0; font-size: 14px; list-style-type: disc;'>\n<li style='margin-bottom: 5px;'><strong>Alimentaci\u00f3n:<\/strong> 110 a 120 Vca<\/li>\n<li style='margin-bottom: 5px;'><strong>Consumo de potencia del motor:<\/strong> 370 W<\/li>\n<li style='margin-bottom: 5px;'><strong>Grado de protecci\u00f3n:<\/strong> IP44<\/li>\n<li style='margin-bottom: 5px;'><strong>Rango de temperatura ambiental:<\/strong> -20 a 40 \u00b0C<\/li>\n<li style='margin-bottom: 5px;'><strong>Peso m\u00e1ximo de puerta y arrastre:<\/strong> 1200 kg<\/li>\n<\/ul><\/div>\n<\/p><\/div>\n<\/p><\/div>\n<hr style='border: 0; border-top: 1px solid rgba(150&comma; 150&comma; 150&comma; 0.3); margin: 30px 0;'> <\/div>\n","protected":false},"excerpt":{"rendered":"<p>RESORTE Y BRAKET PARA B680H PARA BRAZOS DE 5.3 M O MAS<\/p>\n","protected":false},"featured_media":27748,"comment_status":"open","ping_status":"closed","template":"","meta":[],"product_brand":[],"product_cat":[777],"product_tag":[401,93,778],"class_list":{"0":"post-27749","1":"product","2":"type-product","3":"status-publish","4":"has-post-thumbnail","6":"product_cat-accesorios-acceso-vehicular","7":"product_tag-acceso-vehicular","8":"product_tag-accesorios","9":"product_tag-faac","11":"first","12":"instock","13":"sale","14":"shipping-taxable","15":"purchasable","16":"product-type-simple"},"_links":{"self":[{"href":"https:\/\/soydeaqui.ddns.net\/pachuca\/index.php\/wp-json\/wp\/v2\/product\/27749","targetHints":{"allow":["GET"]}}],"collection":[{"href":"https:\/\/soydeaqui.ddns.net\/pachuca\/index.php\/wp-json\/wp\/v2\/product"}],"about":[{"href":"https:\/\/soydeaqui.ddns.net\/pachuca\/index.php\/wp-json\/wp\/v2\/types\/product"}],"replies":[{"embeddable":true,"href":"https:\/\/soydeaqui.ddns.net\/pachuca\/index.php\/wp-json\/wp\/v2\/comments?post=27749"}],"wp:featuredmedia":[{"embeddable":true,"href":"https:\/\/soydeaqui.ddns.net\/pachuca\/index.php\/wp-json\/wp\/v2\/media\/27748"}],"wp:attachment":[{"href":"https:\/\/soydeaqui.ddns.net\/pachuca\/index.php\/wp-json\/wp\/v2\/media?parent=27749"}],"wp:term":[{"taxonomy":"product_brand","embeddable":true,"href":"https:\/\/soydeaqui.ddns.net\/pachuca\/index.php\/wp-json\/wp\/v2\/product_brand?post=27749"},{"taxonomy":"product_cat","embeddable":true,"href":"https:\/\/soydeaqui.ddns.net\/pachuca\/index.php\/wp-json\/wp\/v2\/product_cat?post=27749"},{"taxonomy":"product_tag","embeddable":true,"href":"https:\/\/soydeaqui.ddns.net\/pachuca\/index.php\/wp-json\/wp\/v2\/product_tag?post=27749"}],"curies":[{"name":"wp","href":"https:\/\/api.w.org\/{rel}","templated":true}]}}