{"id":27724,"date":"2026-03-18T12:42:06","date_gmt":"2026-03-18T12:42:06","guid":{"rendered":"https:\/\/soydeaqui.ddns.net\/pachuca\/index.php\/producto\/biometrico-wifi-de-acceso-y-asistencia-compatible-con-app-hik-connect-p2p-soporta-biometrico-esclavo-rs-485-lectura-de-huella-y-tarjetas-em-tcp-ip-150000-eventos-relevador-para-chapa-y-re\/"},"modified":"2026-03-18T12:42:11","modified_gmt":"2026-03-18T12:42:11","slug":"biometrico-wifi-de-acceso-y-asistencia-compatible-con-app-hik-connect-p2p-soporta-biometrico-esclavo-rs-485-lectura-de-huella-y-tarjetas-em-tcp-ip-150000-eventos-relevador-para-chapa-y-re","status":"publish","type":"product","link":"https:\/\/soydeaqui.ddns.net\/pachuca\/index.php\/producto\/biometrico-wifi-de-acceso-y-asistencia-compatible-con-app-hik-connect-p2p-soporta-biometrico-esclavo-rs-485-lectura-de-huella-y-tarjetas-em-tcp-ip-150000-eventos-relevador-para-chapa-y-re\/","title":{"rendered":"Biom\u00e9trico WiFi de Acceso y Asistencia Compatible con APP Hik-Connect (P2P) \/ Soporta Biometrico Esclavo RS-485 \/ Lectura de Huella y Tarjetas EM \/ TCP\/IP \/ 150,000 Eventos \/ Relevador para Chapa y Reportes de Asistencia"},"content":{"rendered":"<div style='width: 100%; max-width: 1200px; margin: 0 auto; font-family: sans-serif; line-height: 1.6; color: inherit; background-color: transparent;'>\n<p><img style='width: 100%; height: auto; border: 1px solid rgba(150&comma;150&comma;150&comma;0.3); border-radius: 8px;' src='https:\/\/ftp3.syscom.mx\/usuarios\/fespinoza\/HIKVISION\/Dispositivos\/Banners\/control_acceso_hikvision02.jpg' alt='Banner Control de Acceso Hikvision'><\/p>\n<p><strong style='font-size: 24px; text-align: center; display: block; width: 100%; color: inherit;'>Compatible con P2P a trav\u00e9s de APP Hik-Connect solo para apertura y monitoreo de puerta remotamente desde cualquier parte del mundo. Sin IP p\u00fablica fija \/ Sin DDNS (En la NUBE).<\/strong><\/p>\n<div style='display: flex; flex-wrap: wrap; gap: 30px; margin-bottom: 30px;'>\n<div style='flex: 1 1 300px; min-width: 280px;'>\n<div style='border-left: 5px solid #ff0000; border-radius: 5px; padding: 5px; box-shadow: 2px 2px 10px rgba(216&comma;216&comma;216&comma;0.5);'> <strong style='font-size: 18px; color: inherit; margin-bottom: 10px; display: block;'>Caracter\u00edsticas principales:<\/strong> <\/p>\n<ul style='padding-left: 20px; font-size: 15px; color: inherit; list-style-type: disc;'>\n<li style='margin-bottom: 5px;'>Control de acceso con huella o Tarjeta<\/li>\n<li style='margin-bottom: 5px;'>3&comma;000 tarjetas Prox EM (<a style='color: #005cb9; text-decoration: none; font-size: 12px; font-weight: 600;' href='https:\/\/www.syscom.mx\/principal\/searchcont?route=ACCESS-ISO-CARD-ACCESSPRO-158546&#038;autodetect=ACCESSISOCARD'>ACCESS-ISO-CARD<\/a>)<\/li>\n<li style='margin-bottom: 5px;'>Compatible con tarjetas ATR11&comma; ATR14<\/li>\n<li style='margin-bottom: 5px;'>3&comma;000 huellas<\/li>\n<li style='margin-bottom: 5px;'>150&comma;000 registros de eventos<\/li>\n<li style='margin-bottom: 5px;'>TCP\/IP<\/li>\n<li style='margin-bottom: 5px;'>Entrada y salida wiegand 26\/34 bits (Salida solamente funciona para tarjetas)<\/li>\n<li style='margin-bottom: 5px;'>Comandos de voz<\/li>\n<li style='margin-bottom: 5px;'>Acepta contrase\u00f1a p\/multiple autentificacion<\/li>\n<li style='margin-bottom: 5px;'><strong style='color: #c0392b;'>Acepta lector esclavo por RS485 modelo DS-K1201AEF\/DS-K1201AMF<\/strong><\/li>\n<\/ul><\/div>\n<\/p><\/div>\n<div style='flex: 1 1 300px; min-width: 280px;'>\n<div style='border-left: 5px solid #ff0000; border-radius: 5px; padding: 5px; box-shadow: 2px 2px 10px rgba(216&comma;216&comma;216&comma;0.5);'> <strong style='font-size: 18px; color: inherit; margin-bottom: 10px; display: block;'>Caracter\u00edsticas F\u00edsicas y El\u00e9ctricas:<\/strong> <\/p>\n<ul style='padding-left: 20px; font-size: 15px; color: inherit; list-style-type: disc;'>\n<li style='margin-bottom: 5px;'>Aplicaci\u00f3n: Interior<\/li>\n<li style='margin-bottom: 5px;'>Alimentaci\u00f3n: 12 Vcc (No incluida)<\/li>\n<li style='margin-bottom: 5px;'>Consumo: 2A<\/li>\n<li style='margin-bottom: 5px;'>Temperatura de operaci\u00f3n: -10 \u00baC hasta 45 \u00baC<\/li>\n<li style='margin-bottom: 5px;'>Dimensiones: 205 mm \u00d7 76.5 mm \u00d7 37 mm (8.07&#8242; \u00d7 3.01&#8242; \u00d7 1.46&#8242;)<\/li>\n<\/ul><\/div>\n<\/p><\/div>\n<div style='flex: 1 1 300px; min-width: 280px;'>\n<div style='border-left: 5px solid #ff0000; border-radius: 5px; padding: 5px; box-shadow: 2px 2px 10px rgba(216&comma;216&comma;216&comma;0.5);'> <strong style='font-size: 18px; color: inherit; margin-bottom: 10px; display: block;'>Caracter\u00edsticas Destacadas:<\/strong> <\/p>\n<ul style='padding-left: 20px; font-size: 15px; color: inherit; list-style-type: disc;'>\n<li style='margin-bottom: 5px;'>Dise\u00f1o de watchdog para repararse a si mismo en caso de que ocurra una excepci\u00f3n&comma; para garantizar una larga vida \u00fatil del lector<\/li>\n<li style='margin-bottom: 5px;'>Teclado con iluminaci\u00f3n<\/li>\n<li style='margin-bottom: 5px;'>Control de Acceso + Reportes de Tiempo y Asistencia por IVMS4200<\/li>\n<li style='margin-bottom: 5px;'>M\u00f3dulo \u00f3ptico de alta eficiencia<\/li>\n<li style='margin-bottom: 5px;'>IP42 (sin condensaci\u00f3n)<\/li>\n<li style='margin-bottom: 5px;'><strong>No incluye transformador.<\/strong><\/li>\n<\/ul><\/div>\n<\/p><\/div>\n<\/p><\/div>\n<div style='display: flex; flex-wrap: wrap; gap: 20px; margin-top: 30px;'>\n<div style='flex: 1 1 45%; min-width: 280px;'> <img style='width: 100%; height: auto; border: 1px solid rgba(150&comma;150&comma;150&comma;0.3); border-radius: 8px;' src='https:\/\/ftp3.syscom.mx\/usuarios\/fotos\/DSK1T804EF\/141984-dsk1t804ef-l.png' alt='Vista frontal del dispositivo DSK1T804AEF'> <\/div>\n<div style='flex: 1 1 45%; min-width: 280px;'> <img style='width: 100%; height: auto; border: 1px solid rgba(150&comma;150&comma;150&comma;0.3); border-radius: 8px;' src='https:\/\/ftp3.syscom.mx\/usuarios\/fotos\/DSK1T804EF\/141984-dsk1t804ef-ad-3-l.png' alt='Vista lateral del dispositivo DSK1T804AEF'> <\/div>\n<\/p><\/div>\n<hr style='border: 0; border-top: 1px solid rgba(150&comma;150&comma;150&comma;0.3); margin: 30px 0;'>\n<div style='display: flex; flex-wrap: wrap; gap: 30px; margin-top: 30px;'>\n<div style='flex: 1 1 45%; min-width: 280px;'> <img style='width: 100%; height: auto; border: 1px solid rgba(150&comma;150&comma;150&comma;0.3); border-radius: 8px;' src='https:\/\/ftp3.syscom.mx\/usuarios\/fotos\/BancoFotografiasSyscom\/HIKVISION\/DSK4H258S\/DSK4H258S-p.PNG' alt='Chapa Magn\u00e9tica Hikvision'> <\/div>\n<div style='flex: 1 1 45%; min-width: 280px;'>\n<h2 style='font-size: 22px; color: inherit; margin-top: 0;'>Chapa Magn\u00e9tica HIKVISION<\/h2>\n<p>Modelo: <a style='color: #005cb9; text-decoration: none; font-size: 12px; font-weight: 600;' href='https:\/\/www.syscom.mx\/principal\/searchcont?route=DS-K4H258S-HIKVISION-176625&#038;autodetect=dsk4'>DS-K4H258S<\/a> (No incluida en este biometrico)<\/p>\n<p>Hikvision lanza su propio modelo de chapa magn\u00e9tica&comma; permitiendo contemplar toda la soluci\u00f3n completa en la misma marca.<\/p>\n<ul style='padding-left: 20px; font-size: 15px; color: inherit; list-style-type: disc;'>\n<li style='margin-bottom: 5px; color: #27ae60;'>\u2713 600 lbs de fuerza (280 Kg)<\/li>\n<li style='margin-bottom: 5px; color: #27ae60;'>\u2713 Certificado CE<\/li>\n<li style='margin-bottom: 5px; color: #27ae60;'>\u2713 Indicador LED<\/li>\n<\/ul><\/div>\n<\/p><\/div>\n<div style='margin-top: 30px;'>\n<h2 style='font-size: 22px; color: inherit;'>Montajes Z y L (Requeridos)<\/h2>\n<div style='display: flex; flex-wrap: wrap; gap: 30px;'>\n<div style='flex: 1 1 45%; min-width: 280px;'>\n<p>Los montajes &#8216;Z&#8217; y &#8216;L&#8217; son requeridos para la instalaci\u00f3n de las chapas magn\u00e9ticas&comma; se adquieren por separado y el modelo es <a style='color: #005cb9; text-decoration: none; font-size: 12px; font-weight: 600;' href='https:\/\/www.syscom.mx\/principal\/searchcont?route=DS-K4H258-L\/Z-HIKVISION-176632&#038;autodetect=DSK4'>DS-K4H258-L\/Z.<\/a><\/p>\n<\/p><\/div>\n<div style='flex: 1 1 45%; min-width: 280px;'> <img style='width: 100%; height: auto; border: 1px solid rgba(150&comma;150&comma;150&comma;0.3); border-radius: 8px;' src='https:\/\/ftp3.syscom.mx\/usuarios\/fotos\/BancoFotografiasSyscom\/HIKVISION\/DSK4H258LZ\/DSK4H258LZ-g.PNG' alt='Montaje Z y L'> <\/div>\n<\/p><\/div>\n<\/p><\/div>\n<div style='display: flex; flex-wrap: wrap; gap: 30px; margin-top: 30px;'>\n<div style='flex: 1 1 45%; min-width: 280px;'>\n<div style='position: relative; padding-bottom: 56.25%; height: 0; overflow: hidden; margin-bottom: 30px;'>   <\/div>\n<\/p><\/div>\n<div style='flex: 1 1 45%; min-width: 280px;'>\n<div style='position: relative; padding-bottom: 56.25%; height: 0; overflow: hidden; margin-bottom: 30px;'>   <\/div>\n<\/p><\/div>\n<\/p><\/div>\n<div style='text-align: center; margin-top: 30px;'> <a href='http:\/\/soporte.syscom.mx\/es\/articles\/3879039-hikvision-control-de-acceso-lista-de-videos-y-tips-tecnicos'> <img style='width: 100%; max-width: 600px; height: auto; border: 1px solid rgba(150&comma;150&comma;150&comma;0.3); border-radius: 8px;' src='https:\/\/ftp3.syscom.mx\/usuarios\/fotos\/DSK1T607E\/171893-hikvision-controlacceso.png' alt='Soporte T\u00e9cnico Hikvision'> <\/a> <\/div>\n<\/p><\/div>\n","protected":false},"excerpt":{"rendered":"<p>Biom\u00e9trico WiFi de Acceso y Asistencia Compatible con APP Hik-Connect (P2P) \/ Soporta Biometrico Esclavo RS-485 \/ Lectura de Huella y Tarjetas EM \/ TCP\/IP \/ 150,000 Eventos \/ Relevador para Chapa y Reportes de Asistencia<\/p>\n","protected":false},"featured_media":27723,"comment_status":"open","ping_status":"closed","template":"","meta":[],"product_brand":[],"product_cat":[806],"product_tag":[744,54,807],"class_list":{"0":"post-27724","1":"product","2":"type-product","3":"status-publish","4":"has-post-thumbnail","6":"product_cat-para-control-de-acceso","7":"product_tag-biometricos","8":"product_tag-hikvision","9":"product_tag-para-control-de-acceso","11":"first","12":"instock","13":"sale","14":"shipping-taxable","15":"purchasable","16":"product-type-simple"},"_links":{"self":[{"href":"https:\/\/soydeaqui.ddns.net\/pachuca\/index.php\/wp-json\/wp\/v2\/product\/27724","targetHints":{"allow":["GET"]}}],"collection":[{"href":"https:\/\/soydeaqui.ddns.net\/pachuca\/index.php\/wp-json\/wp\/v2\/product"}],"about":[{"href":"https:\/\/soydeaqui.ddns.net\/pachuca\/index.php\/wp-json\/wp\/v2\/types\/product"}],"replies":[{"embeddable":true,"href":"https:\/\/soydeaqui.ddns.net\/pachuca\/index.php\/wp-json\/wp\/v2\/comments?post=27724"}],"wp:featuredmedia":[{"embeddable":true,"href":"https:\/\/soydeaqui.ddns.net\/pachuca\/index.php\/wp-json\/wp\/v2\/media\/27723"}],"wp:attachment":[{"href":"https:\/\/soydeaqui.ddns.net\/pachuca\/index.php\/wp-json\/wp\/v2\/media?parent=27724"}],"wp:term":[{"taxonomy":"product_brand","embeddable":true,"href":"https:\/\/soydeaqui.ddns.net\/pachuca\/index.php\/wp-json\/wp\/v2\/product_brand?post=27724"},{"taxonomy":"product_cat","embeddable":true,"href":"https:\/\/soydeaqui.ddns.net\/pachuca\/index.php\/wp-json\/wp\/v2\/product_cat?post=27724"},{"taxonomy":"product_tag","embeddable":true,"href":"https:\/\/soydeaqui.ddns.net\/pachuca\/index.php\/wp-json\/wp\/v2\/product_tag?post=27724"}],"curies":[{"name":"wp","href":"https:\/\/api.w.org\/{rel}","templated":true}]}}