{"id":27688,"date":"2026-03-18T12:41:14","date_gmt":"2026-03-18T12:41:14","guid":{"rendered":"https:\/\/soydeaqui.ddns.net\/pachuca\/index.php\/producto\/barrera-faac-620-standad-sin-pluma-hidraulica-con-voltaje-de-operacion-a-220v-ideal-para-reemplazar-barreras-faac-620-que-han-sido-golpeadas\/"},"modified":"2026-03-18T12:41:15","modified_gmt":"2026-03-18T12:41:15","slug":"barrera-faac-620-standad-sin-pluma-hidraulica-con-voltaje-de-operacion-a-220v-ideal-para-reemplazar-barreras-faac-620-que-han-sido-golpeadas","status":"publish","type":"product","link":"https:\/\/soydeaqui.ddns.net\/pachuca\/index.php\/producto\/barrera-faac-620-standad-sin-pluma-hidraulica-con-voltaje-de-operacion-a-220v-ideal-para-reemplazar-barreras-faac-620-que-han-sido-golpeadas\/","title":{"rendered":"Barrera FAAC 620 Standad sin pluma \/ Hidr\u00e1ulica  Con Voltaje de Operaci\u00f3n a 220V \/ Ideal para reemplazar barreras FAAC 620 que han sido golpeadas"},"content":{"rendered":"<div style='width: 100%; max-width: 1200px; margin: 0 auto; font-family: sans-serif; line-height: 1.6; color: inherit; background-color: transparent;'>\n<div style='display: flex; flex-wrap: wrap; gap: 30px; margin-bottom: 30px;'>\n<div style='flex: 1 1 300px; min-width: 280px;'>\n<h3 style='font-size: 22px; border-bottom: 2px solid currentColor; padding-bottom: 5px; margin-top: 0; color: inherit; opacity: 0.8;'>Caracter\u00edsticas principales<\/h3>\n<ul style='padding-left: 20px; font-size: 15px; color: inherit;'>\n<li style='margin-bottom: 5px;'>Barrera de uso al 70%<\/li>\n<li style='margin-bottom: 5px;'>FAAC 620 Versi\u00f3n STD<\/li>\n<li style='margin-bottom: 5px;'>Barrera de tecnolog\u00eda Hidr\u00e1ulica.<\/li>\n<li style='margin-bottom: 5px;'>Sentido configurable en sitio.<\/li>\n<\/ul><\/div>\n<div style='flex: 1 1 300px; min-width: 280px;'>\n<h3 style='font-size: 22px; border-bottom: 2px solid currentColor; padding-bottom: 5px; margin-top: 0; color: inherit; opacity: 0.8;'>Caracter\u00edsticas F\u00edsicas y El\u00e9ctricas<\/h3>\n<ul style='padding-left: 20px; font-size: 15px; color: inherit;'>\n<li style='margin-bottom: 5px;'>Alimentaci\u00f3n de 220 V<\/li>\n<li style='margin-bottom: 5px;'>Grado de protecci\u00f3n IP44<\/li>\n<li style='margin-bottom: 5px;'>Protecci\u00f3n t\u00e9rmica 120\u00b0C<\/li>\n<li style='margin-bottom: 5px;'>Peso 73 kg<\/li>\n<\/ul><\/div>\n<div style='flex: 1 1 300px; min-width: 280px;'>\n<h3 style='font-size: 22px; border-bottom: 2px solid currentColor; padding-bottom: 5px; margin-top: 0; color: inherit; opacity: 0.8;'>Caracter\u00edsticas Destacadas<\/h3>\n<ul style='padding-left: 20px; font-size: 15px; color: inherit;'>\n<li style='margin-bottom: 5px;'>Hasta 2 millones de ciclos antes de falla severa.<\/li>\n<li style='margin-bottom: 5px;'>Soporta brazo de hasta 4.8 metros.<\/li>\n<li style='margin-bottom: 5px;'>Tiempo de apertura 4.5 segundos.<\/li>\n<li style='margin-bottom: 5px;'>Equipo de uso residencial&comma; Comercial e Industrial.<\/li>\n<\/ul><\/div>\n<\/p><\/div>\n<div style='display: flex; flex-wrap: wrap; gap: 30px; margin-bottom: 30px;'>\n<div style='flex: 1 1 300px; min-width: 280px;'>\n<h3 style='font-size: 22px; border-bottom: 2px solid currentColor; padding-bottom: 5px; margin-top: 0; color: inherit; opacity: 0.8;'>Contenido del paquete<\/h3>\n<ul style='padding-left: 20px; font-size: 15px; color: inherit;'>\n<li style='margin-bottom: 5px;'>1 x <strong>1046288<\/strong> Barrera Hidr\u00e1ulica FAAC 620 STD de Semi intensivo.<\/li>\n<\/ul>\n<h3 style='font-size: 22px; border-bottom: 2px solid currentColor; padding-bottom: 5px; margin-top: 0; color: inherit; opacity: 0.8; margin-top: 20px;'>Caracter\u00edsticas adicionales de la barrera<\/h3>\n<ul style='padding-left: 20px; font-size: 15px; color: inherit;'>\n<li style='margin-bottom: 5px;'>Sistema de frenado electr\u00f3nico que permite un movimiento m\u00e1s suave y fluido en la barrera&comma; extendiendo la vida \u00fatil del mecanismo<\/li>\n<li style='margin-bottom: 5px;'>Sensor de masa de dos canales integrado en la tablilla.<\/li>\n<li style='margin-bottom: 5px;'>Tablilla 624 BLD de logica programable.<\/li>\n<li style='margin-bottom: 5px;'>Medidas del equipo 350 x 1080 x 170 mm.<\/li>\n<li style='margin-bottom: 5px;'>Activaci\u00f3n por medio de pulsos de contacto seco.<\/li>\n<li style='margin-bottom: 5px;'>Esta barrera es de uso Semi-Intensivo.<\/li>\n<li style='margin-bottom: 5px;'>Equipo de uso residencial&comma; comercial e Industrial<\/li>\n<li style='margin-bottom: 5px;'>Hasta 2 millones de ciclos antes de falla severa.<\/li>\n<li style='margin-bottom: 5px;'>Sentido de trabajo configurable en sitio.<\/li>\n<li style='margin-bottom: 5px;'>Compatible con radar XBS-RDA-09<\/li>\n<\/ul><\/div>\n<div style='flex: 1 1 300px; min-width: 280px;'> <img style='width: 100%; height: auto; border: 1px solid rgba(150&comma;150&comma;150&comma;0.3); border-radius: 8px;' src='https:\/\/ftp3.syscom.mx\/usuarios\/fotos\/BancoFotografiasSyscom\/FAAC\/FAAC620\/FAAC620-p.PNG' alt=''> <\/div>\n<\/p><\/div>\n<div style='display: flex; flex-wrap: wrap; gap: 30px; margin-bottom: 30px;'>\n<div style='flex: 1 1 300px; min-width: 280px;'>\n<h3 style='font-size: 22px; border-bottom: 2px solid currentColor; padding-bottom: 5px; margin-top: 0; color: inherit; opacity: 0.8;'>Accesorios requeridos para brazo<\/h3>\n<ul style='padding-left: 20px; font-size: 15px; color: inherit;'>\n<li style='margin-bottom: 5px;'><strong>428091<\/strong> Brazo de perfil rectangular de 4.8 metros de longitud FAAC.<\/li>\n<li style='margin-bottom: 5px;'><strong>428342<\/strong> Enganche para brazos rectangulares FAAC.<\/li>\n<\/ul><\/div>\n<div style='flex: 1 1 300px; min-width: 280px;'>\n<h3 style='font-size: 22px; border-bottom: 2px solid currentColor; padding-bottom: 5px; margin-top: 0; color: inherit; opacity: 0.8;'>Accesorios opcionales para instalaci\u00f3n<\/h3>\n<ul style='padding-left: 20px; font-size: 15px; color: inherit;'>\n<li style='margin-bottom: 5px;'><strong>390184<\/strong> Adaptador de iluminaci\u00f3n para brazo rectangular.<\/li>\n<li style='margin-bottom: 5px;'><strong>390992<\/strong> Conector para manguera led para barreras FAAC<\/li>\n<li style='margin-bottom: 5px;'><strong>390993<\/strong> Manguera led color Rojo (Paquete con 12 metros).<\/li>\n<li style='margin-bottom: 5px;'><strong>787856<\/strong> Receptor de frecuencia FAAC RP1<\/li>\n<li style='margin-bottom: 5px;'><strong>787456<\/strong> Control remoto FAAC XT4 de 4 canales<\/li>\n<li style='margin-bottom: 5px;'><strong>428137<\/strong> Articulaci\u00f3n para brazo rectangular.<\/li>\n<li style='margin-bottom: 5px;'><strong>785102<\/strong> Fotocelda infrarroja FAAC XP20D con alcance de 20 metros<\/li>\n<li style='margin-bottom: 5px;'><strong>10-MATRIX-IIS-1224<\/strong> Sensor de masa de un canal marca BEA<\/li>\n<li style='margin-bottom: 5px;'><strong>SYS-LM6<\/strong> Lazo magn\u00e9tico de 6 metros<\/li>\n<li style='margin-bottom: 5px;'><strong>XBS-RDA-09<\/strong> Radar para barreras con alcance de hasta 6 metros.<\/li>\n<\/ul><\/div>\n<\/p><\/div>\n<div style='margin-bottom: 30px; text-align: center;'>\n<p style='margin: 15px 0; font-weight: bold; color: inherit;'>Ideal para el control de \u00e1reas grandes&comma; tales como estacionamientos&comma; centros comerciales&comma; hospitales&comma; parques industriales&comma; etc.<\/p>\n<p style='margin: 15px 0; font-weight: bold; color: inherit;'>La gama de barreras FAAC est\u00e1 dotada de un seguro hidr\u00e1ulico anti aplastamiento&comma; bloqueo de retenci\u00f3n en cierre y apertura&comma; desbloqueo manual con llave triangular&comma; gabinete en acero resistente a colisiones.<\/p>\n<\/p><\/div>\n<div style='margin-bottom: 30px;'>\n<h3 style='font-size: 22px; border-bottom: 2px solid currentColor; padding-bottom: 5px; margin-top: 0; color: inherit; opacity: 0.8; text-align: center;'>Notas adicionales<\/h3>\n<div style='display: flex; flex-direction: column; gap: 15px; margin-top: 20px; font-size: 15px; color: inherit;'>\n<p style='margin: 0; text-align: center;'>La barrera cuenta con contra defectos de fabricaci\u00f3n.<\/p>\n<p style='margin: 0; text-align: center;'>El kit FAAC620S es compatible con iluminaci\u00f3n&comma; se deben de adquirir accesorios no incluidos.<\/p>\n<p style='margin: 0; text-align: center;'>Los cambios hechos en el m\u00e1stil necesitan una calibraci\u00f3n de la barrera&comma; lo que puede llevar a hacer un cambio del resorte interno de la barrera.<\/p>\n<p style='margin: 0; text-align: center;'><strong>Para la calibraci\u00f3n de la barrera tome en cuenta la siguiente <a href='https:\/\/ftp3.syscom.mx\/usuarios\/fotos\/FAAC620R\/189187-calibracion_barrera_faac620.jpg' target='_blank' rel='noopener' style='color: inherit; text-decoration: underline;'>NOTA<\/a><\/strong><\/p>\n<p style='margin: 0; text-align: center;'><strong>Para su mantenimiento utilice aceite Shell Tellus 22.<\/strong><\/p>\n<\/p><\/div>\n<\/p><\/div>\n<div style='margin-bottom: 30px;'>\n<h3 style='font-size: 22px; border-bottom: 2px solid currentColor; padding-bottom: 5px; margin-top: 0; color: inherit; opacity: 0.8; text-align: center;'>V\u00eddeos de instalaci\u00f3n<\/h3>\n<div style='display: grid; grid-template-columns: repeat(auto-fill&comma; minmax(300px&comma; 1fr)); gap: 20px; margin-top: 20px;'>\n<div style='position: relative; padding-bottom: 56.25%; height: 0; overflow: hidden;'>   <\/div>\n<div style='position: relative; padding-bottom: 56.25%; height: 0; overflow: hidden;'>   <\/div>\n<div style='position: relative; padding-bottom: 56.25%; height: 0; overflow: hidden;'>   <\/div>\n<\/p><\/div>\n<\/p><\/div>\n<hr style='border: 0; border-top: 1px solid rgba(150&comma; 150&comma; 150&comma; 0.3); margin: 30px 0;'> <\/div>\n","protected":false},"excerpt":{"rendered":"<p>Barrera FAAC 620 Standad sin pluma \/ Hidr\u00e1ulica  Con Voltaje de Operaci\u00f3n a 220V \/ Ideal para reemplazar barreras FAAC 620 que han sido golpeadas<\/p>\n","protected":false},"featured_media":27687,"comment_status":"open","ping_status":"closed","template":"","meta":[],"product_brand":[],"product_cat":[748],"product_tag":[401,749,778],"class_list":{"0":"post-27688","1":"product","2":"type-product","3":"status-publish","4":"has-post-thumbnail","6":"product_cat-barreras-vehiculares","7":"product_tag-acceso-vehicular","8":"product_tag-barreras-vehiculares","9":"product_tag-faac","11":"first","12":"instock","13":"sale","14":"shipping-taxable","15":"purchasable","16":"product-type-simple"},"_links":{"self":[{"href":"https:\/\/soydeaqui.ddns.net\/pachuca\/index.php\/wp-json\/wp\/v2\/product\/27688","targetHints":{"allow":["GET"]}}],"collection":[{"href":"https:\/\/soydeaqui.ddns.net\/pachuca\/index.php\/wp-json\/wp\/v2\/product"}],"about":[{"href":"https:\/\/soydeaqui.ddns.net\/pachuca\/index.php\/wp-json\/wp\/v2\/types\/product"}],"replies":[{"embeddable":true,"href":"https:\/\/soydeaqui.ddns.net\/pachuca\/index.php\/wp-json\/wp\/v2\/comments?post=27688"}],"wp:featuredmedia":[{"embeddable":true,"href":"https:\/\/soydeaqui.ddns.net\/pachuca\/index.php\/wp-json\/wp\/v2\/media\/27687"}],"wp:attachment":[{"href":"https:\/\/soydeaqui.ddns.net\/pachuca\/index.php\/wp-json\/wp\/v2\/media?parent=27688"}],"wp:term":[{"taxonomy":"product_brand","embeddable":true,"href":"https:\/\/soydeaqui.ddns.net\/pachuca\/index.php\/wp-json\/wp\/v2\/product_brand?post=27688"},{"taxonomy":"product_cat","embeddable":true,"href":"https:\/\/soydeaqui.ddns.net\/pachuca\/index.php\/wp-json\/wp\/v2\/product_cat?post=27688"},{"taxonomy":"product_tag","embeddable":true,"href":"https:\/\/soydeaqui.ddns.net\/pachuca\/index.php\/wp-json\/wp\/v2\/product_tag?post=27688"}],"curies":[{"name":"wp","href":"https:\/\/api.w.org\/{rel}","templated":true}]}}