{"id":27652,"date":"2026-03-18T12:40:32","date_gmt":"2026-03-18T12:40:32","guid":{"rendered":"https:\/\/soydeaqui.ddns.net\/pachuca\/index.php\/producto\/como-instalar-y-administrar-la-solucion-vehicular-de-accesspro-y-rosslare-curso-express-syscom\/"},"modified":"2026-03-18T12:40:33","modified_gmt":"2026-03-18T12:40:33","slug":"como-instalar-y-administrar-la-solucion-vehicular-de-accesspro-y-rosslare-curso-express-syscom","status":"publish","type":"product","link":"https:\/\/soydeaqui.ddns.net\/pachuca\/index.php\/producto\/como-instalar-y-administrar-la-solucion-vehicular-de-accesspro-y-rosslare-curso-express-syscom\/","title":{"rendered":"Como Instalar y Administrar la  Soluci\u00f3n Vehicular de Accesspro y Rosslare- Curso Express SYSCOM"},"content":{"rendered":"<div style='width: 100%; max-width: 1200px; margin: 0 auto; font-family: sans-serif; line-height: 1.6; color: inherit; background-color: transparent;'>\n<div style='display: flex; flex-wrap: wrap; gap: 30px; margin-bottom: 30px;'>\n<div style='flex: 1 1 300px; min-width: 280px;'>\n<h3 style='font-size: 22px; border-bottom: 2px solid currentColor; padding-bottom: 5px; margin-top: 0; color: inherit; opacity: 0.8;'>CURSO Online<\/h3>\n<p style='font-size: 15px; color: inherit; margin-bottom: 20px;'>COMO INSTALAR Y ADMINISTRAR LA SOLUCION VEHICULAR DE ACCESSPRO Y ROSSLARE<\/p>\n<p style='font-size: 15px; color: inherit; margin-bottom: 20px;'>El curso de integraci\u00f3n de control de acceso le ayudar\u00e1 a identificar todos los conceptos y elementos requeridos para implementar una soluci\u00f3n de control de acceso vehicular con la administraci\u00f3n de un sistema de control de acceso de ROSSLARE y su implementaci\u00f3n con las barreras vehiculares de ACCESSPRO. Y le permitir\u00e1 seleccionar y recomendar de forma profesional este tipo de productos con sus clientes.<\/p>\n<\/p><\/div>\n<\/p><\/div>\n<div style='display: flex; flex-wrap: wrap; gap: 20px; margin-bottom: 30px;'>\n<div style='flex: 1 1 250px; border: 1px solid rgba(150&comma; 150&comma; 150&comma; 0.4); border-radius: 8px; overflow: hidden; display: flex; flex-direction: column;'>\n<div style='padding: 15px; border-bottom: 1px solid rgba(150&comma; 150&comma; 150&comma; 0.2); font-weight: bold; font-size: 18px; color: inherit;'>Requisitos<\/div>\n<div style='padding: 15px; color: inherit;'>\n<ul style='padding-left: 20px; margin: 0; font-size: 14px; list-style-type: disc;'>\n<li style='margin-bottom: 5px;'>Ser Distribuidor SYSCOM<\/li>\n<li style='margin-bottom: 5px;'>Conocimientos b\u00e1sicos de control de acceso<\/li>\n<li style='margin-bottom: 5px;'>Identificaci\u00f3n de la empresa que representa<\/li>\n<\/ul><\/div>\n<\/p><\/div>\n<div style='flex: 1 1 250px; border: 1px solid rgba(150&comma; 150&comma; 150&comma; 0.4); border-radius: 8px; overflow: hidden; display: flex; flex-direction: column;'>\n<div style='padding: 15px; border-bottom: 1px solid rgba(150&comma; 150&comma; 150&comma; 0.2); font-weight: bold; font-size: 18px; color: inherit;'>Dirigido a<\/div>\n<div style='padding: 15px; color: inherit;'>\n<p style='margin: 0; font-size: 14px; color: inherit;'>A todos los que desean incorporar soluciones completas de Control de acceso aplicadas al control vehicular y de visitantes<\/p>\n<\/p><\/div>\n<\/p><\/div>\n<div style='flex: 1 1 250px; border: 1px solid rgba(150&comma; 150&comma; 150&comma; 0.4); border-radius: 8px; overflow: hidden; display: flex; flex-direction: column;'>\n<div style='padding: 15px; border-bottom: 1px solid rgba(150&comma; 150&comma; 150&comma; 0.2); font-weight: bold; font-size: 18px; color: inherit;'>Objetivos del Curso<\/div>\n<div style='padding: 15px; color: inherit;'>\n<p style='margin: 0; font-size: 14px; color: inherit;'>El participante aprender\u00e1 y conocer\u00e1 como realizar la integraci\u00f3n e implementaci\u00f3n de un sistema de control de Acceso vehicular con uso de tecnolog\u00edas de tags&comma; credencial m\u00f3vil&comma; Administraci\u00f3n del sistema de control de acceso integrando barreras vehiculares de ACCESSPRO<\/p>\n<\/p><\/div>\n<\/p><\/div>\n<\/p><\/div>\n<div style='display: flex; flex-wrap: wrap; gap: 30px; margin-bottom: 30px;'>\n<div style='flex: 1 1 300px; min-width: 280px;'>\n<h3 style='font-size: 22px; border-bottom: 2px solid currentColor; padding-bottom: 5px; margin-top: 0; color: inherit; opacity: 0.8;'>Contenido del Curso<\/h3>\n<ul style='padding-left: 20px; font-size: 15px; color: inherit;'>\n<li style='margin-bottom: 5px;'>Conceptos b\u00e1sicos de Identificaci\u00f3n Vehicular<\/li>\n<li style='margin-bottom: 5px;'>C\u00f3mo funciona un controlador de ACCESO de ROSSLARE<\/li>\n<li style='margin-bottom: 5px;'>C\u00f3mo funciona la barrera Vehicular de ACCESSPRO<\/li>\n<li style='margin-bottom: 5px;'>Conexi\u00f3n de lector\/controlador de acceso\/ Barrera vehicular<\/li>\n<li style='margin-bottom: 5px;'>Administraci\u00f3n del sistema de acceso y visitantes (alta y funcionamiento)<\/li>\n<li style='margin-bottom: 5px;'>Operaci\u00f3n completa del sistema<\/li>\n<\/ul><\/div>\n<\/p><\/div>\n<hr style='border: 0; border-top: 1px solid rgba(150&comma; 150&comma; 150&comma; 0.3); margin: 30px 0;'> <\/div>\n","protected":false},"excerpt":{"rendered":"<p>Como Instalar y Administrar la  Soluci\u00f3n Vehicular de Accesspro y Rosslare- Curso Express SYSCOM<\/p>\n","protected":false},"featured_media":27651,"comment_status":"open","ping_status":"closed","template":"","meta":[],"product_brand":[],"product_cat":[764],"product_tag":[765,744,63],"class_list":{"0":"post-27652","1":"product","2":"type-product","3":"status-publish","4":"has-post-thumbnail","6":"product_cat-biometricos-acceso-sin-contacto","7":"product_tag-acceso-sin-contacto","8":"product_tag-biometricos","9":"product_tag-syscom","11":"first","12":"outofstock","13":"sale","14":"shipping-taxable","15":"purchasable","16":"product-type-simple"},"_links":{"self":[{"href":"https:\/\/soydeaqui.ddns.net\/pachuca\/index.php\/wp-json\/wp\/v2\/product\/27652","targetHints":{"allow":["GET"]}}],"collection":[{"href":"https:\/\/soydeaqui.ddns.net\/pachuca\/index.php\/wp-json\/wp\/v2\/product"}],"about":[{"href":"https:\/\/soydeaqui.ddns.net\/pachuca\/index.php\/wp-json\/wp\/v2\/types\/product"}],"replies":[{"embeddable":true,"href":"https:\/\/soydeaqui.ddns.net\/pachuca\/index.php\/wp-json\/wp\/v2\/comments?post=27652"}],"wp:featuredmedia":[{"embeddable":true,"href":"https:\/\/soydeaqui.ddns.net\/pachuca\/index.php\/wp-json\/wp\/v2\/media\/27651"}],"wp:attachment":[{"href":"https:\/\/soydeaqui.ddns.net\/pachuca\/index.php\/wp-json\/wp\/v2\/media?parent=27652"}],"wp:term":[{"taxonomy":"product_brand","embeddable":true,"href":"https:\/\/soydeaqui.ddns.net\/pachuca\/index.php\/wp-json\/wp\/v2\/product_brand?post=27652"},{"taxonomy":"product_cat","embeddable":true,"href":"https:\/\/soydeaqui.ddns.net\/pachuca\/index.php\/wp-json\/wp\/v2\/product_cat?post=27652"},{"taxonomy":"product_tag","embeddable":true,"href":"https:\/\/soydeaqui.ddns.net\/pachuca\/index.php\/wp-json\/wp\/v2\/product_tag?post=27652"}],"curies":[{"name":"wp","href":"https:\/\/api.w.org\/{rel}","templated":true}]}}