{"id":2764,"date":"2026-03-18T06:00:38","date_gmt":"2026-03-18T06:00:38","guid":{"rendered":"https:\/\/soydeaqui.ddns.net\/pachuca\/index.php\/producto\/maletin-funcional-demo-sistema-de-intercomunicacion-paciente-enfermera-solucion-wireless\/"},"modified":"2026-03-18T06:00:42","modified_gmt":"2026-03-18T06:00:42","slug":"maletin-funcional-demo-sistema-de-intercomunicacion-paciente-enfermera-solucion-wireless","status":"publish","type":"product","link":"https:\/\/soydeaqui.ddns.net\/pachuca\/index.php\/producto\/maletin-funcional-demo-sistema-de-intercomunicacion-paciente-enfermera-solucion-wireless\/","title":{"rendered":"Malet\u00edn Funcional Demo Sistema de Intercomunicaci\u00f3n  Paciente Enfermera \/ Solucion WIRELESS"},"content":{"rendered":"<div style='width: 100%; max-width: 1200px; margin: 0 auto; font-family: sans-serif; line-height: 1.6; color: inherit; background-color: transparent;'>\n<div style='text-align: center; padding: 20px;'>\n<h1 style='font-size: 28px; margin: 0 0 10px; color: inherit;'><strong>Malet\u00edn demo NX0600<\/strong><\/h1>\n<h3 style='font-size: 20px; margin: 0 0 20px; color: inherit;'>Especial para sistema de llamada paciente enfermera inal\u00e1mbrico<\/h3>\n<p style='margin: 0 auto; max-width: 800px; font-size: 15px; color: inherit;'>El demo incluye los accesorios b\u00e1sicos para una demostraci\u00f3n del sistema de llamada paciente enfermera de Ibernex.<\/p>\n<\/p><\/div>\n<hr style='border: 0; border-top: 1px solid rgba(150&comma; 150&comma; 150&comma; 0.3); margin: 30px 0;'>\n<div style='display: flex; flex-wrap: wrap; gap: 30px; margin-bottom: 30px;'>\n<div style='flex: 1 1 300px; min-width: 280px;'>\n<h3 style='font-size: 22px; border-bottom: 2px solid currentColor; padding-bottom: 5px; margin-top: 0; color: inherit; opacity: 0.8;'>Caracter\u00edsticas principales<\/h3>\n<ul style='padding-left: 20px; font-size: 15px; color: inherit;'>\n<li style='margin-bottom: 5px;'>Contiene todo lo necesario para realizar demos a clientes<\/li>\n<li style='margin-bottom: 5px;'>Dise\u00f1o compacto y ergon\u00f3mico<\/li>\n<li style='margin-bottom: 5px;'>Contiene terminales de cama y receptor de alertas inal\u00e1mbrico<\/li>\n<\/ul><\/div>\n<div style='flex: 1 1 300px; min-width: 280px;'>\n<h3 style='font-size: 22px; border-bottom: 2px solid currentColor; padding-bottom: 5px; margin-top: 0; color: inherit; opacity: 0.8;'>Beneficios del sistema<\/h3>\n<ul style='padding-left: 20px; font-size: 15px; color: inherit;'>\n<li style='margin-bottom: 5px;'>Conectividad sin cables para \u00f3ptima comunicaci\u00f3n<\/li>\n<li style='margin-bottom: 5px;'>Instalaci\u00f3n sin obra<\/li>\n<li style='margin-bottom: 5px;'>Materiales antibacterianos e impermeables<\/li>\n<li style='margin-bottom: 5px;'>Soluci\u00f3n port\u00e1til&comma; robusta y f\u00e1cil de usar<\/li>\n<li style='margin-bottom: 5px;'>Flexibilidad y adaptabilidad a diferentes necesidades<\/li>\n<li style='margin-bottom: 5px;'>Integraci\u00f3n con software Helpnex<\/li>\n<\/ul><\/div>\n<\/p><\/div>\n<div style='display: flex; flex-wrap: wrap; gap: 20px; margin-bottom: 30px;'>\n<div style='flex: 1 1 250px; border: 1px solid rgba(150&comma; 150&comma; 150&comma; 0.4); border-radius: 8px; overflow: hidden; display: flex; flex-direction: column;'>\n<div style='padding: 15px; border-bottom: 1px solid rgba(150&comma; 150&comma; 150&comma; 0.2); font-weight: bold; font-size: 18px; color: inherit;'>Productos incluidos<\/div>\n<div style='padding: 15px; color: inherit;'>\n<ul style='padding-left: 20px; margin: 0; font-size: 14px; list-style-type: disc;'>\n<li style='margin-bottom: 5px;'>Terminal NX8809 (cama inal\u00e1mbrico)<\/li>\n<li style='margin-bottom: 5px;'>Terminal NX8809\/B (ba\u00f1o inal\u00e1mbrico)<\/li>\n<li style='margin-bottom: 5px;'>Pulsador NX8809\/C<\/li>\n<li style='margin-bottom: 5px;'>Luz NX8820 (pasillo)<\/li>\n<li style='margin-bottom: 5px;'>R\u00f3tulo NX8834 (pasillo)<\/li>\n<li style='margin-bottom: 5px;'>Receptor NX8833 (pager port\u00e1til)<\/li>\n<\/ul><\/div>\n<\/p><\/div>\n<div style='flex: 1 1 250px; border: 1px solid rgba(150&comma; 150&comma; 150&comma; 0.4); border-radius: 8px; overflow: hidden; display: flex; flex-direction: column;'>\n<div style='padding: 15px; border-bottom: 1px solid rgba(150&comma; 150&comma; 150&comma; 0.2); font-weight: bold; font-size: 18px; color: inherit;'>Caracter\u00edsticas t\u00e9cnicas<\/div>\n<div style='padding: 15px; color: inherit;'>\n<ul style='padding-left: 20px; margin: 0; font-size: 14px; list-style-type: disc;'>\n<li style='margin-bottom: 5px;'>Tecnolog\u00eda RF sin interferencias<\/li>\n<li style='margin-bottom: 5px;'>Protecci\u00f3n IP54 e IP65<\/li>\n<li style='margin-bottom: 5px;'>Duraci\u00f3n bater\u00eda: 5 a\u00f1os<\/li>\n<li style='margin-bottom: 5px;'>Materiales antibacterianos<\/li>\n<li style='margin-bottom: 5px;'>Modos: software o aut\u00f3nomo<\/li>\n<li style='margin-bottom: 5px;'>Integraci\u00f3n con sistemas HIS o Resiplus<\/li>\n<\/ul><\/div>\n<\/p><\/div>\n<div style='flex: 1 1 250px; border: 1px solid rgba(150&comma; 150&comma; 150&comma; 0.4); border-radius: 8px; overflow: hidden; display: flex; flex-direction: column;'>\n<div style='padding: 15px; border-bottom: 1px solid rgba(150&comma; 150&comma; 150&comma; 0.2); font-weight: bold; font-size: 18px; color: inherit;'>Ventajas principales<\/div>\n<div style='padding: 15px; color: inherit;'>\n<ul style='padding-left: 20px; margin: 0; font-size: 14px; list-style-type: disc;'>\n<li style='margin-bottom: 5px;'>Robustez tecnol\u00f3gica<\/li>\n<li style='margin-bottom: 5px;'>Portabilidad y f\u00e1cil instalaci\u00f3n<\/li>\n<li style='margin-bottom: 5px;'>Amplio mercado objetivo<\/li>\n<li style='margin-bottom: 5px;'>Ahorro en costes de operatividad<\/li>\n<li style='margin-bottom: 5px;'>Integraci\u00f3n con software Helpnex<\/li>\n<li style='margin-bottom: 5px;'>Garant\u00eda 36 meses<\/li>\n<\/ul><\/div>\n<\/p><\/div>\n<\/p><\/div>\n<div style='margin-bottom: 30px;'>\n<h3 style='font-size: 22px; border-bottom: 2px solid currentColor; padding-bottom: 5px; margin-top: 0; color: inherit; opacity: 0.8;'>Funcionamiento en 4 pasos<\/h3>\n<ol style='padding-left: 20px; font-size: 15px; color: inherit;'>\n<li style='margin-bottom: 10px;'>Emisi\u00f3n de la alarma por parte del paciente\/residente<\/li>\n<li style='margin-bottom: 10px;'>Recepci\u00f3n de la alarma en dispositivos del personal<\/li>\n<li style='margin-bottom: 10px;'>Asistencia y atenci\u00f3n de la alarma<\/li>\n<li style='margin-bottom: 10px;'>Generaci\u00f3n de informes con software Helpnex<\/li>\n<\/ol><\/div>\n<div style='display: flex; flex-wrap: wrap; gap: 20px; margin-bottom: 30px;'>\n<div style='flex: 1 1 250px; border: 1px solid rgba(150&comma; 150&comma; 150&comma; 0.4); border-radius: 8px; overflow: hidden; display: flex; flex-direction: column;'>\n<div style='padding: 15px; border-bottom: 1px solid rgba(150&comma; 150&comma; 150&comma; 0.2); font-weight: bold; font-size: 18px; color: inherit;'>Aplicaciones<\/div>\n<div style='padding: 15px; color: inherit;'>\n<ul style='padding-left: 20px; margin: 0; font-size: 14px; list-style-type: disc;'>\n<li style='margin-bottom: 5px;'>Centros residenciales<\/li>\n<li style='margin-bottom: 5px;'>Centros hospitalarios<\/li>\n<li style='margin-bottom: 5px;'>Reformas y rehabilitaciones<\/li>\n<li style='margin-bottom: 5px;'>Centros con sistemas preexistentes<\/li>\n<\/ul><\/div>\n<\/p><\/div>\n<div style='flex: 1 1 250px; border: 1px solid rgba(150&comma; 150&comma; 150&comma; 0.4); border-radius: 8px; overflow: hidden; display: flex; flex-direction: column;'>\n<div style='padding: 15px; border-bottom: 1px solid rgba(150&comma; 150&comma; 150&comma; 0.2); font-weight: bold; font-size: 18px; color: inherit;'>Certificaciones<\/div>\n<div style='padding: 15px; color: inherit;'>\n<ul style='padding-left: 20px; margin: 0; font-size: 14px; list-style-type: disc;'>\n<li style='margin-bottom: 5px;'>ISO 9001<\/li>\n<li style='margin-bottom: 5px;'>IATF 16949<\/li>\n<li style='margin-bottom: 5px;'>Marcado CE<\/li>\n<\/ul><\/div>\n<\/p><\/div>\n<\/p><\/div>\n<hr style='border: 0; border-top: 1px solid rgba(150&comma; 150&comma; 150&comma; 0.3); margin: 30px 0;'>\n<div style='text-align: center; padding: 20px;'>\n<p style='font-size: 14px; color: inherit;'>IBERNEX&comma; C\/ Ala\u00fan 14 &#8211; nave 11&comma; 50197 Zaragoza&comma; Espa\u00f1a<\/p>\n<p style='font-size: 14px; color: inherit;'>Tel 902 106 730 \/ +34 976 794 226 \u2022 Fax. 902 104 806 \/ +34 976 233 366<\/p>\n<p style='font-size: 14px; color: inherit;'>Ibernex@ibernex.es \u2022 www.ibernex.es<\/p>\n<p style='font-size: 14px; color: inherit; margin-top: 10px;'>\u00a92018 Ibernex Ingenier\u00eda S.L. Todos los derechos reservados.<\/p>\n<\/p><\/div>\n<\/p><\/div>\n","protected":false},"excerpt":{"rendered":"<p>Malet\u00edn Funcional Demo Sistema de Intercomunicaci\u00f3n  Paciente Enfermera \/ Solucion WIRELESS<\/p>\n","protected":false},"featured_media":2763,"comment_status":"open","ping_status":"closed","template":"","meta":[],"product_brand":[],"product_cat":[151],"product_tag":[152,153,126],"class_list":{"0":"post-2764","1":"product","2":"type-product","3":"status-publish","4":"has-post-thumbnail","6":"product_cat-atencion-sociosanitaria","7":"product_tag-atencion-sociosanitaria","8":"product_tag-ibernex","9":"product_tag-sistemas-de-emergencia","11":"first","12":"instock","13":"sale","14":"shipping-taxable","15":"purchasable","16":"product-type-simple"},"_links":{"self":[{"href":"https:\/\/soydeaqui.ddns.net\/pachuca\/index.php\/wp-json\/wp\/v2\/product\/2764","targetHints":{"allow":["GET"]}}],"collection":[{"href":"https:\/\/soydeaqui.ddns.net\/pachuca\/index.php\/wp-json\/wp\/v2\/product"}],"about":[{"href":"https:\/\/soydeaqui.ddns.net\/pachuca\/index.php\/wp-json\/wp\/v2\/types\/product"}],"replies":[{"embeddable":true,"href":"https:\/\/soydeaqui.ddns.net\/pachuca\/index.php\/wp-json\/wp\/v2\/comments?post=2764"}],"wp:featuredmedia":[{"embeddable":true,"href":"https:\/\/soydeaqui.ddns.net\/pachuca\/index.php\/wp-json\/wp\/v2\/media\/2763"}],"wp:attachment":[{"href":"https:\/\/soydeaqui.ddns.net\/pachuca\/index.php\/wp-json\/wp\/v2\/media?parent=2764"}],"wp:term":[{"taxonomy":"product_brand","embeddable":true,"href":"https:\/\/soydeaqui.ddns.net\/pachuca\/index.php\/wp-json\/wp\/v2\/product_brand?post=2764"},{"taxonomy":"product_cat","embeddable":true,"href":"https:\/\/soydeaqui.ddns.net\/pachuca\/index.php\/wp-json\/wp\/v2\/product_cat?post=2764"},{"taxonomy":"product_tag","embeddable":true,"href":"https:\/\/soydeaqui.ddns.net\/pachuca\/index.php\/wp-json\/wp\/v2\/product_tag?post=2764"}],"curies":[{"name":"wp","href":"https:\/\/api.w.org\/{rel}","templated":true}]}}