{"id":27636,"date":"2026-03-18T12:40:13","date_gmt":"2026-03-18T12:40:13","guid":{"rendered":"https:\/\/soydeaqui.ddns.net\/pachuca\/index.php\/producto\/telefono-ip-profesional-para-hoteleria-montaje-en-pared-teclado-numerico-estandar-conferencia-de-3-vias-opus-y-poe\/"},"modified":"2026-03-18T12:40:21","modified_gmt":"2026-03-18T12:40:21","slug":"telefono-ip-profesional-para-hoteleria-montaje-en-pared-teclado-numerico-estandar-conferencia-de-3-vias-opus-y-poe","status":"publish","type":"product","link":"https:\/\/soydeaqui.ddns.net\/pachuca\/index.php\/producto\/telefono-ip-profesional-para-hoteleria-montaje-en-pared-teclado-numerico-estandar-conferencia-de-3-vias-opus-y-poe\/","title":{"rendered":"Tel\u00e9fono IP profesional para Hoteler\u00eda, montaje en pared,  teclado num\u00e9rico est\u00e1ndar, conferencia de 3 v\u00edas, Opus y PoE."},"content":{"rendered":"<div style='width: 100%; max-width: 1200px; margin: 0 auto; font-family: sans-serif; line-height: 1.6; color: inherit; background-color: transparent;'> <!-- Imagen del producto --> <\/p>\n<div style='display: flex; flex-wrap: wrap; gap: 30px; margin-bottom: 30px;'>\n<div style='flex: 1 1 300px; min-width: 280px;'> <img style='width: 100%; height: auto; border: 1px solid rgba(150&comma;150&comma;150&comma;0.3); border-radius: 8px;' src='https:\/\/ftp3.syscom.mx\/usuarios\/fotos\/H2U\/188141-fanvil_h2u_compact_ip_phone_(2).gif' alt='Tel\u00e9fono IP Hotelero Fanvil H2U'> <\/div>\n<div style='flex: 1 1 300px; min-width: 280px;'>\n<h2 style='font-size: 22px; border-bottom: 2px solid currentColor; padding-bottom: 5px; margin-top: 0; color: inherit; opacity: 0.8;'>Tel\u00e9fono IP Hotelero<\/h2>\n<p style='color: inherit;'>El tel\u00e9fono de servicio para hoteleria.<\/p>\n<ul style='padding-left: 20px; font-size: 15px; color: inherit;'>\n<li style='margin-bottom: 5px;'><strong>Audio HD<\/strong> con codec G.722 y <strong>Opus<\/strong><\/li>\n<li style='margin-bottom: 5px;'><strong>2 l\u00edneas SIP<\/strong><\/li>\n<li style='margin-bottom: 5px;'><strong>Puerto 10\/100<\/strong> con PoE<\/li>\n<li style='margin-bottom: 5px;'><strong>Conferencia de 3 v\u00edas<\/strong><\/li>\n<li style='margin-bottom: 5px;'><strong>Instalaci\u00f3n<\/strong> en pared o mesa<\/li>\n<li style='margin-bottom: 5px;'><strong>10 botones de marcado<\/strong> y una tecla DSS programable<\/li>\n<li style='margin-bottom: 5px;'><strong>OpenVPN<\/strong><\/li>\n<\/ul><\/div>\n<\/p><\/div>\n<p> <!-- Secci\u00f3n de caracter\u00edsticas --> <\/p>\n<div style='display: flex; flex-wrap: wrap; gap: 30px; margin-bottom: 30px;'>\n<div style='flex: 1 1 250px; border: 1px solid rgba(150&comma; 150&comma; 150&comma; 0.4); border-radius: 8px; overflow: hidden; display: flex; flex-direction: column;'>\n<div style='padding: 15px; border-bottom: 1px solid rgba(150&comma; 150&comma; 150&comma; 0.2); font-weight: bold; font-size: 18px; color: inherit;'>Caracter\u00edsticas principales<\/div>\n<div style='padding: 15px; color: inherit;'>\n<ul style='padding-left: 20px; margin: 0; font-size: 14px; list-style-type: disc;'>\n<li style='margin-bottom: 5px;'><strong>2 l\u00edneas SIP<\/strong><\/li>\n<li style='margin-bottom: 5px;'><strong>Voz HD<\/strong><\/li>\n<li style='margin-bottom: 5px;'><strong>PoE<\/strong><\/li>\n<li style='margin-bottom: 5px;'><strong>Modo manos libres<\/strong><\/li>\n<li style='margin-bottom: 5px;'><strong>Teclas inteligentes DSS<\/strong><\/li>\n<li style='margin-bottom: 5px;'><strong>Montaje<\/strong> en pared o mesa<\/li>\n<li style='margin-bottom: 5px;'><strong>Soporta Opus<\/strong><\/li>\n<li style='margin-bottom: 5px;'><strong>Compatible con<\/strong> Asterisk&comma; Broadsoft&comma; 3CX&comma; Metaswitch&comma; Elastix&comma; Avaya etc.<\/li>\n<li style='margin-bottom: 5px;'><strong>Garant\u00eda:<\/strong> 1 a\u00f1o<\/li>\n<\/ul><\/div>\n<\/p><\/div>\n<div style='flex: 1 1 250px; border: 1px solid rgba(150&comma; 150&comma; 150&comma; 0.4); border-radius: 8px; overflow: hidden; display: flex; flex-direction: column;'>\n<div style='padding: 15px; border-bottom: 1px solid rgba(150&comma; 150&comma; 150&comma; 0.2); font-weight: bold; font-size: 18px; color: inherit;'>Caracter\u00edsticas F\u00edsicas y El\u00e9ctricas<\/div>\n<div style='padding: 15px; color: inherit;'>\n<ul style='padding-left: 20px; margin: 0; font-size: 14px; list-style-type: disc;'>\n<li style='margin-bottom: 5px;'><strong>Alimentaci\u00f3n<\/strong> v\u00eda PoE o 5V y 2A (<strong>No incluye fuente DC<\/strong>)<\/li>\n<li style='margin-bottom: 5px;'><strong>1 puerto RJ45<\/strong><\/li>\n<li style='margin-bottom: 5px;'><strong>Material:<\/strong> pl\u00e1stico<\/li>\n<li style='margin-bottom: 5px;'><strong>Temperatura de operaci\u00f3n:<\/strong> 0\u00ba ~ 45\u00ba C<\/li>\n<\/ul><\/div>\n<\/p><\/div>\n<div style='flex: 1 1 250px; border: 1px solid rgba(150&comma; 150&comma; 150&comma; 0.4); border-radius: 8px; overflow: hidden; display: flex; flex-direction: column;'>\n<div style='padding: 15px; border-bottom: 1px solid rgba(150&comma; 150&comma; 150&comma; 0.2); font-weight: bold; font-size: 18px; color: inherit;'>Caracter\u00edsticas de Red<\/div>\n<div style='padding: 15px; color: inherit;'>\n<ul style='padding-left: 20px; margin: 0; font-size: 14px; list-style-type: disc;'>\n<li style='margin-bottom: 5px;'><strong>Puerto de red<\/strong> 10\/100Mbps<\/li>\n<li style='margin-bottom: 5px;'><strong>VPN:<\/strong> L2TP \/ OpenVPN<\/li>\n<li style='margin-bottom: 5px;'><strong>VLAN<\/strong><\/li>\n<li style='margin-bottom: 5px;'><strong>LLDP<\/strong><\/li>\n<li style='margin-bottom: 5px;'><strong>IPv4\/IPv6\/IPv4&#038;IPv6<\/strong><\/li>\n<li style='margin-bottom: 5px;'><strong>SIP 2.0<\/strong> sobre UDP\/TCP\/TLS<\/li>\n<li style='margin-bottom: 5px;'><strong>PPPoE<\/strong><\/li>\n<li style='margin-bottom: 5px;'><strong>QoS<\/strong><\/li>\n<\/ul><\/div>\n<\/p><\/div>\n<\/p><\/div>\n<p> <!-- Separador --> <\/p>\n<hr style='border: 0; border-top: 1px solid rgba(150&comma; 150&comma; 150&comma; 0.3); margin: 30px 0;'> <\/div>\n","protected":false},"excerpt":{"rendered":"<p>Tel\u00e9fono IP profesional para Hoteler\u00eda, montaje en pared,  teclado num\u00e9rico est\u00e1ndar, conferencia de 3 v\u00edas, Opus y PoE.<\/p>\n","protected":false},"featured_media":27635,"comment_status":"open","ping_status":"closed","template":"","meta":[],"product_brand":[],"product_cat":[907],"product_tag":[859,908,557],"class_list":{"0":"post-27636","1":"product","2":"type-product","3":"status-publish","4":"has-post-thumbnail","6":"product_cat-interfones","7":"product_tag-fanvil","8":"product_tag-interfones","9":"product_tag-videoporteros-e-interfonos","11":"first","12":"instock","13":"sale","14":"shipping-taxable","15":"purchasable","16":"product-type-simple"},"_links":{"self":[{"href":"https:\/\/soydeaqui.ddns.net\/pachuca\/index.php\/wp-json\/wp\/v2\/product\/27636","targetHints":{"allow":["GET"]}}],"collection":[{"href":"https:\/\/soydeaqui.ddns.net\/pachuca\/index.php\/wp-json\/wp\/v2\/product"}],"about":[{"href":"https:\/\/soydeaqui.ddns.net\/pachuca\/index.php\/wp-json\/wp\/v2\/types\/product"}],"replies":[{"embeddable":true,"href":"https:\/\/soydeaqui.ddns.net\/pachuca\/index.php\/wp-json\/wp\/v2\/comments?post=27636"}],"wp:featuredmedia":[{"embeddable":true,"href":"https:\/\/soydeaqui.ddns.net\/pachuca\/index.php\/wp-json\/wp\/v2\/media\/27635"}],"wp:attachment":[{"href":"https:\/\/soydeaqui.ddns.net\/pachuca\/index.php\/wp-json\/wp\/v2\/media?parent=27636"}],"wp:term":[{"taxonomy":"product_brand","embeddable":true,"href":"https:\/\/soydeaqui.ddns.net\/pachuca\/index.php\/wp-json\/wp\/v2\/product_brand?post=27636"},{"taxonomy":"product_cat","embeddable":true,"href":"https:\/\/soydeaqui.ddns.net\/pachuca\/index.php\/wp-json\/wp\/v2\/product_cat?post=27636"},{"taxonomy":"product_tag","embeddable":true,"href":"https:\/\/soydeaqui.ddns.net\/pachuca\/index.php\/wp-json\/wp\/v2\/product_tag?post=27636"}],"curies":[{"name":"wp","href":"https:\/\/api.w.org\/{rel}","templated":true}]}}