{"id":27623,"date":"2026-03-18T12:39:55","date_gmt":"2026-03-18T12:39:55","guid":{"rendered":"https:\/\/soydeaqui.ddns.net\/pachuca\/index.php\/producto\/lector-de-huella-morphowave-compact-md-ip65-poe-mifare-desfire\/"},"modified":"2026-03-18T12:40:01","modified_gmt":"2026-03-18T12:40:01","slug":"lector-de-huella-morphowave-compact-md-ip65-poe-mifare-desfire","status":"publish","type":"product","link":"https:\/\/soydeaqui.ddns.net\/pachuca\/index.php\/producto\/lector-de-huella-morphowave-compact-md-ip65-poe-mifare-desfire\/","title":{"rendered":"Lector de huella MorphoWave Compact MD\/ IP65 \/ PoE, MIFARE \/ DESFire."},"content":{"rendered":"<div style='width: 100%; max-width: 1200px; margin: 0 auto; font-family: sans-serif; line-height: 1.6; color: inherit; background-color: transparent;'>\n<div style='display: flex; flex-direction: column; gap: 20px;'>\n<div>\n<h3 style='font-size: 24px; border-bottom: 2px solid currentColor; padding-bottom: 5px; margin-top: 0; color: inherit; opacity: 0.8;'>MorphoWave \u2122 Compact by IDEMIA es la \u00faltima incorporaci\u00f3n a IDEMIA<\/h3>\n<p>Gama de lectores para control de acceso biom\u00e9trico sin fricci\u00f3n. Esta obra maestra de ingenier\u00eda ofrece el rendimiento galardonado y probado en el campo de Tecnolog\u00eda de huellas dactilares 3D sin contacto MorphoWave \u2122 en un dise\u00f1o compacto y elegante<\/p>\n<p>Dispositivo de pared&comma; adecuado para cualquier ubicaci\u00f3n.<\/p>\n<p>La tecnolog\u00eda de huellas dactilares 3D sin contacto de MorphoWave \u2122 est\u00e1 dise\u00f1ada para el mundo real.<\/p>\n<\/p><\/div>\n<div style='display: grid; grid-template-columns: repeat(auto-fill&comma; minmax(280px&comma; 1fr)); gap: 20px;'>\n<div style='border: 1px solid rgba(150&comma; 150&comma; 150&comma; 0.4); border-radius: 8px; padding: 15px;'>\n<h4 style='margin-top: 0; margin-bottom: 10px; font-size: 18px; color: inherit; opacity: 0.9;'>Caracter\u00edsticas principales<\/h4>\n<ul style='padding-left: 20px; margin: 0; font-size: 14px; list-style-type: disc; color: inherit;'>\n<li style='margin-bottom: 5px;'>Captura 4 dedos en la mano derecha o izquierda&comma; en cualquier direcci\u00f3n<\/li>\n<li style='margin-bottom: 5px;'>Inmune a factores ambientales (luz externa&comma; polvo)<\/li>\n<li style='margin-bottom: 5px;'>Copes con dedos h\u00famedos y secos<\/li>\n<li style='margin-bottom: 5px;'>No quedan impresiones latentes en el esc\u00e1ner<\/li>\n<li style='margin-bottom: 5px;'>Mitiga las preocupaciones de higiene<\/li>\n<\/ul><\/div>\n<div style='border: 1px solid rgba(150&comma; 150&comma; 150&comma; 0.4); border-radius: 8px; padding: 15px;'>\n<h4 style='margin-top: 0; margin-bottom: 10px; font-size: 18px; color: inherit; opacity: 0.9;'>Aplicaciones<\/h4>\n<p style='margin: 0; color: inherit;'>La galardonada tecnolog\u00eda MorphoWave \u2122 se ha convertido en el punto de referencia en fricci\u00f3n de acceso&comma; asegurando puntos de acceso de alto tr\u00e1fico en las instituciones financieras m\u00e1s grandes del mundo&comma; instalaciones de infraestructura&comma; universidades y organizaciones sanitarias.<\/p>\n<\/p><\/div>\n<\/p><\/div>\n<div style='display: flex; flex-wrap: wrap; gap: 20px;'>\n<div style='flex: 1 1 300px; min-width: 280px;'>\n<h4 style='font-size: 20px; border-bottom: 2px solid currentColor; padding-bottom: 5px; margin-top: 0; color: inherit; opacity: 0.8;'>Especificaciones t\u00e9cnicas<\/h4>\n<ul style='padding-left: 20px; margin: 0; font-size: 14px; list-style-type: disc; color: inherit;'>\n<li style='margin-bottom: 5px;'><strong>CPU:<\/strong> Nvidia ARM Cortex-A15 QuadCore 2.1GHz<\/li>\n<li style='margin-bottom: 5px;'><strong>Pantalla:<\/strong> T\u00e1ctil capacitiva de color WVGA de 4.3&#8221;<\/li>\n<li style='margin-bottom: 5px;'><strong>Audio:<\/strong> Altavoz y micr\u00f3fono. Funci\u00f3n de intercomunicaci\u00f3n<\/li>\n<li style='margin-bottom: 5px;'><strong>Multimedia:<\/strong> Reproductor de audio y video<\/li>\n<li style='margin-bottom: 5px;'><strong>Sensor:<\/strong> Huellas dactilares sin contacto&comma; Detecci\u00f3n de presencia manual&comma; Capacidad de escaneo de c\u00f3digos QR<\/li>\n<li style='margin-bottom: 5px;'><strong>Lector sin contacto:<\/strong> Opciones: MIFARE \/ DESFire<\/li>\n<li style='margin-bottom: 5px;'><strong>Seguridad:<\/strong> Interruptores de sabotaje<\/li>\n<\/ul><\/div>\n<div style='flex: 1 1 300px; min-width: 280px;'>\n<h4 style='font-size: 20px; border-bottom: 2px solid currentColor; padding-bottom: 5px; margin-top: 0; color: inherit; opacity: 0.8;'>Almacenamiento<\/h4>\n<ul style='padding-left: 20px; margin: 0; font-size: 14px; list-style-type: disc; color: inherit;'>\n<li style='margin-bottom: 5px;'><strong>Memoria:<\/strong> 16GB Flash&comma; 2GB RAM<\/li>\n<li style='margin-bottom: 5px;'><strong>Usuarios:<\/strong> 20&comma;000 registros (2 * 4 dedos cada uno) para identificaci\u00f3n 1:N<\/li>\n<li style='margin-bottom: 5px;'><strong>Capacidad ampliable:<\/strong> Hasta 40&comma;000 con licencias (4)<\/li>\n<li style='margin-bottom: 5px;'><strong>Lista de usuarios:<\/strong> 250&comma;000 ID autorizados<\/li>\n<li style='margin-bottom: 5px;'><strong>Registros:<\/strong> 1 mill\u00f3n de transacciones<\/li>\n<\/ul><\/div>\n<div style='flex: 1 1 300px; min-width: 280px;'>\n<h4 style='font-size: 20px; border-bottom: 2px solid currentColor; padding-bottom: 5px; margin-top: 0; color: inherit; opacity: 0.8;'>Conectividad<\/h4>\n<ul style='padding-left: 20px; margin: 0; font-size: 14px; list-style-type: disc; color: inherit;'>\n<li style='margin-bottom: 5px;'><strong>Red:<\/strong> Ethernet&comma; RS485&comma; RS422&comma; USB<\/li>\n<li style='margin-bottom: 5px;'><strong>Opciones:<\/strong> Wi-Fi y 4G<\/li>\n<li style='margin-bottom: 5px;'><strong>Entradas\/Salidas:<\/strong> Wiegand In &#038; Out (personalizable hasta 512 bits)&comma; rel\u00e9 de puerta&comma; 3 GPI (incluyendo monitoreo de puerta)&comma; 3 GPO<\/li>\n<li style='margin-bottom: 5px;'><strong>Alimentaci\u00f3n:<\/strong> 12 a 24 V DC (2.5A min @ 12V) Alimentaci\u00f3n a trav\u00e9s de Ethernet con conmutadores PoE+<\/li>\n<\/ul><\/div>\n<div style='flex: 1 1 300px; min-width: 280px;'>\n<h4 style='font-size: 20px; border-bottom: 2px solid currentColor; padding-bottom: 5px; margin-top: 0; color: inherit; opacity: 0.8;'>Especificaciones f\u00edsicas<\/h4>\n<ul style='padding-left: 20px; margin: 0; font-size: 14px; list-style-type: disc; color: inherit;'>\n<li style='margin-bottom: 5px;'><strong>Temperatura:<\/strong> -10 \u00b0C a 55 \u00b0C (14 \u00b0F a 131 \u00b0F)<\/li>\n<li style='margin-bottom: 5px;'><strong>Humedad:<\/strong> 10% a 95% (sin condensaci\u00f3n)<\/li>\n<li style='margin-bottom: 5px;'><strong>Protecci\u00f3n:<\/strong> IP65 bajo techo<\/li>\n<li style='margin-bottom: 5px;'><strong>Dimensiones:<\/strong> 250 * 152 * 216 mm (9.9 * 6 * 8.5 pulg.)<\/li>\n<li style='margin-bottom: 5px;'><strong>Peso:<\/strong> 2.2 kg (4.85 lb.)<\/li>\n<\/ul><\/div>\n<div style='flex: 1 1 300px; min-width: 280px;'>\n<h4 style='font-size: 20px; border-bottom: 2px solid currentColor; padding-bottom: 5px; margin-top: 0; color: inherit; opacity: 0.8;'>Certificaciones<\/h4>\n<ul style='padding-left: 20px; margin: 0; font-size: 14px; list-style-type: disc; color: inherit;'>\n<li style='margin-bottom: 5px;'>CE<\/li>\n<li style='margin-bottom: 5px;'>CB<\/li>\n<li style='margin-bottom: 5px;'>FCC<\/li>\n<li style='margin-bottom: 5px;'>Cumple con RoHS&comma; REACh y WEEE<\/li>\n<\/ul><\/div>\n<div style='flex: 1 1 300px; min-width: 280px;'>\n<h4 style='font-size: 20px; border-bottom: 2px solid currentColor; padding-bottom: 5px; margin-top: 0; color: inherit; opacity: 0.8;'>Software<\/h4>\n<p style='margin: 0 0 10px 0; color: inherit;'><strong>Morpho Manager licenciado<\/strong><\/p>\n<ul style='padding-left: 20px; margin: 0; font-size: 14px; list-style-type: disc; color: inherit;'>\n<li style='margin-bottom: 5px;'>Gratuito para 5 terminales<\/li>\n<li style='margin-bottom: 5px;'>Licencia de 10 terminales modelo A00070702<\/li>\n<li style='margin-bottom: 5px;'>Licencia de 20 terminales modelo A00070703<\/li>\n<li style='margin-bottom: 5px;'>Licencia de 50 terminales modelo A00070704<\/li>\n<li style='margin-bottom: 5px;'>Licencia de 100 terminales modelo A00070707<\/li>\n<\/ul><\/div>\n<\/p><\/div>\n<div style='margin-top: 30px;'>\n<div style='position: relative; padding-bottom: 56.25%; height: 0; overflow: hidden;'>   <\/div>\n<\/p><\/div>\n<\/p><\/div>\n<\/p><\/div>\n","protected":false},"excerpt":{"rendered":"<p>Lector de huella MorphoWave Compact MD\/ IP65 \/ PoE, MIFARE \/ DESFire.<\/p>\n","protected":false},"featured_media":27622,"comment_status":"open","ping_status":"closed","template":"","meta":[],"product_brand":[],"product_cat":[806],"product_tag":[744,794,807],"class_list":{"0":"post-27623","1":"product","2":"type-product","3":"status-publish","4":"has-post-thumbnail","6":"product_cat-para-control-de-acceso","7":"product_tag-biometricos","8":"product_tag-idemia-morpho","9":"product_tag-para-control-de-acceso","11":"first","12":"outofstock","13":"sale","14":"shipping-taxable","15":"purchasable","16":"product-type-simple"},"_links":{"self":[{"href":"https:\/\/soydeaqui.ddns.net\/pachuca\/index.php\/wp-json\/wp\/v2\/product\/27623","targetHints":{"allow":["GET"]}}],"collection":[{"href":"https:\/\/soydeaqui.ddns.net\/pachuca\/index.php\/wp-json\/wp\/v2\/product"}],"about":[{"href":"https:\/\/soydeaqui.ddns.net\/pachuca\/index.php\/wp-json\/wp\/v2\/types\/product"}],"replies":[{"embeddable":true,"href":"https:\/\/soydeaqui.ddns.net\/pachuca\/index.php\/wp-json\/wp\/v2\/comments?post=27623"}],"wp:featuredmedia":[{"embeddable":true,"href":"https:\/\/soydeaqui.ddns.net\/pachuca\/index.php\/wp-json\/wp\/v2\/media\/27622"}],"wp:attachment":[{"href":"https:\/\/soydeaqui.ddns.net\/pachuca\/index.php\/wp-json\/wp\/v2\/media?parent=27623"}],"wp:term":[{"taxonomy":"product_brand","embeddable":true,"href":"https:\/\/soydeaqui.ddns.net\/pachuca\/index.php\/wp-json\/wp\/v2\/product_brand?post=27623"},{"taxonomy":"product_cat","embeddable":true,"href":"https:\/\/soydeaqui.ddns.net\/pachuca\/index.php\/wp-json\/wp\/v2\/product_cat?post=27623"},{"taxonomy":"product_tag","embeddable":true,"href":"https:\/\/soydeaqui.ddns.net\/pachuca\/index.php\/wp-json\/wp\/v2\/product_tag?post=27623"}],"curies":[{"name":"wp","href":"https:\/\/api.w.org\/{rel}","templated":true}]}}