{"id":27620,"date":"2026-03-18T12:39:52","date_gmt":"2026-03-18T12:39:52","guid":{"rendered":"https:\/\/soydeaqui.ddns.net\/pachuca\/index.php\/producto\/operador-para-puertas-corredizas-de-900-kg-y-hasta-30-metros-operador-para-aplicaciones-industriales-de-uso-continuo-con-6-metros-de-cadena-50-incluidos\/"},"modified":"2026-03-18T12:39:52","modified_gmt":"2026-03-18T12:39:52","slug":"operador-para-puertas-corredizas-de-900-kg-y-hasta-30-metros-operador-para-aplicaciones-industriales-de-uso-continuo-con-6-metros-de-cadena-50-incluidos","status":"publish","type":"product","link":"https:\/\/soydeaqui.ddns.net\/pachuca\/index.php\/producto\/operador-para-puertas-corredizas-de-900-kg-y-hasta-30-metros-operador-para-aplicaciones-industriales-de-uso-continuo-con-6-metros-de-cadena-50-incluidos\/","title":{"rendered":"Operador Para Puertas Corredizas de 900 kg y Hasta 30 Metros \/ Operador Para Aplicaciones Industriales de Uso Continuo \/ Con 6 Metros de Cadena #50 Incluidos"},"content":{"rendered":"<div style='width: 100%; max-width: 1200px; margin: 0 auto; font-family: sans-serif; line-height: 1.6; color: inherit; background-color: transparent;'>\n<div style='display: flex; flex-wrap: wrap; gap: 30px; margin-bottom: 30px;'>\n<div style='flex: 1 1 300px; min-width: 280px;'>\n<div style='border-left: 5px solid #0091ff; border-radius: 5px; padding: 5px; box-shadow: 2px 2px 10px rgba(216&comma;216&comma;216&comma;0.5);'> <strong style='font-size: 16px; color: inherit; opacity: 0.9;'>Caracter\u00edsticas principales:<\/strong> <\/p>\n<ul style='padding-left: 20px; margin-top: 10px; color: inherit; font-size: 14px;'>\n<li style='margin-bottom: 5px;'>Peso m\u00e1ximo soportado 900 kg.<\/li>\n<li style='margin-bottom: 5px;'>Longitud m\u00e1xima de la puerta 30 m.<\/li>\n<li style='margin-bottom: 5px;'>Operador de uso continuo.<\/li>\n<\/ul><\/div>\n<\/p><\/div>\n<div style='flex: 1 1 300px; min-width: 280px;'>\n<div style='border-left: 5px solid #0091ff; border-radius: 5px; padding: 5px; box-shadow: 2px 2px 10px rgba(216&comma;216&comma;216&comma;0.5);'> <strong style='font-size: 16px; color: inherit; opacity: 0.9;'>Caracter\u00edsticas F\u00edsicas y El\u00e9ctricas:<\/strong> <\/p>\n<ul style='padding-left: 20px; margin-top: 10px; color: inherit; font-size: 14px;'>\n<li style='margin-bottom: 5px;'>Alimentaci\u00f3n 115Vac.<\/li>\n<li style='margin-bottom: 5px;'>Consumo de corriente 9.7 Amp.<\/li>\n<li style='margin-bottom: 5px;'>Potencia del motor de 1 Hp<\/li>\n<\/ul><\/div>\n<\/p><\/div>\n<div style='flex: 1 1 300px; min-width: 280px;'>\n<div style='border-left: 5px solid #0091ff; border-radius: 5px; padding: 5px; box-shadow: 2px 2px 10px rgba(216&comma;216&comma;216&comma;0.5);'> <strong style='font-size: 16px; color: inherit; opacity: 0.9;'>Caracter\u00edsticas Destacadas:<\/strong> <\/p>\n<ul style='padding-left: 20px; margin-top: 10px; color: inherit; font-size: 14px;'>\n<li style='margin-bottom: 5px;'>Dos salidas de voltaje para conexi\u00f3n de accesorios.<\/li>\n<li style='margin-bottom: 5px;'>Dos puertos para sensores de masa<\/li>\n<li style='margin-bottom: 5px;'>Clases de operaci\u00f3n III y IV.<\/li>\n<\/ul><\/div>\n<\/p><\/div>\n<\/p><\/div>\n<hr style='border: 0; border-top: 1px solid rgba(150&comma; 150&comma; 150&comma; 0.3); margin: 30px 0;'>\n<div style='display: flex; flex-wrap: wrap; gap: 30px; margin-bottom: 30px;'>\n<div style='flex: 1 1 300px; min-width: 280px;'>\n<h3 style='font-size: 20px; margin-top: 0; color: inherit; opacity: 0.9;'>Operador para puertas corredizas de 900 kg y hasta 30 metros de uso continuo<\/h3>\n<h3 style='font-size: 18px; margin-top: 20px; color: inherit; opacity: 0.9;'>Caracter\u00edsticas:<\/h3>\n<ul style='padding-left: 20px; color: inherit; font-size: 14px;'>\n<li style='margin-bottom: 5px;'>L\u00edmites de carrera ajustables&comma; para un movimiento preciso.<\/li>\n<li style='margin-bottom: 5px;'>Programaci\u00f3n de funciones por medio de switches DIP.<\/li>\n<li style='margin-bottom: 5px;'>Interruptor de encendido y apagado incorporado.<\/li>\n<li style='margin-bottom: 5px;'>Dos salidas de voltaje para accesorios.<\/li>\n<li style='margin-bottom: 5px;'>Dos puertos para sensores de masa Doorking (Se adquieren por separado).<\/li>\n<\/ul>\n<h3 style='font-size: 18px; margin-top: 20px; color: inherit; opacity: 0.9;'>Notas adicionales:<\/h3>\n<ul style='padding-left: 20px; color: inherit; font-size: 14px;'>\n<li style='margin-bottom: 5px;'>El equipo incluye 6 metros de cadena&comma; para aplicaciones de puertas de mayor longitud es necesario adquirir tramos adicionales.<\/li>\n<li style='margin-bottom: 5px;'>La cadena compatible es el modelo <strong style='color: inherit;'>2600-485<\/strong> (#50)&comma; se vende por tramos de 6 metros.<\/li>\n<li style='margin-bottom: 5px;'>Equipo con 5 a\u00f1os de garant\u00eda contra defectos de fabricaci\u00f3n.<\/li>\n<\/ul><\/div>\n<div style='flex: 1 1 300px; min-width: 280px;'> <img style='width: 100%; height: auto; border: 1px solid rgba(150&comma;150&comma;150&comma;0.3); border-radius: 8px;' src='https:\/\/ftp3.syscom.mx\/usuarios\/fotos\/9210380\/187979-9210_medidas.jpg' alt=''> <\/div>\n<\/p><\/div>\n<hr style='border: 0; border-top: 1px solid rgba(150&comma; 150&comma; 150&comma; 0.3); margin: 30px 0;'>\n<p style='text-align: center; margin: 30px 0; font-size: 14px; color: inherit;'>Los operadores de la serie DKS 9200 est\u00e1n dise\u00f1ados para aplicaciones de alta seguridad&comma; como ubicaciones industriales&comma; muelles de carga&comma; f\u00e1bricas&comma; prisiones&comma; \u00e1reas de seguridad aeroportuaria&comma; puertos mar\u00edtimos&comma; etc. Debido a la necesidad de priorizar la seguridad en estas aplicaciones&comma; estos operadores est\u00e1n dise\u00f1ados para un funcionamiento seguro y&comma; en caso de una falla el\u00e9ctrica&comma; admita la posibilidad de que el usuario abra manualmente el port\u00f3n.<\/p>\n<hr style='border: 0; border-top: 1px solid rgba(150&comma; 150&comma; 150&comma; 0.3); margin: 30px 0;'> <img style='width: 100%; height: auto; border: 1px solid rgba(150&comma;150&comma;150&comma;0.3); border-radius: 8px; margin: 30px 0;' src='https:\/\/ftp3.syscom.mx\/usuarios\/fotos\/9210380\/187979-9210_instalaciones.png' alt='Instalaciones'> <\/p>\n<hr style='border: 0; border-top: 1px solid rgba(150&comma; 150&comma; 150&comma; 0.3); margin: 30px 0;'>\n<h3 style='text-align: center; margin-bottom: 30px; font-size: 20px; color: inherit; opacity: 0.9;'>Videos de operadores corredizos Doorking<\/h3>\n<div style='display: flex; flex-wrap: wrap; gap: 30px; margin-bottom: 30px;'>\n<div style='flex: 1 1 280px; min-width: 280px;'>\n<div style='position: relative; padding-bottom: 56.25%; height: 0; overflow: hidden; margin-bottom: 30px;'>   <\/div>\n<\/p><\/div>\n<div style='flex: 1 1 280px; min-width: 280px;'>\n<div style='position: relative; padding-bottom: 56.25%; height: 0; overflow: hidden; margin-bottom: 30px;'>   <\/div>\n<\/p><\/div>\n<\/p><\/div>\n<div style='display: flex; flex-wrap: wrap; gap: 30px; margin-bottom: 30px;'>\n<div style='flex: 1 1 280px; min-width: 280px;'>\n<div style='position: relative; padding-bottom: 56.25%; height: 0; overflow: hidden; margin-bottom: 30px;'>   <\/div>\n<\/p><\/div>\n<div style='flex: 1 1 280px; min-width: 280px;'>\n<div style='position: relative; padding-bottom: 56.25%; height: 0; overflow: hidden; margin-bottom: 30px;'>   <\/div>\n<\/p><\/div>\n<div style='flex: 1 1 280px; min-width: 280px;'>\n<div style='position: relative; padding-bottom: 56.25%; height: 0; overflow: hidden; margin-bottom: 30px;'>   <\/div>\n<\/p><\/div>\n<\/p><\/div>\n<div style='display: flex; flex-wrap: wrap; gap: 30px; margin-bottom: 30px;'>\n<div style='flex: 1 1 280px; min-width: 280px;'>\n<div style='position: relative; padding-bottom: 56.25%; height: 0; overflow: hidden; margin-bottom: 30px;'>   <\/div>\n<\/p><\/div>\n<div style='flex: 1 1 280px; min-width: 280px;'>\n<div style='position: relative; padding-bottom: 56.25%; height: 0; overflow: hidden; margin-bottom: 30px;'>   <\/div>\n<\/p><\/div>\n<\/p><\/div>\n<\/p><\/div>\n","protected":false},"excerpt":{"rendered":"<p>Operador Para Puertas Corredizas de 900 kg y Hasta 30 Metros \/ Operador Para Aplicaciones Industriales de Uso Continuo \/ Con 6 Metros de Cadena #50 Incluidos<\/p>\n","protected":false},"featured_media":27619,"comment_status":"open","ping_status":"closed","template":"","meta":[],"product_brand":[],"product_cat":[860],"product_tag":[401,781,861],"class_list":{"0":"post-27620","1":"product","2":"type-product","3":"status-publish","4":"has-post-thumbnail","6":"product_cat-puertas-corredizas","7":"product_tag-acceso-vehicular","8":"product_tag-dks-doorking","9":"product_tag-puertas-corredizas","11":"first","12":"outofstock","13":"sale","14":"shipping-taxable","15":"purchasable","16":"product-type-simple"},"_links":{"self":[{"href":"https:\/\/soydeaqui.ddns.net\/pachuca\/index.php\/wp-json\/wp\/v2\/product\/27620","targetHints":{"allow":["GET"]}}],"collection":[{"href":"https:\/\/soydeaqui.ddns.net\/pachuca\/index.php\/wp-json\/wp\/v2\/product"}],"about":[{"href":"https:\/\/soydeaqui.ddns.net\/pachuca\/index.php\/wp-json\/wp\/v2\/types\/product"}],"replies":[{"embeddable":true,"href":"https:\/\/soydeaqui.ddns.net\/pachuca\/index.php\/wp-json\/wp\/v2\/comments?post=27620"}],"wp:featuredmedia":[{"embeddable":true,"href":"https:\/\/soydeaqui.ddns.net\/pachuca\/index.php\/wp-json\/wp\/v2\/media\/27619"}],"wp:attachment":[{"href":"https:\/\/soydeaqui.ddns.net\/pachuca\/index.php\/wp-json\/wp\/v2\/media?parent=27620"}],"wp:term":[{"taxonomy":"product_brand","embeddable":true,"href":"https:\/\/soydeaqui.ddns.net\/pachuca\/index.php\/wp-json\/wp\/v2\/product_brand?post=27620"},{"taxonomy":"product_cat","embeddable":true,"href":"https:\/\/soydeaqui.ddns.net\/pachuca\/index.php\/wp-json\/wp\/v2\/product_cat?post=27620"},{"taxonomy":"product_tag","embeddable":true,"href":"https:\/\/soydeaqui.ddns.net\/pachuca\/index.php\/wp-json\/wp\/v2\/product_tag?post=27620"}],"curies":[{"name":"wp","href":"https:\/\/api.w.org\/{rel}","templated":true}]}}