{"id":27584,"date":"2026-03-18T12:39:07","date_gmt":"2026-03-18T12:39:07","guid":{"rendered":"https:\/\/soydeaqui.ddns.net\/pachuca\/index.php\/producto\/certificacion-control-de-acceso-suprema-biostar2-y-cs40-curso-express-syscom\/"},"modified":"2026-03-18T12:39:08","modified_gmt":"2026-03-18T12:39:08","slug":"certificacion-control-de-acceso-suprema-biostar2-y-cs40-curso-express-syscom","status":"publish","type":"product","link":"https:\/\/soydeaqui.ddns.net\/pachuca\/index.php\/producto\/certificacion-control-de-acceso-suprema-biostar2-y-cs40-curso-express-syscom\/","title":{"rendered":"Certificaci\u00f3n Control de Acceso SUPREMA  BIOSTAR2 y CS40 &#8211; Curso Express SYSCOM"},"content":{"rendered":"<div style='width: 100%; max-width: 1200px; margin: 0 auto; font-family: sans-serif; line-height: 1.6; color: inherit; background-color: transparent;'>\n<div style='display: flex; flex-wrap: wrap; gap: 30px; margin-bottom: 30px;'>\n<div style='flex: 1 1 300px; min-width: 280px;'>\n<h3 style='font-size: 22px; border-bottom: 2px solid currentColor; padding-bottom: 5px; margin-top: 0; color: inherit; opacity: 0.8;'>Descripci\u00f3n<\/h3>\n<p style='margin-bottom: 15px; font-size: 15px; color: inherit;'>La certificaci\u00f3n sobre la implementaci\u00f3n del controlador de acceso CS40 de la marca SUPREMA le permitir\u00e1 aprender sobre la correcta instalaci\u00f3n y configuraci\u00f3n del panel de control de acceso CS40 de suprema&comma; as\u00ed como familiarizarse con los conceptos y elementos requeridos para implementar toda la soluci\u00f3n de control para las puertas de acceso.<\/p>\n<p style='margin-bottom: 15px; font-size: 15px; color: inherit;'>Al finalizar el curso&comma; podr\u00e1 programar y recomendar de forma profesional este tipo de soluci\u00f3n con sus clientes.<\/p>\n<\/p><\/div>\n<\/p><\/div>\n<div style='display: flex; flex-wrap: wrap; gap: 20px; margin-bottom: 30px;'>\n<div style='flex: 1 1 250px; border: 1px solid rgba(150&comma; 150&comma; 150&comma; 0.4); border-radius: 8px; overflow: hidden; display: flex; flex-direction: column;'>\n<div style='padding: 15px; border-bottom: 1px solid rgba(150&comma; 150&comma; 150&comma; 0.2); font-weight: bold; font-size: 18px; color: inherit;'>Requisitos<\/div>\n<div style='padding: 15px; color: inherit;'>\n<ul style='padding-left: 20px; margin: 0; font-size: 14px; list-style-type: disc;'>\n<li style='margin-bottom: 5px;'>Ser Distribuidor SYSCOM<\/li>\n<li style='margin-bottom: 5px;'>Conocimientos b\u00e1sicos de electricidad y uso de Laptop<\/li>\n<li style='margin-bottom: 5px;'>Traer gafete de la empresa que representa<\/li>\n<\/ul><\/div>\n<\/p><\/div>\n<div style='flex: 1 1 250px; border: 1px solid rgba(150&comma; 150&comma; 150&comma; 0.4); border-radius: 8px; overflow: hidden; display: flex; flex-direction: column;'>\n<div style='padding: 15px; border-bottom: 1px solid rgba(150&comma; 150&comma; 150&comma; 0.2); font-weight: bold; font-size: 18px; color: inherit;'>Dirigido a<\/div>\n<div style='padding: 15px; color: inherit;'>\n<p style='margin: 0; font-size: 14px; color: inherit;'>A todos los que inician y desean involucrarse en los sistemas de Control de Acceso de la marca SUPREMA.<\/p>\n<\/p><\/div>\n<\/p><\/div>\n<div style='flex: 1 1 250px; border: 1px solid rgba(150&comma; 150&comma; 150&comma; 0.4); border-radius: 8px; overflow: hidden; display: flex; flex-direction: column;'>\n<div style='padding: 15px; border-bottom: 1px solid rgba(150&comma; 150&comma; 150&comma; 0.2); font-weight: bold; font-size: 18px; color: inherit;'>Objetivo del Curso<\/div>\n<div style='padding: 15px; color: inherit;'>\n<p style='margin: 0; font-size: 14px; color: inherit;'>Al t\u00e9rmino del curso el participante tendr\u00e1 los conocimientos necesarios para ofrecer y programar el panel de control de acceso CS40 de SUPREMA con el software BIOSTAR2.<\/p>\n<\/p><\/div>\n<\/p><\/div>\n<\/p><\/div>\n<div style='display: flex; flex-wrap: wrap; gap: 30px; margin-bottom: 30px;'>\n<div style='flex: 1 1 300px; min-width: 280px;'>\n<h3 style='font-size: 22px; border-bottom: 2px solid currentColor; padding-bottom: 5px; margin-top: 0; color: inherit; opacity: 0.8;'>Temario<\/h3>\n<ol style='padding-left: 20px; margin: 0; font-size: 15px; color: inherit;'>\n<li style='margin-bottom: 10px;'>Qui\u00e9n es SUPREMA<\/li>\n<li style='margin-bottom: 10px;'>Conociendo el panel CS40<\/li>\n<li style='margin-bottom: 10px;'>Instalaci\u00f3n del software BIOSTAR2 para Control de Acceso\n<ul style='margin: 5px 0 5px 20px; padding: 0; color: inherit;'>\n<li style='margin-bottom: 5px;'>Consideraciones de Instalaci\u00f3n<\/li>\n<li style='margin-bottom: 5px;'>Configuraci\u00f3n de Puertas<\/li>\n<li style='margin-bottom: 5px;'>Alta de equipo y usuarios<\/li>\n<li style='margin-bottom: 5px;'>Creaci\u00f3n de horarios y niveles de Acceso<\/li>\n<li style='margin-bottom: 5px;'>Creaci\u00f3n de Reporte<\/li>\n<\/ul>\n<\/li>\n<li style='margin-bottom: 10px;'>BIOSTAR2 en la NUBE?\n<ul style='margin: 5px 0 5px 20px; padding: 0; color: inherit;'>\n<li style='margin-bottom: 5px;'>Servidor Biostar<\/li>\n<li style='margin-bottom: 5px;'>BIOSTAR2 MOVIL&comma; C\u00f3mo usar la APP<\/li>\n<\/ul>\n<\/li>\n<li style='margin-bottom: 10px;'>C\u00f3mo recomendar un Sistema de Control de ACCESO de SUPREMA<\/li>\n<\/ol><\/div>\n<\/p><\/div>\n<hr style='border: 0; border-top: 1px solid rgba(150&comma; 150&comma; 150&comma; 0.3); margin: 30px 0;'> <\/div>\n","protected":false},"excerpt":{"rendered":"<p>Certificaci\u00f3n Control de Acceso SUPREMA  BIOSTAR2 y CS40 &#8211; Curso Express SYSCOM<\/p>\n","protected":false},"featured_media":27583,"comment_status":"open","ping_status":"closed","template":"","meta":[],"product_brand":[],"product_cat":[783],"product_tag":[785,784,798],"class_list":{"0":"post-27584","1":"product","2":"type-product","3":"status-publish","4":"has-post-thumbnail","6":"product_cat-controladores-de-acceso","7":"product_tag-controladores-de-acceso","8":"product_tag-paneles-de-control-de-acceso","9":"product_tag-suprema","11":"first","12":"outofstock","13":"sale","14":"shipping-taxable","15":"purchasable","16":"product-type-simple"},"_links":{"self":[{"href":"https:\/\/soydeaqui.ddns.net\/pachuca\/index.php\/wp-json\/wp\/v2\/product\/27584","targetHints":{"allow":["GET"]}}],"collection":[{"href":"https:\/\/soydeaqui.ddns.net\/pachuca\/index.php\/wp-json\/wp\/v2\/product"}],"about":[{"href":"https:\/\/soydeaqui.ddns.net\/pachuca\/index.php\/wp-json\/wp\/v2\/types\/product"}],"replies":[{"embeddable":true,"href":"https:\/\/soydeaqui.ddns.net\/pachuca\/index.php\/wp-json\/wp\/v2\/comments?post=27584"}],"wp:featuredmedia":[{"embeddable":true,"href":"https:\/\/soydeaqui.ddns.net\/pachuca\/index.php\/wp-json\/wp\/v2\/media\/27583"}],"wp:attachment":[{"href":"https:\/\/soydeaqui.ddns.net\/pachuca\/index.php\/wp-json\/wp\/v2\/media?parent=27584"}],"wp:term":[{"taxonomy":"product_brand","embeddable":true,"href":"https:\/\/soydeaqui.ddns.net\/pachuca\/index.php\/wp-json\/wp\/v2\/product_brand?post=27584"},{"taxonomy":"product_cat","embeddable":true,"href":"https:\/\/soydeaqui.ddns.net\/pachuca\/index.php\/wp-json\/wp\/v2\/product_cat?post=27584"},{"taxonomy":"product_tag","embeddable":true,"href":"https:\/\/soydeaqui.ddns.net\/pachuca\/index.php\/wp-json\/wp\/v2\/product_tag?post=27584"}],"curies":[{"name":"wp","href":"https:\/\/api.w.org\/{rel}","templated":true}]}}