{"id":27553,"date":"2026-03-18T12:38:28","date_gmt":"2026-03-18T12:38:28","guid":{"rendered":"https:\/\/soydeaqui.ddns.net\/pachuca\/index.php\/producto\/fotocelda-infrarroja-xp20b-transmisor-con-receptor-conexion-en-bus-2easy-alcance-de-hasta-20-metros-uso-en-barreras-y-motores-de-acceso-vehicular\/"},"modified":"2026-03-18T12:38:33","modified_gmt":"2026-03-18T12:38:33","slug":"fotocelda-infrarroja-xp20b-transmisor-con-receptor-conexion-en-bus-2easy-alcance-de-hasta-20-metros-uso-en-barreras-y-motores-de-acceso-vehicular","status":"publish","type":"product","link":"https:\/\/soydeaqui.ddns.net\/pachuca\/index.php\/producto\/fotocelda-infrarroja-xp20b-transmisor-con-receptor-conexion-en-bus-2easy-alcance-de-hasta-20-metros-uso-en-barreras-y-motores-de-acceso-vehicular\/","title":{"rendered":"Fotocelda infrarroja XP20B (transmisor con receptor) \/ Conexi\u00f3n en BUS 2easy \/ Alcance de hasta 20 metros \/ Uso en barreras y motores de acceso vehicular"},"content":{"rendered":"<div style='width: 100%; max-width: 1200px; margin: 0 auto; font-family: sans-serif; line-height: 1.6; color: inherit; background-color: transparent;'>\n<div style='display: flex; flex-wrap: wrap; gap: 30px; margin-bottom: 30px;'>\n<div style='flex: 1 1 300px; min-width: 280px;'>\n<h3 style='font-size: 22px; border-bottom: 2px solid currentColor; padding-bottom: 5px; margin-top: 0; color: inherit; opacity: 0.8;'>Caracter\u00edsticas principales<\/h3>\n<ul style='padding-left: 20px; font-size: 15px; color: inherit;'>\n<li style='margin-bottom: 5px;'>Modo de alineaci\u00f3n: Autom\u00e1tica<\/li>\n<li style='margin-bottom: 5px;'>Tecnolog\u00eda: BUS 2easy<\/li>\n<li style='margin-bottom: 5px;'>Capacidad nominal: 20 m<\/li>\n<li style='margin-bottom: 5px;'>\u00cdndice de protecci\u00f3n: IP 54<\/li>\n<\/ul><\/div>\n<div style='flex: 1 1 300px; min-width: 280px;'>\n<h3 style='font-size: 22px; border-bottom: 2px solid currentColor; padding-bottom: 5px; margin-top: 0; color: inherit; opacity: 0.8;'>Caracter\u00edsticas F\u00edsicas y El\u00e9ctricas<\/h3>\n<ul style='padding-left: 20px; font-size: 15px; color: inherit;'>\n<li style='margin-bottom: 5px;'>Alimentaci\u00f3n: BUS 2easy.<\/li>\n<li style='margin-bottom: 5px;'>Consumo: Tx=10 mA&comma; Rx=10 mA<\/li>\n<li style='margin-bottom: 5px;'>Temperatura de funcionamiento: -20\u00b0C\/+55\u00b0C<\/li>\n<\/ul><\/div>\n<div style='flex: 1 1 300px; min-width: 280px;'>\n<h3 style='font-size: 22px; border-bottom: 2px solid currentColor; padding-bottom: 5px; margin-top: 0; color: inherit; opacity: 0.8;'>Caracter\u00edsticas Destacadas<\/h3>\n<ul style='padding-left: 20px; font-size: 15px; color: inherit;'>\n<li style='margin-bottom: 5px;'>\u00c1ngulo de regulaci\u00f3n mec\u00e1nica horizontal: -90\u00b0 \/ +90\u00b0<\/li>\n<li style='margin-bottom: 5px;'>\u00c1ngulo de autoalineaci\u00f3n \u00f3ptica vertical: \u00b17\u00b0 (20m) \u00b113.5\u00b0 (5m)<\/li>\n<li style='margin-bottom: 5px;'>Compatibilidad \u00fanicamente con tarjetas de control con tecnolog\u00eda BUS 2easy.<\/li>\n<\/ul><\/div>\n<\/p><\/div>\n<hr style='border: 0; border-top: 1px solid rgba(150&comma; 150&comma; 150&comma; 0.3); margin: 30px 0;'>\n<div style='display: flex; flex-wrap: wrap; gap: 30px; align-items: center;'>\n<div style='flex: 1 1 300px; min-width: 280px;'>\n<h2 style='font-size: 24px; margin-top: 0; color: inherit;'>Alineaci\u00f3n sencilla<\/h2>\n<p style='color: inherit;'>Permite un ajuste de giro de hasta 180\u00b0 tanto en el transmisor como en el receptor de manera m\u00e1s r\u00e1pida y segura para instalaciones de dif\u00edcil alineaci\u00f3n.<\/p>\n<\/p><\/div>\n<div style='flex: 1 1 300px; min-width: 280px;'> <img style='width: 100%; height: auto; border: 1px solid rgba(150&comma;150&comma;150&comma;0.3); border-radius: 8px;' src='https:\/\/ftp3.syscom.mx\/usuarios\/fotos\/785102\/192274-xp20d.png' alt=''> <\/div>\n<\/p><\/div>\n<hr style='border: 0; border-top: 1px solid rgba(150&comma; 150&comma; 150&comma; 0.3); margin: 30px 0;'>\n<div style='margin-bottom: 30px;'>\n<h2 style='font-size: 20px; margin-top: 0; color: inherit;'>\u00bfQu\u00e9 incluye el modelo XP20B?<\/h2>\n<ul style='padding-left: 20px; font-size: 15px; color: inherit;'>\n<li style='margin-bottom: 5px;'>1 transmisor IR&comma; requiere conexi\u00f3n al BUS 2easy.<\/li>\n<li style='margin-bottom: 5px;'>1 receptor IR&comma; requiere conexi\u00f3n al BUS 2easy.<\/li>\n<\/ul><\/div>\n<\/p><\/div>\n","protected":false},"excerpt":{"rendered":"<p>Fotocelda infrarroja XP20B (transmisor con receptor) \/ Conexi\u00f3n en BUS 2easy \/ Alcance de hasta 20 metros \/ Uso en barreras y motores de acceso vehicular<\/p>\n","protected":false},"featured_media":27552,"comment_status":"open","ping_status":"closed","template":"","meta":[],"product_brand":[],"product_cat":[777],"product_tag":[401,93,778],"class_list":{"0":"post-27553","1":"product","2":"type-product","3":"status-publish","4":"has-post-thumbnail","6":"product_cat-accesorios-acceso-vehicular","7":"product_tag-acceso-vehicular","8":"product_tag-accesorios","9":"product_tag-faac","11":"first","12":"instock","13":"sale","14":"shipping-taxable","15":"purchasable","16":"product-type-simple"},"_links":{"self":[{"href":"https:\/\/soydeaqui.ddns.net\/pachuca\/index.php\/wp-json\/wp\/v2\/product\/27553","targetHints":{"allow":["GET"]}}],"collection":[{"href":"https:\/\/soydeaqui.ddns.net\/pachuca\/index.php\/wp-json\/wp\/v2\/product"}],"about":[{"href":"https:\/\/soydeaqui.ddns.net\/pachuca\/index.php\/wp-json\/wp\/v2\/types\/product"}],"replies":[{"embeddable":true,"href":"https:\/\/soydeaqui.ddns.net\/pachuca\/index.php\/wp-json\/wp\/v2\/comments?post=27553"}],"wp:featuredmedia":[{"embeddable":true,"href":"https:\/\/soydeaqui.ddns.net\/pachuca\/index.php\/wp-json\/wp\/v2\/media\/27552"}],"wp:attachment":[{"href":"https:\/\/soydeaqui.ddns.net\/pachuca\/index.php\/wp-json\/wp\/v2\/media?parent=27553"}],"wp:term":[{"taxonomy":"product_brand","embeddable":true,"href":"https:\/\/soydeaqui.ddns.net\/pachuca\/index.php\/wp-json\/wp\/v2\/product_brand?post=27553"},{"taxonomy":"product_cat","embeddable":true,"href":"https:\/\/soydeaqui.ddns.net\/pachuca\/index.php\/wp-json\/wp\/v2\/product_cat?post=27553"},{"taxonomy":"product_tag","embeddable":true,"href":"https:\/\/soydeaqui.ddns.net\/pachuca\/index.php\/wp-json\/wp\/v2\/product_tag?post=27553"}],"curies":[{"name":"wp","href":"https:\/\/api.w.org\/{rel}","templated":true}]}}