{"id":2750,"date":"2026-03-18T06:00:30","date_gmt":"2026-03-18T06:00:30","guid":{"rendered":"https:\/\/soydeaqui.ddns.net\/pachuca\/index.php\/producto\/detector-de-humo-interlink-doble-tecnologia-de-sensor-de-luz-alarma-auditiva-85db-bateria-de-litio-10-anos-autoverificacion-control-remoto-inalambrico-interconectable-30-dispositivos\/"},"modified":"2026-03-18T06:00:32","modified_gmt":"2026-03-18T06:00:32","slug":"detector-de-humo-interlink-doble-tecnologia-de-sensor-de-luz-alarma-auditiva-85db-bateria-de-litio-10-anos-autoverificacion-control-remoto-inalambrico-interconectable-30-dispositivos","status":"publish","type":"product","link":"https:\/\/soydeaqui.ddns.net\/pachuca\/index.php\/producto\/detector-de-humo-interlink-doble-tecnologia-de-sensor-de-luz-alarma-auditiva-85db-bateria-de-litio-10-anos-autoverificacion-control-remoto-inalambrico-interconectable-30-dispositivos\/","title":{"rendered":"Detector de Humo Interlink \/ Doble Tecnolog\u00eda de Sensor de Luz \/ Alarma Auditiva 85dB \/ Bater\u00eda de Litio 10 A\u00f1os \/ Autoverificaci\u00f3n \/ Control Remoto Inal\u00e1mbrico \/ Interconectable 30 Dispositivos"},"content":{"rendered":"<div style='width: 100%; max-width: 1200px; margin: 0 auto; font-family: sans-serif; line-height: 1.6; color: inherit; background-color: transparent;'>\n<p style='text-align: center;'><img style='width: 45%; height: auto; border: 1px solid rgba(150&comma;150&comma;150&comma;0.3); border-radius: 8px;' src='https:\/\/ftp3.syscom.mx\/usuarios\/jsosa\/HIKVISION\/imagenes\/logo\/hikvision%20see%20far.png' alt='Logo Hikvision'><\/p>\n<div style='display: flex; flex-wrap: wrap; gap: 30px; margin-bottom: 30px;'>\n<div style='flex: 1 1 300px; min-width: 280px;'>\n<h3 style='font-size: 22px; border-bottom: 2px solid currentColor; padding-bottom: 5px; margin-top: 0; color: inherit; opacity: 0.8;'>Consideraciones:<\/h3>\n<ul style='padding-left: 20px; font-size: 15px; color: inherit;'>\n<li style='margin-bottom: 5px;'>El Detector de Humo Interlink HF-S3E-R est\u00e1 dise\u00f1ado para detectar humo en las primeras etapas de un incendio y proporcionar advertencias a trav\u00e9s de se\u00f1ales de alarma audibles y visuales. Este dispositivo es ideal para aplicaciones residenciales e institucionales&comma; incluyendo tiendas y viviendas familiares.<\/li>\n<li style='margin-bottom: 5px;'>El detector es aut\u00f3nomo&comma; no requiere un panel.<\/li>\n<li style='margin-bottom: 5px;'><strong>Est\u00e1ndar de ejecuci\u00f3n: EN 14604: 2005.<\/strong><\/li>\n<\/ul><\/div>\n<\/p><\/div>\n<hr style='border: 0; border-top: 1px solid rgba(150&comma; 150&comma; 150&comma; 0.3); margin: 30px 0;'>\n<div style='display: flex; flex-wrap: wrap; gap: 30px; margin-bottom: 30px;'>\n<div style='flex: 1 1 300px; min-width: 280px;'>\n<h3 style='font-size: 22px; border-bottom: 2px solid currentColor; padding-bottom: 5px; margin-top: 0; color: inherit; opacity: 0.8;'>Caracter\u00edsticas Principales:<\/h3>\n<ul style='padding-left: 20px; font-size: 15px; color: inherit;'>\n<li style='margin-bottom: 5px;'>Intercomunicaci\u00f3n con hasta <strong>30 dispositivos<\/strong>.<\/li>\n<li style='margin-bottom: 5px;'>Nivel de sonido de alarma: \u2265 85 dB a 3 metros.<\/li>\n<li style='margin-bottom: 5px;'>Alarma visual y audible.<\/li>\n<li style='margin-bottom: 5px;'>Montaje en techo.<\/li>\n<\/ul><\/div>\n<div style='flex: 1 1 300px; min-width: 280px;'>\n<h3 style='font-size: 22px; border-bottom: 2px solid currentColor; padding-bottom: 5px; margin-top: 0; color: inherit; opacity: 0.8;'>Caracter\u00edsticas F\u00edsicas y El\u00e9ctricas:<\/h3>\n<ul style='padding-left: 20px; font-size: 15px; color: inherit;'>\n<li style='margin-bottom: 5px;'>Dimensiones del producto: 105 mm x 35 mm.<\/li>\n<li style='margin-bottom: 5px;'>Voltaje: 3 Vcc (1 bater\u00edas CR13A incluida&comma; f\u00e1cil de reemplazar)<\/li>\n<li style='margin-bottom: 5px;'>Vida \u00fatil de la bater\u00eda: 10 a\u00f1os (en operaci\u00f3n normal).<\/li>\n<li style='margin-bottom: 5px;'>Temperatura de operaci\u00f3n: -10\u00b0C a 55\u00b0C (14 \u00b0F a 131 \u00b0F).<\/li>\n<li style='margin-bottom: 5px;'>Peso del producto: 103.7 gramos.<\/li>\n<li style='margin-bottom: 5px;'>Capacidad de la bater\u00eda: 1600 mAh.<\/li>\n<\/ul><\/div>\n<\/p><\/div>\n<div style='display: flex; flex-wrap: wrap; gap: 20px; margin-bottom: 30px;'>\n<div style='flex: 1 1 250px; border: 1px solid rgba(150&comma; 150&comma; 150&comma; 0.4); border-radius: 8px; overflow: hidden; display: flex; flex-direction: column;'>\n<div style='padding: 15px; border-bottom: 1px solid rgba(150&comma; 150&comma; 150&comma; 0.2); font-weight: bold; font-size: 18px; color: inherit;'>Caracter\u00edsticas Principales<\/div>\n<div style='padding: 15px; color: inherit;'>\n<ul style='padding-left: 20px; margin: 0; font-size: 14px; list-style-type: disc;'>\n<li style='margin-bottom: 5px;'>Tecnolog\u00eda de doble sensor de luz para reducir falsos positivos en entornos con vapor de agua.<\/li>\n<li style='margin-bottom: 5px;'>Alarma de humo compatible.<\/li>\n<li style='margin-bottom: 5px;'>Emite un sonido de alta decibel (85dB) localmente.<\/li>\n<li style='margin-bottom: 5px;'>Funcionamiento con bater\u00eda de litio de larga duraci\u00f3n&comma; hasta 10 a\u00f1os te\u00f3ricos.<\/li>\n<li style='margin-bottom: 5px;'>Funci\u00f3n de autoverificaci\u00f3n mediante bot\u00f3n de prueba.<\/li>\n<li style='margin-bottom: 5px;'>Compatible con mando a distancia inal\u00e1mbrico para silenciar la alarma.<\/li>\n<li style='margin-bottom: 5px;'>Interconexi\u00f3n inal\u00e1mbrica de hasta 30 dispositivos.<\/li>\n<li style='margin-bottom: 5px;'>M\u00faltiples caracter\u00edsticas de alarma de fallo&comma; incluyendo alarma de bajo voltaje y fallo de laberinto.<\/li>\n<\/ul><\/div>\n<\/p><\/div>\n<div style='flex: 1 1 250px; border: 1px solid rgba(150&comma; 150&comma; 150&comma; 0.4); border-radius: 8px; overflow: hidden; display: flex; flex-direction: column;'>\n<div style='padding: 15px; border-bottom: 1px solid rgba(150&comma; 150&comma; 150&comma; 0.2); font-weight: bold; font-size: 18px; color: inherit;'>Especificaciones<\/div>\n<div style='padding: 15px; color: inherit;'>\n<ul style='padding-left: 20px; margin: 0; font-size: 14px; list-style-type: disc;'>\n<li style='margin-bottom: 5px;'>Fuente de alimentaci\u00f3n: 3 V DC&comma; bater\u00eda CR123A (reemplazable).<\/li>\n<li style='margin-bottom: 5px;'>Capacidad de la bater\u00eda: 1600 mAh.<\/li>\n<li style='margin-bottom: 5px;'>Corriente en espera: \u226410 \u03bcA.<\/li>\n<li style='margin-bottom: 5px;'>Corriente de alarma: \u226430 mA.<\/li>\n<li style='margin-bottom: 5px;'>Nivel de sonido de alarma: \u2265 85 dB a 3 m (ponderado A).<\/li>\n<li style='margin-bottom: 5px;'>Vida \u00fatil de la bater\u00eda: 10 a\u00f1os bajo operaci\u00f3n normal.<\/li>\n<li style='margin-bottom: 5px;'>Temperatura de operaci\u00f3n: -10 \u00b0C a 55 \u00b0C (14 \u00b0F a 131 \u00b0F).<\/li>\n<li style='margin-bottom: 5px;'>Humedad de operaci\u00f3n: \u226495% de humedad relativa (RH).<\/li>\n<li style='margin-bottom: 5px;'>Dimensiones: 105 mm de di\u00e1metro \u00d7 35 mm de altura (4.13&#8242; \u00d7 1.38&#8242;).<\/li>\n<li style='margin-bottom: 5px;'>Peso: 103.7 g (0.23 lb) con bater\u00eda.<\/li>\n<li style='margin-bottom: 5px;'>Montaje en techo.<\/li>\n<li style='margin-bottom: 5px;'>Est\u00e1ndar de ejecuci\u00f3n: EN 14604: 2005.<\/li>\n<\/ul><\/div>\n<\/p><\/div>\n<div style='flex: 1 1 250px; border: 1px solid rgba(150&comma; 150&comma; 150&comma; 0.4); border-radius: 8px; overflow: hidden; display: flex; flex-direction: column;'>\n<div style='padding: 15px; border-bottom: 1px solid rgba(150&comma; 150&comma; 150&comma; 0.2); font-weight: bold; font-size: 18px; color: inherit;'>Interfaces y Conectividad<\/div>\n<div style='padding: 15px; color: inherit;'>\n<ul style='padding-left: 20px; margin: 0; font-size: 14px; list-style-type: disc;'>\n<li style='margin-bottom: 5px;'>Modo de comunicaci\u00f3n: 433MHz para HF-S3E-R.<\/li>\n<li style='margin-bottom: 5px;'>868MHz para HF-S3E-R8.<\/li>\n<li style='margin-bottom: 5px;'>915MHz para HF-S3E-R9.<\/li>\n<\/ul><\/div>\n<\/p><\/div>\n<\/p><\/div>\n<div style='display: flex; flex-wrap: wrap; gap: 30px; margin-bottom: 30px;'>\n<div style='flex: 1 1 300px; min-width: 280px;'>\n<h3 style='font-size: 22px; border-bottom: 2px solid currentColor; padding-bottom: 5px; margin-top: 0; color: inherit; opacity: 0.8;'>Aplicaciones y Casos de Uso<\/h3>\n<p style='font-size: 15px; color: inherit;'>El detector es id\u00f3neo para la seguridad preventiva en viviendas&comma; tiendas y entornos institucionales&comma; proporcionando una respuesta r\u00e1pida ante detecciones de humo para minimizar riesgos.<\/p>\n<\/p><\/div>\n<\/p><\/div>\n<p><a title='Hik Fire' href='https:\/\/www.syscom.mx\/principal\/listado_producto\/incendio-hikfire-by-hikvision-dispositivos-standalone-66706.html?ordenar=Precio_de_Menor_a_Mayor&#038;pag=1' target='_blank' rel='noopener'><img style='width: 100%; height: auto; border: 1px solid rgba(150&comma;150&comma;150&comma;0.3); border-radius: 8px;' src='https:\/\/ftp3.syscom.mx\/usuarios\/jsosa\/HIKVISION\/HikFire\/banners\/LINKEDIN%201200%20x%20627%20-%20Solucion%20Hikfire%20s.png' alt='Banner Hik Fire'><\/p>\n<\/p><\/div>\n","protected":false},"excerpt":{"rendered":"<p>Detector de Humo Interlink \/ Doble Tecnolog\u00eda de Sensor de Luz \/ Alarma Auditiva 85dB \/ Bater\u00eda de Litio 10 A\u00f1os \/ Autoverificaci\u00f3n \/ Control Remoto Inal\u00e1mbrico \/ Interconectable 30 Dispositivos<\/p>\n","protected":false},"featured_media":2749,"comment_status":"open","ping_status":"closed","template":"","meta":[],"product_brand":[],"product_cat":[230],"product_tag":[231,19,54],"class_list":{"0":"post-2750","1":"product","2":"type-product","3":"status-publish","4":"has-post-thumbnail","6":"product_cat-autonomos","7":"product_tag-autonomos","8":"product_tag-detectores-sensores","9":"product_tag-hikvision","11":"first","12":"instock","13":"sale","14":"shipping-taxable","15":"purchasable","16":"product-type-simple"},"_links":{"self":[{"href":"https:\/\/soydeaqui.ddns.net\/pachuca\/index.php\/wp-json\/wp\/v2\/product\/2750","targetHints":{"allow":["GET"]}}],"collection":[{"href":"https:\/\/soydeaqui.ddns.net\/pachuca\/index.php\/wp-json\/wp\/v2\/product"}],"about":[{"href":"https:\/\/soydeaqui.ddns.net\/pachuca\/index.php\/wp-json\/wp\/v2\/types\/product"}],"replies":[{"embeddable":true,"href":"https:\/\/soydeaqui.ddns.net\/pachuca\/index.php\/wp-json\/wp\/v2\/comments?post=2750"}],"wp:featuredmedia":[{"embeddable":true,"href":"https:\/\/soydeaqui.ddns.net\/pachuca\/index.php\/wp-json\/wp\/v2\/media\/2749"}],"wp:attachment":[{"href":"https:\/\/soydeaqui.ddns.net\/pachuca\/index.php\/wp-json\/wp\/v2\/media?parent=2750"}],"wp:term":[{"taxonomy":"product_brand","embeddable":true,"href":"https:\/\/soydeaqui.ddns.net\/pachuca\/index.php\/wp-json\/wp\/v2\/product_brand?post=2750"},{"taxonomy":"product_cat","embeddable":true,"href":"https:\/\/soydeaqui.ddns.net\/pachuca\/index.php\/wp-json\/wp\/v2\/product_cat?post=2750"},{"taxonomy":"product_tag","embeddable":true,"href":"https:\/\/soydeaqui.ddns.net\/pachuca\/index.php\/wp-json\/wp\/v2\/product_tag?post=2750"}],"curies":[{"name":"wp","href":"https:\/\/api.w.org\/{rel}","templated":true}]}}