{"id":275,"date":"2026-03-18T05:37:55","date_gmt":"2026-03-18T05:37:55","guid":{"rendered":"https:\/\/soydeaqui.ddns.net\/pachuca\/index.php\/producto\/motor-inteligente-para-automatizar-y-controlar-sus-cortinas-tradicionales-vincule-directamente-con-inteo-somfy\/"},"modified":"2026-03-18T05:37:56","modified_gmt":"2026-03-18T05:37:56","slug":"motor-inteligente-para-automatizar-y-controlar-sus-cortinas-tradicionales-vincule-directamente-con-inteo-somfy","status":"publish","type":"product","link":"https:\/\/soydeaqui.ddns.net\/pachuca\/index.php\/producto\/motor-inteligente-para-automatizar-y-controlar-sus-cortinas-tradicionales-vincule-directamente-con-inteo-somfy\/","title":{"rendered":"Motor inteligente para automatizar y controlar sus cortinas tradicionales, vincule directamente con InteO SOMFY"},"content":{"rendered":"<div style='width: 100%; max-width: 1200px; margin: 0 auto; font-family: sans-serif; line-height: 1.6; color: inherit; background-color: transparent;'>\n<div style='display: flex; flex-wrap: wrap; gap: 30px; margin-bottom: 30px;'>\n<div style='flex: 1 1 300px; min-width: 280px;'>\n<h3 style='font-size: 22px; border-bottom: 2px solid currentColor; padding-bottom: 5px; margin-top: 0; color: inherit; opacity: 0.8;'>Descripci\u00f3n general<\/h3>\n<p style='text-align: justify; margin-bottom: 15px;'>Kit para cortinas&comma; con motor inteligente y tecnolog\u00eda Somfy.<\/p>\n<p style='text-align: justify; margin-bottom: 15px;'>Somfy Glydea ULTRA es una soluci\u00f3n de alto desempe\u00f1o para motorizaci\u00f3n de cortinas. Provee silencio y configuraci\u00f3n inteligente para motorizar todo tipo de cortinas y con una amplia gama de opciones de control adecuada para todo tipo de configuraciones en proyectos residenciales y hoteleros. Fueron dise\u00f1ados nuevos accesorios silenciosos para maximizar el desempe\u00f1o ac\u00fastico. Adem\u00e1s&comma; se ha incorporado un interruptor para cambiar el motor entre modo est\u00e1ndar y modo silencioso&comma; aumentando la flexibilidad.<\/p>\n<\/p><\/div>\n<\/p><\/div>\n<div style='display: flex; flex-wrap: wrap; gap: 20px; margin-bottom: 30px;'>\n<div style='flex: 1 1 250px; border: 1px solid rgba(150&comma; 150&comma; 150&comma; 0.4); border-radius: 8px; overflow: hidden; display: flex; flex-direction: column;'>\n<div style='padding: 15px; border-bottom: 1px solid rgba(150&comma; 150&comma; 150&comma; 0.2); font-weight: bold; font-size: 18px; color: inherit;'>Beneficios profesionales<\/div>\n<div style='padding: 15px; color: inherit;'>\n<ul style='padding-left: 20px; margin: 0; font-size: 14px; list-style-type: disc;'>\n<li style='margin-bottom: 5px;'>Compatible con todas las tecnolog\u00edas y protocolos<\/li>\n<li style='margin-bottom: 5px;'>Soporta cortinas m\u00e1ximo 60 Kg de peso<\/li>\n<li style='margin-bottom: 5px;'>Instalaci\u00f3n lateral derecha\/izquierda<\/li>\n<li style='margin-bottom: 5px;'>Se adapta a sistemas BMS<\/li>\n<li style='margin-bottom: 5px;'>Respaldo de f\u00e1brica<\/li>\n<\/ul><\/div>\n<\/p><\/div>\n<div style='flex: 1 1 250px; border: 1px solid rgba(150&comma; 150&comma; 150&comma; 0.4); border-radius: 8px; overflow: hidden; display: flex; flex-direction: column;'>\n<div style='padding: 15px; border-bottom: 1px solid rgba(150&comma; 150&comma; 150&comma; 0.2); font-weight: bold; font-size: 18px; color: inherit;'>Beneficios usuarios finales<\/div>\n<div style='padding: 15px; color: inherit;'>\n<ul style='padding-left: 20px; margin: 0; font-size: 14px; list-style-type: disc;'>\n<li style='margin-bottom: 5px;'>Motor oculto y se integra a cualquier decoraci\u00f3n<\/li>\n<li style='margin-bottom: 5px;'>Revestido en un elegante aluminio<\/li>\n<li style='margin-bottom: 5px;'>Dise\u00f1ado con tecnolog\u00eda para motor silencioso<\/li>\n<\/ul><\/div>\n<\/p><\/div>\n<div style='flex: 1 1 250px; border: 1px solid rgba(150&comma; 150&comma; 150&comma; 0.4); border-radius: 8px; overflow: hidden; display: flex; flex-direction: column;'>\n<div style='padding: 15px; border-bottom: 1px solid rgba(150&comma; 150&comma; 150&comma; 0.2); font-weight: bold; font-size: 18px; color: inherit;'>Funciones principales<\/div>\n<div style='padding: 15px; color: inherit;'>\n<ul style='padding-left: 20px; margin: 0; font-size: 14px; list-style-type: disc;'>\n<li style='margin-bottom: 5px;'>Abre del centro hacia los lados<\/li>\n<li style='margin-bottom: 5px;'>Posici\u00f3n favorita personalizable<\/li>\n<li style='margin-bottom: 5px;'>Operaci\u00f3n manual o autom\u00e1tica<\/li>\n<li style='margin-bottom: 5px;'>Operaci\u00f3n silenciosa<\/li>\n<li style='margin-bottom: 5px;'>Arranque y paso suave<\/li>\n<li style='margin-bottom: 5px;'>Touch motion (se acciona jalando ligeramente la tela)<\/li>\n<\/ul><\/div>\n<\/p><\/div>\n<div style='flex: 1 1 250px; border: 1px solid rgba(150&comma; 150&comma; 150&comma; 0.4); border-radius: 8px; overflow: hidden; display: flex; flex-direction: column;'>\n<div style='padding: 15px; border-bottom: 1px solid rgba(150&comma; 150&comma; 150&comma; 0.2); font-weight: bold; font-size: 18px; color: inherit;'>Compatibilidad<\/div>\n<div style='padding: 15px; color: inherit;'>\n<ul style='padding-left: 20px; margin: 0; font-size: 14px; list-style-type: disc;'>\n<li style='margin-bottom: 5px;'>Cortina tradicional<\/li>\n<li style='margin-bottom: 5px;'>Cortina de pliegue ondulado<\/li>\n<li style='margin-bottom: 5px;'>Cortina plisada<\/li>\n<li style='margin-bottom: 5px;'>Cortina de acorde\u00f3n<\/li>\n<\/ul><\/div>\n<\/p><\/div>\n<div style='flex: 1 1 250px; border: 1px solid rgba(150&comma; 150&comma; 150&comma; 0.4); border-radius: 8px; overflow: hidden; display: flex; flex-direction: column;'>\n<div style='padding: 15px; border-bottom: 1px solid rgba(150&comma; 150&comma; 150&comma; 0.2); font-weight: bold; font-size: 18px; color: inherit;'>Especificaciones t\u00e9cnicas<\/div>\n<div style='padding: 15px; color: inherit;'>\n<ul style='padding-left: 20px; margin: 0; font-size: 14px; list-style-type: disc;'>\n<li style='margin-bottom: 5px;'>Voltaje de alimentaci\u00f3n 90-255 CA<\/li>\n<li style='margin-bottom: 5px;'>Corriente m\u00e1xima 0.4A a 240V<\/li>\n<li style='margin-bottom: 5px;'>Consumo menor a 1W<\/li>\n<li style='margin-bottom: 5px;'><strong>Riel de 4.8 metros<\/strong> de largo para cortina&comma; se adapta a cualquier ventana de menor tama\u00f1o de 4.8 metros<\/li>\n<li style='margin-bottom: 5px;'>Para una medida menor a 4.8 metros&comma; especificarla antes de solicitar el producto<\/li>\n<li style='margin-bottom: 5px;'>Se\u00f1al inal\u00e1mbrica <strong>RTS<\/strong> Somfy<\/li>\n<li style='margin-bottom: 5px;'><strong>Nota:<\/strong> Para su configuraci\u00f3n inicial&comma; l\u00edmites y sentido de giro es necesario el control remoto<\/li>\n<\/ul><\/div>\n<\/p><\/div>\n<div style='flex: 1 1 250px; border: 1px solid rgba(150&comma; 150&comma; 150&comma; 0.4); border-radius: 8px; overflow: hidden; display: flex; flex-direction: column;'>\n<div style='padding: 15px; border-bottom: 1px solid rgba(150&comma; 150&comma; 150&comma; 0.2); font-weight: bold; font-size: 18px; color: inherit;'>Inteligencia integrada<\/div>\n<div style='padding: 15px; color: inherit;'>\n<p style='margin: 0;'>Integrable con el <strong>control HUB INTEO<\/strong> de Somfy&comma; para uso desde App en celular&comma; integraci\u00f3n con el <strong>control de voz Alexa y Google Home<\/strong>.<\/p>\n<\/p><\/div>\n<\/p><\/div>\n<\/p><\/div>\n<hr style='border: 0; border-top: 1px solid rgba(150&comma; 150&comma; 150&comma; 0.3); margin: 30px 0;'> <\/div>\n","protected":false},"excerpt":{"rendered":"<p>Motor inteligente para automatizar y controlar sus cortinas tradicionales, vincule directamente con InteO SOMFY<\/p>\n","protected":false},"featured_media":274,"comment_status":"open","ping_status":"closed","template":"","meta":[],"product_brand":[],"product_cat":[29],"product_tag":[30,31,46],"class_list":{"0":"post-275","1":"product","2":"type-product","3":"status-publish","4":"has-post-thumbnail","6":"product_cat-persianas-y-cortineros","7":"product_tag-automatizacion-casa-inteligente","8":"product_tag-persianas-y-cortineros","9":"product_tag-somfy","11":"first","12":"instock","13":"sale","14":"shipping-taxable","15":"purchasable","16":"product-type-simple"},"_links":{"self":[{"href":"https:\/\/soydeaqui.ddns.net\/pachuca\/index.php\/wp-json\/wp\/v2\/product\/275","targetHints":{"allow":["GET"]}}],"collection":[{"href":"https:\/\/soydeaqui.ddns.net\/pachuca\/index.php\/wp-json\/wp\/v2\/product"}],"about":[{"href":"https:\/\/soydeaqui.ddns.net\/pachuca\/index.php\/wp-json\/wp\/v2\/types\/product"}],"replies":[{"embeddable":true,"href":"https:\/\/soydeaqui.ddns.net\/pachuca\/index.php\/wp-json\/wp\/v2\/comments?post=275"}],"wp:featuredmedia":[{"embeddable":true,"href":"https:\/\/soydeaqui.ddns.net\/pachuca\/index.php\/wp-json\/wp\/v2\/media\/274"}],"wp:attachment":[{"href":"https:\/\/soydeaqui.ddns.net\/pachuca\/index.php\/wp-json\/wp\/v2\/media?parent=275"}],"wp:term":[{"taxonomy":"product_brand","embeddable":true,"href":"https:\/\/soydeaqui.ddns.net\/pachuca\/index.php\/wp-json\/wp\/v2\/product_brand?post=275"},{"taxonomy":"product_cat","embeddable":true,"href":"https:\/\/soydeaqui.ddns.net\/pachuca\/index.php\/wp-json\/wp\/v2\/product_cat?post=275"},{"taxonomy":"product_tag","embeddable":true,"href":"https:\/\/soydeaqui.ddns.net\/pachuca\/index.php\/wp-json\/wp\/v2\/product_tag?post=275"}],"curies":[{"name":"wp","href":"https:\/\/api.w.org\/{rel}","templated":true}]}}