{"id":27489,"date":"2026-03-18T12:37:05","date_gmt":"2026-03-18T12:37:05","guid":{"rendered":"https:\/\/soydeaqui.ddns.net\/pachuca\/index.php\/producto\/operador-faac-884-para-puertas-corredizas-de-hasta-3500-kg-longitud-maxima-de-la-hoja-42-m\/"},"modified":"2026-03-18T12:37:06","modified_gmt":"2026-03-18T12:37:06","slug":"operador-faac-884-para-puertas-corredizas-de-hasta-3500-kg-longitud-maxima-de-la-hoja-42-m","status":"publish","type":"product","link":"https:\/\/soydeaqui.ddns.net\/pachuca\/index.php\/producto\/operador-faac-884-para-puertas-corredizas-de-hasta-3500-kg-longitud-maxima-de-la-hoja-42-m\/","title":{"rendered":"Operador FAAC 884 Para Puertas Corredizas de hasta 3500 kg \/ Longitud M\u00e1xima de la Hoja 42 m"},"content":{"rendered":"<div style='width: 100%; max-width: 1200px; margin: 0 auto; font-family: sans-serif; line-height: 1.6; color: inherit; background-color: transparent;'> <!-- Secci\u00f3n de caracter\u00edsticas en 3 columnas --> <\/p>\n<div style='display: flex; flex-wrap: wrap; gap: 30px; margin-bottom: 30px;'>\n<div style='flex: 1 1 300px; min-width: 280px;'>\n<div style='border-left: 5px solid #0091ff; border-radius: 8px; padding: 15px; box-shadow: 2px 2px 10px rgba(216&comma;216&comma;216&comma;0.3); background-color: rgba(0&comma;145&comma;255&comma;0.05);'> <strong style='font-size: 18px; margin-bottom: 10px; display: block; color: inherit;'>Caracter\u00edsticas principales:<\/strong> <\/p>\n<ul style='padding-left: 20px; font-size: 15px; margin: 0; color: inherit;'>\n<li style='margin-bottom: 5px;'>Para puertas de hasta 3500 kg.<\/li>\n<li style='margin-bottom: 5px;'>Longitud m\u00e1xima de la hoja 42 mts.<\/li>\n<li style='margin-bottom: 5px;'>Motor As\u00edncrono trif\u00e1sico.<\/li>\n<\/ul><\/div>\n<\/p><\/div>\n<div style='flex: 1 1 300px; min-width: 280px;'>\n<div style='border-left: 5px solid #0091ff; border-radius: 8px; padding: 15px; box-shadow: 2px 2px 10px rgba(216&comma;216&comma;216&comma;0.3); background-color: rgba(0&comma;145&comma;255&comma;0.05);'> <strong style='font-size: 18px; margin-bottom: 10px; display: block; color: inherit;'>Caracter\u00edsticas F\u00edsicas y El\u00e9ctricas:<\/strong> <\/p>\n<ul style='padding-left: 20px; font-size: 15px; margin: 0; color: inherit;'>\n<li style='margin-bottom: 5px;'>Voltaje de operaci\u00f3n 400V o 220V trif\u00e1sicos.<\/li>\n<li style='margin-bottom: 5px;'>Potencia M\u00e1xima 850W.<\/li>\n<li style='margin-bottom: 5px;'>Peso del equipo 50Kg.<\/li>\n<\/ul><\/div>\n<\/p><\/div>\n<div style='flex: 1 1 300px; min-width: 280px;'>\n<div style='border-left: 5px solid #0091ff; border-radius: 8px; padding: 15px; box-shadow: 2px 2px 10px rgba(216&comma;216&comma;216&comma;0.3); background-color: rgba(0&comma;145&comma;255&comma;0.05);'> <strong style='font-size: 18px; margin-bottom: 10px; display: block; color: inherit;'>Caracter\u00edsticas Destacadas:<\/strong> <\/p>\n<ul style='padding-left: 20px; font-size: 15px; margin: 0; color: inherit;'>\n<li style='margin-bottom: 5px;'>Temperatura de operaci\u00f3n -20 a 55\u00b0C.<\/li>\n<li style='margin-bottom: 5px;'>Protecci\u00f3n t\u00e9rmica 155\u00b0C.<\/li>\n<li style='margin-bottom: 5px;'>Dimensiones 430 x 310 x 586 mm.<\/li>\n<\/ul><\/div>\n<\/p><\/div>\n<\/p><\/div>\n<p> <!-- Separador --> <\/p>\n<hr style='border: 0; border-top: 1px solid rgba(150&comma; 150&comma; 150&comma; 0.3); margin: 30px 0;'> <!-- Secci\u00f3n de contenido principal --> <\/p>\n<div style='display: flex; flex-wrap: wrap; gap: 30px; margin-bottom: 30px;'>\n<div style='flex: 1 1 300px; min-width: 280px;'>\n<h3 style='font-size: 20px; margin-top: 0; color: inherit;'>Operador para puertas corredizas FAAC 884<\/h3>\n<h4 style='font-size: 18px; margin-top: 20px; margin-bottom: 10px; color: inherit;'>Caracter\u00edsticas adicionales:<\/h4>\n<ul style='padding-left: 20px; font-size: 15px; margin-bottom: 20px; color: inherit;'>\n<li style='margin-bottom: 5px;'>Embrague de doble disco ba\u00f1ado en aceite.<\/li>\n<li style='margin-bottom: 5px;'>Dispositivo de frenado: reducido espacio de parada y hermeticidad garantizada al cierre de la puerta.<\/li>\n<li style='margin-bottom: 5px;'>Carter de acero con tratamiento y pintura de poli\u00e9ster.<\/li>\n<\/ul>\n<h4 style='font-size: 18px; margin-top: 20px; margin-bottom: 10px; color: inherit;'>Notas Adicionales:<\/h4>\n<ul style='padding-left: 20px; font-size: 15px; margin-bottom: 20px; color: inherit;'>\n<li style='margin-bottom: 5px;'>Requiere pi\u00f1\u00f3n Z16 <strong>719169<\/strong> (Se vende por separado).<\/li>\n<li style='margin-bottom: 5px;'>Requiere cremallera m\u00f3dulo 6 <strong>1140-0518-001<\/strong> (Se vende por separado).<\/li>\n<li style='margin-bottom: 5px;'>La cantidad de cremallera depende del tama\u00f1o de la puerta.<\/li>\n<li style='margin-bottom: 5px;'>Requiere alimentaci\u00f3n de voltaje trif\u00e1sica para su operaci\u00f3n.<\/li>\n<li style='margin-bottom: 5px;'>contra defectos de fabrica.<\/li>\n<\/ul><\/div>\n<div style='flex: 1 1 300px; min-width: 280px;'> <img style='width: 100%; height: auto; border: 1px solid rgba(150&comma;150&comma;150&comma;0.3); border-radius: 8px;' src='https:\/\/ftp3.syscom.mx\/usuarios\/fotos\/BancoFotografiasSyscom\/FAAC\/109885\/109885-p.PNG' alt='Operador FAAC 884'> <\/div>\n<\/p><\/div>\n<p> <!-- Separador --> <\/p>\n<hr style='border: 0; border-top: 1px solid rgba(150&comma; 150&comma; 150&comma; 0.3); margin: 30px 0;'> <!-- Secci\u00f3n de requerimientos de instalaci\u00f3n --> <\/p>\n<div style='margin-bottom: 30px;'>\n<p style='text-align: center; margin-bottom: 15px; font-size: 16px; color: inherit;'><strong>\u00bfQu\u00e9 necesito para una instalaci\u00f3n?<\/strong><\/p>\n<p style='text-align: center; margin-bottom: 8px; color: inherit;'><strong>109885<\/strong> Motor FAAC 884 para puertas de hasta 3500 kg<\/p>\n<p style='text-align: center; margin-bottom: 8px; color: inherit;'><strong>719169<\/strong> Pi\u00f1on Z16 para motor 884 FAAC<\/p>\n<p style='text-align: center; margin-bottom: 8px; color: inherit;'><strong>1140-0518-001<\/strong> Cremallera modulo 6 (cantidad depende del tama\u00f1o de la puerta) se vende por tramos de 2 metros.<\/p>\n<p style='text-align: center; margin-bottom: 8px; color: inherit;'><strong>737628<\/strong> Base de fijacion para motor FAAC 884<\/p>\n<\/p><\/div>\n<p> <!-- Separador --> <\/p>\n<hr style='border: 0; border-top: 1px solid rgba(150&comma; 150&comma; 150&comma; 0.3); margin: 30px 0;'> <!-- Secci\u00f3n de accesorios opcionales --> <\/p>\n<div style='margin-bottom: 30px;'>\n<p style='text-align: center; margin-bottom: 15px; font-size: 16px; color: inherit;'><strong>\u00bfQu\u00e9 accesorios opcionales puedo agregar a mi instalaci\u00f3n?<\/strong><\/p>\n<p style='text-align: center; margin-bottom: 8px; color: inherit;'><strong>785102<\/strong> Fotocelda XP20D con alcance de 20 metros o 785103 Fotocelda XP30D con alcance de 30 metros.<\/p>\n<p style='text-align: center; margin-bottom: 8px; color: inherit;'><strong>787856<\/strong> Receptor de frecuencia FAA RP1<\/p>\n<p style='text-align: center; margin-bottom: 8px; color: inherit;'><strong>787456<\/strong> Control remoto inal\u00e1mbrico XT4<\/p>\n<p style='text-align: center; margin-bottom: 8px; color: inherit;'><strong>410029<\/strong> L\u00e1mpara intermitente XLED FAAC<\/p>\n<p style='text-align: center; margin-bottom: 8px; color: inherit;'><strong>XBS-SW01<\/strong>&comma; <strong>XBS-SW-02<\/strong> o <strong>XBS-SW-03<\/strong> Botoneras triples para accesos vehiculares<\/p>\n<p style='text-align: center; margin-bottom: 8px; color: inherit;'><strong>XBS-ST01<\/strong> Bot\u00f3n de paro de emergencia para motores<\/p>\n<p style='text-align: center; margin-bottom: 8px; color: inherit;'><strong>10LZR-H100KIT-19327<\/strong> Sensor l\u00e1ser de seguridad con alcance de 10 x 10 metros<\/p>\n<\/p><\/div>\n<p> <!-- Separador final --> <\/p>\n<hr style='border: 0; border-top: 1px solid rgba(150&comma; 150&comma; 150&comma; 0.3); margin: 30px 0;'> <\/div>\n","protected":false},"excerpt":{"rendered":"<p>Operador FAAC 884 Para Puertas Corredizas de hasta 3500 kg \/ Longitud M\u00e1xima de la Hoja 42 m<\/p>\n","protected":false},"featured_media":27488,"comment_status":"open","ping_status":"closed","template":"","meta":[],"product_brand":[],"product_cat":[860],"product_tag":[401,778,861],"class_list":{"0":"post-27489","1":"product","2":"type-product","3":"status-publish","4":"has-post-thumbnail","6":"product_cat-puertas-corredizas","7":"product_tag-acceso-vehicular","8":"product_tag-faac","9":"product_tag-puertas-corredizas","11":"first","12":"instock","13":"sale","14":"shipping-taxable","15":"purchasable","16":"product-type-simple"},"_links":{"self":[{"href":"https:\/\/soydeaqui.ddns.net\/pachuca\/index.php\/wp-json\/wp\/v2\/product\/27489","targetHints":{"allow":["GET"]}}],"collection":[{"href":"https:\/\/soydeaqui.ddns.net\/pachuca\/index.php\/wp-json\/wp\/v2\/product"}],"about":[{"href":"https:\/\/soydeaqui.ddns.net\/pachuca\/index.php\/wp-json\/wp\/v2\/types\/product"}],"replies":[{"embeddable":true,"href":"https:\/\/soydeaqui.ddns.net\/pachuca\/index.php\/wp-json\/wp\/v2\/comments?post=27489"}],"wp:featuredmedia":[{"embeddable":true,"href":"https:\/\/soydeaqui.ddns.net\/pachuca\/index.php\/wp-json\/wp\/v2\/media\/27488"}],"wp:attachment":[{"href":"https:\/\/soydeaqui.ddns.net\/pachuca\/index.php\/wp-json\/wp\/v2\/media?parent=27489"}],"wp:term":[{"taxonomy":"product_brand","embeddable":true,"href":"https:\/\/soydeaqui.ddns.net\/pachuca\/index.php\/wp-json\/wp\/v2\/product_brand?post=27489"},{"taxonomy":"product_cat","embeddable":true,"href":"https:\/\/soydeaqui.ddns.net\/pachuca\/index.php\/wp-json\/wp\/v2\/product_cat?post=27489"},{"taxonomy":"product_tag","embeddable":true,"href":"https:\/\/soydeaqui.ddns.net\/pachuca\/index.php\/wp-json\/wp\/v2\/product_tag?post=27489"}],"curies":[{"name":"wp","href":"https:\/\/api.w.org\/{rel}","templated":true}]}}