{"id":2748,"date":"2026-03-18T06:00:30","date_gmt":"2026-03-18T06:00:30","guid":{"rendered":"https:\/\/soydeaqui.ddns.net\/pachuca\/index.php\/producto\/marco-metalico-para-puerta-de-emergencia-derecha-para-puerta-mx9041\/"},"modified":"2026-03-18T06:00:30","modified_gmt":"2026-03-18T06:00:30","slug":"marco-metalico-para-puerta-de-emergencia-derecha-para-puerta-mx9041","status":"publish","type":"product","link":"https:\/\/soydeaqui.ddns.net\/pachuca\/index.php\/producto\/marco-metalico-para-puerta-de-emergencia-derecha-para-puerta-mx9041\/","title":{"rendered":"Marco met\u00e1lico para puerta de emergencia derecha para puerta MX9041"},"content":{"rendered":"<div style='width: 100%; max-width: 1200px; margin: 0 auto; font-family: sans-serif; line-height: 1.6; color: inherit; background-color: transparent;'>\n<div style='margin-bottom: 30px;'>\n<p style='font-size: 18px; line-height: 1.6; margin: 0 0 20px 0; color: inherit;'>Los marcos de l\u00e1mina CR est\u00e1n dise\u00f1ados para aplicaciones vers\u00e1tiles&comma; ofreciendo resistencia al fuego de hasta 3 horas. Son convertibles para modelos montados y soldados&comma; ofreciendo as\u00ed flexibilidad en la instalaci\u00f3n. Adem\u00e1s&comma; est\u00e1n disponibles en varios tama\u00f1os est\u00e1ndar y poseen perforaciones para mamposter\u00eda&comma; hormig\u00f3n o tabiquer\u00eda seca.<\/p>\n<\/div>\n<h2 style='font-size: 24px; font-weight: 600; margin: 0 0 20px 0; color: inherit; border-bottom: 2px solid currentColor; padding-bottom: 5px; opacity: 0.8;'>Especificaciones T\u00e9cnicas<\/h2>\n<div style='display: flex; flex-wrap: wrap; gap: 20px; margin-bottom: 30px;'>\n<div style='flex: 1 1 300px; min-width: 280px; border: 1px solid rgba(150&comma; 150&comma; 150&comma; 0.4); border-radius: 8px; overflow: hidden; display: flex; flex-direction: column;'>\n<div style='padding: 15px; border-bottom: 1px solid rgba(150&comma; 150&comma; 150&comma; 0.2); font-weight: bold; font-size: 18px; color: inherit;'>Caracter\u00edsticas Principales<\/div>\n<div style='padding: 15px; color: inherit;'>\n<ul style='padding-left: 20px; margin: 0; font-size: 14px; list-style-type: disc;'>\n<li style='margin-bottom: 5px;'>Material: L\u00e1mina CR&comma; acero galvanneal pintable cal 16<\/li>\n<li style='margin-bottom: 5px;'>Aplicaci\u00f3n: Primer gris<\/li>\n<li style='margin-bottom: 5px;'>Resistencia al fuego: Hasta 3 horas<\/li>\n<li style='margin-bottom: 5px;'>Perforaci\u00f3n para mamposter\u00eda&comma; hormig\u00f3n o tabiquer\u00eda seca<\/li>\n<li style='margin-bottom: 5px;'>Convertible a construcci\u00f3n montada y soldada (SUVW)<\/li>\n<\/ul>\n<\/div>\n<\/div>\n<div style='flex: 1 1 300px; min-width: 280px; border: 1px solid rgba(150&comma; 150&comma; 150&comma; 0.4); border-radius: 8px; overflow: hidden; display: flex; flex-direction: column;'>\n<div style='padding: 15px; border-bottom: 1px solid rgba(150&comma; 150&comma; 150&comma; 0.2); font-weight: bold; font-size: 18px; color: inherit;'>Funcionalidades<\/div>\n<div style='padding: 15px; color: inherit;'>\n<ul style='padding-left: 20px; margin: 0; font-size: 14px; list-style-type: disc;'>\n<li style='margin-bottom: 5px;'>Disponibles para aplicaciones resistentes al fuego<\/li>\n<li style='margin-bottom: 5px;'>Cajas de polvo de calibre 22 est\u00e1ndar<\/li>\n<li style='margin-bottom: 5px;'>Caj\u00f3n antipolvo integrado<\/li>\n<li style='margin-bottom: 5px;'>Preparaci\u00f3n para silenciadores de puertas<\/li>\n<\/ul>\n<\/div>\n<\/div>\n<\/div>\n<h2 style='font-size: 24px; font-weight: 600; margin: 30px 0 20px 0; color: inherit; border-bottom: 2px solid currentColor; padding-bottom: 5px; opacity: 0.8;'>Especificaciones Avanzadas<\/h2>\n<div style='display: flex; flex-wrap: wrap; gap: 20px; margin-bottom: 30px;'>\n<div style='flex: 1 1 300px; min-width: 280px; border: 1px solid rgba(150&comma; 150&comma; 150&comma; 0.4); border-radius: 8px; overflow: hidden; display: flex; flex-direction: column;'>\n<div style='padding: 15px; border-bottom: 1px solid rgba(150&comma; 150&comma; 150&comma; 0.2); font-weight: bold; font-size: 18px; color: inherit;'>Interfaces y Conectividad<\/div>\n<div style='padding: 15px; color: inherit;'>\n<ul style='padding-left: 20px; margin: 0; font-size: 14px; list-style-type: disc;'>\n<li style='margin-bottom: 5px;'>Tama\u00f1os est\u00e1ndar: 3070<\/li>\n<li style='margin-bottom: 5px;'>Materiales disponibles por medida&comma; incluyendo Cold Rolled y Galvanil<\/li>\n<li style='margin-bottom: 5px;'>*ASA Strike:* 4 7\/8&#8242; (124 mm)<\/li>\n<\/ul>\n<\/div>\n<\/div>\n<div style='flex: 1 1 300px; min-width: 280px; border: 1px solid rgba(150&comma; 150&comma; 150&comma; 0.4); border-radius: 8px; overflow: hidden; display: flex; flex-direction: column;'>\n<div style='padding: 15px; border-bottom: 1px solid rgba(150&comma; 150&comma; 150&comma; 0.2); font-weight: bold; font-size: 18px; color: inherit;'>Requisitos y Compatibilidad<\/div>\n<div style='padding: 15px; color: inherit;'>\n<ul style='padding-left: 20px; margin: 0; font-size: 14px; list-style-type: disc;'>\n<li style='margin-bottom: 5px;'>Jambas con gu\u00edas soldadas de calibre 20<\/li>\n<li style='margin-bottom: 5px;'>Puerta de emergencia MX9041<\/li>\n<\/ul>\n<\/div>\n<\/div>\n<\/div>\n<\/div>\n<h2 style='font-size: 24px; font-weight: 600; margin: 30px 0 20px 0; color: inherit; border-bottom: 2px solid currentColor; padding-bottom: 5px; opacity: 0.8;'>Aplicaciones y Casos de Uso<\/h2>\n<div style='display: flex; flex-wrap: wrap; gap: 20px; margin-bottom: 30px;'>\n<div style='flex: 1 1 300px; min-width: 280px; border: 1px solid rgba(150&comma; 150&comma; 150&comma; 0.4); border-radius: 8px; overflow: hidden; padding: 15px; color: inherit; font-size: 14px;'>Los marcos son ideales para aplicaciones en construcciones que requieran alta resistencia al fuego y flexibilidad de instalaci\u00f3n.<\/div>\n<\/div>\n<hr style='border: 0; border-top: 1px solid rgba(150&comma; 150&comma; 150&comma; 0.3); margin: 30px 0;'><\/div>\n","protected":false},"excerpt":{"rendered":"<p>Marco met\u00e1lico para puerta de emergencia derecha para puerta MX9041<\/p>\n","protected":false},"featured_media":2747,"comment_status":"open","ping_status":"closed","template":"","meta":[],"product_brand":[],"product_cat":[216],"product_tag":[218,217,126],"class_list":{"0":"post-2748","1":"product","2":"type-product","3":"status-publish","4":"has-post-thumbnail","6":"product_cat-puertas-de-emergencia","7":"product_tag-assa-abloy","8":"product_tag-puertas-de-emergencia","9":"product_tag-sistemas-de-emergencia","11":"first","12":"instock","13":"sale","14":"shipping-taxable","15":"purchasable","16":"product-type-simple"},"_links":{"self":[{"href":"https:\/\/soydeaqui.ddns.net\/pachuca\/index.php\/wp-json\/wp\/v2\/product\/2748","targetHints":{"allow":["GET"]}}],"collection":[{"href":"https:\/\/soydeaqui.ddns.net\/pachuca\/index.php\/wp-json\/wp\/v2\/product"}],"about":[{"href":"https:\/\/soydeaqui.ddns.net\/pachuca\/index.php\/wp-json\/wp\/v2\/types\/product"}],"replies":[{"embeddable":true,"href":"https:\/\/soydeaqui.ddns.net\/pachuca\/index.php\/wp-json\/wp\/v2\/comments?post=2748"}],"wp:featuredmedia":[{"embeddable":true,"href":"https:\/\/soydeaqui.ddns.net\/pachuca\/index.php\/wp-json\/wp\/v2\/media\/2747"}],"wp:attachment":[{"href":"https:\/\/soydeaqui.ddns.net\/pachuca\/index.php\/wp-json\/wp\/v2\/media?parent=2748"}],"wp:term":[{"taxonomy":"product_brand","embeddable":true,"href":"https:\/\/soydeaqui.ddns.net\/pachuca\/index.php\/wp-json\/wp\/v2\/product_brand?post=2748"},{"taxonomy":"product_cat","embeddable":true,"href":"https:\/\/soydeaqui.ddns.net\/pachuca\/index.php\/wp-json\/wp\/v2\/product_cat?post=2748"},{"taxonomy":"product_tag","embeddable":true,"href":"https:\/\/soydeaqui.ddns.net\/pachuca\/index.php\/wp-json\/wp\/v2\/product_tag?post=2748"}],"curies":[{"name":"wp","href":"https:\/\/api.w.org\/{rel}","templated":true}]}}