{"id":27449,"date":"2026-03-18T12:36:11","date_gmt":"2026-03-18T12:36:11","guid":{"rendered":"https:\/\/soydeaqui.ddns.net\/pachuca\/index.php\/producto\/controlador-de-acceso-4-puerta-8-lectores-huella-y-tarjeta-integracion-con-video-100000-tarjetas-incluye-gabinete-y-fuente-de-alimentacion-12vcc-8a-soporta-bateria-de-respaldo\/"},"modified":"2026-03-18T12:36:17","modified_gmt":"2026-03-18T12:36:17","slug":"controlador-de-acceso-4-puerta-8-lectores-huella-y-tarjeta-integracion-con-video-100000-tarjetas-incluye-gabinete-y-fuente-de-alimentacion-12vcc-8a-soporta-bateria-de-respaldo","status":"publish","type":"product","link":"https:\/\/soydeaqui.ddns.net\/pachuca\/index.php\/producto\/controlador-de-acceso-4-puerta-8-lectores-huella-y-tarjeta-integracion-con-video-100000-tarjetas-incluye-gabinete-y-fuente-de-alimentacion-12vcc-8a-soporta-bateria-de-respaldo\/","title":{"rendered":"Controlador de Acceso \/ 4 Puerta \/ 8 Lectores Huella y Tarjeta \/ Integraci\u00f3n con Video \/ 100,000 Tarjetas \/ Incluye Gabinete y Fuente de Alimentaci\u00f3n 12Vcc\/8A \/ Soporta bater\u00eda de respaldo"},"content":{"rendered":"<div style='width: 100%; max-width: 1200px; margin: 0 auto; font-family: sans-serif; line-height: 1.6; color: inherit; background-color: transparent;'> <!-- Imagen Banner --> <img style='width: 100%; height: auto; border: 1px solid rgba(150&comma;150&comma;150&comma;0.3); border-radius: 8px;' src='https:\/\/ftp3.syscom.mx\/usuarios\/fespinoza\/HIKVISION\/Dispositivos\/Banners\/BannerControladores.jpg' alt='Banner Controlador Hikvision'> <!-- Secci\u00f3n de caracter\u00edsticas principales --> <\/p>\n<div style='display: flex; flex-wrap: wrap; gap: 30px; margin: 30px 0;'>\n<div style='flex: 1 1 300px; min-width: 280px;'>\n<h3 style='font-size: 22px; border-bottom: 2px solid currentColor; padding-bottom: 5px; margin-top: 0; color: inherit; opacity: 0.8;'>Caracter\u00edsticas principales<\/h3>\n<ul style='padding-left: 20px; font-size: 15px; color: inherit;'>\n<li style='margin-bottom: 5px;'>Tarjetas: 100&comma;000<\/li>\n<li style='margin-bottom: 5px;'>Eventos: 300&comma;000<\/li>\n<li style='margin-bottom: 5px;'>Control de Acceso por Horarios y Puertas<\/li>\n<li style='margin-bottom: 5px;'>Verificaci\u00f3n Multi-Usuario<\/li>\n<li style='margin-bottom: 5px;'>Funci\u00f3n de primer tarjeta<\/li>\n<li style='margin-bottom: 5px;'>Funci\u00f3n de super tarjeta y super contrase\u00f1a<\/li>\n<li style='margin-bottom: 5px;'>Temperatura de Operaci\u00f3n: -20 a 65 \u00b0C<\/li>\n<li style='margin-bottom: 5px;'>Dimensiones: 370 x 345 x 90 mm<\/li>\n<\/ul>\n<div style='display: flex; gap: 15px; margin-top: 15px; font-size: 14px; color: inherit;'>\n<div style='display: flex; align-items: center; gap: 5px;'> <span style='color: #27ae60; font-size: 24px;'>\u2713<\/span> <span>Esclusa<\/span> <\/div>\n<div style='display: flex; align-items: center; gap: 5px;'> <span style='color: #27ae60; font-size: 24px;'>\u2713<\/span> <span>AntiPassback<\/span> <\/div>\n<\/p><\/div>\n<div style='margin-top: 20px; font-size: 14px; color: inherit;'>\n<p style='margin: 10px 0;'><strong style='color: inherit;'>Diferencias con DSK2604 (versi\u00f3n anterior):<\/strong><\/p>\n<p style='margin: 10px 0;'>Soportan protocolos ISUP5.0&comma; ISAPI y OSDP.<\/p>\n<\/p><\/div>\n<div style='margin-top: 20px; font-size: 14px; color: inherit;'>\n<p style='margin: 10px 0;'><strong style='color: inherit;'>Software compatible:<\/strong><\/p>\n<ul style='padding-left: 20px; margin: 10px 0;'>\n<li style='margin-bottom: 10px; display: flex; align-items: center; gap: 8px;'> <span style='color: #27ae60; font-size: 24px;'>\u2713<\/span>\n<div> <strong>IVMS4200<\/strong> <a style='color: #005cb9; text-decoration: none;' href='https:\/\/ftp3.syscom.mx\/usuarios\/fespinoza\/HIKVISION\/Software\/IVMS-4200%20V3.6.1.3\/iVMS-4200-Client-Software_Datasheet_V3.6.0_20210622.pdf'>Alcances (ficha t\u00e9cnica)<\/a> <\/div>\n<\/li>\n<li style='margin-bottom: 10px; display: flex; align-items: center; gap: 8px;'> <span style='color: #27ae60; font-size: 24px;'>\u2713<\/span>\n<div> <strong>HikCentral<\/strong> (mediante licencia) <\/div>\n<\/li>\n<\/ul><\/div>\n<\/p><\/div>\n<p> <!-- Caracter\u00edsticas F\u00edsicas y El\u00e9ctricas --> <\/p>\n<div style='flex: 1 1 300px; min-width: 280px;'>\n<h3 style='font-size: 22px; border-bottom: 2px solid currentColor; padding-bottom: 5px; margin-top: 0; color: inherit; opacity: 0.8;'>Caracter\u00edsticas F\u00edsicas y El\u00e9ctricas<\/h3>\n<ul style='padding-left: 20px; font-size: 15px; color: inherit;'>\n<li style='margin-bottom: 5px;'>TCP\/IP<\/li>\n<li style='margin-bottom: 5px;'>4 Entrada Wiegand Multi-Formato<\/li>\n<li style='margin-bottom: 5px;'>8 RS-485<\/li>\n<li style='margin-bottom: 5px;'>4 Salida de Relevador NC\/NO\/COM Para Chapa<\/li>\n<li style='margin-bottom: 5px;'>4 Salida de Relevador Auxiliar NC\/NO\/COM<\/li>\n<li style='margin-bottom: 5px;'>4 Entradas de alarma<\/li>\n<li style='margin-bottom: 5px;'>4 Entrada para sensor de estado de puerta<\/li>\n<li style='margin-bottom: 5px;'>4 Entrada para bot\u00f3n de petici\u00f3n de salida (REX)<\/li>\n<\/ul><\/div>\n<p> <!-- Caracter\u00edsticas Destacadas --> <\/p>\n<div style='flex: 1 1 300px; min-width: 280px;'>\n<h3 style='font-size: 22px; border-bottom: 2px solid currentColor; padding-bottom: 5px; margin-top: 0; color: inherit; opacity: 0.8;'>Caracter\u00edsticas Destacadas<\/h3>\n<div style='font-size: 14px; color: inherit;'>\n<p style='margin: 10px 0;'>El controlador tambi\u00e9n puede trabajar sin tener conexi\u00f3n a red ya es aut\u00f3nomo adem\u00e1s de contar con un interruptor a prueba de manipulaciones.<\/p>\n<p style='margin: 10px 0;'>12 Vcc \/ 1 A.<\/p>\n<p style='margin: 10px 0;'>Incluye Fuente de 12Vcc \/ 8A con Cargador de Bater\u00eda (Bater\u00eda recomendada <a style='color: #005cb9; text-decoration: none;' href='https:\/\/www.syscom.mx\/principal\/searchcont?route=PL-4.5-12-EPCOM-POWERLINE-67464&#038;autodetect=pl4.5'>PL-4.5-12 NO Incluida<\/a>).<\/p>\n<ul style='padding-left: 20px; margin: 10px 0;'>\n<li style='margin-bottom: 10px;'>Cable de alimentaci\u00f3n a 110 Vca no incluido&comma; sugerido <a style='color: #005cb9; text-decoration: none;' href='https:\/\/www.syscom.mx\/principal\/searchcont?route=AC-CORD-1.8M-EPCOM-POWERLINE-162897&#038;autodetect=accord'>AC-CORD-1.8M<\/a><\/li>\n<\/ul>\n<p style='margin: 10px 0;'><strong>Los relays para las cerraduras tienen 2 configuraciones:<\/strong><\/p>\n<ul style='padding-left: 20px; margin: 10px 0;'>\n<li style='margin-bottom: 5px;'>Contacto seco o con voltaje<\/li>\n<li style='margin-bottom: 5px;'>NO \u00f3 NC (Seleccionable por Jumper)\n<ul style='padding-left: 20px; margin-top: 5px;'>\n<li><a style='color: #005cb9; text-decoration: none;' href='http:\/\/soporte.syscom.mx\/es\/articles\/3951423-hikvision-configuracion-de-relays-nc-no-con-voltaje-contacto-seco-controlador-serie-ds-k260x'>Ver configuraciones<\/a><\/li>\n<\/ul>\n<\/li>\n<\/ul><\/div>\n<\/p><\/div>\n<\/p><\/div>\n<p> <!-- Consideraciones --> <\/p>\n<div style='margin: 30px 0;'>\n<h3 style='font-size: 22px; border-bottom: 2px solid currentColor; padding-bottom: 5px; margin-top: 0; color: inherit; opacity: 0.8;'>Consideraciones<\/h3>\n<div style='font-size: 14px; color: inherit; margin-top: 15px;'>\n<p style='margin: 10px 0;'>Los paneles de control de acceso de HIKVISION soportan la integraci\u00f3n con c\u00e1maras&comma; DVR\u00b4s y NVR\u00b4s de la misma marca a trav\u00e9s del software gratuito IVMS4200 para contar con evidencias en video de los eventos sucedidos en el sistema de control de acceso&comma; por ejemplo cuando una puerta es abierta&comma; cuando se lee correctamente una tarjeta&comma; cuando una puerta est\u00e1 siendo forzada o se qued\u00f3 abierta&comma; etc.<\/p>\n<p style='margin: 10px 0;'>Solo compatible con lector de <strong>huellas<\/strong> de la serie <strong>DS-K1201<\/strong>.<\/p>\n<p style='margin: 10px 0;'>Lectores de <strong>tarjetas<\/strong> compatibles en el listado de accesorios opcionales (arriba).<\/p>\n<\/p><\/div>\n<\/p><\/div>\n<p> <!-- Im\u00e1genes adicionales --> <\/p>\n<div style='display: flex; flex-wrap: wrap; gap: 20px; margin: 30px 0;'>\n<div style='flex: 1 1 45%; min-width: 280px;'> <img style='width: 100%; height: auto; border: 1px solid rgba(150&comma;150&comma;150&comma;0.3); border-radius: 8px;' src='https:\/\/ftp3.syscom.mx\/usuarios\/fotos\/DSK2604\/77452-dsk2604-lat-izq-l.png' alt='Vista lateral izquierda'> <\/div>\n<div style='flex: 1 1 45%; min-width: 280px;'> <img style='width: 100%; height: auto; border: 1px solid rgba(150&comma;150&comma;150&comma;0.3); border-radius: 8px;' src='https:\/\/ftp3.syscom.mx\/usuarios\/fotos\/DSK2604\/77452-dsk2604-ad-1-l.png' alt='Vista frontal'> <\/div>\n<\/p><\/div>\n<p> <!-- Secci\u00f3n de lectores biometricos --> <\/p>\n<div style='margin: 30px 0;'>\n<div style='display: flex; flex-wrap: wrap; gap: 30px; align-items: center;'>\n<div style='flex: 1 1 45%; min-width: 280px;'> <img style='width: 100%; height: auto; border: 1px solid rgba(150&comma;150&comma;150&comma;0.3); border-radius: 8px;' src='https:\/\/ftp3.syscom.mx\/usuarios\/fotos\/BancoFotografiasSyscom\/HIKVISION\/DSK1201EF\/DSK1201EF-p.PNG' alt='Lector biometrico'> <\/div>\n<div style='flex: 1 1 50%; min-width: 280px;'>\n<h3 style='font-size: 20px; margin-top: 0; color: inherit; opacity: 0.8;'>Lectura de Huellas y Tarjetas<\/h3>\n<p style='font-size: 14px; color: inherit; margin: 10px 0;'>Los paneles de control de acceso Hikvision de la serie DSK26XX tienen integraci\u00f3n directa con biometr\u00eda al utilizar los biometricos esclavos de la serie DS-K1201&comma; cumplen con la norma IP65 lo que permite que pueda instalarse incluso en exteriores.<\/p>\n<ul style='padding-left: 20px; font-size: 14px; color: inherit; margin: 10px 0;'>\n<li style='margin-bottom: 10px; display: flex; align-items: center; gap: 8px;'> <span style='color: #27ae60; font-size: 24px;'>\u2713<\/span> <span>Soporta hasta 2 lectores esclavos por puerta<\/span> <\/li>\n<li style='margin-bottom: 10px; display: flex; align-items: center; gap: 8px;'> <span style='color: #27ae60; font-size: 24px;'>\u2713<\/span> <span>Lectura de huellas y tarjetas en el mismo dispositivo<\/span> <\/li>\n<\/ul><\/div>\n<\/p><\/div>\n<\/p><\/div>\n<p> <!-- Enrolador USB --> <\/p>\n<div style='margin: 30px 0;'>\n<div style='display: flex; flex-wrap: wrap; gap: 30px; align-items: center;'>\n<div style='flex: 1 1 45%; min-width: 280px;'> <img style='width: 100%; height: auto; border: 1px solid rgba(150&comma;150&comma;150&comma;0.3); border-radius: 8px;' src='https:\/\/ftp3.syscom.mx\/usuarios\/fotos\/BancoFotografiasSyscom\/HIKVISION\/DSK1F820F\/DSK1F820F-p.PNG' alt='Enrolador USB'> <\/div>\n<div style='flex: 1 1 50%; min-width: 280px;'>\n<h3 style='font-size: 20px; margin-top: 0; color: inherit; opacity: 0.8;'>Enrolador USB<\/h3>\n<p style='font-size: 14px; color: inherit; margin: 10px 0;'>El enrolador USB <a style='color: #005cb9; text-decoration: none;' href='https:\/\/www.syscom.mx\/producto\/DS-K1F820F-HIKVISION-141987.html'>DS-K1F820F<\/a> es indispensable para la puesta en marcha de nuestro control de acceso biom\u00e9trico&comma; permite enrolar las huellas de los usuarios directo al software IVMS4200 para posteriormente sincronizarlas v\u00eda red a los controladores.<\/p>\n<\/p><\/div>\n<\/p><\/div>\n<\/p><\/div>\n<p> <!-- Lectores de tarjetas --> <\/p>\n<div style='margin: 30px 0;'>\n<div style='display: flex; flex-wrap: wrap; gap: 30px; align-items: center;'>\n<div style='flex: 1 1 45%; min-width: 280px;'> <img style='width: 100%; height: auto; border: 1px solid rgba(150&comma;150&comma;150&comma;0.3); border-radius: 8px;' src='https:\/\/ftp3.syscom.mx\/usuarios\/fotos\/BancoFotografiasSyscom\/HIKVISION\/DSK1101MK\/DSK1101MK-p.PNG' alt='Lector de tarjetas'> <\/div>\n<div style='flex: 1 1 50%; min-width: 280px;'>\n<h3 style='font-size: 20px; margin-top: 0; color: inherit; opacity: 0.8;'>Lectores de Tarjetas \/ Contrase\u00f1as<\/h3>\n<p style='font-size: 14px; color: inherit; margin: 10px 0;'>Los lectores de la serie <strong>DS-K1101-M<\/strong> (<strong>solo tarjeta<\/strong> MIFARE) o <strong>DS-K1101-MK<\/strong> (<strong>tarjeta + contrase\u00f1a<\/strong>) son recomendados para los controladores Hikvision Serie DS-K26XX.<\/p>\n<p style='font-size: 14px; color: inherit; margin: 10px 0;'>Permiten el control de puertas mediante 2 lectores por puerta (Entrada \/ Salida) y conexi\u00f3n a una distancia de hasta 1200 mts en daisy chain.<\/p>\n<\/p><\/div>\n<\/p><\/div>\n<\/p><\/div>\n<p> <!-- Enrolador USB adicional --> <\/p>\n<div style='margin: 30px 0;'>\n<div style='display: flex; flex-wrap: wrap; gap: 30px; align-items: center;'>\n<div style='flex: 1 1 45%; min-width: 280px;'> <img style='width: 100%; height: auto; border: 1px solid rgba(150&comma;150&comma;150&comma;0.3); border-radius: 8px;' src='https:\/\/ftp3.syscom.mx\/usuarios\/fotos\/BancoFotografiasSyscom\/HIKVISION\/DSK1F100D8E\/DSK1F100D8E-p.PNG' alt='Enrolador USB adicional'> <\/div>\n<div style='flex: 1 1 50%; min-width: 280px;'>\n<h3 style='font-size: 20px; margin-top: 0; color: inherit; opacity: 0.8;'>Enrolador USB<\/h3>\n<p style='font-size: 14px; color: inherit; margin: 10px 0;'>El enrolador USB <a style='color: #005cb9; text-decoration: none;' href='https:\/\/www.syscom.mx\/principal\/searchcont?route=DS-K1F100-D8E-HIKVISION-97701&#038;autodetect=dsk1f'>DS-K1F100-D8E<\/a> es recomendable para la puesta en marcha de nuestro control de acceso&comma; enrolando de una manera m\u00e1s sencilla las tarjetas directo al software IVMS4200 para posteriormente sincronizarlas v\u00eda red a los controladores.<\/p>\n<\/p><\/div>\n<\/p><\/div>\n<\/p><\/div>\n<p> <!-- Chapa magn\u00e9tica --> <\/p>\n<div style='margin: 30px 0;'>\n<div style='display: flex; flex-wrap: wrap; gap: 30px; align-items: center;'>\n<div style='flex: 1 1 45%; min-width: 280px;'> <img style='width: 100%; height: auto; border: 1px solid rgba(150&comma;150&comma;150&comma;0.3); border-radius: 8px;' src='https:\/\/ftp3.syscom.mx\/usuarios\/fotos\/BancoFotografiasSyscom\/HIKVISION\/DSK4H258S\/DSK4H258S-p.PNG' alt='Chapa magn\u00e9tica'> <\/div>\n<div style='flex: 1 1 50%; min-width: 280px;'>\n<h3 style='font-size: 20px; margin-top: 0; color: inherit; opacity: 0.8;'>Chapa Magn\u00e9tica HIKVISION<\/h3>\n<p style='font-size: 14px; color: inherit; margin: 10px 0;'>Modelo: <a style='color: #005cb9; text-decoration: none;' href='https:\/\/www.syscom.mx\/principal\/searchcont?route=DS-K4H258S-HIKVISION-176625&#038;autodetect=dsk4'>DS-K4H258S<\/a><\/p>\n<p style='font-size: 14px; color: inherit; margin: 10px 0;'>Hikvision lanza su propio modelo de chapa magn\u00e9tica&comma; permitiendo contemplar toda la soluci\u00f3n completa en la misma marca.<\/p>\n<ul style='padding-left: 20px; font-size: 14px; color: inherit; margin: 10px 0;'>\n<li style='margin-bottom: 10px; display: flex; align-items: center; gap: 8px;'> <span style='color: #27ae60; font-size: 24px;'>\u2713<\/span> <span>600 lbs de fuerza (280 Kg)<\/span> <\/li>\n<li style='margin-bottom: 10px; display: flex; align-items: center; gap: 8px;'> <span style='color: #27ae60; font-size: 24px;'>\u2713<\/span> <span>Certificado CE<\/span> <\/li>\n<li style='margin-bottom: 10px; display: flex; align-items: center; gap: 8px;'> <span style='color: #27ae60; font-size: 24px;'>\u2713<\/span> <span>Indicador LED<\/span> <\/li>\n<\/ul><\/div>\n<\/p><\/div>\n<\/p><\/div>\n<p> <!-- Montajes Z y L --> <\/p>\n<div style='margin: 30px 0;'>\n<div style='display: flex; flex-wrap: wrap; gap: 30px; align-items: center;'>\n<div style='flex: 1 1 45%; min-width: 280px;'> <img style='width: 100%; height: auto; border: 1px solid rgba(150&comma;150&comma;150&comma;0.3); border-radius: 8px;' src='https:\/\/ftp3.syscom.mx\/usuarios\/fotos\/BancoFotografiasSyscom\/HIKVISION\/DSK4H258LZ\/DSK4H258LZ-g.PNG' alt='Montajes Z y L'> <\/div>\n<div style='flex: 1 1 50%; min-width: 280px;'>\n<h3 style='font-size: 20px; margin-top: 0; color: inherit; opacity: 0.8;'>Montajes Z y L (Requeridos)<\/h3>\n<p style='font-size: 14px; color: inherit; margin: 10px 0;'>Los montajes &#8216;Z&#8217; y &#8216;L&#8217; son requeridos para la instalaci\u00f3n de las chapas magn\u00e9ticas&comma; se adquieren por separado y el modelo es <a style='color: #005cb9; text-decoration: none;' href='https:\/\/www.syscom.mx\/principal\/searchcont?route=DS-K4H258-L\/Z-HIKVISION-176632&#038;autodetect=DSK4'>DS-K4H258-L\/Z<\/a>.<\/p>\n<\/p><\/div>\n<\/p><\/div>\n<\/p><\/div>\n<p> <!-- V\u00eddeos de integraci\u00f3n --> <\/p>\n<div style='margin: 30px 0;'>\n<h3 style='font-size: 20px; text-align: center; margin-bottom: 20px; color: inherit; opacity: 0.8;'>Demostraci\u00f3n de Integraci\u00f3n IVMS4200<\/h3>\n<h4 style='font-size: 18px; text-align: center; margin-bottom: 30px; color: inherit; opacity: 0.8;'>(Acceso + Asistencia + CCTV + Videoporteros)<\/h4>\n<p> <!-- Video 1 --> <\/p>\n<div style='position: relative; padding-bottom: 56.25%; height: 0; overflow: hidden; margin-bottom: 30px;'>   <\/div>\n<p> <!-- Video 2 --> <\/p>\n<div style='position: relative; padding-bottom: 45%; height: 0; overflow: hidden; margin-bottom: 30px;'>   <\/div>\n<p> <!-- Enlace a soporte --> <\/p>\n<div style='text-align: center; margin: 30px 0;'> <a href='http:\/\/soporte.syscom.mx\/es\/articles\/3879039-hikvision-control-de-acceso-lista-de-videos-y-tips-tecnicos'> <img style='width: 100px; height: auto; border: 1px solid rgba(150&comma;150&comma;150&comma;0.3); border-radius: 8px;' src='https:\/\/ftp3.syscom.mx\/usuarios\/fotos\/DSK1T607E\/171893-hikvision-controlacceso.png' alt='Soporte t\u00e9cnico'> <\/a> <\/div>\n<\/p><\/div>\n<\/p><\/div>\n","protected":false},"excerpt":{"rendered":"<p>Controlador de Acceso \/ 4 Puerta \/ 8 Lectores Huella y Tarjeta \/ Integraci\u00f3n con Video \/ 100,000 Tarjetas \/ Incluye Gabinete y Fuente de Alimentaci\u00f3n 12Vcc\/8A \/ Soporta bater\u00eda de respaldo<\/p>\n","protected":false},"featured_media":27448,"comment_status":"open","ping_status":"closed","template":"","meta":[],"product_brand":[],"product_cat":[783],"product_tag":[785,54,784],"class_list":{"0":"post-27449","1":"product","2":"type-product","3":"status-publish","4":"has-post-thumbnail","6":"product_cat-controladores-de-acceso","7":"product_tag-controladores-de-acceso","8":"product_tag-hikvision","9":"product_tag-paneles-de-control-de-acceso","11":"first","12":"outofstock","13":"sale","14":"shipping-taxable","15":"purchasable","16":"product-type-simple"},"_links":{"self":[{"href":"https:\/\/soydeaqui.ddns.net\/pachuca\/index.php\/wp-json\/wp\/v2\/product\/27449","targetHints":{"allow":["GET"]}}],"collection":[{"href":"https:\/\/soydeaqui.ddns.net\/pachuca\/index.php\/wp-json\/wp\/v2\/product"}],"about":[{"href":"https:\/\/soydeaqui.ddns.net\/pachuca\/index.php\/wp-json\/wp\/v2\/types\/product"}],"replies":[{"embeddable":true,"href":"https:\/\/soydeaqui.ddns.net\/pachuca\/index.php\/wp-json\/wp\/v2\/comments?post=27449"}],"wp:featuredmedia":[{"embeddable":true,"href":"https:\/\/soydeaqui.ddns.net\/pachuca\/index.php\/wp-json\/wp\/v2\/media\/27448"}],"wp:attachment":[{"href":"https:\/\/soydeaqui.ddns.net\/pachuca\/index.php\/wp-json\/wp\/v2\/media?parent=27449"}],"wp:term":[{"taxonomy":"product_brand","embeddable":true,"href":"https:\/\/soydeaqui.ddns.net\/pachuca\/index.php\/wp-json\/wp\/v2\/product_brand?post=27449"},{"taxonomy":"product_cat","embeddable":true,"href":"https:\/\/soydeaqui.ddns.net\/pachuca\/index.php\/wp-json\/wp\/v2\/product_cat?post=27449"},{"taxonomy":"product_tag","embeddable":true,"href":"https:\/\/soydeaqui.ddns.net\/pachuca\/index.php\/wp-json\/wp\/v2\/product_tag?post=27449"}],"curies":[{"name":"wp","href":"https:\/\/api.w.org\/{rel}","templated":true}]}}