{"id":27444,"date":"2026-03-18T12:36:05","date_gmt":"2026-03-18T12:36:05","guid":{"rendered":"https:\/\/soydeaqui.ddns.net\/pachuca\/index.php\/producto\/controlador-de-acceso-2-puerta-4-lectores-de-huella-y-tarjetas-integracion-con-video-100000-tarjetas-incluye-gabinete-y-fuente-de-alimentacion-12vcc-8a-soporta-bateria-de-respaldo\/"},"modified":"2026-03-18T12:36:10","modified_gmt":"2026-03-18T12:36:10","slug":"controlador-de-acceso-2-puerta-4-lectores-de-huella-y-tarjetas-integracion-con-video-100000-tarjetas-incluye-gabinete-y-fuente-de-alimentacion-12vcc-8a-soporta-bateria-de-respaldo","status":"publish","type":"product","link":"https:\/\/soydeaqui.ddns.net\/pachuca\/index.php\/producto\/controlador-de-acceso-2-puerta-4-lectores-de-huella-y-tarjetas-integracion-con-video-100000-tarjetas-incluye-gabinete-y-fuente-de-alimentacion-12vcc-8a-soporta-bateria-de-respaldo\/","title":{"rendered":"Controlador de Acceso \/ 2 Puerta \/ 4 Lectores de Huella y Tarjetas \/ Integraci\u00f3n con Video \/ 100,000 Tarjetas \/ Incluye Gabinete y Fuente de Alimentaci\u00f3n 12Vcc\/8A \/ Soporta bater\u00eda de respaldo"},"content":{"rendered":"<div style='width: 100%; max-width: 1200px; margin: 0 auto; font-family: sans-serif; line-height: 1.6; color: inherit; background-color: transparent;'> <!-- Banner principal --> <img style='width: 100%; height: auto; border: 1px solid rgba(150&comma;150&comma;150&comma;0.3); border-radius: 8px; margin-bottom: 20px;' src='https:\/\/ftp3.syscom.mx\/usuarios\/fespinoza\/HIKVISION\/Dispositivos\/Banners\/BannerControladores.jpg' alt='Banner principal'> <!-- Secci\u00f3n de caracter\u00edsticas principales --> <\/p>\n<div style='display: flex; flex-wrap: wrap; gap: 20px; margin-bottom: 30px;'>\n<div style='flex: 1 1 300px; min-width: 280px;'>\n<div style='border-left: 5px solid #ff0000; border-radius: 5px; padding: 15px; box-shadow: 2px 2px 10px rgba(216&comma;216&comma;216&comma;0.3);'>\n<h3 style='font-size: 18px; margin-top: 0; margin-bottom: 15px; color: inherit;'>Caracter\u00edsticas principales:<\/h3>\n<ul style='padding-left: 20px; font-size: 14px; color: inherit; list-style-type: disc;'>\n<li style='margin-bottom: 5px;'>Eventos: 300&comma;000.<\/li>\n<li style='margin-bottom: 5px;'>Tarjetas: 100&comma;000.<\/li>\n<li style='margin-bottom: 5px;'>Control de Acceso por Horarios y Puertas.<\/li>\n<li style='margin-bottom: 5px;'>Verificaci\u00f3n Multi-Usuario.<\/li>\n<li style='margin-bottom: 5px;'>Funci\u00f3n de primer tarjeta.<\/li>\n<li style='margin-bottom: 5px;'>Funci\u00f3n de super tarjeta y super contrase\u00f1a.<\/li>\n<\/ul>\n<p style='margin: 15px 0;'> <span style='color: #333333;'><span style='font-size: 14px;'>Esclusa: <\/span><\/span> <span style='color: #27ae60; font-size: 24px;'>\u2713<\/span> <span style='color: #333333;'><span style='font-size: 14px;'> AntiPassback: <\/span><\/span> <span style='color: #27ae60; font-size: 24px;'>\u2713<\/span> <\/p>\n<p style='margin: 15px 0;'> <span style='color: #27ae60; font-size: 24px;'> <strong style='color: #000000; font-size: medium;'>Diferencias con DSK2602 (versi\u00f3n anterior): <\/strong> <span style='color: #222222; font-size: 16px; background-color: #ffffff;'>Soportan protocolos ISUP5.0&comma; ISAPI y OSDP.<\/span> <\/span> <\/p>\n<ul style='padding-left: 20px; margin: 15px 0; font-size: 14px; color: inherit; list-style-type: disc;'>\n<li style='margin-bottom: 5px;'> <span style='color: #27ae60; font-size: 24px;'>\u2713 <\/span> <strong>IVMS4200<\/strong> <a style='color: #005cb9; text-decoration: none;' href='https:\/\/ftp3.syscom.mx\/usuarios\/fespinoza\/HIKVISION\/Software\/IVMS-4200%20V3.6.1.3\/iVMS-4200-Client-Software_Datasheet_V3.6.0_20210622.pdf'>Alcances (ficha t\u00e9cnica)<\/a> <\/li>\n<li style='margin-bottom: 5px;'> <span style='color: #27ae60; font-size: 24px;'>\u2713 <\/span> <strong>HikCentral<\/strong> (mediante licencia). <\/li>\n<\/ul><\/div>\n<\/p><\/div>\n<p> <!-- Caracter\u00edsticas f\u00edsicas y el\u00e9ctricas --> <\/p>\n<div style='flex: 1 1 300px; min-width: 280px;'>\n<div style='border-left: 5px solid #ff0000; border-radius: 5px; padding: 15px; box-shadow: 2px 2px 10px rgba(216&comma;216&comma;216&comma;0.3);'>\n<h3 style='font-size: 18px; margin-top: 0; margin-bottom: 15px; color: inherit;'>Caracter\u00edsticas F\u00edsicas y El\u00e9ctricas:<\/h3>\n<ul style='padding-left: 20px; font-size: 14px; color: inherit; list-style-type: disc;'>\n<li style='margin-bottom: 5px;'>TCP\/IP<\/li>\n<li style='margin-bottom: 5px;'>4 Entrada Wiegand Multi-Formato.<\/li>\n<li style='margin-bottom: 5px;'>4 RS-485<\/li>\n<li style='margin-bottom: 5px;'>Gabinete Met\u00e1lico.<\/li>\n<li style='margin-bottom: 5px;'>Incluye Fuente de 12Vcc \/ 8A.\n<ul style='padding-left: 20px; margin-top: 5px; margin-bottom: 5px;'>\n<li style='margin-bottom: 5px;'> <span style='color: #333333; font-size: 14px; background-color: #ffffff;'>Cable de alimentacion a 110 Vca no incluido&comma; sugerido <\/span> <a style='color: #005cb9; text-decoration: none; font-size: 12px; font-weight: 600;' href='https:\/\/www.syscom.mx\/principal\/searchcont?route=AC-CORD-1.8M-EPCOM-POWERLINE-162897&#038;autodetect=accord'>AC-CORD-1.8M.<\/a> <\/li>\n<\/ul>\n<\/li>\n<li style='margin-bottom: 5px;'>Soporta bater\u00eda de respaldo (Bater\u00eda recomendada <a style='color: #005cb9; text-decoration: none; font-size: 12px; font-weight: 600;' href='https:\/\/www.syscom.mx\/principal\/searchcont?route=PL-4.5-12-EPCOM-POWERLINE-67464&#038;autodetect=pl4.5'>PL-4.5-12<\/a> <span style='color: #333333; font-size: 14px; background-color: #ffffff;'>NO Incluida).<\/span> <\/li>\n<li style='margin-bottom: 5px;'>Temperatura de Operaci\u00f3n: -20 a 65 \u00b0C.<\/li>\n<li style='margin-bottom: 5px;'>Dimensiones: 370 x 345 x 90 mm.<\/li>\n<li style='margin-bottom: 5px;'>2 Salida de Relevador NC\/NO\/COM Para Chapa.<\/li>\n<\/ul><\/div>\n<\/p><\/div>\n<p> <!-- Caracter\u00edsticas destacadas --> <\/p>\n<div style='flex: 1 1 300px; min-width: 280px;'>\n<div style='border-left: 5px solid #ff0000; border-radius: 5px; padding: 15px; box-shadow: 2px 2px 10px rgba(216&comma;216&comma;216&comma;0.3);'>\n<h3 style='font-size: 18px; margin-top: 0; margin-bottom: 15px; color: inherit;'>Caracter\u00edsticas Destacadas:<\/h3>\n<ul style='padding-left: 20px; margin: 0; font-size: 14px; color: inherit; list-style-type: disc;'>\n<li style='margin-bottom: 5px;'>4 Entradas de alarma.<\/li>\n<li style='margin-bottom: 5px;'>4 Salida de Relevador Auxiliar NC\/NO\/COM.<\/li>\n<li style='margin-bottom: 5px;'>2 entradas para bot\u00f3n REX<\/li>\n<li style='margin-bottom: 5px;'>2 entradas de sensor de puerta<\/li>\n<li style='margin-bottom: 5px;'>El controlador tambi\u00e9n es compatible con el funcionamiento sin conexi\u00f3n y es Dise\u00f1ado con interruptor a prueba de manipulaciones<\/li>\n<\/ul>\n<p style='margin: 15px 0 5px;'><strong style='color: #000000; font-size: medium;'>Los relays para las cerraduras tienen 2 configuraciones:<\/strong><\/p>\n<ul style='padding-left: 20px; margin-bottom: 10px; color: inherit;'>\n<li style='margin-bottom: 5px;'>Contacto seco o con voltaje.<\/li>\n<li style='margin-bottom: 5px;'>NO \u00f3 NC (Seleccionable por Jumper).\n<ul style='margin-top: 5px; margin-bottom: 5px;'>\n<li style='margin-bottom: 5px;'><a href='http:\/\/soporte.syscom.mx\/es\/articles\/3951423-hikvision-configuracion-de-relays-nc-no-con-voltaje-contacto-seco-controlador-serie-ds-k260x'>Ver configuraciones<\/a><\/li>\n<\/ul>\n<\/li>\n<\/ul><\/div>\n<\/p><\/div>\n<\/p><\/div>\n<p> <!-- Consideraciones --> <\/p>\n<div style='border-left: 5px solid #ff0000; border-radius: 5px; padding: 15px; box-shadow: 2px 2px 10px rgba(216&comma;216&comma;216&comma;0.3); margin-bottom: 30px;'>\n<h3 style='font-size: 18px; margin-top: 0; margin-bottom: 15px; color: inherit;'>Consideraciones:<\/h3>\n<p style='margin: 10px 0; color: inherit; font-size: 14px;'> Los paneles de control de acceso de HIKVISION soportan la integraci\u00f3n con c\u00e1maras&comma; DVR\u00b4s y NVR\u00b4s de la misma marca a trav\u00e9s del software gratuito IVMS4200 para contar con evidencias en video de los eventos sucitados en el sistema de control de acceso&comma; por ejemplo cuando una puerta es abierta&comma; cuando se lee correctamente una tarjeta&comma; cuando una puerta est\u00e1 siendo forzada o se qued\u00f3 abierta&comma; etc. <\/p>\n<p style='margin: 10px 0; color: inherit; font-size: 14px;'> Solo compatible con lector de <strong style='color: inherit;'>huellas<\/strong> de la serie <strong>DS-K1201.<\/strong> <\/p>\n<p style='margin: 10px 0; color: inherit; font-size: 14px;'> Lectores de <strong style='color: inherit;'>tarjetas<\/strong> compatibles en el listado de accesorios opcionales (arriba). <\/p>\n<\/p><\/div>\n<p> <!-- Im\u00e1genes de producto --> <\/p>\n<div style='display: flex; flex-wrap: wrap; gap: 20px; margin-bottom: 30px; justify-content: center;'> <img style='width: 100%; max-width: 500px; height: auto; border: 1px solid rgba(150&comma;150&comma;150&comma;0.3); border-radius: 8px;' src='https:\/\/ftp3.syscom.mx\/usuarios\/fotos\/DSK2602\/97690-dsk2602-ad-2-l.png' alt=''> <img style='width: 100%; max-width: 500px; height: auto; border: 1px solid rgba(150&comma;150&comma;150&comma;0.3); border-radius: 8px;' src='https:\/\/ftp3.syscom.mx\/usuarios\/fotos\/DSK2602\/97690-dsk2602-ad-1-l.png' alt=''> <\/div>\n<p> <!-- Secci\u00f3n de integraci\u00f3n biometrica --> <\/p>\n<div style='display: flex; flex-wrap: wrap; gap: 20px; margin-bottom: 30px;'>\n<div style='flex: 1 1 300px; min-width: 280px;'> <img style='width: 100%; height: auto; border: 1px solid rgba(150&comma;150&comma;150&comma;0.3); border-radius: 8px;' src='https:\/\/ftp3.syscom.mx\/usuarios\/fotos\/BancoFotografiasSyscom\/HIKVISION\/DSK1201EF\/DSK1201EF-p.PNG' alt=''> <\/div>\n<div style='flex: 1 1 500px; min-width: 300px;'>\n<h3 style='font-size: 20px; margin-top: 0; margin-bottom: 15px; color: inherit;'>Lectura de Huellas y Tarjetas<\/h3>\n<p style='margin: 10px 0; color: inherit; font-size: 14px;'> Los paneles de control de acceso Hikvision de la serie DSK26XX tienen integraci\u00f3n directa con biometr\u00eda al utilizar los biometricos esclavos de la serie DS-K1201&comma; cumplen con la norma IP65 lo que permite que pueda instalarse incluso en exteriores. <\/p>\n<ul style='padding-left: 20px; margin: 15px 0; font-size: 14px; color: inherit; list-style-type: disc;'>\n<li style='margin-bottom: 5px;'><span style='color: #27ae60; font-size: 24px;'>\u2713 <\/span>Soporta hasta 2 lectores esclavos por puerta.<\/li>\n<li style='margin-bottom: 5px;'><span style='color: #27ae60; font-size: 24px;'>\u2713 <\/span>Lectura de huellas y tarjetas en el mismo dispositivo.<\/li>\n<\/ul><\/div>\n<\/p><\/div>\n<p> <!-- Secci\u00f3n enrolador USB --> <\/p>\n<div style='display: flex; flex-wrap: wrap; gap: 20px; margin-bottom: 30px;'>\n<div style='flex: 1 1 500px; min-width: 300px;'>\n<h3 style='font-size: 20px; margin-top: 0; margin-bottom: 15px; color: inherit;'>Enrolador USB<\/h3>\n<p style='margin: 10px 0; color: inherit; font-size: 14px;'> El enrolador USB <a style='color: #005cb9; text-decoration: none; font-size: 12px; font-weight: 600;' href='https:\/\/www.syscom.mx\/producto\/DS-K1F820F-HIKVISION-141987.html'>DS-K1F820F<\/a> es indispensable para la puesta en marcha de nuestro control de acceso biometrico&comma; permite enrolar las huellas de los usuarios directo al software IVMS4200 para posteriormente sincronizarlas via red a los controladores. <\/p>\n<\/p><\/div>\n<div style='flex: 1 1 300px; min-width: 280px;'> <img style='width: 100%; height: auto; border: 1px solid rgba(150&comma;150&comma;150&comma;0.3); border-radius: 8px;' src='https:\/\/ftp3.syscom.mx\/usuarios\/fotos\/BancoFotografiasSyscom\/HIKVISION\/DSK1F820F\/DSK1F820F-p.PNG' alt=''> <\/div>\n<\/p><\/div>\n<p> <!-- Secci\u00f3n lectores de tarjetas --> <\/p>\n<div style='display: flex; flex-wrap: wrap; gap: 20px; margin-bottom: 30px;'>\n<div style='flex: 1 1 300px; min-width: 280px;'> <img style='width: 100%; height: auto; border: 1px solid rgba(150&comma;150&comma;150&comma;0.3); border-radius: 8px;' src='https:\/\/ftp3.syscom.mx\/usuarios\/fotos\/BancoFotografiasSyscom\/HIKVISION\/DSK1101MK\/DSK1101MK-p.PNG' alt=''> <\/div>\n<div style='flex: 1 1 500px; min-width: 300px;'>\n<h3 style='font-size: 20px; margin-top: 0; margin-bottom: 15px; color: inherit;'>Lectores de Tarjetas \/ Contrase\u00f1as<\/h3>\n<p style='margin: 10px 0; color: inherit; font-size: 14px;'> Los lectores de la serie <strong style='color: inherit;'>DS-K1101-M<\/strong> (<strong>solo tarjeta<\/strong> MIFARE) o <strong>DS-K1101-MK<\/strong> (<strong>tarjeta + contrase\u00f1a<\/strong>) son recomendados para los controladores Hikvision Serie DS-K26XX. <\/p>\n<p style='margin: 10px 0; color: inherit; font-size: 14px;'> Permiten el control de puertas mediante 2 lectores por puerta (Entrada \/ Salida) y conexi\u00f3n a una distancia de hasta 1200 mts en daisy chain. <\/p>\n<\/p><\/div>\n<\/p><\/div>\n<p> <!-- Secci\u00f3n enrolador USB adicional --> <\/p>\n<div style='display: flex; flex-wrap: wrap; gap: 20px; margin-bottom: 30px;'>\n<div style='flex: 1 1 500px; min-width: 300px;'>\n<h3 style='font-size: 20px; margin-top: 0; margin-bottom: 15px; color: inherit;'>Enrolador USB<\/h3>\n<p style='margin: 10px 0; color: inherit; font-size: 14px;'> El enrolador USB <a style='color: #005cb9; text-decoration: none; font-size: 12px; font-weight: 600;' href='https:\/\/www.syscom.mx\/principal\/searchcont?route=DS-K1F100-D8E-HIKVISION-97701&#038;autodetect=dsk1f'>DS-K1F100-D8E<\/a> <a style='color: #005cb9; text-decoration: none; font-size: 12px; font-weight: 600;' href='https:\/\/www.syscom.mx\/producto\/DS-K1F820F-HIKVISION-141987.html'> <\/a>es recomendable para la puesta en marcha de nuestro control de acceso&comma; enrolando de una manera mas sencilla las tarjetas directo al software IVMS4200 para posteriormente sincronizarlas via red a los controladores. <\/p>\n<\/p><\/div>\n<div style='flex: 1 1 300px; min-width: 280px;'> <img style='width: 100%; height: auto; border: 1px solid rgba(150&comma;150&comma;150&comma;0.3); border-radius: 8px;' src='https:\/\/ftp3.syscom.mx\/usuarios\/fotos\/BancoFotografiasSyscom\/HIKVISION\/DSK1F100D8E\/DSK1F100D8E-p.PNG' alt=''> <\/div>\n<\/p><\/div>\n<p> <!-- Secci\u00f3n chapa magn\u00e9tica --> <\/p>\n<div style='display: flex; flex-wrap: wrap; gap: 20px; margin-bottom: 30px;'>\n<div style='flex: 1 1 300px; min-width: 280px;'> <img style='width: 100%; height: auto; border: 1px solid rgba(150&comma;150&comma;150&comma;0.3); border-radius: 8px;' src='https:\/\/ftp3.syscom.mx\/usuarios\/fotos\/BancoFotografiasSyscom\/HIKVISION\/DSK4H258S\/DSK4H258S-p.PNG' alt=''> <\/div>\n<div style='flex: 1 1 500px; min-width: 300px;'>\n<h3 style='font-size: 20px; margin-top: 0; margin-bottom: 15px; color: inherit;'>Chapa Magn\u00e9tica HIKVISION<\/h3>\n<p style='margin: 10px 0; color: inherit; font-size: 14px;'> Modelo: <a style='color: #005cb9; text-decoration: none; font-size: 12px; font-weight: 600;' href='https:\/\/www.syscom.mx\/principal\/searchcont?route=DS-K4H258S-HIKVISION-176625&#038;autodetect=dsk4'>DS-K4H258S<\/a> <\/p>\n<p style='margin: 10px 0; color: inherit; font-size: 14px;'> Hikvision lanza su propio modelo de chapa magn\u00e9tica&comma; permitiendo contemplar toda la soluci\u00f3n completa en la misma marca. <\/p>\n<ul style='padding-left: 20px; margin: 15px 0; font-size: 14px; color: inherit; list-style-type: disc;'>\n<li style='margin-bottom: 5px;'><span style='color: #27ae60; font-size: 24px;'>\u2713 <\/span>600 lbs de fuerza (280 Kg).<\/li>\n<li style='margin-bottom: 5px;'><span style='color: #27ae60; font-size: 24px;'>\u2713 <\/span>Certificado CE.<\/li>\n<li style='margin-bottom: 5px;'><span style='color: #27ae60; font-size: 24px;'>\u2713 <\/span>Indicador LED<\/li>\n<\/ul><\/div>\n<\/p><\/div>\n<p> <!-- Secci\u00f3n montajes --> <\/p>\n<div style='display: flex; flex-wrap: wrap; gap: 20px; margin-bottom: 30px;'>\n<div style='flex: 1 1 500px; min-width: 300px;'>\n<h3 style='font-size: 20px; margin-top: 0; margin-bottom: 15px; color: inherit;'>Montajes Z y L (Requeridos)<\/h3>\n<p style='margin: 10px 0; color: inherit; font-size: 14px;'> Los montajes &#8216;Z&#8217; y &#8216;L&#8217; son requeridos para la instalaci\u00f3n de las chapas magn\u00e9ticas&comma; se adquieren por separado y el modelo es <a style='color: #005cb9; text-decoration: none; font-size: 12px; font-weight: 600;' href='https:\/\/www.syscom.mx\/principal\/searchcont?route=DS-K4H258-L\/Z-HIKVISION-176632&#038;autodetect=DSK4'>DS-K4H258-L\/Z.<\/a> <\/p>\n<\/p><\/div>\n<div style='flex: 1 1 300px; min-width: 280px;'> <img style='width: 100%; height: auto; border: 1px solid rgba(150&comma;150&comma;150&comma;0.3); border-radius: 8px;' src='https:\/\/ftp3.syscom.mx\/usuarios\/fotos\/BancoFotografiasSyscom\/HIKVISION\/DSK4H258LZ\/DSK4H258LZ-g.PNG' alt=''> <\/div>\n<\/p><\/div>\n<p> <!-- Videos de demostraci\u00f3n --> <\/p>\n<div style='text-align: center; margin: 40px 0;'>\n<h3 style='font-size: 20px; margin-bottom: 20px; color: inherit;'>Demostraci\u00f3n de Integraci\u00f3n IVMS4200<\/h3>\n<h4 style='font-size: 16px; margin-bottom: 20px; color: inherit;'>(Acceso + Asistencia + CCTV + Videoporteros)<\/h4>\n<div style='position: relative; padding-bottom: 56.25%; height: 0; overflow: hidden; margin: 20px auto;'>   <\/div>\n<div style='position: relative; padding-bottom: 56.25%; height: 0; overflow: hidden; margin: 20px auto;'>   <\/div>\n<\/p><\/div>\n<p> <!-- Enlace soporte --> <\/p>\n<div style='text-align: center; margin: 30px 0;'> <a href='http:\/\/soporte.syscom.mx\/es\/articles\/3879039-hikvision-control-de-acceso-lista-de-videos-y-tips-tecnicos'> <img style='width: 100%; max-width: 600px; height: auto; border: 1px solid rgba(150&comma;150&comma;150&comma;0.3); border-radius: 8px;' src='https:\/\/ftp3.syscom.mx\/usuarios\/fotos\/DSK1T607E\/171893-hikvision-controlacceso.png' alt=''> <\/a> <\/div>\n<\/p><\/div>\n","protected":false},"excerpt":{"rendered":"<p>Controlador de Acceso \/ 2 Puerta \/ 4 Lectores de Huella y Tarjetas \/ Integraci\u00f3n con Video \/ 100,000 Tarjetas \/ Incluye Gabinete y Fuente de Alimentaci\u00f3n 12Vcc\/8A \/ Soporta bater\u00eda de respaldo<\/p>\n","protected":false},"featured_media":27443,"comment_status":"open","ping_status":"closed","template":"","meta":[],"product_brand":[],"product_cat":[783],"product_tag":[785,54,784],"class_list":{"0":"post-27444","1":"product","2":"type-product","3":"status-publish","4":"has-post-thumbnail","6":"product_cat-controladores-de-acceso","7":"product_tag-controladores-de-acceso","8":"product_tag-hikvision","9":"product_tag-paneles-de-control-de-acceso","11":"first","12":"outofstock","13":"sale","14":"shipping-taxable","15":"purchasable","16":"product-type-simple"},"_links":{"self":[{"href":"https:\/\/soydeaqui.ddns.net\/pachuca\/index.php\/wp-json\/wp\/v2\/product\/27444","targetHints":{"allow":["GET"]}}],"collection":[{"href":"https:\/\/soydeaqui.ddns.net\/pachuca\/index.php\/wp-json\/wp\/v2\/product"}],"about":[{"href":"https:\/\/soydeaqui.ddns.net\/pachuca\/index.php\/wp-json\/wp\/v2\/types\/product"}],"replies":[{"embeddable":true,"href":"https:\/\/soydeaqui.ddns.net\/pachuca\/index.php\/wp-json\/wp\/v2\/comments?post=27444"}],"wp:featuredmedia":[{"embeddable":true,"href":"https:\/\/soydeaqui.ddns.net\/pachuca\/index.php\/wp-json\/wp\/v2\/media\/27443"}],"wp:attachment":[{"href":"https:\/\/soydeaqui.ddns.net\/pachuca\/index.php\/wp-json\/wp\/v2\/media?parent=27444"}],"wp:term":[{"taxonomy":"product_brand","embeddable":true,"href":"https:\/\/soydeaqui.ddns.net\/pachuca\/index.php\/wp-json\/wp\/v2\/product_brand?post=27444"},{"taxonomy":"product_cat","embeddable":true,"href":"https:\/\/soydeaqui.ddns.net\/pachuca\/index.php\/wp-json\/wp\/v2\/product_cat?post=27444"},{"taxonomy":"product_tag","embeddable":true,"href":"https:\/\/soydeaqui.ddns.net\/pachuca\/index.php\/wp-json\/wp\/v2\/product_tag?post=27444"}],"curies":[{"name":"wp","href":"https:\/\/api.w.org\/{rel}","templated":true}]}}