{"id":27439,"date":"2026-03-18T12:35:59","date_gmt":"2026-03-18T12:35:59","guid":{"rendered":"https:\/\/soydeaqui.ddns.net\/pachuca\/index.php\/producto\/controlador-de-acceso-1-puerta-2-lectores-de-huella-o-tarjeta-integracion-con-camaras-100000-tarjetas-incluye-gabinete-y-fuente-de-alimentacion-12vcc-4a-software-gratuito\/"},"modified":"2026-03-18T12:36:04","modified_gmt":"2026-03-18T12:36:04","slug":"controlador-de-acceso-1-puerta-2-lectores-de-huella-o-tarjeta-integracion-con-camaras-100000-tarjetas-incluye-gabinete-y-fuente-de-alimentacion-12vcc-4a-software-gratuito","status":"publish","type":"product","link":"https:\/\/soydeaqui.ddns.net\/pachuca\/index.php\/producto\/controlador-de-acceso-1-puerta-2-lectores-de-huella-o-tarjeta-integracion-con-camaras-100000-tarjetas-incluye-gabinete-y-fuente-de-alimentacion-12vcc-4a-software-gratuito\/","title":{"rendered":"Controlador de Acceso 1 Puerta \/ 2 Lectores de Huella o tarjeta \/ Integraci\u00f3n con c\u00e1maras \/ 100,000 Tarjetas \/ Incluye Gabinete y Fuente de Alimentaci\u00f3n 12Vcc\/4A \/ Software GRATUITO"},"content":{"rendered":"<div style='width: 100%; max-width: 1200px; margin: 0 auto; font-family: sans-serif; line-height: 1.6; color: inherit; background-color: transparent;'> <!-- Imagen banner --> <\/p>\n<div style='width: 100%; margin-bottom: 30px;'> <img style='width: 100%; height: auto; border: 1px solid rgba(150&comma;150&comma;150&comma;0.3); border-radius: 8px;' src='https:\/\/ftp3.syscom.mx\/usuarios\/fespinoza\/HIKVISION\/Dispositivos\/Banners\/BannerControladores.jpg' alt='Banner Controladores'> <\/div>\n<p> <!-- Secci\u00f3n principal con grid --> <\/p>\n<div style='display: grid; grid-template-columns: repeat(auto-fit&comma; minmax(280px&comma; 1fr)); gap: 30px; margin-bottom: 30px;'> <!-- Caracter\u00edsticas principales --> <\/p>\n<div style='border-left: 5px solid #ff0000; border-radius: 5px; padding: 15px; box-shadow: 2px 2px 10px rgba(216&comma;216&comma;216&comma;0.3);'>\n<h3 style='font-size: 18px; margin-top: 0; color: inherit; opacity: 0.9;'>Caracter\u00edsticas principales:<\/h3>\n<ul style='padding-left: 20px; font-size: 14px; color: inherit; list-style-type: disc;'>\n<li style='margin-bottom: 5px;'>100&comma;000 Tarjetas<\/li>\n<li style='margin-bottom: 5px;'>300&comma;000 Eventos<\/li>\n<li style='margin-bottom: 5px;'>Fabricado en metal<\/li>\n<li style='margin-bottom: 5px;'>Incluye fuente de 12Vcc\/8A con cargador (bater\u00eda no incluida)<\/li>\n<li style='margin-bottom: 5px;'>Control de acceso (por horario y puerta)<\/li>\n<li style='margin-bottom: 5px;'>Funci\u00f3n primera tarjeta<\/li>\n<li style='margin-bottom: 5px;'>Funci\u00f3n de supertarjeta y super contrase\u00f1a<\/li>\n<\/ul>\n<p> <!-- Esclusa y AntiPassback --> <\/p>\n<div style='display: flex; justify-content: space-between; margin: 15px 0;'>\n<div style='color: #27ae60; font-size: 24px;'>\u2713 Esclusa<\/div>\n<div style='color: #27ae60; font-size: 24px;'>\u2713 AntiPassback<\/div>\n<\/p><\/div>\n<p> <!-- Diferencias con versi\u00f3n anterior --> <\/p>\n<div style='margin-top: 15px;'> <strong style='font-size: 14px; color: inherit;'>Diferencias con DSK2601 (versi\u00f3n anterior):<\/strong> <\/p>\n<p style='margin-top: 8px; font-size: 14px; color: inherit;'>Soportan protocolos ISUP5.0&comma; ISAPI y OSDP<\/p>\n<\/p><\/div>\n<p> <!-- Software compatible --> <\/p>\n<div style='margin-top: 20px;'>\n<h4 style='font-size: 16px; color: inherit; margin-bottom: 10px;'>Software compatible:<\/h4>\n<ul style='padding-left: 20px; font-size: 14px; list-style-type: disc; color: inherit;'>\n<li style='margin-bottom: 8px;'> <span style='color: #27ae60; font-size: 24px; vertical-align: middle;'>\u2713<\/span> <strong style='margin-left: 8px; color: inherit;'>IVMS4200<\/strong> <a style='color: #005cb9; text-decoration: none; margin-left: 8px;' href='https:\/\/ftp3.syscom.mx\/usuarios\/fespinoza\/HIKVISION\/Software\/IVMS-4200%20V3.6.1.3\/iVMS-4200-Client-Software_Datasheet_V3.6.0_20210622.pdf' target='_blank'>Alcances (ficha t\u00e9cnica)<\/a> <\/li>\n<li style='margin-bottom: 8px;'> <span style='color: #27ae60; font-size: 24px; vertical-align: middle;'>\u2713<\/span> <strong style='margin-left: 8px; color: inherit;'>HikCentral<\/strong> <span style='margin-left: 8px; font-size: 12px;'>(mediante licencia)<\/span> <\/li>\n<\/ul><\/div>\n<\/p><\/div>\n<p> <!-- Caracter\u00edsticas F\u00edsicas y El\u00e9ctricas --> <\/p>\n<div style='border-left: 5px solid #ff0000; border-radius: 5px; padding: 15px; box-shadow: 2px 2px 10px rgba(216&comma;216&comma;216&comma;0.3);'>\n<h3 style='font-size: 18px; margin-top: 0; color: inherit; opacity: 0.9;'>Caracter\u00edsticas F\u00edsicas y El\u00e9ctricas:<\/h3>\n<ul style='padding-left: 20px; font-size: 14px; list-style-type: disc; color: inherit;'>\n<li style='margin-bottom: 5px;'>1 salida de relevador (con voltaje) para chapa<\/li>\n<li style='margin-bottom: 5px;'>2 Salidas de relevador auxiliar COM\/NC\/NO<\/li>\n<li style='margin-bottom: 5px;'>2 Entradas de alarma<\/li>\n<li style='margin-bottom: 5px;'>1 Entrada para sensor de estado de puerta<\/li>\n<li style='margin-bottom: 5px;'>1 Entrada para bot\u00f3n de p\u00e1nico de salida (REX)<\/li>\n<li style='margin-bottom: 5px;'>Dimensiones: 370 x 345 x 90 mm<\/li>\n<li style='margin-bottom: 5px;'>Temperatura de Operaci\u00f3n: -20 a 65 \u00b0C<\/li>\n<li style='margin-bottom: 5px;'>Alimentaci\u00f3n de 12Vcc\/1A<\/li>\n<\/ul>\n<p> <!-- Fuente de alimentaci\u00f3n --> <\/p>\n<div style='margin-top: 15px;'>\n<p style='margin: 0; font-size: 14px; color: inherit;'>Incluye Fuente de 12Vcc \/ 8A con Cargador de Bater\u00eda<\/p>\n<p style='margin: 0; font-size: 12px; color: inherit;'>Bater\u00eda recomendada <a style='color: #005cb9; text-decoration: none;' href='https:\/\/www.syscom.mx\/principal\/searchcont?route=PL-4.5-12-EPCOM-POWERLINE-67464&#038;autodetect=pl4.5' target='_blank'>PL-4.5-12<\/a> NO Incluida<\/p>\n<ul style='padding-left: 20px; margin-top: 8px; font-size: 12px; list-style-type: disc; color: inherit;'>\n<li style='margin-bottom: 5px;'>Cable de alimentaci\u00f3n a 110 Vca no incluido&comma; sugerido <a style='color: #005cb9; text-decoration: none;' href='https:\/\/www.syscom.mx\/principal\/searchcont?route=AC-CORD-1.8M-EPCOM-POWERLINE-162897&#038;autodetect=accord' target='_blank'>AC-CORD-1.8M<\/a><\/li>\n<\/ul><\/div>\n<\/p><\/div>\n<p> <!-- Caracter\u00edsticas Destacadas --> <\/p>\n<div style='border-left: 5px solid #ff0000; border-radius: 5px; padding: 15px; box-shadow: 2px 2px 10px rgba(216&comma;216&comma;216&comma;0.3);'>\n<h3 style='font-size: 18px; margin-top: 0; color: inherit; opacity: 0.9;'>Caracter\u00edsticas Destacadas:<\/h3>\n<ul style='padding-left: 20px; font-size: 14px; list-style-type: disc; color: inherit;'>\n<li style='margin-bottom: 5px;'>Interruptor a prueba de manipulaciones<\/li>\n<li style='margin-bottom: 5px;'>2 entradas WIEGAND<\/li>\n<li style='margin-bottom: 5px;'>2 lectores por RS485<\/li>\n<li style='margin-bottom: 5px;'>Lector de huellas compatible: Serie <strong style='color: inherit;'>DS-K1201<\/strong><\/li>\n<li style='margin-bottom: 5px;'>Enrolador de huellas USB (requerido si se usar\u00e1n huellas): <a style='color: #005cb9; text-decoration: none;' href='https:\/\/www.syscom.mx\/producto\/DS-K1F820F-HIKVISION-141987.html' target='_blank'>DS-K1F820F<\/a><\/li>\n<\/ul>\n<p> <!-- Configuraci\u00f3n de relevador --> <\/p>\n<div style='margin-top: 15px;'>\n<p style='font-weight: bold; font-size: 14px; color: inherit; margin-bottom: 8px;'>La salida de relevador para las cerraduras tiene 2 caracteristicas configurables:<\/p>\n<ul style='padding-left: 20px; font-size: 14px; list-style-type: disc; color: inherit;'>\n<li style='margin-bottom: 5px;'>Contacto seco o con voltaje<\/li>\n<li style='margin-bottom: 5px;'>NO \u00f3 NC (Seleccionable por Jumper)<\/li>\n<li><a style='color: #005cb9; text-decoration: none;' href='http:\/\/soporte.syscom.mx\/es\/articles\/3951423-hikvision-configuracion-de-relays-nc-no-con-voltaje-contacto-seco-controlador-serie-ds-k260x' target='_blank'>Ver configuraciones<\/a><\/li>\n<\/ul><\/div>\n<\/p><\/div>\n<\/p><\/div>\n<p> <!-- Consideraciones --> <\/p>\n<div style='border-left: 5px solid #ff0000; border-radius: 5px; padding: 15px; box-shadow: 2px 2px 10px rgba(216&comma;216&comma;216&comma;0.3); margin-bottom: 30px;'>\n<h3 style='font-size: 18px; margin-top: 0; color: inherit; opacity: 0.9;'>Consideraciones:<\/h3>\n<ul style='padding-left: 20px; font-size: 14px; list-style-type: disc; color: inherit;'>\n<li style='margin-bottom: 8px;'>Los paneles de control de acceso de HIKVISION soportan la integraci\u00f3n con c\u00e1maras&comma; DVR\u00b4s y NVR\u00b4s de la misma marca a trav\u00e9s del software gratuito IVMS4200 para contar con evidencias en video de los eventos ocurridos en el sistema de control de acceso&comma; por ejemplo cuando una puerta es abierta&comma; cuando se lee correctamente una tarjeta&comma; cuando una puerta est\u00e1 siendo forzada o se qued\u00f3 abierta&comma; etc.<\/li>\n<li style='margin-bottom: 8px;'>Solo compatible con lector de <strong style='color: inherit;'>huellas<\/strong> de la serie <strong style='color: inherit;'>DS-K1201<\/strong><\/li>\n<li>Lectores de <strong style='color: inherit;'>tarjetas<\/strong> compatibles en el listado de accesorios opcionales<\/li>\n<\/ul><\/div>\n<p> <!-- Im\u00e1genes de producto --> <\/p>\n<div style='display: flex; flex-wrap: wrap; gap: 20px; margin-bottom: 30px;'>\n<div style='flex: 1 1 45%; min-width: 280px;'> <img style='width: 100%; height: auto; border: 1px solid rgba(150&comma;150&comma;150&comma;0.3); border-radius: 8px;' src='https:\/\/ftp3.syscom.mx\/usuarios\/fotos\/DSK2601\/95179-dsk2601-ad-1-p.png' alt='Controlador de Acceso 1'> <\/div>\n<div style='flex: 1 1 45%; min-width: 280px;'> <img style='width: 100%; height: auto; border: 1px solid rgba(150&comma;150&comma;150&comma;0.3); border-radius: 8px;' src='https:\/\/ftp3.syscom.mx\/usuarios\/fotos\/DSK2601\/95179-dsk2601-ad-2-p.png' alt='Controlador de Acceso 2'> <\/div>\n<\/p><\/div>\n<p> <!-- Secci\u00f3n de lectores biometricos --> <\/p>\n<div style='display: grid; grid-template-columns: repeat(auto-fit&comma; minmax(280px&comma; 1fr)); gap: 30px; margin-bottom: 30px;'>\n<div> <img style='width: 100%; height: auto; border: 1px solid rgba(150&comma;150&comma;150&comma;0.3); border-radius: 8px;' src='https:\/\/ftp3.syscom.mx\/usuarios\/fotos\/BancoFotografiasSyscom\/HIKVISION\/DSK1201EF\/DSK1201EF-p.PNG' alt='Lector Biometrico'> <\/div>\n<div>\n<h3 style='font-size: 20px; margin-top: 0; color: inherit;'>Lectura de Huellas y Tarjetas<\/h3>\n<p style='font-size: 14px; color: inherit;'>Los paneles de control de acceso Hikvision de la serie DSK26XX tienen integraci\u00f3n directa con biometr\u00eda al utilizar los biometricos esclavos de la serie <strong style='color: inherit;'>DS-K1201<\/strong>&comma; cumplen con la norma IP65 lo que permite que pueda instalarse <strong style='color: inherit;'>incluso en exteriores<\/strong>.<\/p>\n<ul style='padding-left: 20px; font-size: 14px; list-style-type: disc; color: inherit;'>\n<li style='margin-bottom: 5px;'><span style='color: #27ae60; font-size: 24px; vertical-align: middle;'>\u2713<\/span> Soporta hasta 2 lectores esclavos por puerta<\/li>\n<li style='margin-bottom: 5px;'><span style='color: #27ae60; font-size: 24px; vertical-align: middle;'>\u2713<\/span> Lectura de huellas y tarjetas en el mismo dispositivo<\/li>\n<\/ul><\/div>\n<\/p><\/div>\n<p> <!-- Secci\u00f3n enrolador USB --> <\/p>\n<div style='display: grid; grid-template-columns: repeat(auto-fit&comma; minmax(280px&comma; 1fr)); gap: 30px; margin-bottom: 30px;'>\n<div>\n<h3 style='font-size: 20px; margin-top: 0; color: inherit;'>Enrolador USB<\/h3>\n<p style='font-size: 14px; color: inherit;'>El enrolador USB <a style='color: #005cb9; text-decoration: none;' href='https:\/\/www.syscom.mx\/producto\/DS-K1F820F-HIKVISION-141987.html' target='_blank'>DS-K1F820F<\/a> es indispensable para la puesta en marcha de nuestro control de acceso biometrico&comma; permite enrolar las huellas de los usuarios directo al software IVMS4200 para posteriormente sincronizarlas via red a los controladores.<\/p>\n<\/p><\/div>\n<div> <img style='width: 100%; height: auto; border: 1px solid rgba(150&comma;150&comma;150&comma;0.3); border-radius: 8px;' src='https:\/\/ftp3.syscom.mx\/usuarios\/fotos\/BancoFotografiasSyscom\/HIKVISION\/DSK1F820F\/DSK1F820F-p.PNG' alt='Enrolador USB'> <\/div>\n<\/p><\/div>\n<p> <!-- Secci\u00f3n lectores de tarjetas --> <\/p>\n<div style='display: grid; grid-template-columns: repeat(auto-fit&comma; minmax(280px&comma; 1fr)); gap: 30px; margin-bottom: 30px;'>\n<div> <img style='width: 100%; height: auto; border: 1px solid rgba(150&comma;150&comma;150&comma;0.3); border-radius: 8px;' src='https:\/\/ftp3.syscom.mx\/usuarios\/fotos\/BancoFotografiasSyscom\/HIKVISION\/DSK1101MK\/DSK1101MK-p.PNG' alt='Lector de Tarjetas'> <\/div>\n<div>\n<h3 style='font-size: 20px; margin-top: 0; color: inherit;'>Lectores de Tarjetas \/ Contrase\u00f1as<\/h3>\n<p style='font-size: 14px; color: inherit;'>Los lectores de la serie <strong style='color: inherit;'>DS-K1101-M<\/strong> (<strong style='color: inherit;'>solo tarjeta<\/strong> MIFARE) o <strong style='color: inherit;'>DS-K1101-MK<\/strong> (<strong style='color: inherit;'>tarjeta + contrase\u00f1a<\/strong>) son recomendados para los controladores Hikvision Serie DS-K26XX.<\/p>\n<p style='font-size: 14px; color: inherit;'>Permiten el control de puertas mediante 2 lectores por puerta (Entrada \/ Salida) y conexi\u00f3n a una distancia de hasta 1200 mts en daisy chain.<\/p>\n<\/p><\/div>\n<\/p><\/div>\n<p> <!-- Secci\u00f3n enrolador USB adicional --> <\/p>\n<div style='display: grid; grid-template-columns: repeat(auto-fit&comma; minmax(280px&comma; 1fr)); gap: 30px; margin-bottom: 30px;'>\n<div>\n<h3 style='font-size: 20px; margin-top: 0; color: inherit;'>Enrolador USB<\/h3>\n<p style='font-size: 14px; color: inherit;'>El enrolador USB <a style='color: #005cb9; text-decoration: none;' href='https:\/\/www.syscom.mx\/principal\/searchcont?route=DS-K1F100-D8E-HIKVISION-97701&#038;autodetect=dsk1f' target='_blank'>DS-K1F100-D8E<\/a> es recomendable para la puesta en marcha de nuestro control de acceso&comma; enrolando de una manera mas sencilla las tarjetas directo al software IVMS4200 para posteriormente sincronizarlas via red a los controladores.<\/p>\n<\/p><\/div>\n<div> <img style='width: 100%; height: auto; border: 1px solid rgba(150&comma;150&comma;150&comma;0.3); border-radius: 8px;' src='https:\/\/ftp3.syscom.mx\/usuarios\/fotos\/BancoFotografiasSyscom\/HIKVISION\/DSK1F100D8E\/DSK1F100D8E-p.PNG' alt='Enrolador USB Adicional'> <\/div>\n<\/p><\/div>\n<p> <!-- Secci\u00f3n chapa magn\u00e9tica --> <\/p>\n<div style='display: grid; grid-template-columns: repeat(auto-fit&comma; minmax(280px&comma; 1fr)); gap: 30px; margin-bottom: 30px;'>\n<div> <img style='width: 100%; height: auto; border: 1px solid rgba(150&comma;150&comma;150&comma;0.3); border-radius: 8px;' src='https:\/\/ftp3.syscom.mx\/usuarios\/fotos\/BancoFotografiasSyscom\/HIKVISION\/DSK4H258S\/DSK4H258S-p.PNG' alt='Chapa Magn\u00e9tica'> <\/div>\n<div>\n<h3 style='font-size: 20px; margin-top: 0; color: inherit;'>Chapa Magn\u00e9tica HIKVISION<\/h3>\n<p style='font-size: 14px; color: inherit;'>Modelo: <a style='color: #005cb9; text-decoration: none;' href='https:\/\/www.syscom.mx\/principal\/searchcont?route=DS-K4H258S-HIKVISION-176625&#038;autodetect=dsk4' target='_blank'>DS-K4H258S<\/a><\/p>\n<p style='font-size: 14px; color: inherit;'>Hikvision lanza su propio modelo de chapa magn\u00e9tica&comma; permitiendo contemplar toda la soluci\u00f3n completa en la misma marca.<\/p>\n<ul style='padding-left: 20px; font-size: 14px; list-style-type: disc; color: inherit;'>\n<li style='margin-bottom: 5px;'><span style='color: #27ae60; font-size: 24px; vertical-align: middle;'>\u2713<\/span> 600 lbs de fuerza (280 Kg)<\/li>\n<li style='margin-bottom: 5px;'><span style='color: #27ae60; font-size: 24px; vertical-align: middle;'>\u2713<\/span> Certificado CE<\/li>\n<li style='margin-bottom: 5px;'><span style='color: #27ae60; font-size: 24px; vertical-align: middle;'>\u2713<\/span> Indicador LED<\/li>\n<\/ul><\/div>\n<\/p><\/div>\n<p> <!-- Montajes Z y L --> <\/p>\n<div style='display: grid; grid-template-columns: repeat(auto-fit&comma; minmax(280px&comma; 1fr)); gap: 30px; margin-bottom: 30px;'>\n<div>\n<h3 style='font-size: 20px; margin-top: 0; color: inherit;'>Montajes Z y L (Requeridos)<\/h3>\n<p style='font-size: 14px; color: inherit;'>Los montajes &#8216;Z&#8217; y &#8216;L&#8217; son requeridos para la instalaci\u00f3n de las chapas magn\u00e9ticas&comma; se adquieren por separado y el modelo es <a style='color: #005cb9; text-decoration: none;' href='https:\/\/www.syscom.mx\/principal\/searchcont?route=DS-K4H258-L\/Z-HIKVISION-176632&#038;autodetect=DSK4' target='_blank'>DS-K4H258-L\/Z<\/a><\/p>\n<\/p><\/div>\n<div> <img style='width: 100%; height: auto; border: 1px solid rgba(150&comma;150&comma;150&comma;0.3); border-radius: 8px;' src='https:\/\/ftp3.syscom.mx\/usuarios\/fotos\/BancoFotografiasSyscom\/HIKVISION\/DSK4H258LZ\/DSK4H258LZ-g.PNG' alt='Montajes Z y L'> <\/div>\n<\/p><\/div>\n<p> <!-- V\u00eddeo de demostraci\u00f3n --> <\/p>\n<div style='margin: 30px 0;'>\n<h3 style='font-size: 18px; text-align: center; margin-bottom: 15px; color: inherit;'>Demostraci\u00f3n de Integraci\u00f3n IVMS4200<\/h3>\n<p style='font-size: 14px; text-align: center; margin-bottom: 15px; color: inherit;'>(Acceso + Asistencia + CCTV + Videoporteros)<\/p>\n<p> <!-- Video 1 --> <\/p>\n<div style='position: relative; padding-bottom: 56.25%; height: 0; overflow: hidden; margin-bottom: 30px;'>   <\/div>\n<p> <!-- Video 2 --> <\/p>\n<div style='position: relative; padding-bottom: 56.25%; height: 0; overflow: hidden; margin-bottom: 30px;'>   <\/div>\n<\/p><\/div>\n<p> <!-- Enlace a videos t\u00e9cnicos --> <\/p>\n<div style='text-align: center; margin: 30px 0;'> <a href='http:\/\/soporte.syscom.mx\/es\/articles\/3879039-hikvision-control-de-acceso-lista-de-videos-y-tips-tecnicos' style='display: inline-block;'> <img style='width: 100%; max-width: 600px; height: auto; border: 1px solid rgba(150&comma;150&comma;150&comma;0.3); border-radius: 8px;' src='https:\/\/ftp3.syscom.mx\/usuarios\/fotos\/DSK1T607E\/171893-hikvision-controlacceso.png' alt='Videos T\u00e9cnicos'> <\/a> <\/div>\n<\/p><\/div>\n","protected":false},"excerpt":{"rendered":"<p>Controlador de Acceso 1 Puerta \/ 2 Lectores de Huella o tarjeta \/ Integraci\u00f3n con c\u00e1maras \/ 100,000 Tarjetas \/ Incluye Gabinete y Fuente de Alimentaci\u00f3n 12Vcc\/4A \/ Software GRATUITO<\/p>\n","protected":false},"featured_media":27438,"comment_status":"open","ping_status":"closed","template":"","meta":[],"product_brand":[],"product_cat":[783],"product_tag":[785,54,784],"class_list":{"0":"post-27439","1":"product","2":"type-product","3":"status-publish","4":"has-post-thumbnail","6":"product_cat-controladores-de-acceso","7":"product_tag-controladores-de-acceso","8":"product_tag-hikvision","9":"product_tag-paneles-de-control-de-acceso","11":"first","12":"outofstock","13":"sale","14":"shipping-taxable","15":"purchasable","16":"product-type-simple"},"_links":{"self":[{"href":"https:\/\/soydeaqui.ddns.net\/pachuca\/index.php\/wp-json\/wp\/v2\/product\/27439","targetHints":{"allow":["GET"]}}],"collection":[{"href":"https:\/\/soydeaqui.ddns.net\/pachuca\/index.php\/wp-json\/wp\/v2\/product"}],"about":[{"href":"https:\/\/soydeaqui.ddns.net\/pachuca\/index.php\/wp-json\/wp\/v2\/types\/product"}],"replies":[{"embeddable":true,"href":"https:\/\/soydeaqui.ddns.net\/pachuca\/index.php\/wp-json\/wp\/v2\/comments?post=27439"}],"wp:featuredmedia":[{"embeddable":true,"href":"https:\/\/soydeaqui.ddns.net\/pachuca\/index.php\/wp-json\/wp\/v2\/media\/27438"}],"wp:attachment":[{"href":"https:\/\/soydeaqui.ddns.net\/pachuca\/index.php\/wp-json\/wp\/v2\/media?parent=27439"}],"wp:term":[{"taxonomy":"product_brand","embeddable":true,"href":"https:\/\/soydeaqui.ddns.net\/pachuca\/index.php\/wp-json\/wp\/v2\/product_brand?post=27439"},{"taxonomy":"product_cat","embeddable":true,"href":"https:\/\/soydeaqui.ddns.net\/pachuca\/index.php\/wp-json\/wp\/v2\/product_cat?post=27439"},{"taxonomy":"product_tag","embeddable":true,"href":"https:\/\/soydeaqui.ddns.net\/pachuca\/index.php\/wp-json\/wp\/v2\/product_tag?post=27439"}],"curies":[{"name":"wp","href":"https:\/\/api.w.org\/{rel}","templated":true}]}}