{"id":27437,"date":"2026-03-18T12:35:54","date_gmt":"2026-03-18T12:35:54","guid":{"rendered":"https:\/\/soydeaqui.ddns.net\/pachuca\/index.php\/producto\/tarjeta-iclass-2k-delgada-garantia-de-por-vida\/"},"modified":"2026-03-18T12:35:55","modified_gmt":"2026-03-18T12:35:55","slug":"tarjeta-iclass-2k-delgada-garantia-de-por-vida","status":"publish","type":"product","link":"https:\/\/soydeaqui.ddns.net\/pachuca\/index.php\/producto\/tarjeta-iclass-2k-delgada-garantia-de-por-vida\/","title":{"rendered":"Tarjeta iCLASS 2k Delgada \/ Garant\u00eda de por Vida"},"content":{"rendered":"<div style='width: 100%; max-width: 1200px; margin: 0 auto; font-family: sans-serif; line-height: 1.6; color: inherit; background-color: transparent;'>\n<div style='display: flex; flex-wrap: wrap; gap: 30px; margin-bottom: 30px;'>\n<div style='flex: 1 1 300px; min-width: 280px;'>\n<h3 style='font-size: 22px; border-bottom: 2px solid currentColor; padding-bottom: 5px; margin-top: 0; color: inherit; opacity: 0.8;'>Caracter\u00edsticas<\/h3>\n<ul style='padding-left: 20px; font-size: 15px; color: inherit;'>\n<li style='margin-bottom: 5px;'>Tarjeta iClass SE (3000PGGMN)<\/li>\n<li style='margin-bottom: 5px;'>Memoria de 2k bit (256 Bytes)<\/li>\n<li style='margin-bottom: 5px;'>Material PVC<\/li>\n<li style='margin-bottom: 5px;'>Producto Bajo Pedido: Es <strong style='color: inherit;'>indispensable<\/strong> para ordenar indicar formato&comma; c\u00f3digo de sitio&comma; consecutivo de tarjeta. Por favor llenar el siguiente <a style='color: #005cb9; text-decoration: none;' href='http:\/\/ftp3.syscom.mx\/usuarios\/ftp\/2017\/09\/07\/36288\/FOR%207.4%20025%20CMP%20Formato%20para%20Solicitud%20de%20Tarjetas%20HID%20rev.%20001.docx'>formulario<\/a> <a style='color: #005cb9; text-decoration: none;' href='http:\/\/ftp3.syscom.mx\/usuarios\/ftp\/2017\/09\/06\/5922c\/Solicitud_Tarjetas%20(1).docx'>formulario<\/a><\/li>\n<li style='margin-bottom: 5px;'>Compra m\u00ednima 100 piezas<\/li>\n<li style='margin-bottom: 5px;'>Garant\u00eda de por Vida<\/li>\n<li style='margin-bottom: 5px;'><strong style='color: inherit;'>Para perforar debe tener en cuenta lo siguiente:<\/strong> Las ubicaciones de perforaci\u00f3n disponibles est\u00e1n marcadas por 3 puntos en la parte posterior de la tarjeta. Si los puntos no est\u00e1n presentes&comma; la tarjeta no se puede perforar con seguridad<\/li>\n<\/ul><\/div>\n<\/p><\/div>\n<div style='display: flex; flex-wrap: wrap; gap: 20px; margin-bottom: 30px;'>\n<div style='flex: 1 1 250px; border: 1px solid rgba(150&comma; 150&comma; 150&comma; 0.4); border-radius: 8px; overflow: hidden; display: flex; flex-direction: column;'>\n<div style='padding: 15px; border-bottom: 1px solid rgba(150&comma; 150&comma; 150&comma; 0.2); font-weight: bold; font-size: 18px; color: inherit;'>Corporate 1000<\/div>\n<div style='padding: 15px; color: inherit;'>\n<ul style='padding-left: 20px; margin: 0; font-size: 14px; list-style-type: disc;'>\n<li style='margin-bottom: 5px;'>Agregue un formato controlado por el usuario<\/li>\n<li style='margin-bottom: 5px;'>Disponible en SYSCOM a 48 bits<\/li>\n<li style='margin-bottom: 5px;'>Para formatos Corporate 1000 es necesario llenar una documentaci\u00f3n adicional al momento de la compra:\n<ul style='padding-left: 20px; margin: 0; font-size: 14px; list-style-type: disc;'>\n<li style='margin-bottom: 5px;'><a style='color: #005cb9; text-decoration: none;' href='http:\/\/ftp3.syscom.mx\/usuarios\/ftp\/2017\/09\/15\/96cc8\/Corporate_1000_nuevo.pdf' target='_blank' rel='noopener'>Solicitud<\/a> <a style='color: #005cb9; text-decoration: none;' href='http:\/\/ftp3.syscom.mx\/usuarios\/ftp\/2018\/01\/16\/6a208\/Credential_Program_License_Agreement%20(1).pdf' target='_blank' rel='noopener'>Credential Program<\/a><\/li>\n<li style='margin-bottom: 5px;'><a style='color: #005cb9; text-decoration: none;' href='http:\/\/ftp3.syscom.mx\/usuarios\/ftp\/2017\/09\/15\/e939a\/Corporate_1000_existente.pdf' target='_top'>Proyectos existentes<\/a><\/li>\n<\/ul>\n<\/li>\n<li style='margin-bottom: 5px;'>Debe considerarse un costo adicional cuando se solicita este formato Corporativo&comma; al precio de lista de la tarjeta agregar el modelo <a style='color: #005cb9; text-decoration: none; font-size: 12px; font-weight: 600;' href='https:\/\/www.syscom.mx\/principal\/searchcont?route=MC-1000-HID-156476&#038;autodetect=mc100'>MC-1000<\/a> correspondiente a un cargo por tarjeta por programar en C1000<\/li>\n<\/ul><\/div>\n<\/p><\/div>\n<\/p><\/div>\n<div style='display: flex; flex-wrap: wrap; gap: 30px; margin-bottom: 30px;'>\n<div style='flex: 1 1 300px; min-width: 280px;'>\n<h3 style='font-size: 22px; border-bottom: 2px solid currentColor; padding-bottom: 5px; margin-top: 0; color: inherit; opacity: 0.8;'>Impresi\u00f3n de Tarjetas<\/h3>\n<p style='font-size: 15px; color: inherit; margin: 0; padding: 0;'> \u00bfCon qu\u00e9 va a imprimir sus tarjetas? Mayor informaci\u00f3n <a style='color: #005cb9; text-decoration: none;' href='https:\/\/www.syscom.mx\/principal\/listadoportadasazul\/control-de-acceso-credencializacion-434.html'>aqu\u00ed<\/a> <\/p>\n<\/p><\/div>\n<\/p><\/div>\n<div style='display: flex; flex-wrap: wrap; gap: 30px; margin-bottom: 30px;'>\n<div style='flex: 1 1 300px; min-width: 280px;'>\n<h3 style='font-size: 22px; border-bottom: 2px solid currentColor; padding-bottom: 5px; margin-top: 0; color: inherit; opacity: 0.8;'>Informaci\u00f3n Adicional<\/h3>\n<p style='font-size: 15px; color: inherit; margin: 0; padding: 0;'>Producto sobre pedido<\/p>\n<\/p><\/div>\n<\/p><\/div>\n<hr style='border: 0; border-top: 1px solid rgba(150&comma; 150&comma; 150&comma; 0.3); margin: 30px 0;'> <\/div>\n","protected":false},"excerpt":{"rendered":"<p>Tarjeta iCLASS 2k Delgada \/ Garant\u00eda de por Vida<\/p>\n","protected":false},"featured_media":27436,"comment_status":"open","ping_status":"closed","template":"","meta":[],"product_brand":[],"product_cat":[770],"product_tag":[814,466,771],"class_list":{"0":"post-27437","1":"product","2":"type-product","3":"status-publish","4":"has-post-thumbnail","6":"product_cat-mifare-iclass-13-56-mhz","7":"product_tag-hid","8":"product_tag-lectoras-y-tarjetas","9":"product_tag-mifare-iclass-13-56-mhz","11":"first","12":"outofstock","13":"sale","14":"shipping-taxable","15":"purchasable","16":"product-type-simple"},"_links":{"self":[{"href":"https:\/\/soydeaqui.ddns.net\/pachuca\/index.php\/wp-json\/wp\/v2\/product\/27437","targetHints":{"allow":["GET"]}}],"collection":[{"href":"https:\/\/soydeaqui.ddns.net\/pachuca\/index.php\/wp-json\/wp\/v2\/product"}],"about":[{"href":"https:\/\/soydeaqui.ddns.net\/pachuca\/index.php\/wp-json\/wp\/v2\/types\/product"}],"replies":[{"embeddable":true,"href":"https:\/\/soydeaqui.ddns.net\/pachuca\/index.php\/wp-json\/wp\/v2\/comments?post=27437"}],"wp:featuredmedia":[{"embeddable":true,"href":"https:\/\/soydeaqui.ddns.net\/pachuca\/index.php\/wp-json\/wp\/v2\/media\/27436"}],"wp:attachment":[{"href":"https:\/\/soydeaqui.ddns.net\/pachuca\/index.php\/wp-json\/wp\/v2\/media?parent=27437"}],"wp:term":[{"taxonomy":"product_brand","embeddable":true,"href":"https:\/\/soydeaqui.ddns.net\/pachuca\/index.php\/wp-json\/wp\/v2\/product_brand?post=27437"},{"taxonomy":"product_cat","embeddable":true,"href":"https:\/\/soydeaqui.ddns.net\/pachuca\/index.php\/wp-json\/wp\/v2\/product_cat?post=27437"},{"taxonomy":"product_tag","embeddable":true,"href":"https:\/\/soydeaqui.ddns.net\/pachuca\/index.php\/wp-json\/wp\/v2\/product_tag?post=27437"}],"curies":[{"name":"wp","href":"https:\/\/api.w.org\/{rel}","templated":true}]}}