{"id":27423,"date":"2026-03-18T12:35:36","date_gmt":"2026-03-18T12:35:36","guid":{"rendered":"https:\/\/soydeaqui.ddns.net\/pachuca\/index.php\/producto\/tablilla-de-control-para-torniquete-serie-supervisor-5000\/"},"modified":"2026-03-18T12:35:36","modified_gmt":"2026-03-18T12:35:36","slug":"tablilla-de-control-para-torniquete-serie-supervisor-5000","status":"publish","type":"product","link":"https:\/\/soydeaqui.ddns.net\/pachuca\/index.php\/producto\/tablilla-de-control-para-torniquete-serie-supervisor-5000\/","title":{"rendered":"tablilla de control para Torniquete SERIE SUPERVISOR 5000"},"content":{"rendered":"<div style='width: 100%; max-width: 1200px; margin: 0 auto; font-family: sans-serif; line-height: 1.6; color: inherit; background-color: transparent;'>\n<div style='display: flex; flex-wrap: wrap; gap: 30px; margin-bottom: 30px;'>\n<div style='flex: 1 1 300px; min-width: 280px;'>\n<h3 style='font-size: 22px; border-bottom: 2px solid currentColor; padding-bottom: 5px; margin-top: 0; color: inherit; opacity: 0.8;'>Descripci\u00f3n<\/h3>\n<p style='margin: 15px 0; font-size: 15px; color: inherit;'> Los torniquetes \u00f3pticos con barrera motorizada de Alvarado proporcionan seguridad en control de acceso bidireccional&comma; encajando a la perfecci\u00f3n con los entornos de gama alta donde la est\u00e9tica es imprescindible. <\/p>\n<p style='margin: 15px 0; font-size: 15px; color: inherit;'> El Supervisor de 5000 es el torniquete \u00f3ptico m\u00e1s delgado en el mercado&comma; sus paneles de cristal motorizados brindan un dise\u00f1o elegante que realza la belleza arquitect\u00f3nica de cualquier control de acceso. <\/p>\n<\/p><\/div>\n<\/p><\/div>\n<div style='display: flex; flex-wrap: wrap; gap: 20px; margin-bottom: 30px;'>\n<div style='flex: 1 1 250px; border: 1px solid rgba(150&comma; 150&comma; 150&comma; 0.4); border-radius: 8px; overflow: hidden; display: flex; flex-direction: column;'>\n<div style='padding: 15px; border-bottom: 1px solid rgba(150&comma; 150&comma; 150&comma; 0.2); font-weight: bold; font-size: 18px; color: inherit;'>Informaci\u00f3n<\/div>\n<div style='padding: 15px; color: inherit;'>\n<ul style='padding-left: 20px; margin: 0; font-size: 14px; list-style-type: disc; color: inherit;'>\n<li style='margin-bottom: 5px;'><strong>Modelo:<\/strong> 5018495KT<\/li>\n<li style='margin-bottom: 5px;'><strong>Serie:<\/strong> SUPERVISOR 5000<\/li>\n<li style='margin-bottom: 5px;'><strong>Marca:<\/strong> ALVARADO<\/li>\n<\/ul><\/div>\n<\/p><\/div>\n<\/p><\/div>\n<div style='display: flex; flex-wrap: wrap; gap: 30px; margin-bottom: 30px;'>\n<div style='flex: 1 1 300px; min-width: 280px;'>\n<h3 style='font-size: 22px; border-bottom: 2px solid currentColor; padding-bottom: 5px; margin-top: 0; color: inherit; opacity: 0.8;'>Caracter\u00edsticas<\/h3>\n<ul style='padding-left: 20px; font-size: 15px; color: inherit;'>\n<li style='margin-bottom: 5px;'>Torniquete \u00f3ptico con barrera motorizada<\/li>\n<li style='margin-bottom: 5px;'>Control de acceso bidireccional<\/li>\n<li style='margin-bottom: 5px;'>Dise\u00f1o elegante con paneles de cristal motorizados<\/li>\n<li style='margin-bottom: 5px;'>Muy delgado&comma; ideal para entornos de gama alta<\/li>\n<li style='margin-bottom: 5px;'>Integraci\u00f3n con sistemas de seguridad existentes<\/li>\n<\/ul><\/div>\n<\/p><\/div>\n<div style='display: flex; flex-wrap: wrap; gap: 30px; margin-bottom: 30px;'>\n<div style='flex: 1 1 300px; min-width: 280px;'>\n<h3 style='font-size: 22px; border-bottom: 2px solid currentColor; padding-bottom: 5px; margin-top: 0; color: inherit; opacity: 0.8;'>Soporte<\/h3>\n<ul style='padding-left: 20px; font-size: 15px; color: inherit;'>\n<li style='margin-bottom: 5px;'><a href='mailto:accesscontrol@syscom.mx?subject=Dise\u00f1o%20de%20Proyecto%20Acceso' style='color: inherit; text-decoration: underline;'>Consultas t\u00e9cnicas: accesscontrol@syscom.mx<\/a><\/li>\n<li style='margin-bottom: 5px;'><a href='http:\/\/ftp3.syscom.mx\/usuarios\/ftp\/2016\/01\/19\/d318a\/SEC_CTLG_web_150811.pdf' style='color: inherit; text-decoration: underline;'>Descargar cat\u00e1logo completo ALVARADO<\/a><\/li>\n<li style='margin-bottom: 5px;'><a href='mailto:accesscontrol@syscom.mx?subject=Cotizaci%C3%B3n%20Tablilla%205018495KT' style='color: inherit; text-decoration: underline;'>Solicitar cotizaci\u00f3n<\/a><\/li>\n<\/ul><\/div>\n<\/p><\/div>\n<div style='display: flex; flex-wrap: wrap; gap: 30px; margin-bottom: 30px;'>\n<div style='flex: 1 1 300px; min-width: 280px;'>\n<h3 style='font-size: 22px; border-bottom: 2px solid currentColor; padding-bottom: 5px; margin-top: 0; color: inherit; opacity: 0.8;'>Documentaci\u00f3n<\/h3>\n<ul style='padding-left: 20px; font-size: 15px; color: inherit;'>\n<li style='margin-bottom: 5px;'><a href='http:\/\/ftp3.syscom.mx\/usuarios\/ivan.reyes\/alvarado\/SU5000_STD_VR.html' target='_blank' style='color: inherit; text-decoration: underline;'>Manual de instalaci\u00f3n<\/a><\/li>\n<li style='margin-bottom: 5px;'><a href='http:\/\/www.alvaradomfg.com\/wp-content\/uploads\/2014\/10\/icon_VR_arrow7-80x38.png' target='_blank' style='color: inherit; text-decoration: underline;'>Ficha t\u00e9cnica<\/a><\/li>\n<li style='margin-bottom: 5px;'><a href='https:\/\/www.youtube.com\/watch?v=vguW4CKM0hY' target='_blank' style='color: inherit; text-decoration: underline;'>Ver video de demostraci\u00f3n<\/a><\/li>\n<\/ul><\/div>\n<\/p><\/div>\n<div style='display: flex; flex-wrap: wrap; gap: 30px; margin-bottom: 30px;'>\n<div style='flex: 1 1 300px; min-width: 280px;'>\n<h3 style='font-size: 22px; border-bottom: 2px solid currentColor; padding-bottom: 5px; margin-top: 0; color: inherit; opacity: 0.8;'>Especificaciones<\/h3>\n<ul style='padding-left: 20px; font-size: 15px; color: inherit;'>\n<li style='margin-bottom: 5px;'><strong>Modelo compatible:<\/strong> SERIE SUPERVISOR 5000<\/li>\n<li style='margin-bottom: 5px;'><strong>Tipo:<\/strong> Tablilla de control<\/li>\n<li style='margin-bottom: 5px;'><strong>Aplicaci\u00f3n:<\/strong> Control de acceso bidireccional<\/li>\n<li style='margin-bottom: 5px;'><strong>Material:<\/strong> Cristal motorizado<\/li>\n<li style='margin-bottom: 5px;'><strong>Caracter\u00edstica:<\/strong> Dise\u00f1o ultra delgado<\/li>\n<li style='margin-bottom: 5px;'><strong>Est\u00e9tica:<\/strong> Integraci\u00f3n arquitect\u00f3nica<\/li>\n<\/ul><\/div>\n<\/p><\/div>\n<div style='display: flex; flex-wrap: wrap; gap: 30px; margin-bottom: 30px;'>\n<div style='flex: 1 1 300px; min-width: 280px;'>\n<h3 style='font-size: 22px; border-bottom: 2px solid currentColor; padding-bottom: 5px; margin-top: 0; color: inherit; opacity: 0.8;'>Multimedia<\/h3>\n<div style='margin-top: 15px;'> <a href='http:\/\/www.alvaradomfg.com\/wp-content\/uploads\/2014\/10\/icon_VR_arrow7-80x38.png' target='_blank'> <img style='width: 100%; height: auto; border: 1px solid rgba(150&comma;150&comma;150&comma;0.3); border-radius: 8px;' src='http:\/\/www.alvaradomfg.com\/wp-content\/uploads\/2014\/10\/icon_VR_arrow7-80x38.png' alt='icon_VR_arrow'> <\/a> <\/p>\n<p style='margin-top: 10px; font-size: 14px; color: inherit; text-align: center;'>Ficha t\u00e9cnica<\/p>\n<\/p><\/div>\n<div style='margin-top: 15px;'>\n<div style='position: relative; padding-bottom: 56.25%; height: 0; overflow: hidden; margin-bottom: 30px;'>   <\/div>\n<p style='margin-top: 10px; font-size: 14px; color: inherit; text-align: center;'>Manual de instalaci\u00f3n<\/p>\n<\/p><\/div>\n<div style='margin-top: 15px;'>\n<div style='position: relative; padding-bottom: 56.25%; height: 0; overflow: hidden; margin-bottom: 30px;'>   <\/div>\n<p style='margin-top: 10px; font-size: 14px; color: inherit; text-align: center;'>Video de demostraci\u00f3n<\/p>\n<\/p><\/div>\n<\/p><\/div>\n<\/p><\/div>\n<div style='display: flex; flex-wrap: wrap; gap: 30px; margin-bottom: 30px;'>\n<div style='flex: 1 1 300px; min-width: 280px;'>\n<h3 style='font-size: 22px; border-bottom: 2px solid currentColor; padding-bottom: 5px; margin-top: 0; color: inherit; opacity: 0.8;'>Informaci\u00f3n adicional<\/h3>\n<p style='margin: 15px 0; font-size: 15px; color: inherit;'> *Pregunte por caracter\u00edsticas opcionales <\/p>\n<\/p><\/div>\n<\/p><\/div>\n<hr style='border: 0; border-top: 1px solid rgba(150&comma; 150&comma; 150&comma; 0.3); margin: 30px 0;'>\n<div style='display: flex; flex-wrap: wrap; gap: 30px; margin-bottom: 30px;'>\n<div style='flex: 1 1 300px; min-width: 280px;'>\n<h3 style='font-size: 22px; border-bottom: 2px solid currentColor; padding-bottom: 5px; margin-top: 0; color: inherit; opacity: 0.8;'>Asistencia<\/h3>\n<p style='margin: 15px 0; font-size: 15px; color: inherit;'> Le ayudamos a cotizar sus equipos&comma; importarlos y entregarlos en su destino con el precio m\u00e1s bajo. <\/p>\n<p style='margin: 15px 0; font-size: 15px; color: inherit;'> Contacte con su Ejecutivo de Cuenta o Ingenier\u00eda en Acceso: <a href='mailto:accesscontrol@syscom.mx?subject=Cotizaci%C3%B3n%20Tablilla%205018495KT' style='color: inherit; text-decoration: underline;'>accesscontrol@syscom.mx<\/a> &comma; le haremos llegar las propuestas lo antes posible y los precios m\u00e1s bajos en transporte. <\/p>\n<\/p><\/div>\n<\/p><\/div>\n<\/p><\/div>\n","protected":false},"excerpt":{"rendered":"<p>tablilla de control para Torniquete SERIE SUPERVISOR 5000<\/p>\n","protected":false},"featured_media":32,"comment_status":"open","ping_status":"closed","template":"","meta":[],"product_brand":[],"product_cat":[774],"product_tag":[769,775,759],"class_list":{"0":"post-27423","1":"product","2":"type-product","3":"status-publish","4":"has-post-thumbnail","6":"product_cat-puertas-de-cortesia","7":"product_tag-alvarado","8":"product_tag-puertas-de-cortesia","9":"product_tag-torniquetes-y-puertas-de-cortesia","11":"first","12":"outofstock","13":"sale","14":"shipping-taxable","15":"purchasable","16":"product-type-simple"},"_links":{"self":[{"href":"https:\/\/soydeaqui.ddns.net\/pachuca\/index.php\/wp-json\/wp\/v2\/product\/27423","targetHints":{"allow":["GET"]}}],"collection":[{"href":"https:\/\/soydeaqui.ddns.net\/pachuca\/index.php\/wp-json\/wp\/v2\/product"}],"about":[{"href":"https:\/\/soydeaqui.ddns.net\/pachuca\/index.php\/wp-json\/wp\/v2\/types\/product"}],"replies":[{"embeddable":true,"href":"https:\/\/soydeaqui.ddns.net\/pachuca\/index.php\/wp-json\/wp\/v2\/comments?post=27423"}],"wp:featuredmedia":[{"embeddable":true,"href":"https:\/\/soydeaqui.ddns.net\/pachuca\/index.php\/wp-json\/wp\/v2\/media\/32"}],"wp:attachment":[{"href":"https:\/\/soydeaqui.ddns.net\/pachuca\/index.php\/wp-json\/wp\/v2\/media?parent=27423"}],"wp:term":[{"taxonomy":"product_brand","embeddable":true,"href":"https:\/\/soydeaqui.ddns.net\/pachuca\/index.php\/wp-json\/wp\/v2\/product_brand?post=27423"},{"taxonomy":"product_cat","embeddable":true,"href":"https:\/\/soydeaqui.ddns.net\/pachuca\/index.php\/wp-json\/wp\/v2\/product_cat?post=27423"},{"taxonomy":"product_tag","embeddable":true,"href":"https:\/\/soydeaqui.ddns.net\/pachuca\/index.php\/wp-json\/wp\/v2\/product_tag?post=27423"}],"curies":[{"name":"wp","href":"https:\/\/api.w.org\/{rel}","templated":true}]}}