{"id":27343,"date":"2026-03-18T12:33:47","date_gmt":"2026-03-18T12:33:47","guid":{"rendered":"https:\/\/soydeaqui.ddns.net\/pachuca\/index.php\/producto\/soluciones-profesionales-en-biometria-suprema\/"},"modified":"2026-03-18T12:33:47","modified_gmt":"2026-03-18T12:33:47","slug":"soluciones-profesionales-en-biometria-suprema","status":"publish","type":"product","link":"https:\/\/soydeaqui.ddns.net\/pachuca\/index.php\/producto\/soluciones-profesionales-en-biometria-suprema\/","title":{"rendered":"Soluciones profesionales en biometr\u00eda  Suprema"},"content":{"rendered":"<div style='width: 100%; max-width: 1200px; margin: 0 auto; font-family: sans-serif; line-height: 1.6; color: inherit; background-color: transparent;'> <!-- Secci\u00f3n principal --> <\/p>\n<div style='margin-bottom: 30px;'>\n<h2 style='font-size: 22px; border-bottom: 2px solid currentColor; padding-bottom: 5px; margin-top: 0; color: inherit; opacity: 0.8;'>Certificaci\u00f3n Control de Acceso SUPREMA BIOSTAR2<\/h2>\n<p style='font-size: 15px; color: inherit; margin-bottom: 15px;'>La certificaci\u00f3n sobre la implementaci\u00f3n del controlador de acceso CS40 y equipos Biometricos de la marca SUPREMA. Le permitir\u00e1 aprender sobre la correcta instalaci\u00f3n y configuraci\u00f3n del panel de control de acceso CS40 de suprema. Tambi\u00e9n se familiarizara con los conceptos y elementos requeridos para implementar toda la soluci\u00f3n de control para las puertas de acceso. Y al final usted podr\u00e1 programar y recomendar de forma profesional este tipo de soluci\u00f3n con sus clientes.<\/p>\n<\/p><\/div>\n<p> <!-- Secci\u00f3n de informaci\u00f3n en columnas --> <\/p>\n<div style='display: flex; flex-wrap: wrap; gap: 30px; margin-bottom: 30px;'>\n<div style='flex: 1 1 300px; min-width: 280px;'>\n<h3 style='font-size: 18px; border-bottom: 2px solid currentColor; padding-bottom: 5px; margin-top: 0; color: inherit; opacity: 0.8;'>Requisitos<\/h3>\n<ul style='padding-left: 20px; font-size: 14px; color: inherit; list-style-type: disc;'>\n<li style='margin-bottom: 5px;'>Ser Distribuidor SYSCOM<\/li>\n<li style='margin-bottom: 5px;'>Conocimientos b\u00e1sicos de electricidad Y uso de Laptop<\/li>\n<li style='margin-bottom: 5px;'>Traer gafete de la empresa que representa<\/li>\n<\/ul><\/div>\n<div style='flex: 1 1 300px; min-width: 280px;'>\n<h3 style='font-size: 18px; border-bottom: 2px solid currentColor; padding-bottom: 5px; margin-top: 0; color: inherit; opacity: 0.8;'>A qui\u00e9n est\u00e1 dirigido<\/h3>\n<p style='font-size: 14px; color: inherit; margin-bottom: 15px;'>A Todos los que inician y desean involucrarse en los sistemas de Control de Acceso de la marca SUPREMA.<\/p>\n<\/p><\/div>\n<div style='flex: 1 1 300px; min-width: 280px;'>\n<h3 style='font-size: 18px; border-bottom: 2px solid currentColor; padding-bottom: 5px; margin-top: 0; color: inherit; opacity: 0.8;'>Objetivo Del Curso<\/h3>\n<p style='font-size: 14px; color: inherit; margin-bottom: 15px;'>Al t\u00e9rmino del curso el participante tendr\u00e1 los conocimientos necesarios para ofrecer y programar los equipos biom\u00e9tricos de SUPREMA con el software BIOSTAR2<\/p>\n<\/p><\/div>\n<\/p><\/div>\n<p> <!-- Secci\u00f3n de temario --> <\/p>\n<div style='margin-bottom: 30px;'>\n<h3 style='font-size: 18px; border-bottom: 2px solid currentColor; padding-bottom: 5px; margin-top: 0; color: inherit; opacity: 0.8;'>Temario<\/h3>\n<ol style='padding-left: 20px; font-size: 14px; color: inherit; list-style-type: decimal;'>\n<li style='margin-bottom: 10px;'>Quien es SUPREMA<\/li>\n<li style='margin-bottom: 10px;'>Conociendo los lectores de SUPREMA<\/li>\n<li style='margin-bottom: 10px;'>Instalaci\u00f3n del software BIOSTAR2 para Control de Acceso<\/li>\n<ul style='padding-left: 20px; margin-top: 10px; margin-bottom: 10px; list-style-type: disc;'>\n<li style='margin-bottom: 5px;'>Consideraciones de Instalaci\u00f3n<\/li>\n<li style='margin-bottom: 5px;'>Configuraci\u00f3n de Puertas<\/li>\n<li style='margin-bottom: 5px;'>Alta de equipo y usuarios<\/li>\n<li style='margin-bottom: 5px;'>Creaci\u00f3n de horarios y niveles de Acceso<\/li>\n<li style='margin-bottom: 5px;'>Creaci\u00f3n de Reporte<\/li>\n<\/ul>\n<li style='margin-bottom: 10px;'>BIOSTART2 en la NUBE?<\/li>\n<ul style='padding-left: 20px; margin-top: 10px; margin-bottom: 10px; list-style-type: disc;'>\n<li style='margin-bottom: 5px;'>Servidor Biostar 2<\/li>\n<li style='margin-bottom: 5px;'>BIOSTART 2 MOVIL&comma; Como usar la APP<\/li>\n<\/ul>\n<li style='margin-bottom: 10px;'>Como recomendar un Sistema de Control de ACCESO de SUPREMA<\/li>\n<\/ol><\/div>\n<p> <!-- Separador --> <\/p>\n<hr style='border: 0; border-top: 1px solid rgba(150&comma; 150&comma; 150&comma; 0.3); margin: 30px 0;'> <\/div>\n","protected":false},"excerpt":{"rendered":"<p>Soluciones profesionales en biometr\u00eda  Suprema<\/p>\n","protected":false},"featured_media":32,"comment_status":"open","ping_status":"closed","template":"","meta":[],"product_brand":[],"product_cat":[764],"product_tag":[765,744,63],"class_list":{"0":"post-27343","1":"product","2":"type-product","3":"status-publish","4":"has-post-thumbnail","6":"product_cat-biometricos-acceso-sin-contacto","7":"product_tag-acceso-sin-contacto","8":"product_tag-biometricos","9":"product_tag-syscom","11":"first","12":"outofstock","13":"sale","14":"shipping-taxable","15":"purchasable","16":"product-type-simple"},"_links":{"self":[{"href":"https:\/\/soydeaqui.ddns.net\/pachuca\/index.php\/wp-json\/wp\/v2\/product\/27343","targetHints":{"allow":["GET"]}}],"collection":[{"href":"https:\/\/soydeaqui.ddns.net\/pachuca\/index.php\/wp-json\/wp\/v2\/product"}],"about":[{"href":"https:\/\/soydeaqui.ddns.net\/pachuca\/index.php\/wp-json\/wp\/v2\/types\/product"}],"replies":[{"embeddable":true,"href":"https:\/\/soydeaqui.ddns.net\/pachuca\/index.php\/wp-json\/wp\/v2\/comments?post=27343"}],"wp:featuredmedia":[{"embeddable":true,"href":"https:\/\/soydeaqui.ddns.net\/pachuca\/index.php\/wp-json\/wp\/v2\/media\/32"}],"wp:attachment":[{"href":"https:\/\/soydeaqui.ddns.net\/pachuca\/index.php\/wp-json\/wp\/v2\/media?parent=27343"}],"wp:term":[{"taxonomy":"product_brand","embeddable":true,"href":"https:\/\/soydeaqui.ddns.net\/pachuca\/index.php\/wp-json\/wp\/v2\/product_brand?post=27343"},{"taxonomy":"product_cat","embeddable":true,"href":"https:\/\/soydeaqui.ddns.net\/pachuca\/index.php\/wp-json\/wp\/v2\/product_cat?post=27343"},{"taxonomy":"product_tag","embeddable":true,"href":"https:\/\/soydeaqui.ddns.net\/pachuca\/index.php\/wp-json\/wp\/v2\/product_tag?post=27343"}],"curies":[{"name":"wp","href":"https:\/\/api.w.org\/{rel}","templated":true}]}}