{"id":27322,"date":"2026-03-18T12:33:21","date_gmt":"2026-03-18T12:33:21","guid":{"rendered":"https:\/\/soydeaqui.ddns.net\/pachuca\/index.php\/producto\/kit-de-barrera-faac-620-std-con-brazo-rectangular-sin-iluminacion-equipo-hidraulico-de-uso-semi-intensivo-hasta-2-millones-de-ciclos-antes-de-presentar-falla-severa\/"},"modified":"2026-03-18T12:33:22","modified_gmt":"2026-03-18T12:33:22","slug":"kit-de-barrera-faac-620-std-con-brazo-rectangular-sin-iluminacion-equipo-hidraulico-de-uso-semi-intensivo-hasta-2-millones-de-ciclos-antes-de-presentar-falla-severa","status":"publish","type":"product","link":"https:\/\/soydeaqui.ddns.net\/pachuca\/index.php\/producto\/kit-de-barrera-faac-620-std-con-brazo-rectangular-sin-iluminacion-equipo-hidraulico-de-uso-semi-intensivo-hasta-2-millones-de-ciclos-antes-de-presentar-falla-severa\/","title":{"rendered":"KIT DE BARRERA FAAC 620 STD CON BRAZO RECTANGULAR SIN ILUMINACI\u00d3N \/ EQUIPO HIDR\u00c1ULICO DE USO SEMI-INTENSIVO \/ HASTA 2 MILLONES DE CICLOS ANTES DE PRESENTAR FALLA SEVERA"},"content":{"rendered":"<div style='width: 100%; max-width: 1200px; margin: 0 auto; font-family: sans-serif; line-height: 1.6; color: inherit; background-color: transparent;'>\n<div style='display: flex; flex-wrap: wrap; gap: 30px; margin-bottom: 30px;'>\n<div style='flex: 1 1 300px; min-width: 280px;'>\n<h3 style='font-size: 22px; border-bottom: 2px solid currentColor; padding-bottom: 5px; margin-top: 0; color: inherit; opacity: 0.8;'>Caracter\u00edsticas principales:<\/h3>\n<ul style='padding-left: 20px; font-size: 15px; color: inherit;'>\n<li style='margin-bottom: 5px;'>Barrera de uso semi-continuo<\/li>\n<li style='margin-bottom: 5px;'>FAAC 620 Versi\u00f3n STD<\/li>\n<li style='margin-bottom: 5px;'>Barrera de tecnolog\u00eda Hidr\u00e1ulica.<\/li>\n<li style='margin-bottom: 5px;'>Sentido configurable en sitio.<\/li>\n<\/ul><\/div>\n<div style='flex: 1 1 300px; min-width: 280px;'>\n<h3 style='font-size: 22px; border-bottom: 2px solid currentColor; padding-bottom: 5px; margin-top: 0; color: inherit; opacity: 0.8;'>Caracter\u00edsticas F\u00edsicas y El\u00e9ctricas:<\/h3>\n<ul style='padding-left: 20px; font-size: 15px; color: inherit;'>\n<li style='margin-bottom: 5px;'>Alimentaci\u00f3n de 220 VAC<\/li>\n<li style='margin-bottom: 5px;'>Grado de protecci\u00f3n IP44<\/li>\n<li style='margin-bottom: 5px;'>Protecci\u00f3n t\u00e9rmica 120\u00b0C<\/li>\n<li style='margin-bottom: 5px;'>Peso 73 kg<\/li>\n<\/ul><\/div>\n<div style='flex: 1 1 300px; min-width: 280px;'>\n<h3 style='font-size: 22px; border-bottom: 2px solid currentColor; padding-bottom: 5px; margin-top: 0; color: inherit; opacity: 0.8;'>Caracter\u00edsticas Destacadas:<\/h3>\n<ul style='padding-left: 20px; font-size: 15px; color: inherit;'>\n<li style='margin-bottom: 5px;'>Hasta 2 millones de ciclos antes de falla severa.<\/li>\n<li style='margin-bottom: 5px;'>Soporta brazo de hasta 5 metros.<\/li>\n<li style='margin-bottom: 5px;'>Tiempo de apertura 4.5 segundos m\u00e1x.<\/li>\n<li style='margin-bottom: 5px;'>Equipo de uso residencial&comma; Comercial e Industrial.<\/li>\n<\/ul><\/div>\n<\/p><\/div>\n<hr style='border: 0; border-top: 1px solid rgba(150&comma; 150&comma; 150&comma; 0.3); margin: 30px 0;'>\n<div style='display: flex; flex-wrap: wrap; gap: 30px; margin-bottom: 30px;'>\n<div style='flex: 1 1 300px; min-width: 280px;'>\n<h3 style='font-size: 22px; border-bottom: 2px solid currentColor; padding-bottom: 5px; margin-top: 0; color: inherit; opacity: 0.8;'>Contenido del kit<\/h3>\n<ul style='padding-left: 20px; font-size: 15px; color: inherit;'>\n<li style='margin-bottom: 5px;'>1 x <strong>1046228<\/strong> Barrera Hidr\u00e1ulica FAAC 620 STD de uso semi-continuo.<\/li>\n<li style='margin-bottom: 5px;'>1 x <strong>428091<\/strong> Brazo de perfil rectangular de 4.8 metros de longitud con bandas rojas incluidas.<\/li>\n<li style='margin-bottom: 5px;'>1 x <strong>428342<\/strong> Enganche para brazo rectangular.<\/li>\n<\/ul><\/div>\n<div style='flex: 1 1 300px; min-width: 280px;'>\n<h3 style='font-size: 22px; border-bottom: 2px solid currentColor; padding-bottom: 5px; margin-top: 0; color: inherit; opacity: 0.8;'>Caracter\u00edsticas adicionales:<\/h3>\n<ul style='padding-left: 20px; font-size: 15px; color: inherit;'>\n<li style='margin-bottom: 5px;'>Sistema de frenado electr\u00f3nico que permite un movimiento m\u00e1s suave y fluido en la barrera&comma; extendiendo la vida \u00fatil del mecanismo<\/li>\n<li style='margin-bottom: 5px;'>Sensor de masa de dos canales integrado en la tablilla.<\/li>\n<li style='margin-bottom: 5px;'>Tablilla 624 BLD de l\u00f3gica programable.<\/li>\n<li style='margin-bottom: 5px;'>Medidas del equipo 350 x 1080 x 170 mm.<\/li>\n<li style='margin-bottom: 5px;'>Se requiere conexi\u00f3n bifasica para su alimentaci\u00f3n.<\/li>\n<li style='margin-bottom: 5px;'><strong>Barrera de uso Semi-Intensivo<\/strong><\/li>\n<\/ul><\/div>\n<div style='flex: 1 1 300px; min-width: 280px;'> <img style='width: 100%; height: auto; border: 1px solid rgba(150&comma;150&comma;150&comma;0.3); border-radius: 8px;' src='https:\/\/ftp3.syscom.mx\/usuarios\/fotos\/BancoFotografiasSyscom\/FAAC\/FAAC620\/FAAC620-p.PNG' alt=''> <\/div>\n<\/p><\/div>\n<hr style='border: 0; border-top: 1px solid rgba(150&comma; 150&comma; 150&comma; 0.3); margin: 30px 0;'>\n<div style='margin-bottom: 30px;'>\n<h3 style='font-size: 22px; text-align: center; margin-bottom: 20px; color: inherit; opacity: 0.8;'>\u00bfQu\u00e9 accesorios debo agregar para iluminar el brazo o m\u00e1stil?<\/h3>\n<div style='display: flex; flex-wrap: wrap; gap: 15px; justify-content: center;'>\n<div style='flex: 1 1 250px; border: 1px solid rgba(150&comma; 150&comma; 150&comma; 0.4); border-radius: 8px; overflow: hidden;'>\n<div style='padding: 15px; border-bottom: 1px solid rgba(150&comma; 150&comma; 150&comma; 0.2); font-weight: bold; font-size: 18px; color: inherit;'>390184<\/div>\n<div style='padding: 15px; color: inherit; font-size: 14px;'>Adaptador de iluminaci\u00f3n para brazo rectangular.<\/div>\n<\/p><\/div>\n<div style='flex: 1 1 250px; border: 1px solid rgba(150&comma; 150&comma; 150&comma; 0.4); border-radius: 8px; overflow: hidden;'>\n<div style='padding: 15px; border-bottom: 1px solid rgba(150&comma; 150&comma; 150&comma; 0.2); font-weight: bold; font-size: 18px; color: inherit;'>390992<\/div>\n<div style='padding: 15px; color: inherit; font-size: 14px;'>Conector para manguera led para barreras FAAC<\/div>\n<\/p><\/div>\n<div style='flex: 1 1 250px; border: 1px solid rgba(150&comma; 150&comma; 150&comma; 0.4); border-radius: 8px; overflow: hidden;'>\n<div style='padding: 15px; border-bottom: 1px solid rgba(150&comma; 150&comma; 150&comma; 0.2); font-weight: bold; font-size: 18px; color: inherit;'>390993<\/div>\n<div style='padding: 15px; color: inherit; font-size: 14px;'>Manguera led color Rojo (Paquete con 12 metros).<\/div>\n<\/p><\/div>\n<\/p><\/div>\n<\/p><\/div>\n<div style='margin-bottom: 30px;'>\n<h3 style='font-size: 22px; text-align: center; margin-bottom: 20px; color: inherit; opacity: 0.8;'>\u00bfQu\u00e9 accesorios puedo agregar a mi instalaci\u00f3n?<\/h3>\n<div style='display: flex; flex-wrap: wrap; gap: 15px; justify-content: center;'>\n<div style='flex: 1 1 250px; border: 1px solid rgba(150&comma; 150&comma; 150&comma; 0.4); border-radius: 8px; overflow: hidden;'>\n<div style='padding: 15px; border-bottom: 1px solid rgba(150&comma; 150&comma; 150&comma; 0.2); font-weight: bold; font-size: 18px; color: inherit;'>787856<\/div>\n<div style='padding: 15px; color: inherit; font-size: 14px;'>Receptor de frecuencia FAAC RP1<\/div>\n<\/p><\/div>\n<div style='flex: 1 1 250px; border: 1px solid rgba(150&comma; 150&comma; 150&comma; 0.4); border-radius: 8px; overflow: hidden;'>\n<div style='padding: 15px; border-bottom: 1px solid rgba(150&comma; 150&comma; 150&comma; 0.2); font-weight: bold; font-size: 18px; color: inherit;'>787456<\/div>\n<div style='padding: 15px; color: inherit; font-size: 14px;'>Control remoto FAAC XT4 de 4 canales<\/div>\n<\/p><\/div>\n<div style='flex: 1 1 250px; border: 1px solid rgba(150&comma; 150&comma; 150&comma; 0.4); border-radius: 8px; overflow: hidden;'>\n<div style='padding: 15px; border-bottom: 1px solid rgba(150&comma; 150&comma; 150&comma; 0.2); font-weight: bold; font-size: 18px; color: inherit;'>428137<\/div>\n<div style='padding: 15px; color: inherit; font-size: 14px;'>Articulaci\u00f3n para brazo rectangular<\/div>\n<\/p><\/div>\n<div style='flex: 1 1 250px; border: 1px solid rgba(150&comma; 150&comma; 150&comma; 0.4); border-radius: 8px; overflow: hidden;'>\n<div style='padding: 15px; border-bottom: 1px solid rgba(150&comma; 150&comma; 150&comma; 0.2); font-weight: bold; font-size: 18px; color: inherit;'>785102<\/div>\n<div style='padding: 15px; color: inherit; font-size: 14px;'>Fotocelda infrarroja FAAC XP20D con alcance de 20 metros<\/div>\n<\/p><\/div>\n<div style='flex: 1 1 250px; border: 1px solid rgba(150&comma; 150&comma; 150&comma; 0.4); border-radius: 8px; overflow: hidden;'>\n<div style='padding: 15px; border-bottom: 1px solid rgba(150&comma; 150&comma; 150&comma; 0.2); font-weight: bold; font-size: 18px; color: inherit;'>10-MATRIX-IIS-1224<\/div>\n<div style='padding: 15px; color: inherit; font-size: 14px;'>Sensor de masa de un canal marca BEA<\/div>\n<\/p><\/div>\n<div style='flex: 1 1 250px; border: 1px solid rgba(150&comma; 150&comma; 150&comma; 0.4); border-radius: 8px; overflow: hidden;'>\n<div style='padding: 15px; border-bottom: 1px solid rgba(150&comma; 150&comma; 150&comma; 0.2); font-weight: bold; font-size: 18px; color: inherit;'>SYS-LM6<\/div>\n<div style='padding: 15px; color: inherit; font-size: 14px;'>Lazo magn\u00e9tico de 6 metros<\/div>\n<\/p><\/div>\n<div style='flex: 1 1 250px; border: 1px solid rgba(150&comma; 150&comma; 150&comma; 0.4); border-radius: 8px; overflow: hidden;'>\n<div style='padding: 15px; border-bottom: 1px solid rgba(150&comma; 150&comma; 150&comma; 0.2); font-weight: bold; font-size: 18px; color: inherit;'>XBS-RDA-09<\/div>\n<div style='padding: 15px; color: inherit; font-size: 14px;'>Radar para barreras con alcance de hasta 6 metros.<\/div>\n<\/p><\/div>\n<\/p><\/div>\n<\/p><\/div>\n<hr style='border: 0; border-top: 1px solid rgba(150&comma; 150&comma; 150&comma; 0.3); margin: 30px 0;'>\n<div style='margin-bottom: 30px; text-align: center;'>\n<p style='margin: 15px 0; color: inherit;'><strong>Ideal para el control de \u00e1reas grandes&comma; tales como estacionamientos&comma; centros comerciales&comma; hospitales&comma; parques industriales&comma; etc.<\/strong><\/p>\n<p style='margin: 15px 0; color: inherit;'><strong>La gama de barreras FAAC est\u00e1 dotada de un seguro hidr\u00e1ulico anti aplastamiento&comma; bloqueo de retenci\u00f3n en cierre y apertura&comma; desbloqueo manual con llave triangular&comma; gabinete en acero resistente a colisiones<\/strong><\/p>\n<\/p><\/div>\n<hr style='border: 0; border-top: 1px solid rgba(150&comma; 150&comma; 150&comma; 0.3); margin: 30px 0;'>\n<div style='margin-bottom: 30px;'>\n<h3 style='font-size: 22px; text-align: center; margin-bottom: 20px; color: inherit; opacity: 0.8;'>Notas adicionales:<\/h3>\n<div style='display: flex; flex-wrap: wrap; gap: 15px; justify-content: center;'>\n<div style='flex: 1 1 300px; border: 1px solid rgba(150&comma; 150&comma; 150&comma; 0.4); border-radius: 8px; overflow: hidden;'>\n<div style='padding: 15px; color: inherit; font-size: 14px;'>La barrera cuenta con contra defectos de fabricaci\u00f3n.<\/div>\n<\/p><\/div>\n<div style='flex: 1 1 300px; border: 1px solid rgba(150&comma; 150&comma; 150&comma; 0.4); border-radius: 8px; overflow: hidden;'>\n<div style='padding: 15px; color: inherit; font-size: 14px;'>El kit FAAC620R es compatible con iluminaci\u00f3n&comma; se deben de adquirir accesorios no incluidos.<\/div>\n<\/p><\/div>\n<div style='flex: 1 1 300px; border: 1px solid rgba(150&comma; 150&comma; 150&comma; 0.4); border-radius: 8px; overflow: hidden;'>\n<div style='padding: 15px; color: inherit; font-size: 14px;'>Los cambios hechos en el m\u00e1stil necesitan una calibraci\u00f3n de la barrera&comma; lo que puede llevar a hacer un cambio del resorte interno de la barrera.<\/div>\n<\/p><\/div>\n<div style='flex: 1 1 300px; border: 1px solid rgba(150&comma; 150&comma; 150&comma; 0.4); border-radius: 8px; overflow: hidden;'>\n<div style='padding: 15px; color: inherit; font-size: 14px;'><strong>Para la calibraci\u00f3n de la barrera tome en cuenta la siguiente <a href='https:\/\/ftp3.syscom.mx\/usuarios\/fotos\/FAAC620R\/189187-calibracion_barrera_faac620.jpg' target='_blank' rel='noopener' style='color: inherit; text-decoration: underline;'>NOTA<\/a><\/strong><\/div>\n<\/p><\/div>\n<div style='flex: 1 1 300px; border: 1px solid rgba(150&comma; 150&comma; 150&comma; 0.4); border-radius: 8px; overflow: hidden;'>\n<div style='padding: 15px; color: inherit; font-size: 14px;'><strong>Para su mantenimiento utilice aceite Shell Tellus 22.<\/strong><\/div>\n<\/p><\/div>\n<\/p><\/div>\n<\/p><\/div>\n<hr style='border: 0; border-top: 1px solid rgba(150&comma; 150&comma; 150&comma; 0.3); margin: 30px 0;'>\n<div style='margin-bottom: 30px;'>\n<h3 style='font-size: 22px; text-align: center; margin-bottom: 20px; color: inherit; opacity: 0.8;'>Videos de instalaci\u00f3n y funcionamiento<\/h3>\n<div style='display: flex; flex-wrap: wrap; gap: 30px; justify-content: center;'>\n<div style='flex: 1 1 300px; min-width: 280px;'>\n<div style='position: relative; padding-bottom: 56.25%; height: 0; overflow: hidden;'>   <\/div>\n<\/p><\/div>\n<div style='flex: 1 1 300px; min-width: 280px;'>\n<div style='position: relative; padding-bottom: 56.25%; height: 0; overflow: hidden;'>   <\/div>\n<\/p><\/div>\n<div style='flex: 1 1 300px; min-width: 280px;'>\n<div style='position: relative; padding-bottom: 56.25%; height: 0; overflow: hidden;'>   <\/div>\n<\/p><\/div>\n<\/p><\/div>\n<\/p><\/div>\n<\/p><\/div>\n","protected":false},"excerpt":{"rendered":"<p>KIT DE BARRERA FAAC 620 STD CON BRAZO RECTANGULAR SIN ILUMINACI\u00d3N \/ EQUIPO HIDR\u00c1ULICO DE USO SEMI-INTENSIVO \/ HASTA 2 MILLONES DE CICLOS ANTES DE PRESENTAR FALLA SEVERA<\/p>\n","protected":false},"featured_media":27321,"comment_status":"open","ping_status":"closed","template":"","meta":[],"product_brand":[],"product_cat":[748],"product_tag":[401,749,778],"class_list":{"0":"post-27322","1":"product","2":"type-product","3":"status-publish","4":"has-post-thumbnail","6":"product_cat-barreras-vehiculares","7":"product_tag-acceso-vehicular","8":"product_tag-barreras-vehiculares","9":"product_tag-faac","11":"first","12":"outofstock","13":"sale","14":"shipping-taxable","15":"purchasable","16":"product-type-simple"},"_links":{"self":[{"href":"https:\/\/soydeaqui.ddns.net\/pachuca\/index.php\/wp-json\/wp\/v2\/product\/27322","targetHints":{"allow":["GET"]}}],"collection":[{"href":"https:\/\/soydeaqui.ddns.net\/pachuca\/index.php\/wp-json\/wp\/v2\/product"}],"about":[{"href":"https:\/\/soydeaqui.ddns.net\/pachuca\/index.php\/wp-json\/wp\/v2\/types\/product"}],"replies":[{"embeddable":true,"href":"https:\/\/soydeaqui.ddns.net\/pachuca\/index.php\/wp-json\/wp\/v2\/comments?post=27322"}],"wp:featuredmedia":[{"embeddable":true,"href":"https:\/\/soydeaqui.ddns.net\/pachuca\/index.php\/wp-json\/wp\/v2\/media\/27321"}],"wp:attachment":[{"href":"https:\/\/soydeaqui.ddns.net\/pachuca\/index.php\/wp-json\/wp\/v2\/media?parent=27322"}],"wp:term":[{"taxonomy":"product_brand","embeddable":true,"href":"https:\/\/soydeaqui.ddns.net\/pachuca\/index.php\/wp-json\/wp\/v2\/product_brand?post=27322"},{"taxonomy":"product_cat","embeddable":true,"href":"https:\/\/soydeaqui.ddns.net\/pachuca\/index.php\/wp-json\/wp\/v2\/product_cat?post=27322"},{"taxonomy":"product_tag","embeddable":true,"href":"https:\/\/soydeaqui.ddns.net\/pachuca\/index.php\/wp-json\/wp\/v2\/product_tag?post=27322"}],"curies":[{"name":"wp","href":"https:\/\/api.w.org\/{rel}","templated":true}]}}