{"id":27303,"date":"2026-03-18T12:32:56","date_gmt":"2026-03-18T12:32:56","guid":{"rendered":"https:\/\/soydeaqui.ddns.net\/pachuca\/index.php\/producto\/lector-de-tarjetas-mifare-conexion-wiegand-y-rs-485-estetico-y-facil-de-utilizar-indicador-led\/"},"modified":"2026-03-18T12:32:57","modified_gmt":"2026-03-18T12:32:57","slug":"lector-de-tarjetas-mifare-conexion-wiegand-y-rs-485-estetico-y-facil-de-utilizar-indicador-led","status":"publish","type":"product","link":"https:\/\/soydeaqui.ddns.net\/pachuca\/index.php\/producto\/lector-de-tarjetas-mifare-conexion-wiegand-y-rs-485-estetico-y-facil-de-utilizar-indicador-led\/","title":{"rendered":"Lector de Tarjetas MIFARE \/ Conexi\u00f3n Wiegand y RS-485 \/ Est\u00e9tico y F\u00e1cil de Utilizar \/ Indicador LED"},"content":{"rendered":"<div style='width: 100%; max-width: 1200px; margin: 0 auto; font-family: sans-serif; line-height: 1.6; color: inherit; background-color: transparent;'>\n<p style='text-align: center; margin: 0; padding: 0;'> <img style='width: 100%; max-width: 400px; height: auto; border: 1px solid rgba(150&comma;150&comma;150&comma;0.3); border-radius: 8px; display: block; margin: 0 auto;' src='http:\/\/ftp3.syscom.mx\/usuarios\/jdelafuente\/HIKVISION\/hikvision%20logo%20complete.png' alt='Logo Hikvision'> <\/p>\n<div style='display: flex; flex-wrap: wrap; gap: 30px; margin-top: 30px; margin-bottom: 30px;'>\n<div style='flex: 1 1 300px; min-width: 280px;'>\n<div style='border-left: 5px solid #ff0000; border-radius: 5px; padding: 15px; box-shadow: 2px 2px 10px rgba(150&comma;150&comma;150&comma;0.3);'>\n<h3 style='font-size: 20px; margin-top: 0; margin-bottom: 15px; color: inherit; opacity: 0.85;'>Caracter\u00edsticas principales:<\/h3>\n<ul style='padding-left: 20px; margin: 0; font-size: 15px; color: inherit;'>\n<li style='margin-bottom: 8px;'>Indicador LED de encendido y de estatus.<\/li>\n<li style='margin-bottom: 8px;'>Soporta Protocolo Wiegand (W26\/W34)<\/li>\n<li style='margin-bottom: 8px;'><strong>Lectura de tarjetas MIFARE\u00ae (Frecuencia: 13.56 Mhz).<\/strong><\/li>\n<li style='margin-bottom: 8px;'>Protecci\u00f3n IP64 (exterior protegido&comma; no intemperie).<\/li>\n<li style='margin-bottom: 8px;'>Montaje en pared.<\/li>\n<\/ul>\n<p style='margin-top: 15px; font-size: 14px;'> <strong>Tarjetas sugeridas<\/strong>: <a style='color: #005cb9; text-decoration: none; font-weight: 600;' href='https:\/\/www.syscom.mx\/principal\/searchcont?route=ACCESS-CARD-M1K-AccessPRO-158549&#038;autodetect=accesscar'>A<\/a> <span style='color: inherit; font-size: 13px;'>ACCESSCARM1K&comma; ACCESSCARDM4K&comma; ACCESKFBM1K&comma; ACCESSWB65M1K&comma; ACCESSWB74M1K.<\/span> <\/p>\n<\/p><\/div>\n<\/p><\/div>\n<div style='flex: 1 1 300px; min-width: 280px;'>\n<div style='border-left: 5px solid #ff0000; border-radius: 5px; padding: 15px; box-shadow: 2px 2px 10px rgba(150&comma;150&comma;150&comma;0.3);'>\n<h3 style='font-size: 20px; margin-top: 0; margin-bottom: 15px; color: inherit; opacity: 0.85;'>Caracter\u00edsticas F\u00edsicas y El\u00e9ctricas:<\/h3>\n<ul style='padding-left: 20px; margin: 0; font-size: 15px; color: inherit;'>\n<li style='margin-bottom: 8px;'>Voltaje de operaci\u00f3n: 12Vcc&comma; 0.5 A<\/li>\n<li style='margin-bottom: 8px;'>Temperatura de operaci\u00f3n: -20\u00b0C a +65\u00b0C (-4\u00b0F a 149\u00b0F)<\/li>\n<li style='margin-bottom: 8px;'>Dimensiones: 132.0mm \u00d7 92.3mm \u00d7 20.5mm (5.20\u201d \u00d7 3.63\u201d \u00d7 0.81&#8242;)<\/li>\n<li style='margin-bottom: 8px;'>Peso: 0.14 Kg<\/li>\n<li style='margin-bottom: 8px;'><strong>Soporta conexi\u00f3n Wiegand o RS485.<\/strong><\/li>\n<li style='margin-bottom: 8px;'>DIP switch para direccionamiento RS485.<\/li>\n<\/ul><\/div>\n<\/p><\/div>\n<div style='flex: 1 1 300px; min-width: 280px;'>\n<div style='border-left: 5px solid #ff0000; border-radius: 5px; padding: 15px; box-shadow: 2px 2px 10px rgba(150&comma;150&comma;150&comma;0.3);'>\n<h3 style='font-size: 20px; margin-top: 0; margin-bottom: 15px; color: inherit; opacity: 0.85;'>Caracter\u00edsticas Destacadas:<\/h3>\n<p style='margin-top: 0; margin-bottom: 15px; font-size: 15px; color: inherit;'> \u00c9ste lector se conecta v\u00eda <span style='color: #d35400;'><strong>Wiegand<\/strong><\/span> a cualquier panel de control de acceso que soporte este protocolo&comma; recomendados los paneles de la misma marca HIKVISION (cualquier serie) pero tambi\u00e9n compatibles con paneles ZKTeco&comma; Rosslare&comma; Suprema&comma; AccessPRO&comma; etc. <\/p>\n<p style='margin-top: 0; margin-bottom: 0; font-size: 15px; color: inherit;'> Tambi\u00e9n soporta conexi\u00f3n por <span style='color: #d35400;'><strong>RS485<\/strong><\/span> para lograr mayores distancias (solo compatible con controladores Hikvision de la serie DS-K26). <\/p>\n<\/p><\/div>\n<\/p><\/div>\n<\/p><\/div>\n<div style='margin-top: 30px;'>\n<div style='border-left: 5px solid #ff0000; border-radius: 5px; padding: 15px; box-shadow: 2px 2px 10px rgba(150&comma;150&comma;150&comma;0.3);'>\n<h3 style='font-size: 20px; margin-top: 0; margin-bottom: 15px; color: inherit; opacity: 0.85;'>Consideraciones:<\/h3>\n<ul style='padding-left: 20px; margin: 0; font-size: 15px; color: inherit;'>\n<li style='margin-bottom: 8px;'> <\/li>\n<\/ul><\/div>\n<\/p><\/div>\n<\/p><\/div>\n","protected":false},"excerpt":{"rendered":"<p>Lector de Tarjetas MIFARE \/ Conexi\u00f3n Wiegand y RS-485 \/ Est\u00e9tico y F\u00e1cil de Utilizar \/ Indicador LED<\/p>\n","protected":false},"featured_media":27302,"comment_status":"open","ping_status":"closed","template":"","meta":[],"product_brand":[],"product_cat":[770],"product_tag":[54,466,771],"class_list":{"0":"post-27303","1":"product","2":"type-product","3":"status-publish","4":"has-post-thumbnail","6":"product_cat-mifare-iclass-13-56-mhz","7":"product_tag-hikvision","8":"product_tag-lectoras-y-tarjetas","9":"product_tag-mifare-iclass-13-56-mhz","11":"first","12":"instock","13":"sale","14":"shipping-taxable","15":"purchasable","16":"product-type-simple"},"_links":{"self":[{"href":"https:\/\/soydeaqui.ddns.net\/pachuca\/index.php\/wp-json\/wp\/v2\/product\/27303","targetHints":{"allow":["GET"]}}],"collection":[{"href":"https:\/\/soydeaqui.ddns.net\/pachuca\/index.php\/wp-json\/wp\/v2\/product"}],"about":[{"href":"https:\/\/soydeaqui.ddns.net\/pachuca\/index.php\/wp-json\/wp\/v2\/types\/product"}],"replies":[{"embeddable":true,"href":"https:\/\/soydeaqui.ddns.net\/pachuca\/index.php\/wp-json\/wp\/v2\/comments?post=27303"}],"wp:featuredmedia":[{"embeddable":true,"href":"https:\/\/soydeaqui.ddns.net\/pachuca\/index.php\/wp-json\/wp\/v2\/media\/27302"}],"wp:attachment":[{"href":"https:\/\/soydeaqui.ddns.net\/pachuca\/index.php\/wp-json\/wp\/v2\/media?parent=27303"}],"wp:term":[{"taxonomy":"product_brand","embeddable":true,"href":"https:\/\/soydeaqui.ddns.net\/pachuca\/index.php\/wp-json\/wp\/v2\/product_brand?post=27303"},{"taxonomy":"product_cat","embeddable":true,"href":"https:\/\/soydeaqui.ddns.net\/pachuca\/index.php\/wp-json\/wp\/v2\/product_cat?post=27303"},{"taxonomy":"product_tag","embeddable":true,"href":"https:\/\/soydeaqui.ddns.net\/pachuca\/index.php\/wp-json\/wp\/v2\/product_tag?post=27303"}],"curies":[{"name":"wp","href":"https:\/\/api.w.org\/{rel}","templated":true}]}}