{"id":27290,"date":"2026-03-18T12:32:40","date_gmt":"2026-03-18T12:32:40","guid":{"rendered":"https:\/\/soydeaqui.ddns.net\/pachuca\/index.php\/producto\/kit-de-barrera-hidraulica-b680h-con-brazo-tipo-s-de-8-metros-para-uso-continuo\/"},"modified":"2026-03-18T12:32:41","modified_gmt":"2026-03-18T12:32:41","slug":"kit-de-barrera-hidraulica-b680h-con-brazo-tipo-s-de-8-metros-para-uso-continuo","status":"publish","type":"product","link":"https:\/\/soydeaqui.ddns.net\/pachuca\/index.php\/producto\/kit-de-barrera-hidraulica-b680h-con-brazo-tipo-s-de-8-metros-para-uso-continuo\/","title":{"rendered":"Kit de Barrera Hidraulica B680H con Brazo Tipo S de 8 Metros \/ Para Uso Continuo"},"content":{"rendered":"<div style='width: 100%; max-width: 1200px; margin: 0 auto; font-family: sans-serif; line-height: 1.6; color: inherit; background-color: transparent;'> <!-- Secci\u00f3n de caracter\u00edsticas principales --> <\/p>\n<div style='display: flex; flex-wrap: wrap; gap: 30px; margin-bottom: 30px;'>\n<div style='flex: 1 1 300px; min-width: 280px;'>\n<h3 style='font-size: 22px; border-bottom: 2px solid currentColor; padding-bottom: 5px; margin-top: 0; color: inherit; opacity: 0.8;'>Caracter\u00edsticas principales:<\/h3>\n<ul style='padding-left: 20px; font-size: 15px; color: inherit;'>\n<li style='margin-bottom: 5px;'>Barrera de uso continuo<\/li>\n<li style='margin-bottom: 5px;'>Incluye brazo de 8 metros (formado de dos piezas)<\/li>\n<li style='margin-bottom: 5px;'>Gabinete en color rojo<\/li>\n<\/ul><\/div>\n<div style='flex: 1 1 300px; min-width: 280px;'>\n<h3 style='font-size: 22px; border-bottom: 2px solid currentColor; padding-bottom: 5px; margin-top: 0; color: inherit; opacity: 0.8;'>Caracter\u00edsticas F\u00edsicas y El\u00e9ctricas:<\/h3>\n<ul style='padding-left: 20px; font-size: 15px; color: inherit;'>\n<li style='margin-bottom: 5px;'>Voltaje de alimentaci\u00f3n 100-240 VAC<\/li>\n<li style='margin-bottom: 5px;'>Motor electrico Brushless de 36VDC<\/li>\n<li style='margin-bottom: 5px;'>Potencia maxima de 240 W<\/li>\n<li style='margin-bottom: 5px;'>Consumo de corriente de 1.1A a 230V<\/li>\n<\/ul><\/div>\n<div style='flex: 1 1 300px; min-width: 280px;'>\n<h3 style='font-size: 22px; border-bottom: 2px solid currentColor; padding-bottom: 5px; margin-top: 0; color: inherit; opacity: 0.8;'>Caracter\u00edsticas Destacadas:<\/h3>\n<ul style='padding-left: 20px; font-size: 15px; color: inherit;'>\n<li style='margin-bottom: 5px;'>Sistema antiaplastamiento por ecoder<\/li>\n<li style='margin-bottom: 5px;'>Temperatura de operacion de -20 a 55 \u00b0C.<\/li>\n<li style='margin-bottom: 5px;'>Grado de proteccion IP56<\/li>\n<li style='margin-bottom: 5px;'>Unidad hidraulica de 1.2 lts<\/li>\n<\/ul><\/div>\n<\/p><\/div>\n<p> <!-- Separador --> <\/p>\n<hr style='border: 0; border-top: 1px solid rgba(150&comma; 150&comma; 150&comma; 0.3); margin: 30px 0;'> <!-- Contenido principal --> <\/p>\n<div style='display: flex; flex-wrap: wrap; gap: 30px; margin-bottom: 30px;'>\n<div style='flex: 1 1 400px; min-width: 300px;'>\n<h2 style='font-size: 20px; margin-top: 0; color: inherit;'>Kit de barrera hidrualica B680H para uso continuo<\/h2>\n<h2 style='font-size: 20px; margin-top: 0; color: inherit;'>El kit contiene los siguientes articulos:<\/h2>\n<ul style='padding-left: 20px; font-size: 14px; color: inherit;'>\n<li style='margin-bottom: 5px;'>1 x <strong>104680<\/strong> Barrera B680H sin cubierta&comma; para uso continuo.<\/li>\n<li style='margin-bottom: 5px;'>1 x <strong>416016<\/strong> Cubierta para barrera en color rojo.<\/li>\n<li style='margin-bottom: 5px;'>1 x <strong>428437<\/strong> Resorte y bracket para B680H para brazos de 5.3 a 8 metros.<\/li>\n<li style='margin-bottom: 5px;'>1 x <strong>428051<\/strong> Brazo final de 4.3 metros para barrera B680H.<\/li>\n<li style='margin-bottom: 5px;'>1 x <strong>428048<\/strong> Brazo inicial de 4 metros para barrera B680H.<\/li>\n<li style='margin-bottom: 5px;'>1 x <strong>428616<\/strong> Union o cople para brazos FAAC<\/li>\n<li style='margin-bottom: 5px;'>1 x <strong>490117<\/strong> Paquete de bandas reflectantes para brazo redondo<\/li>\n<\/ul>\n<h2 style='font-size: 20px; margin-top: 20px; color: inherit;'>Caracteristicas adicionales:<\/h2>\n<ul style='padding-left: 20px; font-size: 14px; color: inherit;'>\n<li style='margin-bottom: 5px;'>Soporta respaldo de bateria e Iliminacion para el brazo <strong>(Accesorios se venden por separado).<\/strong><\/li>\n<li style='margin-bottom: 5px;'>Sentido (Izquierda o Derecha) configurable en sitio.<\/li>\n<li style='margin-bottom: 5px;'>Equipo con un a\u00f1o de garantia contra defectos de fabricaci\u00f3n.<\/li>\n<\/ul><\/div>\n<div style='flex: 1 1 400px; min-width: 300px;'> <img style='width: 100%; height: auto; border: 1px solid rgba(150&comma;150&comma;150&comma;0.3); border-radius: 8px;' src='https:\/\/ftp3.syscom.mx\/usuarios\/fotos\/B680H8M\/B680H8M-p.PNG' alt=''> <\/div>\n<\/p><\/div>\n<p> <!-- Separador --> <\/p>\n<hr style='border: 0; border-top: 1px solid rgba(150&comma; 150&comma; 150&comma; 0.3); margin: 30px 0;'> <!-- Accesorios de instalaci\u00f3n --> <\/p>\n<div style='display: flex; flex-wrap: wrap; gap: 30px; margin-bottom: 30px;'>\n<div style='flex: 1 1 400px; min-width: 300px;'> <img style='width: 100%; height: auto; border: 1px solid rgba(150&comma;150&comma;150&comma;0.3); border-radius: 8px;' src='https:\/\/ftp3.syscom.mx\/usuarios\/fotos\/B680H8M\/194568-familia_b680h.jpg' alt=''> <\/div>\n<div style='flex: 1 1 400px; min-width: 300px;'>\n<h2 style='font-size: 20px; margin-top: 0; color: inherit;'>\u00bfQu\u00e9 accesorios necesito para una instalaci\u00f3n?<\/h2>\n<ul style='padding-left: 20px; font-size: 14px; color: inherit;'>\n<li style='margin-bottom: 5px;'><strong>490139<\/strong> Base de fijaci\u00f3n para barreras B680H.<\/li>\n<li style='margin-bottom: 5px;'><strong>785102<\/strong> Fotocelda para seguridad XP20D de FAAC<\/li>\n<li style='margin-bottom: 5px;'><strong>390923<\/strong> Bateria para respaldo en caso de falla electrica XBAT requiere adaptador <strong>390080<\/strong><\/li>\n<li style='margin-bottom: 5px;'><strong>XB-POST<\/strong> Poste descansabrazos para barreras vehiculares<\/li>\n<li style='margin-bottom: 5px;'><strong>SYS-LM8<\/strong> Lazo magnetico de 8 metros para carriles de gran dimensi\u00f3n.<\/li>\n<li style='margin-bottom: 5px;'><strong>390992<\/strong> Conector para manguera led<\/li>\n<li style='margin-bottom: 5px;'><strong>390993<\/strong> Paquete de 12 metros de manguera led color rojo<\/li>\n<li style='margin-bottom: 5px;'><strong>490117<\/strong> Bandas reflectantes para brazos FAAC<\/li>\n<\/ul><\/div>\n<\/p><\/div>\n<p> <!-- Separador --> <\/p>\n<hr style='border: 0; border-top: 1px solid rgba(150&comma; 150&comma; 150&comma; 0.3); margin: 30px 0;'> <!-- Imagen final --> <\/p>\n<div style='margin-bottom: 30px;'> <img style='width: 100%; height: auto; border: 1px solid rgba(150&comma;150&comma;150&comma;0.3); border-radius: 8px;' src='https:\/\/ftp3.syscom.mx\/usuarios\/fotos\/B680H8M\/194568-b680h.png' alt='Instalaci\u00f3n B680H'> <\/div>\n<p> <!-- Separador --> <\/p>\n<hr style='border: 0; border-top: 1px solid rgba(150&comma; 150&comma; 150&comma; 0.3); margin: 30px 0;'> <!-- Nota final --> <\/p>\n<div style='margin-top: 30px;'>\n<h2 style='font-size: 16px; margin-top: 0; color: inherit;'>NOTA: Considerar descansabrazos <a href='https:\/\/www.syscom.mx\/principal\/searchcont?route=XB-POST-AccessPRO-Industrial-183352&#038;autodetect=xbpost' target='_blank' rel='noopener' style='color: #0091ff; text-decoration: underline;'>XB-POST<\/a> en brazos de 4 m o m\u00e1s para evitar da\u00f1o prematuro del mecanismo.<\/h2>\n<\/p><\/div>\n<\/p><\/div>\n","protected":false},"excerpt":{"rendered":"<p>Kit de Barrera Hidraulica B680H con Brazo Tipo S de 8 Metros \/ Para Uso Continuo<\/p>\n","protected":false},"featured_media":27289,"comment_status":"open","ping_status":"closed","template":"","meta":[],"product_brand":[],"product_cat":[748],"product_tag":[401,749,778],"class_list":{"0":"post-27290","1":"product","2":"type-product","3":"status-publish","4":"has-post-thumbnail","6":"product_cat-barreras-vehiculares","7":"product_tag-acceso-vehicular","8":"product_tag-barreras-vehiculares","9":"product_tag-faac","11":"first","12":"instock","13":"sale","14":"shipping-taxable","15":"purchasable","16":"product-type-simple"},"_links":{"self":[{"href":"https:\/\/soydeaqui.ddns.net\/pachuca\/index.php\/wp-json\/wp\/v2\/product\/27290","targetHints":{"allow":["GET"]}}],"collection":[{"href":"https:\/\/soydeaqui.ddns.net\/pachuca\/index.php\/wp-json\/wp\/v2\/product"}],"about":[{"href":"https:\/\/soydeaqui.ddns.net\/pachuca\/index.php\/wp-json\/wp\/v2\/types\/product"}],"replies":[{"embeddable":true,"href":"https:\/\/soydeaqui.ddns.net\/pachuca\/index.php\/wp-json\/wp\/v2\/comments?post=27290"}],"wp:featuredmedia":[{"embeddable":true,"href":"https:\/\/soydeaqui.ddns.net\/pachuca\/index.php\/wp-json\/wp\/v2\/media\/27289"}],"wp:attachment":[{"href":"https:\/\/soydeaqui.ddns.net\/pachuca\/index.php\/wp-json\/wp\/v2\/media?parent=27290"}],"wp:term":[{"taxonomy":"product_brand","embeddable":true,"href":"https:\/\/soydeaqui.ddns.net\/pachuca\/index.php\/wp-json\/wp\/v2\/product_brand?post=27290"},{"taxonomy":"product_cat","embeddable":true,"href":"https:\/\/soydeaqui.ddns.net\/pachuca\/index.php\/wp-json\/wp\/v2\/product_cat?post=27290"},{"taxonomy":"product_tag","embeddable":true,"href":"https:\/\/soydeaqui.ddns.net\/pachuca\/index.php\/wp-json\/wp\/v2\/product_tag?post=27290"}],"curies":[{"name":"wp","href":"https:\/\/api.w.org\/{rel}","templated":true}]}}