{"id":27286,"date":"2026-03-18T12:32:37","date_gmt":"2026-03-18T12:32:37","guid":{"rendered":"https:\/\/soydeaqui.ddns.net\/pachuca\/index.php\/producto\/unifi-access-kit-de-inicio-con-hub-reader-pro-reader-lite-y-20-tarjetas-para-acceso-a-una-sola-puerta\/"},"modified":"2026-03-18T12:32:38","modified_gmt":"2026-03-18T12:32:38","slug":"unifi-access-kit-de-inicio-con-hub-reader-pro-reader-lite-y-20-tarjetas-para-acceso-a-una-sola-puerta","status":"publish","type":"product","link":"https:\/\/soydeaqui.ddns.net\/pachuca\/index.php\/producto\/unifi-access-kit-de-inicio-con-hub-reader-pro-reader-lite-y-20-tarjetas-para-acceso-a-una-sola-puerta\/","title":{"rendered":"UniFi Access Kit de Inicio, con HUB, Reader Pro, Reader Lite y 20 tarjetas, para acceso a una sola puerta"},"content":{"rendered":"<div style='width: 100%; max-width: 1200px; margin: 0 auto; font-family: sans-serif; line-height: 1.6; color: inherit; background-color: transparent;'> <!-- T\u00edtulo y separador --> <\/p>\n<div style='margin-bottom: 30px;'>\n<h1 style='margin: 0; font-size: 28px; color: inherit;'>UniFi Access Starter Kit<\/h1>\n<hr style='border: 0; border-top: 2px solid #00a0df; width: 40px; margin: 15px 0;'> <\/div>\n<p> <!-- Contenido principal --> <\/p>\n<div style='display: flex; flex-wrap: wrap; gap: 30px; margin-bottom: 30px;'> <!-- Columna izquierda --> <\/p>\n<div style='flex: 1 1 300px; min-width: 280px;'>\n<p style='font-size: 15px; margin: 0 0 15px; color: inherit; text-align: justify;'> UniFi Access es un control de acceso de \u00faltima generaci\u00f3n sistema alimentado por tecnolog\u00eda PoE nativa. Admite cerrojos\/cerraderos el\u00e9ctricos convencionales&comma; cerraduras magn\u00e9ticas y accesorios de acceso de 12V como sensores de movimiento&comma; pulsadores y alarmas. <\/p>\n<p style='font-size: 15px; margin: 0 0 15px; color: inherit; text-align: justify;'> UniFi Access requiere un m\u00ednimo esfuerzo de instalaci\u00f3n y ofrece la comodidad de UniFi Access Controller&comma; que le permite administrar f\u00e1cilmente. <\/p>\n<p> <!-- Lista de componentes --> <\/p>\n<div style='margin: 20px 0;'>\n<h3 style='font-size: 20px; border-bottom: 2px solid currentColor; padding-bottom: 5px; margin-top: 0; color: inherit; opacity: 0.8;'>Control de acceso para solamente una puerta<\/h3>\n<ul style='padding-left: 20px; font-size: 15px; color: inherit; list-style: disc;'>\n<li style='margin-bottom: 5px;'><strong>Incluye:<\/strong><\/li>\n<li style='margin-bottom: 5px;'><strong>x1 UA-HUB<\/strong> (Panel de conexiones)<\/li>\n<li style='margin-bottom: 5px;'><strong>x1 UA-PRO<\/strong> (Lector NFC con pantalla t\u00e1ctil&comma; c\u00e1mara y audio de 2 v\u00edas)*<\/li>\n<li style='margin-bottom: 5px;'><strong>x1 UA-LITE<\/strong> (Lector NFC y de movimiento)*<\/li>\n<li style='margin-bottom: 5px;'><strong>x20 UA-CARDs<\/strong> (Tarjetas UniFi NFC)<\/li>\n<\/ul>\n<p style='font-size: 14px; margin-top: 15px; color: inherit;'> *Debe instalarse en el interior o debajo de un alero en el exterior. <\/p>\n<\/p><\/div>\n<p> <!-- Video --> <\/p>\n<div style='margin: 30px 0;'>\n<div style='position: relative; padding-bottom: 56.25%; height: 0; overflow: hidden;'>   <\/div>\n<\/p><\/div>\n<p> <!-- Requisitos de controlador --> <\/p>\n<div style='margin: 20px 0;'>\n<p style='font-size: 15px; color: inherit; margin: 0;'><strong>Gestionado por la versi\u00f3n del controlador de red UniFi: 6.0.34 o superior<\/strong><\/p>\n<\/p><\/div>\n<\/p><\/div>\n<p> <!-- Columna derecha - Galer\u00eda de im\u00e1genes --> <\/p>\n<div style='flex: 1 1 300px; min-width: 280px;'>\n<div style='display: flex; flex-wrap: wrap; gap: 10px;'>\n<div style='flex: 1 1 100%;'> <img style='width: 100%; height: auto; border: 1px solid rgba(150&comma;150&comma;150&comma;0.3); border-radius: 8px;' src='https:\/\/ftp3.syscom.mx\/usuarios\/fotos\/UASK\/195002-ua-hub_front_angle_e55c7e9e-d09e-4bbd-8bbc-c1a64f7d4bb0_1500x@3x.png' alt='UA-HUB vista frontal'> <\/div>\n<div style='flex: 1 1 48%;'> <img style='width: 100%; height: auto; border: 1px solid rgba(150&comma;150&comma;150&comma;0.3); border-radius: 8px;' src='https:\/\/ftp3.syscom.mx\/usuarios\/fotos\/UASK\/195002-ua-hub_front_88946c00-ede0-4b86-9b13-21990866f55b_1500x@3x.png' alt='UA-HUB frente'> <\/div>\n<div style='flex: 1 1 48%;'> <img style='width: 100%; height: auto; border: 1px solid rgba(150&comma;150&comma;150&comma;0.3); border-radius: 8px;' src='https:\/\/ftp3.syscom.mx\/usuarios\/fotos\/UASK\/195002-ua-hub_ports_fa3a6b00-f94a-4476-aec8-53f711817866_1500x@3x.png' alt='UA-HUB puertos'> <\/div>\n<div style='flex: 1 1 48%;'> <img style='width: 100%; height: auto; border: 1px solid rgba(150&comma;150&comma;150&comma;0.3); border-radius: 8px;' src='https:\/\/ftp3.syscom.mx\/usuarios\/fotos\/UASK\/195002-ua-hub_back_angle_7d9398e8-e5fe-4591-9ed3-406aada47ac0_1500x@3x.png' alt='UA-HUB vista trasera'> <\/div>\n<div style='flex: 1 1 48%;'> <img style='width: 100%; height: auto; border: 1px solid rgba(150&comma;150&comma;150&comma;0.3); border-radius: 8px;' src='https:\/\/ftp3.syscom.mx\/usuarios\/fotos\/UASK\/195002-ua-lite_001_7859ca4f-57d5-4978-ae21-8160bfa4c816_1500x@3x.png' alt='UA-LITE 001'> <\/div>\n<div style='flex: 1 1 48%;'> <img style='width: 100%; height: auto; border: 1px solid rgba(150&comma;150&comma;150&comma;0.3); border-radius: 8px;' src='https:\/\/ftp3.syscom.mx\/usuarios\/fotos\/UASK\/195002-ua-lite_005_9ad36dd4-1625-416d-a757-1fda7e73e9a5_1500x@3x.png' alt='UA-LITE 005'> <\/div>\n<div style='flex: 1 1 48%;'> <img style='width: 100%; height: auto; border: 1px solid rgba(150&comma;150&comma;150&comma;0.3); border-radius: 8px;' src='https:\/\/ftp3.syscom.mx\/usuarios\/fotos\/UASK\/195002-ua-pro_front_angle_1500x@3x.png' alt='UA-PRO vista frontal'> <\/div>\n<div style='flex: 1 1 48%;'> <img style='width: 100%; height: auto; border: 1px solid rgba(150&comma;150&comma;150&comma;0.3); border-radius: 8px;' src='https:\/\/ftp3.syscom.mx\/usuarios\/fotos\/UASK\/195002-ua-pro_back_angle_1500x@3x.png' alt='UA-PRO vista trasera'> <\/div>\n<div style='flex: 1 1 48%;'> <img style='width: 100%; height: auto; border: 1px solid rgba(150&comma;150&comma;150&comma;0.3); border-radius: 8px;' src='https:\/\/ftp3.syscom.mx\/usuarios\/fotos\/UASK\/195002-uacard.jpg' alt='Tarjeta UniFi NFC'> <\/div>\n<\/p><\/div>\n<\/p><\/div>\n<\/p><\/div>\n<p> <!-- Notas importantes --> <\/p>\n<div style='margin-bottom: 30px;'>\n<div style='background-color: rgba(255&comma; 255&comma; 255&comma; 0.05); border: 1px solid rgba(150&comma;150&comma;150&comma;0.3); border-radius: 8px; padding: 15px; margin-bottom: 20px;'>\n<p style='margin: 0; font-size: 15px; color: inherit;'> <strong>Nota:<\/strong> UniFi Access requiere una Consola con UniFi OS (NO INCLUIDA). Posibles opciones: <br \/> <a style='color: inherit; text-decoration: underline;' href='https:\/\/www.syscom.mx\/producto\/UDM-PRO-UBIQUITI-NETWORKS-177842.html' target='_blank' rel='noopener'>UDM-PRO<\/a> \/ <a style='color: inherit; text-decoration: underline;' href='UDM-SE' target='_blank' rel='noopener'>UDM-SE<\/a> \/ <a style='color: inherit; text-decoration: underline;' href='https:\/\/www.syscom.mx\/producto\/UDR-UBIQUITI-NETWORKS-212127.html' target='_blank' rel='noopener'>UDR<\/a> \/ <a style='color: inherit; text-decoration: underline;' href='https:\/\/www.syscom.mx\/producto\/UCK-G2-PLUS-UBIQUITI-NETWORKS-164051.html' target='_blank' rel='noopener'>UCK-G2-PLUS<\/a> <\/p>\n<\/p><\/div>\n<div style='margin-bottom: 20px;'>\n<p style='margin: 0; font-size: 15px; color: inherit;'> <strong>Se recomienda utilizar el calculador de recursos para seleccionar un UiFi OS Console:<\/strong> <br \/> <a style='color: inherit; text-decoration: underline;' href='https:\/\/www.ui.com\/consoles\/resource-calculator' target='_blank' rel='noopener'>UniFi OS Console Resource Calculator<\/a> <\/p>\n<\/p><\/div>\n<div style='margin-bottom: 20px;'>\n<p style='margin: 0; font-size: 15px; color: inherit;'> <strong>Compatible con cualquier chapa magn\u00e9tica o dispositivos a 12V 1A\/0.33A<\/strong> <\/p>\n<\/p><\/div>\n<\/p><\/div>\n<p> <!-- Ejemplo de topolog\u00eda --> <\/p>\n<div style='margin-bottom: 30px;'>\n<h3 style='font-size: 20px; border-bottom: 2px solid currentColor; padding-bottom: 5px; margin-top: 0; color: inherit; opacity: 0.8;'>Ejemplo de Topolog\u00eda<\/h3>\n<div style='margin-top: 15px;'> <img style='width: 100%; height: auto; border: 1px solid rgba(150&comma;150&comma;150&comma;0.3); border-radius: 8px;' src='https:\/\/ftp3.syscom.mx\/usuarios\/fotos\/UASK\/195002-topologia.jpg' alt='Ejemplo de topolog\u00eda UniFi Access'> <\/div>\n<\/p><\/div>\n<p> <!-- Im\u00e1genes adicionales --> <\/p>\n<div style='display: flex; flex-wrap: wrap; gap: 20px; margin-bottom: 30px;'>\n<div style='flex: 1 1 100%;'> <img style='width: 100%; height: auto; border: 1px solid rgba(150&comma;150&comma;150&comma;0.3); border-radius: 8px;' src='https:\/\/ftp3.syscom.mx\/usuarios\/fotos\/UASK\/195002-uaccess_deployment_01_f3f38f88-e8f9-4196-ae1c-6da9b23bd446_1500x@3x.png' alt='Despliegue UniFi Access'> <\/div>\n<div style='flex: 1 1 48%;'> <img style='width: 100%; height: auto; border: 1px solid rgba(150&comma;150&comma;150&comma;0.3); border-radius: 8px;' src='https:\/\/ftp3.syscom.mx\/usuarios\/fotos\/UASK\/195002-facil_instalacion.jpg' alt='F\u00e1cil instalaci\u00f3n'> <\/div>\n<div style='flex: 1 1 48%;'> <img style='width: 100%; height: auto; border: 1px solid rgba(150&comma;150&comma;150&comma;0.3); border-radius: 8px;' src='https:\/\/ftp3.syscom.mx\/usuarios\/fotos\/UASK\/195002-riel_din.jpg' alt='Instalaci\u00f3n en riel DIN'> <\/div>\n<\/p><\/div>\n<p> <!-- Secci\u00f3n de controlador --> <\/p>\n<div style='margin-bottom: 30px;'>\n<div style='display: flex; align-items: center; gap: 15px; margin-bottom: 15px;'> <img style='width: 64px; height: 64px; flex-shrink: 0;' src='https:\/\/ftp3.syscom.mx\/usuarios\/fotos\/UASK\/195002-access.png' alt='Icono de acceso'> <\/p>\n<h3 style='font-size: 20px; margin: 0; color: inherit; opacity: 0.8;'>Administrable con UniFi Access Controller<\/h3>\n<\/p><\/div>\n<div style='margin-top: 20px;'> <a style='display: inline-block; margin-right: 10px; margin-bottom: 10px;' href='https:\/\/apps.apple.com\/us\/app\/unifi-network\/id1057750338' target='_blank' rel='noopener'> <img style='height: 38px;' src='https:\/\/cdn.shopify.com\/s\/files\/1\/1439\/1668\/files\/microsite_button_app-store.png?1915' alt='App Store'> <\/a> <a style='display: inline-block; margin-right: 10px; margin-bottom: 10px;' href='https:\/\/play.google.com\/store\/apps\/details?id=com.ubnt.easyunifi&#038;hl=en' target='_blank' rel='noopener'> <img style='height: 38px;' src='https:\/\/cdn.shopify.com\/s\/files\/1\/1439\/1668\/files\/microsite_button_google-play.png?1915' alt='Google Play'> <\/a> <\/div>\n<\/p><\/div>\n<p> <!-- Funcionalidades --> <\/p>\n<div style='margin-bottom: 30px;'>\n<div style='display: flex; gap: 20px;'>\n<div style='flex: 1 1 40%;'> <img style='width: 100%; height: auto; border: 1px solid rgba(150&comma;150&comma;150&comma;0.3); border-radius: 8px;' src='https:\/\/ftp3.syscom.mx\/usuarios\/fotos\/UASK\/195002-access_gui.jpg' alt='Interfaz de UniFi Access'> <\/div>\n<div style='flex: 1 1 55%;'>\n<h3 style='font-size: 20px; margin-top: 0; color: inherit; opacity: 0.8;'>Funciona con la aplicaci\u00f3n UniFi Access<\/h3>\n<ul style='padding-left: 20px; font-size: 14px; color: inherit; list-style: square;'>\n<li style='margin-bottom: 8px;'>Administre de forma centralizada sus dispositivos de acceso con una interfaz intuitiva<\/li>\n<li style='margin-bottom: 8px;'>Establezca pol\u00edticas y horarios de acceso espec\u00edficos de puertas por piso y usuario<\/li>\n<li style='margin-bottom: 8px;'>Cree usuarios&comma; establezca sus roles y asigne tarjetas NFC<\/li>\n<li style='margin-bottom: 8px;'>Revise las entradas&comma; salidas y denegaciones con un registro de eventos detallado<\/li>\n<li style='margin-bottom: 8px;'>Configure dispositivos r\u00e1pidamente y admin\u00edstrelos sobre la marcha con una potente aplicaci\u00f3n m\u00f3vil<\/li>\n<\/ul><\/div>\n<\/p><\/div>\n<\/p><\/div>\n<p> <!-- Separador final --> <\/p>\n<hr style='border: 0; border-top: 1px solid rgba(150&comma; 150&comma; 150&comma; 0.3); margin: 30px 0;'> <\/div>\n","protected":false},"excerpt":{"rendered":"<p>UniFi Access Kit de Inicio, con HUB, Reader Pro, Reader Lite y 20 tarjetas, para acceso a una sola puerta<\/p>\n","protected":false},"featured_media":27285,"comment_status":"open","ping_status":"closed","template":"","meta":[],"product_brand":[],"product_cat":[788],"product_tag":[789,166,557],"class_list":{"0":"post-27286","1":"product","2":"type-product","3":"status-publish","4":"has-post-thumbnail","6":"product_cat-intercomunicadores","7":"product_tag-intercomunicadores","8":"product_tag-ubiquiti","9":"product_tag-videoporteros-e-interfonos","11":"first","12":"outofstock","13":"sale","14":"shipping-taxable","15":"purchasable","16":"product-type-simple"},"_links":{"self":[{"href":"https:\/\/soydeaqui.ddns.net\/pachuca\/index.php\/wp-json\/wp\/v2\/product\/27286","targetHints":{"allow":["GET"]}}],"collection":[{"href":"https:\/\/soydeaqui.ddns.net\/pachuca\/index.php\/wp-json\/wp\/v2\/product"}],"about":[{"href":"https:\/\/soydeaqui.ddns.net\/pachuca\/index.php\/wp-json\/wp\/v2\/types\/product"}],"replies":[{"embeddable":true,"href":"https:\/\/soydeaqui.ddns.net\/pachuca\/index.php\/wp-json\/wp\/v2\/comments?post=27286"}],"wp:featuredmedia":[{"embeddable":true,"href":"https:\/\/soydeaqui.ddns.net\/pachuca\/index.php\/wp-json\/wp\/v2\/media\/27285"}],"wp:attachment":[{"href":"https:\/\/soydeaqui.ddns.net\/pachuca\/index.php\/wp-json\/wp\/v2\/media?parent=27286"}],"wp:term":[{"taxonomy":"product_brand","embeddable":true,"href":"https:\/\/soydeaqui.ddns.net\/pachuca\/index.php\/wp-json\/wp\/v2\/product_brand?post=27286"},{"taxonomy":"product_cat","embeddable":true,"href":"https:\/\/soydeaqui.ddns.net\/pachuca\/index.php\/wp-json\/wp\/v2\/product_cat?post=27286"},{"taxonomy":"product_tag","embeddable":true,"href":"https:\/\/soydeaqui.ddns.net\/pachuca\/index.php\/wp-json\/wp\/v2\/product_tag?post=27286"}],"curies":[{"name":"wp","href":"https:\/\/api.w.org\/{rel}","templated":true}]}}