{"id":27256,"date":"2026-03-18T12:31:54","date_gmt":"2026-03-18T12:31:54","guid":{"rendered":"https:\/\/soydeaqui.ddns.net\/pachuca\/index.php\/producto\/puerta-de-garage-de-alta-calidad-linea-central-color-blanco-12x8-pies-aislada-estilo-americana-2\/"},"modified":"2026-03-18T12:31:58","modified_gmt":"2026-03-18T12:31:58","slug":"puerta-de-garage-de-alta-calidad-linea-central-color-blanco-12x8-pies-aislada-estilo-americana-2","status":"publish","type":"product","link":"https:\/\/soydeaqui.ddns.net\/pachuca\/index.php\/producto\/puerta-de-garage-de-alta-calidad-linea-central-color-blanco-12x8-pies-aislada-estilo-americana-2\/","title":{"rendered":"Puerta de Garage de Alta Calidad \/ Linea Central \/ Color Blanco 12X8 pies,  AISLADA, Estilo Americana."},"content":{"rendered":"<div style='width: 100%; max-width: 1200px; margin: 0 auto; font-family: sans-serif; line-height: 1.6; color: inherit; background-color: transparent;'> <!-- T\u00edtulo principal --> <\/p>\n<div style='text-align: center; margin: 30px 0;'>\n<h1 style='font-size: 28px; color: #3598db; margin: 0; color: inherit;'> Puerta Residencial de la serie GARAGE <\/h1>\n<\/p><\/div>\n<p> <!-- Descripci\u00f3n general --> <\/p>\n<div style='margin-bottom: 30px;'>\n<p style='font-size: 16px; color: inherit;'> Las puertas de garaje tipo americanas representan una fusi\u00f3n perfecta de estilo&comma; seguridad y funcionalidad. Su dise\u00f1o atemporal y su construcci\u00f3n robusta las convierten en una inversi\u00f3n valiosa para cualquier hogar&comma; proporcionando tanto protecci\u00f3n como un toque de distinci\u00f3n. <\/p>\n<\/p><\/div>\n<p> <!-- Secci\u00f3n de caracter\u00edsticas con 3 columnas --> <\/p>\n<div style='display: flex; flex-wrap: wrap; gap: 30px; margin-bottom: 30px;'> <!-- Caracter\u00edsticas principales --> <\/p>\n<div style='flex: 1 1 300px; min-width: 280px;'>\n<div style='border: 1px solid rgba(150&comma; 150&comma; 150&comma; 0.4); border-radius: 8px; padding: 15px; background-color: rgba(0&comma; 145&comma; 255&comma; 0.05);'>\n<h3 style='font-size: 18px; border-left: 3px solid #0091ff; padding-left: 10px; margin-top: 0; margin-bottom: 15px; color: inherit;'> Caracter\u00edsticas principales <\/h3>\n<ul style='padding-left: 20px; font-size: 15px; color: inherit; list-style: disc inside;'>\n<li style='margin-bottom: 8px;'>Las puertas de garage tipo americanas ofrecen una combinaci\u00f3n de gran belleza&comma; resistencia y eficiencia t\u00e9rmica.<\/li>\n<li style='margin-bottom: 8px;'>Rodamientos y herrajes de gran calidad&comma; para una operaci\u00f3n silenciosa y eficaz.<\/li>\n<li style='margin-bottom: 8px;'>Eficiencia t\u00e9rmica&comma; lo mejor en este tipo de puertas.<\/li>\n<\/ul><\/div>\n<\/p><\/div>\n<p> <!-- Caracter\u00edsticas f\u00edsicas y el\u00e9ctricas --> <\/p>\n<div style='flex: 1 1 300px; min-width: 280px;'>\n<div style='border: 1px solid rgba(150&comma; 150&comma; 150&comma; 0.4); border-radius: 8px; padding: 15px; background-color: rgba(0&comma; 145&comma; 255&comma; 0.05);'>\n<h3 style='font-size: 18px; border-left: 3px solid #0091ff; padding-left: 10px; margin-top: 0; margin-bottom: 15px; color: inherit;'> Caracter\u00edsticas F\u00edsicas y El\u00e9ctricas <\/h3>\n<p style='font-size: 15px; color: inherit;'> Las puertas de cochera o puertas para garage ascendentes AccessPro son de la m\u00e1s alta calidad. El panel de las puertas autom\u00e1ticas se fabrica en l\u00e1mina calibre 26&comma; con relleno poliuretano de alta densidad de 43 mm para brindar mayor rigidez y un aislamiento t\u00e9rmico y ac\u00fastico m\u00e1s eficiente. <\/p>\n<\/p><\/div>\n<\/p><\/div>\n<p> <!-- Caracter\u00edsticas destacadas --> <\/p>\n<div style='flex: 1 1 300px; min-width: 280px;'>\n<div style='border: 1px solid rgba(150&comma; 150&comma; 150&comma; 0.4); border-radius: 8px; padding: 15px; background-color: rgba(0&comma; 145&comma; 255&comma; 0.05);'>\n<h3 style='font-size: 18px; border-left: 3px solid #0091ff; padding-left: 10px; margin-top: 0; margin-bottom: 15px; color: inherit;'> Caracter\u00edsticas Destacadas <\/h3>\n<p style='font-size: 15px; color: inherit;'> Puerta residencial rellena con 43mm de poliuretano inyectado con una densidad de 45 kgs\/cbm. <\/p>\n<\/p><\/div>\n<\/p><\/div>\n<\/p><\/div>\n<p> <!-- Imagen principal --> <\/p>\n<div style='margin: 30px 0;'> <img style='width: 100%; height: auto; border: 1px solid rgba(150&comma;150&comma;150&comma;0.3); border-radius: 8px;' src='https:\/\/ftp3.syscom.mx\/usuarios\/mario.rodriguez\/PUERTADEGARAJE\/LR\/MADERA\/ImagenPuertasGarage.png' alt='Puerta de garage estilo americano'> <\/div>\n<p> <!-- Descripci\u00f3n adicional --> <\/p>\n<div style='margin-bottom: 30px;'>\n<p style='font-size: 16px; color: inherit;'> Las puertas de garage estilo americano se destacan por su combinaci\u00f3n de elegancia&comma; funcionalidad y durabilidad&comma; convirti\u00e9ndose en una elecci\u00f3n popular para hogares que buscan tanto est\u00e9tica como seguridad. T\u00edpicamente est\u00e1n dise\u00f1adas con un enfoque en el estilo cl\u00e1sico&comma; presentan l\u00edneas limpias y acabados de alta calidad que complementan una amplia variedad de arquitecturas residenciales. <\/p>\n<\/p><\/div>\n<p> <!-- Beneficio t\u00e9rmico --> <\/p>\n<div style='margin-bottom: 30px;'>\n<p style='font-size: 16px; color: inherit;'> Evite que su garage enfr\u00ede su casa&comma; al colocar una puerta aislada mantendr\u00e1 a temperatura c\u00e1lida a los cuartos aleda\u00f1os&comma; esto le ayudar\u00e1 a ahorrar en el consumo de energ\u00eda. <\/p>\n<\/p><\/div>\n<p> <!-- Secci\u00f3n de qu\u00e9 requiero cotizar --> <\/p>\n<div style='margin: 40px 0;'>\n<h2 style='font-size: 22px; text-align: center; margin-bottom: 20px; color: inherit;'> Qu\u00e9 requiero cotizar para una instalaci\u00f3n? <\/h2>\n<ul style='padding-left: 20px; font-size: 15px; color: inherit; list-style: disc inside;'>\n<li style='margin-bottom: 8px;'>1 x GARAGE128 (Puerta de Garage 12&#215;8)<\/li>\n<li style='margin-bottom: 8px;'>1 x Motor puerta de garage (FS1000APPRT \/ ACCESSFORCE)<\/li>\n<\/ul><\/div>\n<p> <!-- Secci\u00f3n de accesorios --> <\/p>\n<div style='margin: 40px 0;'>\n<h2 style='font-size: 22px; text-align: center; margin-bottom: 20px; color: inherit;'> Qu\u00e9 accesorios puedo agregar a mi instalaci\u00f3n? <\/h2>\n<ul style='padding-left: 20px; font-size: 15px; color: inherit; list-style: disc inside;'>\n<li style='margin-bottom: 8px;'>1 x Fotocelda (ACCESSPC01)<\/li>\n<li style='margin-bottom: 8px;'>1 x Dispositivo WIFI (ACCESSWIFI)<\/li>\n<li style='margin-bottom: 8px;'>1 x Receptor inal\u00e1mbrico (PROR400 \/ ESIM320IP)<\/li>\n<li style='margin-bottom: 8px;'>1 x Frente de calle (DSKV8113WME1(C) \/ DSKV6113WPE1(C))<\/li>\n<li style='margin-bottom: 8px;'>1 x Botones inal\u00e1mbricos (ACCESSVR01 \/ ACCESSWS01)<\/li>\n<\/ul><\/div>\n<p> <!-- Separador --> <\/p>\n<hr style='border: 0; border-top: 1px solid rgba(150&comma; 150&comma; 150&comma; 0.3); margin: 30px 0;'> <!-- Gu\u00eda de medici\u00f3n --> <\/p>\n<div style='margin: 30px 0; text-align: center;'>\n<p style='font-size: 18px; color: inherit;'> <a href='https:\/\/www.syscom.mx\/panel\/calculador_cochera' style='color: #e74c3c; text-decoration: none; color: inherit;'> <strong>\u00bfC\u00f3mo s\u00e9 cual medida de puerta es la que necesito?<\/strong> Haz clic aqu\u00ed. <\/a> <\/p>\n<p style='font-size: 16px; color: inherit; margin-top: 15px;'> La puerta GARAGE128 se compone de 5 secciones de 19.2&#8242; <\/p>\n<\/p><\/div>\n<p> <!-- Im\u00e1genes adicionales --> <\/p>\n<div style='display: grid; grid-template-columns: repeat(auto-fit&comma; minmax(280px&comma; 1fr)); gap: 20px; margin: 30px 0;'> <img style='width: 100%; height: auto; border: 1px solid rgba(150&comma;150&comma;150&comma;0.3); border-radius: 8px;' src='https:\/\/ftp3.syscom.mx\/usuarios\/mario.rodriguez\/PUERTADEGARAJE\/LR\/Medidas%20de%20puertas.png' alt='Medidas de puertas'> <img style='width: 100%; height: auto; border: 1px solid rgba(150&comma;150&comma;150&comma;0.3); border-radius: 8px;' src='https:\/\/ftp3.syscom.mx\/usuarios\/mario.rodriguez\/PUERTADEGARAJE\/LR\/Puerta1.PNG' alt='Puerta de garage'> <\/div>\n<p> <!-- Im\u00e1genes adicionales 2 --> <\/p>\n<div style='margin: 30px 0;'> <img style='width: 100%; height: auto; border: 1px solid rgba(150&comma;150&comma;150&comma;0.3); border-radius: 8px; margin-bottom: 15px;' src='https:\/\/ftp3.syscom.mx\/usuarios\/mario.rodriguez\/PUERTADEGARAJE\/LR\/CUADROS\/Puerta.PNG' alt='Puerta de garage'> <img style='width: 100%; height: auto; border: 1px solid rgba(150&comma;150&comma;150&comma;0.3); border-radius: 8px; margin-bottom: 15px;' src='https:\/\/ftp3.syscom.mx\/usuarios\/mario.rodriguez\/PUERTADEGARAJE\/LR\/Captura13.PNG' alt='Ensamble de bisagras'> <img style='width: 100%; height: auto; border: 1px solid rgba(150&comma;150&comma;150&comma;0.3); border-radius: 8px;' src='https:\/\/ftp3.syscom.mx\/usuarios\/mario.rodriguez\/PUERTADEGARAJE\/LR\/Puerta2.PNG' alt='Detalles de puerta'> <\/div>\n<p> <!-- Nota importante --> <\/p>\n<div style='margin: 30px 0; padding: 15px; border-left: 5px solid #e74c3c; background-color: rgba(231&comma; 76&comma; 60&comma; 0.05);'>\n<p style='font-size: 16px; color: #e74c3c; margin: 0; color: inherit;'> <strong>El kit de puerta autom\u00e1tica no incluye el motor<\/strong> <\/p>\n<\/p><\/div>\n<\/p><\/div>\n","protected":false},"excerpt":{"rendered":"<p>Puerta de Garage de Alta Calidad \/ Linea Central \/ Color Blanco 12X8 pies,  AISLADA, Estilo Americana.<\/p>\n","protected":false},"featured_media":27255,"comment_status":"open","ping_status":"closed","template":"","meta":[],"product_brand":[],"product_cat":[400],"product_tag":[401,234,402],"class_list":{"0":"post-27256","1":"product","2":"type-product","3":"status-publish","4":"has-post-thumbnail","6":"product_cat-puertas-de-garage","7":"product_tag-acceso-vehicular","8":"product_tag-accesspro","9":"product_tag-puertas-de-garage","11":"first","12":"outofstock","13":"sale","14":"shipping-taxable","15":"purchasable","16":"product-type-simple"},"_links":{"self":[{"href":"https:\/\/soydeaqui.ddns.net\/pachuca\/index.php\/wp-json\/wp\/v2\/product\/27256","targetHints":{"allow":["GET"]}}],"collection":[{"href":"https:\/\/soydeaqui.ddns.net\/pachuca\/index.php\/wp-json\/wp\/v2\/product"}],"about":[{"href":"https:\/\/soydeaqui.ddns.net\/pachuca\/index.php\/wp-json\/wp\/v2\/types\/product"}],"replies":[{"embeddable":true,"href":"https:\/\/soydeaqui.ddns.net\/pachuca\/index.php\/wp-json\/wp\/v2\/comments?post=27256"}],"wp:featuredmedia":[{"embeddable":true,"href":"https:\/\/soydeaqui.ddns.net\/pachuca\/index.php\/wp-json\/wp\/v2\/media\/27255"}],"wp:attachment":[{"href":"https:\/\/soydeaqui.ddns.net\/pachuca\/index.php\/wp-json\/wp\/v2\/media?parent=27256"}],"wp:term":[{"taxonomy":"product_brand","embeddable":true,"href":"https:\/\/soydeaqui.ddns.net\/pachuca\/index.php\/wp-json\/wp\/v2\/product_brand?post=27256"},{"taxonomy":"product_cat","embeddable":true,"href":"https:\/\/soydeaqui.ddns.net\/pachuca\/index.php\/wp-json\/wp\/v2\/product_cat?post=27256"},{"taxonomy":"product_tag","embeddable":true,"href":"https:\/\/soydeaqui.ddns.net\/pachuca\/index.php\/wp-json\/wp\/v2\/product_tag?post=27256"}],"curies":[{"name":"wp","href":"https:\/\/api.w.org\/{rel}","templated":true}]}}