{"id":27201,"date":"2026-03-18T12:30:34","date_gmt":"2026-03-18T12:30:34","guid":{"rendered":"https:\/\/soydeaqui.ddns.net\/pachuca\/index.php\/producto\/seccion-de-picos-ponchallantas-de-uso-rudo-maxima-carga-soportada-de-10000-kg-por-eje\/"},"modified":"2026-03-18T12:30:40","modified_gmt":"2026-03-18T12:30:40","slug":"seccion-de-picos-ponchallantas-de-uso-rudo-maxima-carga-soportada-de-10000-kg-por-eje","status":"publish","type":"product","link":"https:\/\/soydeaqui.ddns.net\/pachuca\/index.php\/producto\/seccion-de-picos-ponchallantas-de-uso-rudo-maxima-carga-soportada-de-10000-kg-por-eje\/","title":{"rendered":"Secci\u00f3n de Picos Ponchallantas de Uso Rudo \/ M\u00e1xima Carga Soportada de 10,000 kg por Eje"},"content":{"rendered":"<div style='width: 100%; max-width: 1200px; margin: 0 auto; font-family: sans-serif; line-height: 1.6; color: inherit; background-color: transparent;'>\n<div style='display: flex; flex-wrap: wrap; gap: 30px; margin-bottom: 30px;'>\n<div style='flex: 1 1 300px; min-width: 280px;'>\n<h3 style='font-size: 22px; border-bottom: 2px solid currentColor; padding-bottom: 5px; margin-top: 0; color: inherit; opacity: 0.8;'>Secci\u00f3n de Picos Ponchallantas de uso rudo<\/h3>\n<h3 style='font-size: 20px; border-bottom: 2px solid currentColor; padding-bottom: 5px; margin-top: 20px; margin-bottom: 15px; color: inherit; opacity: 0.8;'>Caracter\u00edsticas:<\/h3>\n<ul style='padding-left: 20px; font-size: 15px; color: inherit;'>\n<li style='margin-bottom: 5px;'>Fabricados en lamina de acero antiderrapante calibre 11.<\/li>\n<li style='margin-bottom: 5px;'>Acabado con pintura electrost\u00e1tica color amarillo<\/li>\n<li style='margin-bottom: 5px;'>Picos ponchallantas pintados en color rojo<\/li>\n<li style='margin-bottom: 5px;'>M\u00e1xima carga soportada 10&comma;000 Kg.<\/li>\n<li style='margin-bottom: 5px;'>Bloqueo por medio de tornillos<\/li>\n<li style='margin-bottom: 5px;'>Activaci\u00f3n por medio de resortes<\/li>\n<li style='margin-bottom: 5px;'>Medidas 914 x 527 x 58 mm<\/li>\n<li style='margin-bottom: 5px;'>Fabricados en M\u00e9xico.<\/li>\n<li style='margin-bottom: 5px;'>Ideales para el control de tr\u00e1fico vehicular pesado.<\/li>\n<\/ul>\n<h3 style='font-size: 20px; border-bottom: 2px solid currentColor; padding-bottom: 5px; margin-top: 20px; margin-bottom: 15px; color: inherit; opacity: 0.8;'>Accesorios para instalaci\u00f3n No incluidos<\/h3>\n<ul style='padding-left: 20px; font-size: 15px; color: inherit;'>\n<li style='margin-bottom: 5px;'><strong style='color: inherit;'>XB-TK-AE<\/strong> Bisen final para secci\u00f3n de picos ponchallantas de uso rudo.<\/li>\n<\/ul><\/div>\n<div style='flex: 1 1 300px; min-width: 280px;'> <img style='width: 100%; height: auto; border: 1px solid rgba(150&comma;150&comma;150&comma;0.3); border-radius: 8px;' src='https:\/\/ftp3.syscom.mx\/usuarios\/fotos\/BancoFotografiasSyscom\/ACCESSPRO\/XBTKA\/XBTKA-p.PNG' alt=''> <\/div>\n<\/p><\/div>\n<hr style='border: 0; border-top: 1px solid rgba(150&comma; 150&comma; 150&comma; 0.3); margin: 30px 0;'>\n<div style='margin-bottom: 30px;'>\n<h3 style='font-size: 20px; text-align: center; border-bottom: 2px solid currentColor; padding-bottom: 5px; margin-bottom: 15px; color: inherit; opacity: 0.8;'>Notas adicionales:<\/h3>\n<p style='text-align: center; margin: 10px 0; color: inherit; font-size: 15px;'>Se requiere de una base firme para evitar torsi\u00f3n de las secciones y da\u00f1o prematuro de los equipos<\/p>\n<p style='text-align: center; margin: 10px 0; color: inherit; font-size: 15px;'>Los autom\u00f3viles deben de llegar de manera recta a los picos para evitar da\u00f1o en los neum\u00e1ticos<\/p>\n<p style='text-align: center; margin: 10px 0; color: inherit; font-size: 15px;'>Velocidad m\u00e1xima de operaci\u00f3n de 8 km\/h<\/p>\n<\/p><\/div>\n<hr style='border: 0; border-top: 1px solid rgba(150&comma; 150&comma; 150&comma; 0.3); margin: 30px 0;'> <\/div>\n","protected":false},"excerpt":{"rendered":"<p>Secci\u00f3n de Picos Ponchallantas de Uso Rudo \/ M\u00e1xima Carga Soportada de 10,000 kg por Eje<\/p>\n","protected":false},"featured_media":27200,"comment_status":"open","ping_status":"closed","template":"","meta":[],"product_brand":[],"product_cat":[746],"product_tag":[401,234,747],"class_list":{"0":"post-27201","1":"product","2":"type-product","3":"status-publish","4":"has-post-thumbnail","6":"product_cat-picos-poncha-llantas","7":"product_tag-acceso-vehicular","8":"product_tag-accesspro","9":"product_tag-picos-poncha-llantas","11":"first","12":"instock","13":"sale","14":"shipping-taxable","15":"purchasable","16":"product-type-simple"},"_links":{"self":[{"href":"https:\/\/soydeaqui.ddns.net\/pachuca\/index.php\/wp-json\/wp\/v2\/product\/27201","targetHints":{"allow":["GET"]}}],"collection":[{"href":"https:\/\/soydeaqui.ddns.net\/pachuca\/index.php\/wp-json\/wp\/v2\/product"}],"about":[{"href":"https:\/\/soydeaqui.ddns.net\/pachuca\/index.php\/wp-json\/wp\/v2\/types\/product"}],"replies":[{"embeddable":true,"href":"https:\/\/soydeaqui.ddns.net\/pachuca\/index.php\/wp-json\/wp\/v2\/comments?post=27201"}],"wp:featuredmedia":[{"embeddable":true,"href":"https:\/\/soydeaqui.ddns.net\/pachuca\/index.php\/wp-json\/wp\/v2\/media\/27200"}],"wp:attachment":[{"href":"https:\/\/soydeaqui.ddns.net\/pachuca\/index.php\/wp-json\/wp\/v2\/media?parent=27201"}],"wp:term":[{"taxonomy":"product_brand","embeddable":true,"href":"https:\/\/soydeaqui.ddns.net\/pachuca\/index.php\/wp-json\/wp\/v2\/product_brand?post=27201"},{"taxonomy":"product_cat","embeddable":true,"href":"https:\/\/soydeaqui.ddns.net\/pachuca\/index.php\/wp-json\/wp\/v2\/product_cat?post=27201"},{"taxonomy":"product_tag","embeddable":true,"href":"https:\/\/soydeaqui.ddns.net\/pachuca\/index.php\/wp-json\/wp\/v2\/product_tag?post=27201"}],"curies":[{"name":"wp","href":"https:\/\/api.w.org\/{rel}","templated":true}]}}