{"id":27195,"date":"2026-03-18T12:30:25","date_gmt":"2026-03-18T12:30:25","guid":{"rendered":"https:\/\/soydeaqui.ddns.net\/pachuca\/index.php\/producto\/bisel-final-para-seccion-de-picos-ponchallantas\/"},"modified":"2026-03-18T12:30:32","modified_gmt":"2026-03-18T12:30:32","slug":"bisel-final-para-seccion-de-picos-ponchallantas","status":"publish","type":"product","link":"https:\/\/soydeaqui.ddns.net\/pachuca\/index.php\/producto\/bisel-final-para-seccion-de-picos-ponchallantas\/","title":{"rendered":"BISEL FINAL PARA SECCION DE PICOS PONCHALLANTAS"},"content":{"rendered":"<div style='width: 100%; max-width: 1200px; margin: 0 auto; font-family: sans-serif; line-height: 1.6; color: inherit; background-color: transparent;'> <!-- T\u00edtulo del producto --> <\/p>\n<h2 style='font-size: 24px; margin-top: 0; color: inherit; opacity: 0.9;'>BISEL FINAL PARA SECCION DE PICOS PONCHALLANTAS<\/h2>\n<p> <!-- Secci\u00f3n de caracter\u00edsticas --> <\/p>\n<div style='display: flex; flex-wrap: wrap; gap: 30px; margin-bottom: 30px;'>\n<div style='flex: 1 1 300px; min-width: 280px;'>\n<h3 style='font-size: 22px; border-bottom: 2px solid currentColor; padding-bottom: 5px; margin-top: 0; color: inherit; opacity: 0.8;'>Caracter\u00edsticas principales<\/h3>\n<ul style='padding-left: 20px; font-size: 15px; color: inherit;'>\n<li style='margin-bottom: 5px;'>Construcci\u00f3n robusta de acero para durabilidad m\u00e1xima<\/li>\n<li style='margin-bottom: 5px;'>Dise\u00f1o modular adaptable a diferentes secciones<\/li>\n<li style='margin-bottom: 5px;'>Resistencia a condiciones meteorol\u00f3gicas extremas<\/li>\n<li style='margin-bottom: 5px;'>F\u00e1cil instalaci\u00f3n y mantenimiento m\u00ednimo<\/li>\n<li style='margin-bottom: 5px;'>Sistema de picos retr\u00e1ctiles para seguridad controlada<\/li>\n<\/ul><\/div>\n<\/p><\/div>\n<\/p><\/div>\n","protected":false},"excerpt":{"rendered":"<p>BISEL FINAL PARA SECCION DE PICOS PONCHALLANTAS<\/p>\n","protected":false},"featured_media":27194,"comment_status":"open","ping_status":"closed","template":"","meta":[],"product_brand":[],"product_cat":[746],"product_tag":[401,234,747],"class_list":{"0":"post-27195","1":"product","2":"type-product","3":"status-publish","4":"has-post-thumbnail","6":"product_cat-picos-poncha-llantas","7":"product_tag-acceso-vehicular","8":"product_tag-accesspro","9":"product_tag-picos-poncha-llantas","11":"first","12":"instock","13":"sale","14":"shipping-taxable","15":"purchasable","16":"product-type-simple"},"_links":{"self":[{"href":"https:\/\/soydeaqui.ddns.net\/pachuca\/index.php\/wp-json\/wp\/v2\/product\/27195","targetHints":{"allow":["GET"]}}],"collection":[{"href":"https:\/\/soydeaqui.ddns.net\/pachuca\/index.php\/wp-json\/wp\/v2\/product"}],"about":[{"href":"https:\/\/soydeaqui.ddns.net\/pachuca\/index.php\/wp-json\/wp\/v2\/types\/product"}],"replies":[{"embeddable":true,"href":"https:\/\/soydeaqui.ddns.net\/pachuca\/index.php\/wp-json\/wp\/v2\/comments?post=27195"}],"wp:featuredmedia":[{"embeddable":true,"href":"https:\/\/soydeaqui.ddns.net\/pachuca\/index.php\/wp-json\/wp\/v2\/media\/27194"}],"wp:attachment":[{"href":"https:\/\/soydeaqui.ddns.net\/pachuca\/index.php\/wp-json\/wp\/v2\/media?parent=27195"}],"wp:term":[{"taxonomy":"product_brand","embeddable":true,"href":"https:\/\/soydeaqui.ddns.net\/pachuca\/index.php\/wp-json\/wp\/v2\/product_brand?post=27195"},{"taxonomy":"product_cat","embeddable":true,"href":"https:\/\/soydeaqui.ddns.net\/pachuca\/index.php\/wp-json\/wp\/v2\/product_cat?post=27195"},{"taxonomy":"product_tag","embeddable":true,"href":"https:\/\/soydeaqui.ddns.net\/pachuca\/index.php\/wp-json\/wp\/v2\/product_tag?post=27195"}],"curies":[{"name":"wp","href":"https:\/\/api.w.org\/{rel}","templated":true}]}}