{"id":2719,"date":"2026-03-18T06:00:09","date_gmt":"2026-03-18T06:00:09","guid":{"rendered":"https:\/\/soydeaqui.ddns.net\/pachuca\/index.php\/producto\/servicio-de-automatizacion-por-1-ano-para-control-de-equipos-por-medio-de-app-alula\/"},"modified":"2026-03-18T06:00:09","modified_gmt":"2026-03-18T06:00:09","slug":"servicio-de-automatizacion-por-1-ano-para-control-de-equipos-por-medio-de-app-alula","status":"publish","type":"product","link":"https:\/\/soydeaqui.ddns.net\/pachuca\/index.php\/producto\/servicio-de-automatizacion-por-1-ano-para-control-de-equipos-por-medio-de-app-alula\/","title":{"rendered":"Servicio de Automatizacion por 1 A\u00d1O para control de equipos por medio de APP ALULA"},"content":{"rendered":"<div style='width: 100%; max-width: 1200px; margin: 0 auto; font-family: sans-serif; line-height: 1.6; color: inherit; background-color: transparent;'>\n<div style='text-align: center; margin-bottom: 30px;'> <img style='width: 100%; max-width: 300px; height: auto; border: 1px solid rgba(150&comma;150&comma;150&comma;0.3); border-radius: 8px;' src='https:\/\/ftp3.syscom.mx\/usuarios\/vvega\/M2M\/licencias\/Voucherltem%20nombre.png' alt=''> <\/div>\n<div style='width: 100%; margin-bottom: 30px;'>\n<h3 style='font-size: 22px; border-bottom: 2px solid currentColor; padding-bottom: 5px; margin-top: 0; color: inherit; opacity: 0.8; text-align: center;'>Anualidad de Servicio M2M<\/h3>\n<p style='text-align: center; margin: 10px 70px 50px 70px; font-size: 14px;'> <span style='font-size: 14pt;'>Con esta licencia podr\u00e1s a\u00f1adir f\u00e1cilmente un a\u00f1o m\u00e1s de servicio de Automatizaci\u00f3n (IoT) para poder controlar tus dispositivos ZWAVE por medio de la APP ALULA<\/span> <\/p>\n<\/p><\/div>\n<div style='display: flex; flex-wrap: wrap; gap: 30px; margin-bottom: 30px;'>\n<div style='flex: 1 1 300px; min-width: 280px;'>\n<div style='border-left: 5px solid #ca393c; border-radius: 5px; padding: 5px; box-shadow: 2px 2px 10px rgba(216&comma;216&comma;216&comma;0.4); -webkit-box-shadow: 2px 2px 10px rgba(216&comma;216&comma;216&comma;0.4);'> <strong>Aplica \u00danicamente en los Siguientes Modelos<\/strong> <\/p>\n<ul style='padding-left: 20px; margin: 10px 0 0 0; font-size: 14px; color: inherit;'>\n<li>CPLUSPRO<\/li>\n<\/ul><\/div>\n<\/p><\/div>\n<div style='flex: 1 1 300px; min-width: 280px;'>\n<div style='border-left: 5px solid #ca393c; border-radius: 5px; padding: 5px; box-shadow: 2px 2px 10px rgba(216&comma;216&comma;216&comma;0.4); -webkit-box-shadow: 2px 2px 10px rgba(216&comma;216&comma;216&comma;0.4);'> <strong>Para Activar solo siga estas Instrucciones:<\/strong> <\/p>\n<ul style='padding-left: 20px; margin: 10px 0 0 0; font-size: 14px; color: inherit;'>\n<li>Facturar VOUCHERLTEM<\/li>\n<li>Descargar factura de su portal SYSCOM<\/li>\n<li>Copiar c\u00f3digo impreso en su Factura<\/li>\n<li>Teclearlo en el apartado &#8216;vouchers&#8217; de la aplicaci\u00f3n RControl<\/li>\n<li>Puede seguir esta sencilla <a href='https:\/\/soporte.syscom.mx\/es\/articles\/5104719-como-anadir-un-voucher-en-la-nueva-app-rcontrol' target='_blank' rel='noopener' style='color: #ca393c; text-decoration: underline;'>GUIA<\/a><\/li>\n<\/ul><\/div>\n<\/p><\/div>\n<div style='flex: 1 1 300px; min-width: 280px;'>\n<div style='border-left: 5px solid #ca393c; border-radius: 5px; padding: 5px; box-shadow: 2px 2px 10px rgba(216&comma;216&comma;216&comma;0.4); -webkit-box-shadow: 2px 2px 10px rgba(216&comma;216&comma;216&comma;0.4);'> <strong>Caracter\u00edsticas Destacadas:<\/strong> <\/p>\n<p style='margin: 10px 0 0 0; font-size: 14px;'> Con este servicio podr\u00e1 disfrutar de un a\u00f1o m\u00e1s de Servicio de Automatizaci\u00f3n (IoT) en la aplicaci\u00f3n ALULA de su panel C-PLUS-PRO. <\/p>\n<\/p><\/div>\n<\/p><\/div>\n<\/p><\/div>\n<\/p><\/div>\n","protected":false},"excerpt":{"rendered":"<p>Servicio de Automatizacion por 1 A\u00d1O para control de equipos por medio de APP ALULA<\/p>\n","protected":false},"featured_media":2718,"comment_status":"open","ping_status":"closed","template":"","meta":[],"product_brand":[],"product_cat":[386],"product_tag":[40,207,188],"class_list":{"0":"post-2719","1":"product","2":"type-product","3":"status-publish","4":"has-post-thumbnail","6":"product_cat-comunicadores-centrales-de-monitoreo","7":"product_tag-centrales-de-monitoreo","8":"product_tag-comunicadores","9":"product_tag-m2m-services","11":"first","12":"instock","13":"sale","14":"shipping-taxable","15":"purchasable","16":"product-type-simple"},"_links":{"self":[{"href":"https:\/\/soydeaqui.ddns.net\/pachuca\/index.php\/wp-json\/wp\/v2\/product\/2719","targetHints":{"allow":["GET"]}}],"collection":[{"href":"https:\/\/soydeaqui.ddns.net\/pachuca\/index.php\/wp-json\/wp\/v2\/product"}],"about":[{"href":"https:\/\/soydeaqui.ddns.net\/pachuca\/index.php\/wp-json\/wp\/v2\/types\/product"}],"replies":[{"embeddable":true,"href":"https:\/\/soydeaqui.ddns.net\/pachuca\/index.php\/wp-json\/wp\/v2\/comments?post=2719"}],"wp:featuredmedia":[{"embeddable":true,"href":"https:\/\/soydeaqui.ddns.net\/pachuca\/index.php\/wp-json\/wp\/v2\/media\/2718"}],"wp:attachment":[{"href":"https:\/\/soydeaqui.ddns.net\/pachuca\/index.php\/wp-json\/wp\/v2\/media?parent=2719"}],"wp:term":[{"taxonomy":"product_brand","embeddable":true,"href":"https:\/\/soydeaqui.ddns.net\/pachuca\/index.php\/wp-json\/wp\/v2\/product_brand?post=2719"},{"taxonomy":"product_cat","embeddable":true,"href":"https:\/\/soydeaqui.ddns.net\/pachuca\/index.php\/wp-json\/wp\/v2\/product_cat?post=2719"},{"taxonomy":"product_tag","embeddable":true,"href":"https:\/\/soydeaqui.ddns.net\/pachuca\/index.php\/wp-json\/wp\/v2\/product_tag?post=2719"}],"curies":[{"name":"wp","href":"https:\/\/api.w.org\/{rel}","templated":true}]}}