{"id":27187,"date":"2026-03-18T12:30:13","date_gmt":"2026-03-18T12:30:13","guid":{"rendered":"https:\/\/soydeaqui.ddns.net\/pachuca\/index.php\/producto\/operador-para-puertas-corredizas-de-hasta-2000-kg-y-20-metros-para-aplicaciones-de-uso-semi-intensivo\/"},"modified":"2026-03-18T12:30:19","modified_gmt":"2026-03-18T12:30:19","slug":"operador-para-puertas-corredizas-de-hasta-2000-kg-y-20-metros-para-aplicaciones-de-uso-semi-intensivo","status":"publish","type":"product","link":"https:\/\/soydeaqui.ddns.net\/pachuca\/index.php\/producto\/operador-para-puertas-corredizas-de-hasta-2000-kg-y-20-metros-para-aplicaciones-de-uso-semi-intensivo\/","title":{"rendered":"Operador para Puertas Corredizas de Hasta 2000 Kg y 20 Metros \/ Para Aplicaciones de Uso Semi-Intensivo"},"content":{"rendered":"<div style='width: 100%; max-width: 1200px; margin: 0 auto; font-family: sans-serif; line-height: 1.6; color: inherit; background-color: transparent;'>\n<div style='display: flex; flex-wrap: wrap; gap: 30px; margin-bottom: 30px;'>\n<div style='flex: 1 1 300px; min-width: 280px;'>\n<h3 style='font-size: 22px; border-bottom: 2px solid currentColor; padding-bottom: 5px; margin-top: 0; color: inherit; opacity: 0.8;'>Caracter\u00edsticas principales<\/h3>\n<ul style='padding-left: 20px; font-size: 15px; color: inherit;'>\n<li style='margin-bottom: 5px;'>Longitud m\u00e1xima de la hoja 20m<\/li>\n<li style='margin-bottom: 5px;'>Peso m\u00e1ximo de la hoja 2000 kg<\/li>\n<li style='margin-bottom: 5px;'>Pi\u00f1\u00f3n m\u00f3dulo 4<\/li>\n<\/ul><\/div>\n<div style='flex: 1 1 300px; min-width: 280px;'>\n<h3 style='font-size: 22px; border-bottom: 2px solid currentColor; padding-bottom: 5px; margin-top: 0; color: inherit; opacity: 0.8;'>Caracter\u00edsticas F\u00edsicas y El\u00e9ctricas<\/h3>\n<ul style='padding-left: 20px; font-size: 15px; color: inherit;'>\n<li style='margin-bottom: 5px;'>Voltaje de alimentaci\u00f3n 110V<\/li>\n<li style='margin-bottom: 5px;'>Voltaje de operaci\u00f3n del motor 36V<\/li>\n<li style='margin-bottom: 5px;'>Consumo de corriente de 9A<\/li>\n<\/ul><\/div>\n<div style='flex: 1 1 300px; min-width: 280px;'>\n<h3 style='font-size: 22px; border-bottom: 2px solid currentColor; padding-bottom: 5px; margin-top: 0; color: inherit; opacity: 0.8;'>Caracter\u00edsticas Destacadas<\/h3>\n<ul style='padding-left: 20px; font-size: 15px; color: inherit;'>\n<li style='margin-bottom: 5px;'>Protecci\u00f3n t\u00e9rmica a 120\u00b0C<\/li>\n<li style='margin-bottom: 5px;'>Velocidad de operaci\u00f3n 12m\/min<\/li>\n<li style='margin-bottom: 5px;'>Grado de protecci\u00f3n IP54<\/li>\n<\/ul><\/div>\n<\/p><\/div>\n<hr style='border: 0; border-top: 1px solid rgba(150&comma; 150&comma; 150&comma; 0.3); margin: 30px 0;'>\n<div style='display: flex; flex-wrap: wrap; gap: 30px;'>\n<div style='flex: 1 1 400px; min-width: 300px;'>\n<h3 style='font-size: 20px; margin-top: 0; color: inherit;'>Contenido del modelo<\/h3>\n<ul style='padding-left: 20px; font-size: 15px; color: inherit;'>\n<li style='margin-bottom: 5px;'>1 x <strong>801MS-0340<\/strong> Operador corredizo para puertas de 2000 kg<\/li>\n<\/ul>\n<h3 style='font-size: 20px; margin-top: 20px; color: inherit;'>Accesorios recomendados<\/h3>\n<ul style='padding-left: 20px; font-size: 15px; color: inherit;'>\n<li style='margin-bottom: 5px;'><strong>009-CGZ<\/strong> Cremallera m\u00f3dulo 4 para operadores CAME (Se vende por metro&comma; la cantidad requerida depende del tama\u00f1o de la puerta).<\/li>\n<li style='margin-bottom: 5px;'><strong>001-AF-43S<\/strong> Tarjeta de radiofrecuencia para operadores CAME<\/li>\n<li style='margin-bottom: 5px;'><strong>001-TOP432EE<\/strong> Control remoto inal\u00e1mbrico CAME<\/li>\n<li style='margin-bottom: 5px;'><strong>001-KLED24<\/strong> L\u00e1mpara preventiva para accesos vehiculares<\/li>\n<li style='margin-bottom: 5px;'><strong>001-DIR10<\/strong> Fotoceldas de seguridad con alcance de 10 metros<\/li>\n<\/ul><\/div>\n<div style='flex: 1 1 400px; min-width: 300px;'> <img style='width: 100%; height: auto; border: 1px solid rgba(150&comma;150&comma;150&comma;0.3); border-radius: 8px;' src='https:\/\/ftp3.syscom.mx\/usuarios\/fotos\/801MS0340\/194890-bkv_dimensiones.png' alt=''> <\/div>\n<\/p><\/div>\n<hr style='border: 0; border-top: 1px solid rgba(150&comma; 150&comma; 150&comma; 0.3); margin: 30px 0;'>\n<div style='display: flex; flex-wrap: wrap; gap: 30px;'>\n<div style='flex: 1 1 400px; min-width: 300px;'> <img style='width: 100%; height: auto; border: 1px solid rgba(150&comma;150&comma;150&comma;0.3); border-radius: 8px;' src='https:\/\/ftp3.syscom.mx\/usuarios\/fotos\/BancoFotografiasSyscom\/CAME\/801MS0340\/801MS0340-p.PNG' alt=''> <\/div>\n<div style='flex: 1 1 400px; min-width: 300px;'>\n<h3 style='font-size: 20px; margin-top: 0; color: inherit;'>Caracter\u00edsticas adicionales<\/h3>\n<ul style='padding-left: 20px; font-size: 15px; color: inherit;'>\n<li style='margin-bottom: 5px;'>Tecnolog\u00eda de torque adaptativo para un movimiento m\u00e1s fluido<\/li>\n<li style='margin-bottom: 5px;'>4 entradas para dispositivos de seguridad<\/li>\n<li style='margin-bottom: 5px;'>Tarjeta l\u00f3gica con display para facilitar la programaci\u00f3n<\/li>\n<li style='margin-bottom: 5px;'>Llave de desbloqueo para su operaci\u00f3n manual en caso de p\u00e9rdida de energ\u00eda<\/li>\n<li style='margin-bottom: 5px;'>Encoder interno para aprendizaje de l\u00edmites de carrera<\/li>\n<li style='margin-bottom: 5px;'>Motor de 36V para evitar el calentamiento y dar una mayor cantidad de ciclos de trabajo<\/li>\n<li style='margin-bottom: 5px;'>Velocidad de maniobra de 12 m\/min<\/li>\n<\/ul>\n<h3 style='font-size: 20px; margin-top: 20px; color: inherit;'>Notas adicionales<\/h3>\n<ul style='padding-left: 20px; font-size: 15px; color: inherit;'>\n<li style='margin-bottom: 5px;'>El equipo cuenta con un a\u00f1o de garant\u00eda contra defectos de fabricaci\u00f3n<\/li>\n<li style='margin-bottom: 5px;'>El motor con carga el peso de la puerta&comma; solo lo desplaza<\/li>\n<li style='margin-bottom: 5px;'>La puerta debe de estar perfectamente nivelada y libre de topeo u obstaculos<\/li>\n<li style='margin-bottom: 5px;'>No incluye cremallera<\/li>\n<\/ul><\/div>\n<\/p><\/div>\n<\/p><\/div>\n","protected":false},"excerpt":{"rendered":"<p>Operador para Puertas Corredizas de Hasta 2000 Kg y 20 Metros \/ Para Aplicaciones de Uso Semi-Intensivo<\/p>\n","protected":false},"featured_media":27186,"comment_status":"open","ping_status":"closed","template":"","meta":[],"product_brand":[],"product_cat":[860],"product_tag":[401,779,861],"class_list":{"0":"post-27187","1":"product","2":"type-product","3":"status-publish","4":"has-post-thumbnail","6":"product_cat-puertas-corredizas","7":"product_tag-acceso-vehicular","8":"product_tag-came","9":"product_tag-puertas-corredizas","11":"first","12":"instock","13":"sale","14":"shipping-taxable","15":"purchasable","16":"product-type-simple"},"_links":{"self":[{"href":"https:\/\/soydeaqui.ddns.net\/pachuca\/index.php\/wp-json\/wp\/v2\/product\/27187","targetHints":{"allow":["GET"]}}],"collection":[{"href":"https:\/\/soydeaqui.ddns.net\/pachuca\/index.php\/wp-json\/wp\/v2\/product"}],"about":[{"href":"https:\/\/soydeaqui.ddns.net\/pachuca\/index.php\/wp-json\/wp\/v2\/types\/product"}],"replies":[{"embeddable":true,"href":"https:\/\/soydeaqui.ddns.net\/pachuca\/index.php\/wp-json\/wp\/v2\/comments?post=27187"}],"wp:featuredmedia":[{"embeddable":true,"href":"https:\/\/soydeaqui.ddns.net\/pachuca\/index.php\/wp-json\/wp\/v2\/media\/27186"}],"wp:attachment":[{"href":"https:\/\/soydeaqui.ddns.net\/pachuca\/index.php\/wp-json\/wp\/v2\/media?parent=27187"}],"wp:term":[{"taxonomy":"product_brand","embeddable":true,"href":"https:\/\/soydeaqui.ddns.net\/pachuca\/index.php\/wp-json\/wp\/v2\/product_brand?post=27187"},{"taxonomy":"product_cat","embeddable":true,"href":"https:\/\/soydeaqui.ddns.net\/pachuca\/index.php\/wp-json\/wp\/v2\/product_cat?post=27187"},{"taxonomy":"product_tag","embeddable":true,"href":"https:\/\/soydeaqui.ddns.net\/pachuca\/index.php\/wp-json\/wp\/v2\/product_tag?post=27187"}],"curies":[{"name":"wp","href":"https:\/\/api.w.org\/{rel}","templated":true}]}}