{"id":27179,"date":"2026-03-18T12:30:04","date_gmt":"2026-03-18T12:30:04","guid":{"rendered":"https:\/\/soydeaqui.ddns.net\/pachuca\/index.php\/producto\/torniquete-sencillo-1-carril-de-cuerpo-completo-bidireccional-exterior-acero-inoxidable-sus304-30-personas-por-minuto-compatible-con-reconocimiento-facial-terminal-no-incluida\/"},"modified":"2026-03-18T12:30:05","modified_gmt":"2026-03-18T12:30:05","slug":"torniquete-sencillo-1-carril-de-cuerpo-completo-bidireccional-exterior-acero-inoxidable-sus304-30-personas-por-minuto-compatible-con-reconocimiento-facial-terminal-no-incluida","status":"publish","type":"product","link":"https:\/\/soydeaqui.ddns.net\/pachuca\/index.php\/producto\/torniquete-sencillo-1-carril-de-cuerpo-completo-bidireccional-exterior-acero-inoxidable-sus304-30-personas-por-minuto-compatible-con-reconocimiento-facial-terminal-no-incluida\/","title":{"rendered":"Torniquete SENCILLO (1 Carril) de Cuerpo Completo Bidireccional \/ Exterior \/  Acero Inoxidable SUS304 \/ 30 Personas por Minuto \/ Compatible con Reconocimiento Facial (Terminal no Incluida)"},"content":{"rendered":"<div style='width: 100%; max-width: 1200px; margin: 0 auto; font-family: sans-serif; line-height: 1.6; color: inherit; background-color: transparent;'> <!-- Imagen principal --> <\/p>\n<div style='width: 100%; margin-bottom: 30px;'> <img style='width: 100%; height: auto; border: 1px solid rgba(150&comma;150&comma;150&comma;0.3); border-radius: 8px;' src='https:\/\/ftp3.syscom.mx\/usuarios\/jsosa\/HIKVISION\/imagenes\/banners\/solution%20complete.png' alt=''> <\/div>\n<p> <!-- Contenido principal --> <\/p>\n<div style='display: flex; flex-wrap: wrap; gap: 30px; margin-bottom: 30px;'> <!-- Caracter\u00edsticas principales --> <\/p>\n<div style='flex: 1 1 300px; min-width: 280px;'>\n<h3 style='font-size: 22px; border-bottom: 2px solid currentColor; padding-bottom: 5px; margin-top: 0; color: inherit; opacity: 0.8;'>Caracter\u00edsticas Principales<\/h3>\n<ul style='padding-left: 20px; font-size: 15px; color: inherit;'>\n<li style='margin-bottom: 5px;'><strong>Modelo:<\/strong> DSK3H4410120\/PGDM60<\/li>\n<li style='margin-bottom: 5px;'><strong>Tipo:<\/strong> Torniquete sencillo (1 carril) de cuerpo completo<\/li>\n<li style='margin-bottom: 5px;'><strong>Instalaci\u00f3n:<\/strong> Interior \/ Exterior<\/li>\n<li style='margin-bottom: 5px;'><strong>Material:<\/strong> Acero Inoxidable SUS304<\/li>\n<li style='margin-bottom: 5px;'><strong>Capacidad:<\/strong> 30 personas por minuto<\/li>\n<li style='margin-bottom: 5px;'><strong>Ancho de carril:<\/strong> 60 cm<\/li>\n<li style='margin-bottom: 5px;'><strong>Temperatura operaci\u00f3n:<\/strong> -15\u00b0C ~ 55\u00b0C (5\u00b0F ~ 131\u00b0F)<\/li>\n<li style='margin-bottom: 5px;'><strong>Carril:<\/strong> Bidireccional (preparaci\u00f3n para facial en ambos lados)<\/li>\n<li style='margin-bottom: 5px;'><strong>MCBF:<\/strong> M\u00e1s de 2 millones<\/li>\n<\/ul><\/div>\n<p> <!-- Caracter\u00edsticas f\u00edsicas y el\u00e9ctricas --> <\/p>\n<div style='flex: 1 1 300px; min-width: 280px;'>\n<h3 style='font-size: 22px; border-bottom: 2px solid currentColor; padding-bottom: 5px; margin-top: 0; color: inherit; opacity: 0.8;'>Caracter\u00edsticas F\u00edsicas y El\u00e9ctricas<\/h3>\n<ul style='padding-left: 20px; font-size: 15px; color: inherit;'>\n<li style='margin-bottom: 5px;'><strong>Alimentaci\u00f3n:<\/strong> 110-220 Vac (Voltaje seleccionable)<\/li>\n<li style='margin-bottom: 5px;'><strong>Consumo:<\/strong> M\u00ednimo 40W &#8211; M\u00e1ximo 60W<\/li>\n<li style='margin-bottom: 5px;'><strong>Indicaci\u00f3n:<\/strong> Led indicador de direcci\u00f3n<\/li>\n<li style='margin-bottom: 5px;'><strong>Seguridad:<\/strong> Mecanismo normalmente abierto en caso de falla el\u00e9ctrica<\/li>\n<li style='margin-bottom: 5px;'><strong>\u00c1ngulo de rotaci\u00f3n:<\/strong> 120\u00b0<\/li>\n<li style='margin-bottom: 5px;'><strong>Activaci\u00f3n:<\/strong> Por pulso de contacto seco<\/li>\n<li style='margin-bottom: 5px;'><strong>Material:<\/strong> Acero inoxidable<\/li>\n<\/ul><\/div>\n<p> <!-- Dimensiones --> <\/p>\n<div style='flex: 1 1 300px; min-width: 280px;'>\n<h3 style='font-size: 22px; border-bottom: 2px solid currentColor; padding-bottom: 5px; margin-top: 0; color: inherit; opacity: 0.8;'>Dimensiones<\/h3>\n<ul style='padding-left: 20px; font-size: 15px; color: inherit;'>\n<li style='margin-bottom: 5px;'><strong>Desempacado:<\/strong> 1400mm x 1200mm x 2230mm (55.1&#8242; x 47.3&#8242; x 87.8&#8242;)<\/li>\n<li style='margin-bottom: 5px;'><strong>Empacado:<\/strong> 2135mm x 1435mm x 1115mm (84.1&#8242; x 56.5&#8242; x 43.9&#8242;)<\/li>\n<\/ul><\/div>\n<\/p><\/div>\n<p> <!-- Secci\u00f3n de compatibilidad --> <\/p>\n<div style='margin-bottom: 30px;'>\n<h3 style='font-size: 22px; border-bottom: 2px solid currentColor; padding-bottom: 5px; margin-top: 0; color: inherit; opacity: 0.8;'>Compatibilidad<\/h3>\n<p style='font-size: 15px; color: inherit; margin-bottom: 15px;'>Preparado para instalaci\u00f3n con lectores faciales:<\/p>\n<ul style='padding-left: 20px; font-size: 15px; color: inherit;'>\n<li style='margin-bottom: 5px;'><a style='color: inherit; text-decoration: none; border-bottom: 1px solid rgba(0&comma; 0&comma; 0&comma; 0.2);' href='https:\/\/www.syscom.mx\/principal\/searchcont?route=DSK1T342MFWX-HIKVISION-204978&#038;autodetect=dsk1t341'>DSK1T342MFWX<\/a><\/li>\n<li style='margin-bottom: 5px;'><a style='color: inherit; text-decoration: none; border-bottom: 1px solid rgba(0&comma; 0&comma; 0&comma; 0.2);' href='https:\/\/www.syscom.mx\/principal\/searchcont?route=DS-K1T342EFWX-HIKVISION-207515&#038;autodetect=dsk1t341'>DS-K1T342EFWX<\/a><\/li>\n<li style='margin-bottom: 5px;'><a style='color: inherit; text-decoration: none; border-bottom: 1px solid rgba(0&comma; 0&comma; 0&comma; 0.2);' href='https:\/\/www.syscom.mx\/principal\/searchcont?route=DS-K1T671-M-HIKVISION-177442&#038;autodetect=dsk1t673'>DS-K1T671-M<\/a><\/li>\n<li style='margin-bottom: 5px;'><a style='color: inherit; text-decoration: none; border-bottom: 1px solid rgba(0&comma; 0&comma; 0&comma; 0.2);' href='https:\/\/www.syscom.mx\/principal\/searchcont?route=DS-K1T673DWX-HIKVISION-206133&#038;autodetect=dsk1t673'>DS-K1T673DWX<\/a><\/li>\n<li style='margin-bottom: 5px;'><a style='color: inherit; text-decoration: none; border-bottom: 1px solid rgba(0&comma; 0&comma; 0&comma; 0.2);' href='https:\/\/www.syscom.mx\/principal\/searchcont?route=DS-K1T680D-E1-HIKVISION-196620&#038;autodetect=dsk1t680'>DS-K1T680D-E1<\/a><\/li>\n<li style='margin-bottom: 5px;'><a style='color: inherit; text-decoration: none; border-bottom: 1px solid rgba(0&comma; 0&comma; 0&comma; 0.2);' href='https:\/\/www.syscom.mx\/principal\/searchcont?route=DS-K1T341AMF-HIKVISION-183642&#038;autodetect=dsk1t341'>DS-K1T341AMF<\/a><\/li>\n<\/ul><\/div>\n<p> <!-- Secci\u00f3n de notas importantes --> <\/p>\n<div style='margin-bottom: 30px;'>\n<h3 style='font-size: 22px; border-bottom: 2px solid currentColor; padding-bottom: 5px; margin-top: 0; color: inherit; opacity: 0.8;'>Notas Importantes<\/h3>\n<ul style='padding-left: 20px; font-size: 15px; color: inherit;'>\n<li style='margin-bottom: 5px; color: #f44336;'><strong>Producto NO est\u00e1 dentro de las pol\u00edticas de flete gratis<\/strong>&comma; se debe cotizar por separado.<\/li>\n<li style='margin-bottom: 5px;'>Equipo de gran volumen y peso&comma; requiere montacargas para carga\/descarga y\/o maniobra de desplazamiento.<\/li>\n<li style='margin-bottom: 5px;'>No aplica entrega de mercanc\u00eda zona extendida.<\/li>\n<li style='margin-bottom: 5px;'>Sistema con protecci\u00f3n por sobrecarga<\/li>\n<li style='margin-bottom: 5px;'>Mecanismo de alta velocidad<\/li>\n<\/ul><\/div>\n<p> <!-- Separador final --> <\/p>\n<hr style='border: 0; border-top: 1px solid rgba(150&comma; 150&comma; 150&comma; 0.3); margin: 30px 0;'> <\/div>\n","protected":false},"excerpt":{"rendered":"<p>Torniquete SENCILLO (1 Carril) de Cuerpo Completo Bidireccional \/ Exterior \/  Acero Inoxidable SUS304 \/ 30 Personas por Minuto \/ Compatible con Reconocimiento Facial (Terminal no Incluida)<\/p>\n","protected":false},"featured_media":27178,"comment_status":"open","ping_status":"closed","template":"","meta":[],"product_brand":[],"product_cat":[766],"product_tag":[54,767,759],"class_list":{"0":"post-27179","1":"product","2":"type-product","3":"status-publish","4":"has-post-thumbnail","6":"product_cat-torniquetes-de-cuerpo-completo","7":"product_tag-hikvision","8":"product_tag-torniquetes-de-cuerpo-completo","9":"product_tag-torniquetes-y-puertas-de-cortesia","11":"first","12":"outofstock","13":"sale","14":"shipping-taxable","15":"purchasable","16":"product-type-simple"},"_links":{"self":[{"href":"https:\/\/soydeaqui.ddns.net\/pachuca\/index.php\/wp-json\/wp\/v2\/product\/27179","targetHints":{"allow":["GET"]}}],"collection":[{"href":"https:\/\/soydeaqui.ddns.net\/pachuca\/index.php\/wp-json\/wp\/v2\/product"}],"about":[{"href":"https:\/\/soydeaqui.ddns.net\/pachuca\/index.php\/wp-json\/wp\/v2\/types\/product"}],"replies":[{"embeddable":true,"href":"https:\/\/soydeaqui.ddns.net\/pachuca\/index.php\/wp-json\/wp\/v2\/comments?post=27179"}],"wp:featuredmedia":[{"embeddable":true,"href":"https:\/\/soydeaqui.ddns.net\/pachuca\/index.php\/wp-json\/wp\/v2\/media\/27178"}],"wp:attachment":[{"href":"https:\/\/soydeaqui.ddns.net\/pachuca\/index.php\/wp-json\/wp\/v2\/media?parent=27179"}],"wp:term":[{"taxonomy":"product_brand","embeddable":true,"href":"https:\/\/soydeaqui.ddns.net\/pachuca\/index.php\/wp-json\/wp\/v2\/product_brand?post=27179"},{"taxonomy":"product_cat","embeddable":true,"href":"https:\/\/soydeaqui.ddns.net\/pachuca\/index.php\/wp-json\/wp\/v2\/product_cat?post=27179"},{"taxonomy":"product_tag","embeddable":true,"href":"https:\/\/soydeaqui.ddns.net\/pachuca\/index.php\/wp-json\/wp\/v2\/product_tag?post=27179"}],"curies":[{"name":"wp","href":"https:\/\/api.w.org\/{rel}","templated":true}]}}