{"id":27094,"date":"2026-03-18T12:28:09","date_gmt":"2026-03-18T12:28:09","guid":{"rendered":"https:\/\/soydeaqui.ddns.net\/pachuca\/index.php\/producto\/caja-fuerte-para-hoteleria-y-usos-multiples-con-crecimiento-para-auditoria\/"},"modified":"2026-03-18T12:28:11","modified_gmt":"2026-03-18T12:28:11","slug":"caja-fuerte-para-hoteleria-y-usos-multiples-con-crecimiento-para-auditoria","status":"publish","type":"product","link":"https:\/\/soydeaqui.ddns.net\/pachuca\/index.php\/producto\/caja-fuerte-para-hoteleria-y-usos-multiples-con-crecimiento-para-auditoria\/","title":{"rendered":"Caja Fuerte para Hoteleria y usos Multiples con crecimiento para Auditoria"},"content":{"rendered":"<div style='width: 100%; max-width: 1200px; margin: 0 auto; font-family: sans-serif; line-height: 1.6; color: inherit; background-color: transparent;'>\n<div style='display: flex; flex-wrap: wrap; gap: 30px; margin-bottom: 30px;'>\n<div style='flex: 1 1 300px; min-width: 280px;'>\n<h3 style='font-size: 22px; border-bottom: 2px solid currentColor; padding-bottom: 5px; margin-top: 0; color: inherit; opacity: 0.8;'>Caracter\u00edsticas y beneficios<\/h3>\n<ul style='padding-left: 20px; font-size: 15px; color: inherit;'>\n<li style='margin-bottom: 5px;'><strong>Entrada de c\u00f3digo personal programable:<\/strong> Los hu\u00e9spedes eligen su propio c\u00f3digo personal de cuatro d\u00edgitos para bloquear \/ desbloquear la caja fuerte.<\/li>\n<li style='margin-bottom: 5px;'><strong>Teclado iluminado:<\/strong> Teclas de luces brillantes que ahorran energ\u00eda para una f\u00e1cil adaptabilidad y un funcionamiento mejorado.<\/li>\n<li style='margin-bottom: 5px;'><strong>Unidad de control de emergencia (ECU):<\/strong> programador port\u00e1til (opcional bajo pedido). Se puede programar una unidad port\u00e1til f\u00e1cil de usar con hasta 64 contrase\u00f1as \u00fanicas de 4 d\u00edgitos para usar como c\u00f3digo de apertura segura. La ECU se puede utilizar como unidad de emergencia para desbloquear la caja fuerte si un hu\u00e9sped olvida su c\u00f3digo o lo deja bloqueado despu\u00e9s de la salida.<\/li>\n<li style='margin-bottom: 5px;'><strong>Seguimiento de auditor\u00eda:<\/strong> La ECU permite descargar las \u00faltimas 240 entradas&comma; mostrando qui\u00e9n utiliz\u00f3 la caja fuerte y en qu\u00e9 habitaci\u00f3n. Estos datos se pueden ver e imprimir a trav\u00e9s del software de auditor\u00eda seguro (opcional bajo pedido).<\/li>\n<li style='margin-bottom: 5px;'><strong>C\u00f3digo maestro residente:<\/strong> El c\u00f3digo maestro de residente tiene la capacidad de desbloquear la caja fuerte directamente en el teclado de la caja fuerte y anular cualquier c\u00f3digo establecido por un hu\u00e9sped.<\/li>\n<li style='margin-bottom: 5px;'><strong>Bloqueo de c\u00f3digo:<\/strong> Protege contra el uso no autorizado despu\u00e9s de 3 intentos de acceso fallidos.<\/li>\n<li style='margin-bottom: 5px;'><strong>Anulaci\u00f3n de bater\u00eda:<\/strong> La ECU permite el acceso a la caja fuerte si ocurre una falla en la bater\u00eda.<\/li>\n<li style='margin-bottom: 5px;'><strong>Panel de bater\u00eda de acceso r\u00e1pido:<\/strong> Las bater\u00edas alcalinas AA est\u00e1ndar se encuentran detr\u00e1s de un panel de acceso dentro de la puerta&comma; de modo que no es necesario quitar toda la cubierta de la puerta para reemplazar la bater\u00eda.<\/li>\n<li style='margin-bottom: 5px;'><strong>Dimensiones exteriores:<\/strong> 229 x 432 x 330 mm.<\/li>\n<li style='margin-bottom: 5px;'><strong>Peso:<\/strong> 17 Kgs<\/li>\n<\/ul><\/div>\n<\/p><\/div>\n<p> <!-- Separador --> <\/p>\n<hr style='border: 0; border-top: 1px solid rgba(150&comma; 150&comma; 150&comma; 0.3); margin: 30px 0;'> <\/div>\n","protected":false},"excerpt":{"rendered":"<p>Caja Fuerte para Hoteleria y usos Multiples con crecimiento para Auditoria<\/p>\n","protected":false},"featured_media":27093,"comment_status":"open","ping_status":"closed","template":"","meta":[],"product_brand":[],"product_cat":[397],"product_tag":[398,480,62],"class_list":{"0":"post-27094","1":"product","2":"type-product","3":"status-publish","4":"has-post-thumbnail","6":"product_cat-todos-administracion-de-hoteles","7":"product_tag-administracion-de-hoteles","8":"product_tag-dormakaba","9":"product_tag-todos","11":"first","12":"outofstock","13":"sale","14":"shipping-taxable","15":"purchasable","16":"product-type-simple"},"_links":{"self":[{"href":"https:\/\/soydeaqui.ddns.net\/pachuca\/index.php\/wp-json\/wp\/v2\/product\/27094","targetHints":{"allow":["GET"]}}],"collection":[{"href":"https:\/\/soydeaqui.ddns.net\/pachuca\/index.php\/wp-json\/wp\/v2\/product"}],"about":[{"href":"https:\/\/soydeaqui.ddns.net\/pachuca\/index.php\/wp-json\/wp\/v2\/types\/product"}],"replies":[{"embeddable":true,"href":"https:\/\/soydeaqui.ddns.net\/pachuca\/index.php\/wp-json\/wp\/v2\/comments?post=27094"}],"wp:featuredmedia":[{"embeddable":true,"href":"https:\/\/soydeaqui.ddns.net\/pachuca\/index.php\/wp-json\/wp\/v2\/media\/27093"}],"wp:attachment":[{"href":"https:\/\/soydeaqui.ddns.net\/pachuca\/index.php\/wp-json\/wp\/v2\/media?parent=27094"}],"wp:term":[{"taxonomy":"product_brand","embeddable":true,"href":"https:\/\/soydeaqui.ddns.net\/pachuca\/index.php\/wp-json\/wp\/v2\/product_brand?post=27094"},{"taxonomy":"product_cat","embeddable":true,"href":"https:\/\/soydeaqui.ddns.net\/pachuca\/index.php\/wp-json\/wp\/v2\/product_cat?post=27094"},{"taxonomy":"product_tag","embeddable":true,"href":"https:\/\/soydeaqui.ddns.net\/pachuca\/index.php\/wp-json\/wp\/v2\/product_tag?post=27094"}],"curies":[{"name":"wp","href":"https:\/\/api.w.org\/{rel}","templated":true}]}}