{"id":27042,"date":"2026-03-18T12:26:59","date_gmt":"2026-03-18T12:26:59","guid":{"rendered":"https:\/\/soydeaqui.ddns.net\/pachuca\/index.php\/producto\/tarjeta-flex-indala\/"},"modified":"2026-03-18T12:27:00","modified_gmt":"2026-03-18T12:27:00","slug":"tarjeta-flex-indala","status":"publish","type":"product","link":"https:\/\/soydeaqui.ddns.net\/pachuca\/index.php\/producto\/tarjeta-flex-indala\/","title":{"rendered":"Tarjeta FLEX INDALA"},"content":{"rendered":"<div style='width: 100%; max-width: 1200px; margin: 0 auto; font-family: sans-serif; line-height: 1.6; color: inherit; background-color: transparent;'> <!-- Secci\u00f3n de caracter\u00edsticas --> <\/p>\n<div style='display: flex; flex-wrap: wrap; gap: 30px; margin-bottom: 30px;'>\n<div style='flex: 1 1 300px; min-width: 280px;'>\n<h3 style='font-size: 22px; border-bottom: 2px solid currentColor; padding-bottom: 5px; margin-top: 0; color: inherit; opacity: 0.8;'>Caracter\u00edsticas<\/h3>\n<ul style='padding-left: 20px; font-size: 15px; color: inherit;'>\n<li style='margin-bottom: 5px;'><strong>N\u00famero de parte:<\/strong> FPISO-SSSCNA-0000<\/li>\n<li style='margin-bottom: 5px;'><strong>Frecuencia:<\/strong> 125 kHz<\/li>\n<li style='margin-bottom: 5px;'><strong>Acabado:<\/strong> Glossy blanco con logo de INDALA<\/li>\n<li style='margin-bottom: 5px;'><strong>Formato:<\/strong> En formatos diferentes a 26 bits (H10301)&comma; el m\u00ednimo de orden es 100 piezas<\/li>\n<li style='margin-bottom: 5px;'><strong>Dimensiones:<\/strong> 5.4 x 8.6 x 0.076 mm<\/li>\n<li style='margin-bottom: 5px;'><strong>Garant\u00eda:<\/strong> De por Vida<\/li>\n<li style='margin-bottom: 5px;'><strong>Perforaci\u00f3n:<\/strong> Las ubicaciones de perforaci\u00f3n disponibles est\u00e1n marcadas por 3 puntos en la parte posterior de la tarjeta. Si los puntos no est\u00e1n presentes&comma; la tarjeta no se puede perforar con seguridad.<\/li>\n<li style='margin-bottom: 5px;'><strong>Disponibilidad:<\/strong> Producto sobre pedido<\/li>\n<\/ul><\/div>\n<\/p><\/div>\n<p> <!-- Secci\u00f3n de especificaciones de compra --> <\/p>\n<div style='display: flex; flex-wrap: wrap; gap: 20px; margin-bottom: 30px;'>\n<div style='flex: 1 1 250px; border: 1px solid rgba(150&comma; 150&comma; 150&comma; 0.4); border-radius: 8px; overflow: hidden; display: flex; flex-direction: column;'>\n<div style='padding: 15px; border-bottom: 1px solid rgba(150&comma; 150&comma; 150&comma; 0.2); font-weight: bold; font-size: 18px; color: inherit;'>Requisitos de compra<\/div>\n<div style='padding: 15px; color: inherit;'>\n<ul style='padding-left: 20px; margin: 0; font-size: 14px; list-style-type: disc;'>\n<li style='margin-bottom: 5px;'>Todas las tarjetas de HID son de programaci\u00f3n personalizadas<\/li>\n<li style='margin-bottom: 5px;'>Para procesar cualquier orden de compra es indispensable:<\/li>\n<li style='margin-bottom: 5px; padding-left: 15px;'><strong>Formato:<\/strong> Confirmar que es H10301 (26 bits)<\/li>\n<li style='margin-bottom: 5px; padding-left: 15px;'><strong>C\u00f3digo de sitio:<\/strong> (0 a 255 para formato 26 bits H10301)<\/li>\n<li style='margin-bottom: 5px; padding-left: 15px;'><strong>Consecutivo:<\/strong> Rango entre 0-65535 para formato 26 bits H10301<\/li>\n<li style='margin-bottom: 5px;'><a href='http:\/\/ftp3.syscom.mx\/usuarios\/ftp\/2017\/09\/07\/36288\/FOR%207.4%20025%20CMP%20Formato%20para%20Solicitud%20de%20Tarjetas%20HID%20rev.%20001.docx' style='color: inherit; text-decoration: underline;'>Formulario de solicitud<\/a> a enviar a su ejecutivo de ventas<\/li>\n<li style='margin-bottom: 5px;'><strong>Formatos no H10301:<\/strong> Solicitar validaci\u00f3n y tiempo de entrega al departamento de ingenier\u00eda<\/li>\n<\/ul><\/div>\n<\/p><\/div>\n<\/p><\/div>\n<p> <!-- Secci\u00f3n de informaci\u00f3n adicional --> <\/p>\n<div style='display: flex; flex-wrap: wrap; gap: 20px; margin-bottom: 30px;'>\n<div style='flex: 1 1 250px;'>\n<div style='padding: 15px; background-color: rgba(32&comma; 143&comma; 246&comma; 0.1); border-radius: 8px; color: inherit;'>\n<p style='margin: 0; font-weight: bold; font-size: 16px; color: #208ff6;'> \u00bfCon qu\u00e9 va a imprimir sus tarjetas? <a href='https:\/\/www.syscom.mx\/principal\/listadoportadasazul\/control-de-acceso-credencializacion-434.html' style='color: #208ff6; text-decoration: underline;'>Mayor informaci\u00f3n aqu\u00ed<\/a> <\/p>\n<\/p><\/div>\n<\/p><\/div>\n<\/p><\/div>\n<p> <!-- Separador --> <\/p>\n<hr style='border: 0; border-top: 1px solid rgba(150&comma; 150&comma; 150&comma; 0.3); margin: 30px 0;'> <\/div>\n","protected":false},"excerpt":{"rendered":"<p>Tarjeta FLEX INDALA<\/p>\n","protected":false},"featured_media":27041,"comment_status":"open","ping_status":"closed","template":"","meta":[],"product_brand":[],"product_cat":[469],"product_tag":[93,814,470],"class_list":{"0":"post-27042","1":"product","2":"type-product","3":"status-publish","4":"has-post-thumbnail","6":"product_cat-tarjetas-y-tags","7":"product_tag-accesorios","8":"product_tag-hid","9":"product_tag-tarjetas-y-tags","11":"first","12":"outofstock","13":"sale","14":"shipping-taxable","15":"purchasable","16":"product-type-simple"},"_links":{"self":[{"href":"https:\/\/soydeaqui.ddns.net\/pachuca\/index.php\/wp-json\/wp\/v2\/product\/27042","targetHints":{"allow":["GET"]}}],"collection":[{"href":"https:\/\/soydeaqui.ddns.net\/pachuca\/index.php\/wp-json\/wp\/v2\/product"}],"about":[{"href":"https:\/\/soydeaqui.ddns.net\/pachuca\/index.php\/wp-json\/wp\/v2\/types\/product"}],"replies":[{"embeddable":true,"href":"https:\/\/soydeaqui.ddns.net\/pachuca\/index.php\/wp-json\/wp\/v2\/comments?post=27042"}],"wp:featuredmedia":[{"embeddable":true,"href":"https:\/\/soydeaqui.ddns.net\/pachuca\/index.php\/wp-json\/wp\/v2\/media\/27041"}],"wp:attachment":[{"href":"https:\/\/soydeaqui.ddns.net\/pachuca\/index.php\/wp-json\/wp\/v2\/media?parent=27042"}],"wp:term":[{"taxonomy":"product_brand","embeddable":true,"href":"https:\/\/soydeaqui.ddns.net\/pachuca\/index.php\/wp-json\/wp\/v2\/product_brand?post=27042"},{"taxonomy":"product_cat","embeddable":true,"href":"https:\/\/soydeaqui.ddns.net\/pachuca\/index.php\/wp-json\/wp\/v2\/product_cat?post=27042"},{"taxonomy":"product_tag","embeddable":true,"href":"https:\/\/soydeaqui.ddns.net\/pachuca\/index.php\/wp-json\/wp\/v2\/product_tag?post=27042"}],"curies":[{"name":"wp","href":"https:\/\/api.w.org\/{rel}","templated":true}]}}