{"id":27032,"date":"2026-03-18T12:26:47","date_gmt":"2026-03-18T12:26:47","guid":{"rendered":"https:\/\/soydeaqui.ddns.net\/pachuca\/index.php\/producto\/esmeriladora-angular-inalambrica-de-4-1-2-motor-sin-carbones-40v-xgt\/"},"modified":"2026-03-18T12:26:48","modified_gmt":"2026-03-18T12:26:48","slug":"esmeriladora-angular-inalambrica-de-4-1-2-motor-sin-carbones-40v-xgt","status":"publish","type":"product","link":"https:\/\/soydeaqui.ddns.net\/pachuca\/index.php\/producto\/esmeriladora-angular-inalambrica-de-4-1-2-motor-sin-carbones-40v-xgt\/","title":{"rendered":"Esmeriladora Angular Inal\u00e1mbrica de 4-1\/2&#8243;, Motor sin Carbones 40V XGT."},"content":{"rendered":"<p class='MsoNormal' style='margin-right: 15pt; margin-left: 18.75pt; text-indent: -18pt; line-height: 13.5pt; text-align: center;'><img src='data:image\/png;base64&comma;iVBORw0KGgoAAAANSUhEUgAAAJMAAAA6CAIAAAA7lPxkAAAKiElEQVR4Ae1a+XdURRb2H2lieIFOkN0AYwCJshwWB3CQMUCAwQyGZYbxIEsgDIQwA4IgYkIEXFhkkdXRgDIoEuQ4g4jLCILOQhRkh\/dev32tN6fyQqX61ut0d4J9Es\/rUz\/U8t3v3qpbt7bXD3jhr32OwAPt0+zQai\/0XHudBKHnQs+11xFor3aHMfdL8Rwf4cLUNkcATDEYc23T6NAqPsKFnmuvi0roudBz4Y6Y2REIYy6MuczOuPCQEsZcGHNhzGV2BMKYC2MuszMu3OfCmAtjLoy5zI5AGHNhzGV2xoX7XBhzYcyFMZfZEQhjLoy5zM64cJ8LY+4XGnPSuKeNnXtakt7azXfu2tYiQ5kzF\/RFnlqSupGxEaOBuLpiVaC4tqEaIKWnJwUiW1yZJOaUsnKASLFof3OuxTb9XIJZndwbN4H9sSeeTF2dsXc\/ENdeeJEVjw3\/NYAhhMT+hSyyNTVABfwHUYs9p61a0xqzfg5ZeWoJ6K1TX5+Gopw8JEk0A\/ZHvwEsg7FrDw3zPM86fYaFtbIGqLhvnlMrVsglpYlSbNioVtrdAnHzyAegt9rLVanzyDP+AMSD\/ZHXA6kqQCrPL0xdUYpIoOK+eQ7wgqLy3LwU7btfMKF7PjJNYIZYODR1fvPoMSCuLCxnxdUlFQCGVJWPdmORrawBWjLhOaTrfG73Vtqdrri6rBJ01T53Pi0SpaxcXbqcTsJDPVkG57vvgSLjwCEW1voaoAV6DivokNNMUhYtARRJi+Z7h1tvd7oM9oWLwLBEx8Jg5qxOfMfcuJTVqRHZIYfUS+MnAi2e56mVK2Ojx+E0ZEQweYuuwkBRkOea5bW\/\/ApQJC0iTXMFIVFyrvzEc3mgh0LPPsaOXc6Pl12eTyRI16uLl9IMsRGjgVXIdYX8AoLRN22hxf28cfAd\/sHOPsY6eQowKHMX+E1aVQ1oSlQ09uwlGvkIFxs11jp5yr16lVXN1thffU3LtvY\/zmLh0ERWtrje2HcQmBgbOx7JcuqECCGhb9yRT9+2A4hb\/zxNtBhv7QatnueZxz7CkdQwa8WCQQghGoN0g8\/r4bc6V36im5rJS8XTiFJ982vIdZsBgyZt3ctE1s8AQHoxp9dsBvLuzVtCfoGQ\/0hDKmDvTwDPFqWiYtpEoXe\/dEms05\/RDDyX5woiUNR4uMjqZBw4BJqw294\/ymdHCYm2oRpgzNojfqs0rgg0JSq6gkg4lefmJYIlqhcHPEbs8TMAmY7ngi62es1mokD6zW8Be9Kie+0a3lOp9dk89lFSKQAARz551hwAQKYpdO3NZ0fZewJ223uHySKJLcnq5F6\/ARjkZ571jWSvbgBJisbeA76IkF\/gijFSn0rG\/vwsPSZ+Hgim4Tn2Yut5njhoCNFh7NgF2JMW9Y2biDgf4cT+hWCZSsrQ4JVeNIlVdxJI4ZUwJ886fgLUe55nHPobT44eDRNInjYdwFyeb4qeOXPVJRU4\/Xk50g2A1Nask0tn+0ksGORbZWzfCWBJi8qiJXSP\/DyQSsNz7IS1z37RpCA76goCYDePHouNHEOS85\/\/AoA4eHgTQ4TTq18FAOS6UlExYWBH3\/z7hzSD0Kc\/u50o8xdZn\/4DMGO37TsIIp6PcGzQG9t30ir8vPTUBEDo3r4TF7v+QtIx1+V5gNRe2kB6pP71BdCKDEPoGjcXfY0AlqrnhG4PsxdbZf4i0iW5pBRQe54nTZpKAOKgIQAAnzqzo+6t2wBjfVxHGPhoN\/bkIs\/8YxMgwmlr1gEG5Lr2txdAJXbb7rdpQT8v5BcgxwHg2NjxLNLYfxDA9De3sTD52VkAhjRN6NJ42METhbnv402X2j5IHvCk6jl16XIgiV8KqPu1WXsEAMAepm\/aAgBqxQpiFh\/h2Ncmz\/PkklKCURYsBgxIlvmcLgTARzin\/geACSwGhhEf5Hjnhx9p\/sZ8bnekaYA58C3b\/PA4gBl79xNCIf8RdqLIJTMIgM4AnlQ9Z587DyTjTvN5PQIW\/aqaJsXZUff2HZoB2bbQq28TIMJZpz6lAZ7nuddv0JuQ\/a9zABBnQ4RL8eDXzBuHc\/kKUBH41KnMXwRgzv8u0X3x80Kvvsi2ATI2ehxBai++BFpdQSCXEwLzMwCZkudiw0YBMbwSjisi1MrzC1mA+OhgApCnzwQA6\/gJ0orPJgMfZ88m2oZqgmEv12A15iOcsQ+uYPguf\/UqUB24TvIRTpo0FSDBEYwYY39+FiC1tetJK8molSsBzL5wkbTyHXLYq2GixaCFN3H99a3AAudS3OcSdv+PO7xEOOvjOsAgz5rT1IcIx66lyHXFXw0kGPb67N66TUck3gWZN3tt7Xr2Vh68AEY48\/D7wEj762+IASTDbtjYwcz1Cy\/dF78DhOqSCsIjTZ4GWj3PoyOSIP0MAKcQc9lR9+5dIKatXkt48a7OvA4oZU3P6ux5D0lS3P7E5bEqrBPU2aRzV\/Zsor++ldjARzhlXhkwEr949R0gTZwC6vFAU3PCJxF69EGWBZDqskpahZ\/XN24CMPuLL1lYbOQYAEO63vzZBMQD4ARsyT3HLnTIceg3QPUvqwAp0g3aRHY1N97eR5slz\/4TYMBnk983bdTsvoKn56ixNIl9Bq5gVt0nGJAdRbG4D6Se57Hfz9QVTC9sW+jZh1aB80HPEWr5MgiLcPrW7aBT9K6MzybMFhi45BJmwJbcc+zpKO6kHuHYV3nz3VqiDy8azLZv1h7R1q4niV1VkG7gj7RTS\/xkn\/8W2I1UVVmwmCS1YgUAYN\/fW5DNd2tBq1V3Up42XS6ZIU+fiS\/Os+Y49fUA41y+QvhJJvC5WX9jG+kLybC3W23tetIjdvHHF5Vde4g4yLC3iySeCzwdyaWziWPEwcNBhxsODr8jAGnCZBaQgRp8SLv3CYJ9D8uAAfdXBXvpSuI5dg1x796lj63sou9ev04\/TLDzHXTJPnfevXYNVNJF88gH7MJCA5z6eqTrdI3nefS9WOjSg93DaLxV9wldTJRHpskuD4Fg9iMRDUOWZZ3+jK5Jmk\/bc873\/wak4FzAnrn16ldJwOGXFwM+7hFChJD+2pt8x1x18VJSSWcQQv5RiH2RIjDr9Bl2J8a7YPw\/X5oZSmPHLr5DTuA7C9HieR6SZamoWHpqAnt7oWF40mx5g8+Ost\/KfRiybXn6THHQEKQoQLCZYnqeiz3xJMsVGzqSOIZ9u8PHNuq\/HuxfCgihe+eONOWZRqrsKDvrkaKQ1wSxcCi7beCN4eA7fMdc9sMN+8cFtXwZUU1n8NRpeGqKjRzDvr0RpHv7TmzkGB+J35qZf7gQpHbv\/UF8bJhzCe6dyHHI7itNnubevEUEm8+k5zmpqFirqqGTunI1cRu+uk6cQrdqVTXgHwPK3AUA0Fhc\/wp4QOFz8tRllTSYjJSvUXx0sLahmgaolSv9Jm3NOrpeq6qRJkym7eQjnNC7H8BoVTXgSV7o9rC6cjUL017ZKA58nCaMDRsFjPGllHllNIx\/sDMYAfoxDyNzuihl5QEa44ddq6pht2q4zzXv+bC17YxA6Lm244v0LAk9l954tR106Lm244v0LAk9l954tR106Lm244v0LPk\/ogwQFWfumvUAAAAASUVORK5CYII=' alt='' \/><\/p>\n<ul>\n<li><span style='font-family: helvetica&comma; arial&comma; sans-serif;'>Soluci\u00f3n genuina para aplicaciones industriales de alta demanda. <\/span><\/li>\n<li><span style='font-family: helvetica&comma; arial&comma; sans-serif;'>Dise\u00f1ada para las aplicaciones m\u00e1s pesadas con funci\u00f3n anti-reinicio&comma; freno el\u00e9ctrico&comma; interruptor deslizante de bloqueo. n excelente rendimiento en trabajos pesados continuos. Con mayor duraci\u00f3n de la bater\u00eda con la tecnolog\u00eda XGT 40Vm\u00e1x posee motor BL&comma; es resistente al agua y al polvo con tecnolog\u00eda XPT<\/span><\/li>\n<\/ul>\n<p><span style='font-family: helvetica&comma; arial&comma; sans-serif;'>Especificaciones:<\/span><\/p>\n<\/p>\n<table style='border-collapse: collapse; width: 355pt;' border='0' width='474' cellspacing='0' cellpadding='0'>\n<colgroup>\n<col style='mso-width-source: userset; mso-width-alt: 8740; width: 179pt;' width='239' \/>\n<col style='mso-width-source: userset; mso-width-alt: 8594; width: 176pt;' width='235' \/> <\/colgroup>\n<tbody>\n<tr style='height: 17.25pt; box-sizing: border-box;'>\n<td class='xl65' style='height: 17.25pt; width: 179pt; box-sizing: border-box; padding: 1rem;' width='239' height='23' data-specification='Di\u00e1metro del Disco'>\n<div style='box-sizing: border-box; display: contents;'><span style='font-family: helvetica&comma; arial&comma; sans-serif;'>Di\u00e1metro del Disco<\/span><\/div>\n<\/td>\n<td class='xl65' style='border-left: none; width: 176pt; box-sizing: border-box; padding: 1rem;' width='235' data-specification='115mm (4-1\/2'')'>\n<div style='box-sizing: border-box; display: contents;'><span style='font-family: helvetica&comma; arial&comma; sans-serif;'>115mm (4-1\/2&#8221;)<\/span><\/div>\n<\/td>\n<\/tr>\n<tr style='height: 17.25pt; box-sizing: border-box;'>\n<td class='xl65' style='height: 17.25pt; border-top: none; box-sizing: border-box; padding: 1rem;' height='23' data-specification='Largo'>\n<div style='box-sizing: border-box; display: contents;'><span style='font-family: helvetica&comma; arial&comma; sans-serif;'>Largo<\/span><\/div>\n<\/td>\n<td class='xl65' style='border-top: none; border-left: none; box-sizing: border-box; padding: 1rem;' data-specification='39&comma;8 cm'>\n<div style='box-sizing: border-box; display: contents;'><span style='font-family: helvetica&comma; arial&comma; sans-serif;'>39&comma;8 cm<\/span><\/div>\n<\/td>\n<\/tr>\n<tr style='height: 17.25pt; box-sizing: border-box;'>\n<td class='xl65' style='height: 17.25pt; border-top: none; box-sizing: border-box; padding: 1rem;' height='23' data-specification='Ancho'>\n<div style='box-sizing: border-box; display: contents;'><span style='font-family: helvetica&comma; arial&comma; sans-serif;'>Ancho<\/span><\/div>\n<\/td>\n<td class='xl65' style='border-top: none; border-left: none; box-sizing: border-box; padding: 1rem;' data-specification='13 cm'>\n<div style='box-sizing: border-box; display: contents;'><span style='font-family: helvetica&comma; arial&comma; sans-serif;'>13 cm<\/span><\/div>\n<\/td>\n<\/tr>\n<tr style='height: 17.25pt; box-sizing: border-box;'>\n<td class='xl65' style='height: 17.25pt; border-top: none; box-sizing: border-box; padding: 1rem;' height='23' data-specification='Peso bruto embalaje individual'>\n<div style='box-sizing: border-box; display: contents;'><span style='font-family: helvetica&comma; arial&comma; sans-serif;'>Peso bruto embalaje individual<\/span><\/div>\n<\/td>\n<td class='xl65' style='border-top: none; border-left: none; box-sizing: border-box; padding: 1rem;' data-specification='3&comma;5 kg'>\n<div style='box-sizing: border-box; display: contents;'><span style='font-family: helvetica&comma; arial&comma; sans-serif;'>3&comma;5 kg<\/span><\/div>\n<\/td>\n<\/tr>\n<tr style='height: 17.25pt; box-sizing: border-box;'>\n<td class='xl65' style='height: 17.25pt; border-top: none; box-sizing: border-box; padding: 1rem;' height='23' data-specification='Peso del producto'>\n<div style='box-sizing: border-box; display: contents;'><span style='font-family: helvetica&comma; arial&comma; sans-serif;'>Peso del producto<\/span><\/div>\n<\/td>\n<td class='xl65' style='border-top: none; border-left: none; box-sizing: border-box; padding: 1rem;' data-specification='2&comma;8 kg'>\n<div style='box-sizing: border-box; display: contents;'><span style='font-family: helvetica&comma; arial&comma; sans-serif;'>2&comma;8 kg<\/span><\/div>\n<\/td>\n<\/tr>\n<tr style='height: 17.25pt; box-sizing: border-box;'>\n<td class='xl65' style='height: 17.25pt; border-top: none; box-sizing: border-box; padding: 1rem;' height='23' data-specification='Alto'>\n<div style='box-sizing: border-box; display: contents;'><span style='font-family: helvetica&comma; arial&comma; sans-serif;'>Alto<\/span><\/div>\n<\/td>\n<td class='xl65' style='border-top: none; border-left: none; box-sizing: border-box; padding: 1rem;' data-specification='15&comma;6 cm'>\n<div style='box-sizing: border-box; display: contents;'><span style='font-family: helvetica&comma; arial&comma; sans-serif;'>15&comma;6 cm<\/span><\/div>\n<\/td>\n<\/tr>\n<tr style='height: 17.25pt; box-sizing: border-box;'>\n<td class='xl65' style='height: 17.25pt; border-top: none; box-sizing: border-box; padding: 1rem;' height='23' data-specification='Voltaje'>\n<div style='box-sizing: border-box; display: contents;'><span style='font-family: helvetica&comma; arial&comma; sans-serif;'>Voltaje<\/span><\/div>\n<\/td>\n<td class='xl65' style='border-top: none; border-left: none; box-sizing: border-box; padding: 1rem;' data-specification='40 V'>\n<div style='box-sizing: border-box; display: contents;'><span style='font-family: helvetica&comma; arial&comma; sans-serif;'>40 V<\/span><\/div>\n<\/td>\n<\/tr>\n<tr style='height: 17.25pt; box-sizing: border-box;'>\n<td class='xl65' style='height: 17.25pt; border-top: none; box-sizing: border-box; padding: 1rem;' height='23' data-specification='Velocidad'>\n<div style='box-sizing: border-box; display: contents;'><span style='font-family: helvetica&comma; arial&comma; sans-serif;'>Velocidad<\/span><\/div>\n<\/td>\n<td class='xl65' style='border-top: none; border-left: none; box-sizing: border-box; padding: 1rem;' data-specification='8.500 RPM'>\n<div style='box-sizing: border-box; display: contents;'><span style='font-family: helvetica&comma; arial&comma; sans-serif;'>8.500 RPM<\/span><\/div>\n<\/td>\n<\/tr>\n<tr style='height: 17.25pt; box-sizing: border-box;'>\n<td class='xl65' style='height: 69.0pt; border-top: none; box-sizing: border-box; padding: 1rem;' rowspan='4' height='92' data-specification='Contenido'>\n<div style='box-sizing: border-box; display: contents;'><span style='font-family: helvetica&comma; arial&comma; sans-serif;'>Contenido<\/span><\/div>\n<\/td>\n<td class='xl65' style='border-top: none; border-left: none; box-sizing: border-box; padding: 1rem;' data-specification='1 Esmeril Angular<br \/>1 Empu\u00f1adura lateral<br \/>2 Bater\u00edas<br \/>1 Cargador&#8217;> <\/p>\n<div style='box-sizing: border-box; display: contents;'><span style='font-family: helvetica&comma; arial&comma; sans-serif;'>1 Esmeril Angular<\/span><\/div>\n<\/td>\n<\/tr>\n<tr style='height: 17.25pt;'>\n<td class='xl65' style='height: 17.25pt; border-top: none; border-left: none;' height='23'><span style='font-family: helvetica&comma; arial&comma; sans-serif;'>1 Empu\u00f1adura lateral<\/span><\/td>\n<\/tr>\n<tr style='height: 17.25pt;'>\n<td class='xl65' style='height: 17.25pt; border-top: none; border-left: none;' height='23'><span style='font-family: helvetica&comma; arial&comma; sans-serif;'>2 Bater\u00edas<\/span><\/td>\n<\/tr>\n<tr style='height: 17.25pt;'>\n<td class='xl65' style='height: 17.25pt; border-top: none; border-left: none;' height='23'><span style='font-family: helvetica&comma; arial&comma; sans-serif;'>1 Cargador <\/span><\/td>\n<\/tr>\n<tr style='height: 17.25pt; box-sizing: border-box;'>\n<td class='xl65' style='height: 17.25pt; border-top: none; box-sizing: border-box; padding: 1rem;' height='23' data-specification='Uso'>\n<div style='box-sizing: border-box; display: contents;'><span style='font-family: helvetica&comma; arial&comma; sans-serif;'>Uso<\/span><\/div>\n<\/td>\n<td class='xl65' style='border-top: none; border-left: none; box-sizing: border-box; padding: 1rem;' data-specification='En trabajos de corte y desbaste'>\n<div style='box-sizing: border-box; display: contents;'><span style='font-family: helvetica&comma; arial&comma; sans-serif;'>En trabajos de corte y desbaste<\/span><\/div>\n<\/td>\n<\/tr>\n<\/tbody>\n<\/table>\n","protected":false},"excerpt":{"rendered":"<p>Esmeriladora Angular Inal\u00e1mbrica de 4-1\/2&#8243;, Motor sin Carbones 40V XGT.<\/p>\n","protected":false},"featured_media":27031,"comment_status":"open","ping_status":"closed","template":"","meta":[],"product_brand":[],"product_cat":[24],"product_tag":[26,25,252],"class_list":{"0":"post-27032","1":"product","2":"type-product","3":"status-publish","4":"has-post-thumbnail","6":"product_cat-accesorios-de-instalacion","7":"product_tag-accesorios-de-instalacion","8":"product_tag-herramientas","9":"product_tag-makita","11":"first","12":"outofstock","13":"sale","14":"shipping-taxable","15":"purchasable","16":"product-type-simple"},"_links":{"self":[{"href":"https:\/\/soydeaqui.ddns.net\/pachuca\/index.php\/wp-json\/wp\/v2\/product\/27032","targetHints":{"allow":["GET"]}}],"collection":[{"href":"https:\/\/soydeaqui.ddns.net\/pachuca\/index.php\/wp-json\/wp\/v2\/product"}],"about":[{"href":"https:\/\/soydeaqui.ddns.net\/pachuca\/index.php\/wp-json\/wp\/v2\/types\/product"}],"replies":[{"embeddable":true,"href":"https:\/\/soydeaqui.ddns.net\/pachuca\/index.php\/wp-json\/wp\/v2\/comments?post=27032"}],"wp:featuredmedia":[{"embeddable":true,"href":"https:\/\/soydeaqui.ddns.net\/pachuca\/index.php\/wp-json\/wp\/v2\/media\/27031"}],"wp:attachment":[{"href":"https:\/\/soydeaqui.ddns.net\/pachuca\/index.php\/wp-json\/wp\/v2\/media?parent=27032"}],"wp:term":[{"taxonomy":"product_brand","embeddable":true,"href":"https:\/\/soydeaqui.ddns.net\/pachuca\/index.php\/wp-json\/wp\/v2\/product_brand?post=27032"},{"taxonomy":"product_cat","embeddable":true,"href":"https:\/\/soydeaqui.ddns.net\/pachuca\/index.php\/wp-json\/wp\/v2\/product_cat?post=27032"},{"taxonomy":"product_tag","embeddable":true,"href":"https:\/\/soydeaqui.ddns.net\/pachuca\/index.php\/wp-json\/wp\/v2\/product_tag?post=27032"}],"curies":[{"name":"wp","href":"https:\/\/api.w.org\/{rel}","templated":true}]}}