{"id":27027,"date":"2026-03-18T12:26:40","date_gmt":"2026-03-18T12:26:40","guid":{"rendered":"https:\/\/soydeaqui.ddns.net\/pachuca\/index.php\/producto\/cubiertas-para-operador-axo-001ax5024\/"},"modified":"2026-03-18T12:26:45","modified_gmt":"2026-03-18T12:26:45","slug":"cubiertas-para-operador-axo-001ax5024","status":"publish","type":"product","link":"https:\/\/soydeaqui.ddns.net\/pachuca\/index.php\/producto\/cubiertas-para-operador-axo-001ax5024\/","title":{"rendered":"Cubiertas para Operador AXO 001AX5024"},"content":{"rendered":"<div style='width: 100%; max-width: 1200px; margin: 0 auto; font-family: sans-serif; line-height: 1.6; color: inherit; background-color: transparent;'>\n<div style='display: flex; flex-wrap: wrap; gap: 30px; margin-bottom: 30px;'>\n<div style='flex: 1 1 300px; min-width: 280px;'>\n<h3 style='font-size: 22px; border-bottom: 2px solid currentColor; padding-bottom: 5px; margin-top: 0; color: inherit; opacity: 0.8;'>Caracter\u00edsticas Principales<\/h3>\n<ul style='padding-left: 20px; font-size: 15px; color: inherit;'>\n<li style='margin-bottom: 5px;'>Compatibilidad con modelos 001-AX5024 y KT-AXO-5024<\/li>\n<li style='margin-bottom: 5px;'>Materiales de alta durabilidad para uso intensivo<\/li>\n<li style='margin-bottom: 5px;'>Dise\u00f1o preciso para ajuste perfecto en operadores<\/li>\n<li style='margin-bottom: 5px;'>F\u00e1cil instalaci\u00f3n sin herramientas adicionales<\/li>\n<li style='margin-bottom: 5px;'>Protecci\u00f3n avanzada contra intemperie y corrosi\u00f3n<\/li>\n<\/ul><\/div>\n<div style='flex: 1 1 300px; min-width: 280px;'>\n<h3 style='font-size: 22px; border-bottom: 2px solid currentColor; padding-bottom: 5px; margin-top: 0; color: inherit; opacity: 0.8;'>Modelos Compatibles<\/h3>\n<ul style='padding-left: 20px; font-size: 15px; color: inherit;'>\n<li style='margin-bottom: 5px;'>001-AX5024<\/li>\n<li style='margin-bottom: 5px;'>KT-AXO-5024<\/li>\n<\/ul><\/div>\n<\/p><\/div>\n<div style='display: flex; flex-wrap: wrap; gap: 20px; margin-bottom: 30px;'>\n<div style='flex: 1 1 250px; border: 1px solid rgba(150&comma; 150&comma; 150&comma; 0.4); border-radius: 8px; overflow: hidden; display: flex; flex-direction: column;'>\n<div style='padding: 15px; border-bottom: 1px solid rgba(150&comma; 150&comma; 150&comma; 0.2); font-weight: bold; font-size: 18px; color: inherit;'>Especificaciones T\u00e9cnicas<\/div>\n<div style='padding: 15px; color: inherit;'>\n<ul style='padding-left: 20px; margin: 0; font-size: 14px; list-style-type: disc;'>\n<li style='margin-bottom: 5px;'>C\u00f3digo: 88001-0145<\/li>\n<li style='margin-bottom: 5px;'>Descripci\u00f3n: GRUPPO STELI INF.\/SUP. SERIE AXO 5\/7<\/li>\n<li style='margin-bottom: 5px;'>Aplicaci\u00f3n: Serie AXO 5\/7<\/li>\n<li style='margin-bottom: 5px;'>Tipo: Componente estructural<\/li>\n<\/ul><\/div>\n<\/p><\/div>\n<div style='flex: 1 1 250px; border: 1px solid rgba(150&comma; 150&comma; 150&comma; 0.4); border-radius: 8px; overflow: hidden; display: flex; flex-direction: column;'>\n<div style='padding: 15px; border-bottom: 1px solid rgba(150&comma; 150&comma; 150&comma; 0.2); font-weight: bold; font-size: 18px; color: inherit;'>Informaci\u00f3n de Aplicaci\u00f3n<\/div>\n<div style='padding: 15px; color: inherit;'>\n<ul style='padding-left: 20px; margin: 0; font-size: 14px; list-style-type: disc;'>\n<li style='margin-bottom: 5px;'>Sistemas de automatizaci\u00f3n de puertas<\/li>\n<li style='margin-bottom: 5px;'>Operadores AXO 5024<\/li>\n<li style='margin-bottom: 5px;'>Sistemas residenciales y comerciales<\/li>\n<li style='margin-bottom: 5px;'>Ambientes interiores y exteriores<\/li>\n<\/ul><\/div>\n<\/p><\/div>\n<div style='flex: 1 1 250px; border: 1px solid rgba(150&comma; 150&comma; 150&comma; 0.4); border-radius: 8px; overflow: hidden; display: flex; flex-direction: column;'>\n<div style='padding: 15px; border-bottom: 1px solid rgba(150&comma; 150&comma; 150&comma; 0.2); font-weight: bold; font-size: 18px; color: inherit;'>Documentaci\u00f3n<\/div>\n<div style='padding: 15px; color: inherit;'>\n<p style='margin-bottom: 15px;'>Para m\u00e1s informaci\u00f3n sobre refacciones del operador AXO 5024:<\/p>\n<ul style='padding-left: 20px; margin: 0; font-size: 14px; list-style-type: disc;'>\n<li style='margin-bottom: 5px;'><a href='https:\/\/ftp3.syscom.mx\/usuarios\/ftp\/2020\/08\/31\/e0d97\/Refacciones%20AXO%205024.pdf' style='color: inherit; text-decoration: underline;' target='_blank'>Cat\u00e1logo de Refacciones AXO 5024<\/a><\/li>\n<\/ul><\/div>\n<\/p><\/div>\n<\/p><\/div>\n<div style='display: flex; flex-wrap: wrap; gap: 30px; margin-bottom: 30px;'>\n<div style='flex: 1 1 300px; min-width: 280px;'>\n<h3 style='font-size: 22px; border-bottom: 2px solid currentColor; padding-bottom: 5px; margin-top: 0; color: inherit; opacity: 0.8;'>Componentes Relacionados<\/h3>\n<ul style='padding-left: 20px; font-size: 15px; color: inherit;'>\n<li style='margin-bottom: 5px;'>119RID098 &#8211; BACK JOINT &#8211; ATI AXO KRONO<\/li>\n<li style='margin-bottom: 5px;'>119RID141 &#8211; LOCK CYLINDER &#8211; A180 AXO<\/li>\n<li style='margin-bottom: 5px;'>119RID270 &#8211; MECHANICAL STOPS &#8211; AMICO AXO<\/li>\n<li style='margin-bottom: 5px;'>119RID303 &#8211; BACK BRACKET &#8211; AX5024 AX71230<\/li>\n<li style='margin-bottom: 5px;'>119RIY077 &#8211; PACKAGE OF 10 TRIANGULAR KEYS<\/li>\n<\/ul><\/div>\n<div style='flex: 1 1 300px; min-width: 280px;'>\n<h3 style='font-size: 22px; border-bottom: 2px solid currentColor; padding-bottom: 5px; margin-top: 0; color: inherit; opacity: 0.8;'>M\u00e1s Componentes<\/h3>\n<ul style='padding-left: 20px; font-size: 15px; color: inherit;'>\n<li style='margin-bottom: 5px;'>88001-0141 &#8211; GRUPPO GUSCI INF.\/SUP. SERIE AXO<\/li>\n<li style='margin-bottom: 5px;'>88001-0152 &#8211; GIUNTO TRASMISSIONE MOTORE SERIE AXO<\/li>\n<li style='margin-bottom: 5px;'>88001-0156 &#8211; SCATOLA ACCESSORI serie AXO 5\/7<\/li>\n<li style='margin-bottom: 5px;'>88001-0195 &#8211; BOCCOLA MADREVITE+STAFFA SERIE AXO 5\/7<\/li>\n<li style='margin-bottom: 5px;'>88001-0201 &#8211; ELECTROBRAKE AXO 24V<\/li>\n<\/ul><\/div>\n<\/p><\/div>\n<div style='display: flex; flex-wrap: wrap; gap: 30px; margin-bottom: 30px;'>\n<div style='flex: 1 1 300px; min-width: 280px;'>\n<h3 style='font-size: 22px; border-bottom: 2px solid currentColor; padding-bottom: 5px; margin-top: 0; color: inherit; opacity: 0.8;'>Disclaimer<\/h3>\n<p style='font-size: 14px; color: inherit; margin-bottom: 15px;'>Los resultados obtenidos por este sistema de simulaci\u00f3n (en adelante &#8216;Contenido&#8217;) son solo para su referencia y no representan de ninguna manera una oferta o compromiso de venta por parte de CAME S.p.A y\/o CAME UK. El propietario del Contenido es CAME S.p.A&comma; salvo indicaci\u00f3n contraria&comma; y el contenido est\u00e1 protegido por derechos de autor y cubierto por la legislaci\u00f3n sobre propiedad industrial. Al usuario no se le otorga ninguna licencia o derecho de uso y&comma; por lo tanto&comma; no est\u00e1 autorizado a registrar el Contenido &#8211; en su totalidad o en parte &#8211; en cualquier tipo de medio&comma; ni a copiar&comma; publicar&comma; transmitir o utilizarlo con fines comerciales sin el previo consentimiento escrito de CAME S.p.A. No obstante&comma; es posible hacer una copia para uso personal solamente. En cualquier caso&comma; CAME S.p.A. y CAME UK no asumen y renuncian expresamente a cualquier responsabilidad por cualquier error&comma; inexactitud&comma; omisi\u00f3n y deficiencia encontrada dentro del Contenido.<\/p>\n<\/p><\/div>\n<\/p><\/div>\n<hr style='border: 0; border-top: 1px solid rgba(150&comma; 150&comma; 150&comma; 0.3); margin: 30px 0;'> <\/div>\n","protected":false},"excerpt":{"rendered":"<p>Cubiertas para Operador AXO 001AX5024<\/p>\n","protected":false},"featured_media":27026,"comment_status":"open","ping_status":"closed","template":"","meta":[],"product_brand":[],"product_cat":[750],"product_tag":[401,779,751],"class_list":{"0":"post-27027","1":"product","2":"type-product","3":"status-publish","4":"has-post-thumbnail","6":"product_cat-refacciones","7":"product_tag-acceso-vehicular","8":"product_tag-came","9":"product_tag-refacciones","11":"first","12":"instock","13":"sale","14":"shipping-taxable","15":"purchasable","16":"product-type-simple"},"_links":{"self":[{"href":"https:\/\/soydeaqui.ddns.net\/pachuca\/index.php\/wp-json\/wp\/v2\/product\/27027","targetHints":{"allow":["GET"]}}],"collection":[{"href":"https:\/\/soydeaqui.ddns.net\/pachuca\/index.php\/wp-json\/wp\/v2\/product"}],"about":[{"href":"https:\/\/soydeaqui.ddns.net\/pachuca\/index.php\/wp-json\/wp\/v2\/types\/product"}],"replies":[{"embeddable":true,"href":"https:\/\/soydeaqui.ddns.net\/pachuca\/index.php\/wp-json\/wp\/v2\/comments?post=27027"}],"wp:featuredmedia":[{"embeddable":true,"href":"https:\/\/soydeaqui.ddns.net\/pachuca\/index.php\/wp-json\/wp\/v2\/media\/27026"}],"wp:attachment":[{"href":"https:\/\/soydeaqui.ddns.net\/pachuca\/index.php\/wp-json\/wp\/v2\/media?parent=27027"}],"wp:term":[{"taxonomy":"product_brand","embeddable":true,"href":"https:\/\/soydeaqui.ddns.net\/pachuca\/index.php\/wp-json\/wp\/v2\/product_brand?post=27027"},{"taxonomy":"product_cat","embeddable":true,"href":"https:\/\/soydeaqui.ddns.net\/pachuca\/index.php\/wp-json\/wp\/v2\/product_cat?post=27027"},{"taxonomy":"product_tag","embeddable":true,"href":"https:\/\/soydeaqui.ddns.net\/pachuca\/index.php\/wp-json\/wp\/v2\/product_tag?post=27027"}],"curies":[{"name":"wp","href":"https:\/\/api.w.org\/{rel}","templated":true}]}}