{"id":27000,"date":"2026-03-18T12:26:04","date_gmt":"2026-03-18T12:26:04","guid":{"rendered":"https:\/\/soydeaqui.ddns.net\/pachuca\/index.php\/producto\/cerradura-autonoma-ymf30-con-teclado-alto-diseno-estetico\/"},"modified":"2026-03-18T12:26:04","modified_gmt":"2026-03-18T12:26:04","slug":"cerradura-autonoma-ymf30-con-teclado-alto-diseno-estetico","status":"publish","type":"product","link":"https:\/\/soydeaqui.ddns.net\/pachuca\/index.php\/producto\/cerradura-autonoma-ymf30-con-teclado-alto-diseno-estetico\/","title":{"rendered":"Cerradura Aut\u00f3noma YMF30 con Teclado, Alto Dise\u00f1o Est\u00e9tico!"},"content":{"rendered":"<div style='width: 100%; max-width: 1200px; margin: 0 auto; font-family: sans-serif; line-height: 1.6; color: inherit; background-color: transparent;'> <!-- Secci\u00f3n de caracter\u00edsticas --> <\/p>\n<div style='display: flex; flex-wrap: wrap; gap: 30px; margin-bottom: 30px;'>\n<div style='flex: 1 1 300px; min-width: 280px;'>\n<h3 style='font-size: 22px; border-bottom: 2px solid currentColor; padding-bottom: 5px; margin-top: 0; color: inherit; opacity: 0.8;'>Caracter\u00edsticas Principales<\/h3>\n<ul style='padding-left: 20px; font-size: 15px; color: inherit;'>\n<li style='margin-bottom: 5px;'>Men\u00fa de opciones guiado por voz<\/li>\n<li style='margin-bottom: 5px;'>Salida anti-p\u00e1nico<\/li>\n<li style='margin-bottom: 5px;'>Teclado touch inteligente<\/li>\n<li style='margin-bottom: 5px;'>F\u00e1cil registro de claves<\/li>\n<li style='margin-bottom: 5px;'>Cilindro mec\u00e1nico de Alta Seguridad con llaves de punto<\/li>\n<li style='margin-bottom: 5px;'>Alarma de intrusi\u00f3n<\/li>\n<li style='margin-bottom: 5px;'>Cierre autom\u00e1tico electr\u00f3nico<\/li>\n<li style='margin-bottom: 5px;'>Sensor detector de incendios<\/li>\n<\/ul><\/div>\n<div style='flex: 1 1 300px; min-width: 280px;'>\n<h3 style='font-size: 22px; border-bottom: 2px solid currentColor; padding-bottom: 5px; margin-top: 0; color: inherit; opacity: 0.8;'>Especificaciones T\u00e9cnicas<\/h3>\n<ul style='padding-left: 20px; font-size: 15px; color: inherit;'>\n<li style='margin-bottom: 5px;'><strong>Tipo:<\/strong> Embutir<\/li>\n<li style='margin-bottom: 5px;'><strong>Chapa \u00fatil para:<\/strong> Puerta Izquierda o Derecha<\/li>\n<li style='margin-bottom: 5px;'><strong>Cantidad de usuarios por PIN:<\/strong> 30<\/li>\n<li style='margin-bottom: 5px;'><strong>Clave de usuario:<\/strong> De 6 a 12 d\u00edgitos<\/li>\n<li style='margin-bottom: 5px;'><strong>Acabado:<\/strong> Negro<\/li>\n<li style='margin-bottom: 5px;'><strong>Llaves mec\u00e1nicas:<\/strong> 2<\/li>\n<li style='margin-bottom: 5px;'><strong>Backset:<\/strong> 60mm<\/li>\n<li style='margin-bottom: 5px;'><strong>Espesor de puerta:<\/strong> 35-80 mm<\/li>\n<li style='margin-bottom: 5px;'><strong>Alimentaci\u00f3n de emergencia:<\/strong> Entrada de 9 Vcc para apertura en caso de emergencia<\/li>\n<\/ul><\/div>\n<\/p><\/div>\n<p> <!-- Nota importante --> <\/p>\n<div style='margin-bottom: 30px; padding: 15px; background-color: rgba(255&comma; 0&comma; 0&comma; 0.1); border-left: 4px solid #ff0000;'>\n<p style='margin: 0; font-weight: bold; color: inherit;'>HASTA AGOTAR EXISTENCIAS<\/p>\n<\/p><\/div>\n<\/p><\/div>\n","protected":false},"excerpt":{"rendered":"<p>Cerradura Aut\u00f3noma YMF30 con Teclado, Alto Dise\u00f1o Est\u00e9tico!<\/p>\n","protected":false},"featured_media":26999,"comment_status":"open","ping_status":"closed","template":"","meta":[],"product_brand":[],"product_cat":[86],"product_tag":[88,87,395],"class_list":{"0":"post-27000","1":"product","2":"type-product","3":"status-publish","4":"has-post-thumbnail","6":"product_cat-autonomas-inteligentes","7":"product_tag-autonomas-inteligentes","8":"product_tag-cerraduras","9":"product_tag-yale-assa-abloy","11":"first","12":"outofstock","13":"sale","14":"shipping-taxable","15":"purchasable","16":"product-type-simple"},"_links":{"self":[{"href":"https:\/\/soydeaqui.ddns.net\/pachuca\/index.php\/wp-json\/wp\/v2\/product\/27000","targetHints":{"allow":["GET"]}}],"collection":[{"href":"https:\/\/soydeaqui.ddns.net\/pachuca\/index.php\/wp-json\/wp\/v2\/product"}],"about":[{"href":"https:\/\/soydeaqui.ddns.net\/pachuca\/index.php\/wp-json\/wp\/v2\/types\/product"}],"replies":[{"embeddable":true,"href":"https:\/\/soydeaqui.ddns.net\/pachuca\/index.php\/wp-json\/wp\/v2\/comments?post=27000"}],"wp:featuredmedia":[{"embeddable":true,"href":"https:\/\/soydeaqui.ddns.net\/pachuca\/index.php\/wp-json\/wp\/v2\/media\/26999"}],"wp:attachment":[{"href":"https:\/\/soydeaqui.ddns.net\/pachuca\/index.php\/wp-json\/wp\/v2\/media?parent=27000"}],"wp:term":[{"taxonomy":"product_brand","embeddable":true,"href":"https:\/\/soydeaqui.ddns.net\/pachuca\/index.php\/wp-json\/wp\/v2\/product_brand?post=27000"},{"taxonomy":"product_cat","embeddable":true,"href":"https:\/\/soydeaqui.ddns.net\/pachuca\/index.php\/wp-json\/wp\/v2\/product_cat?post=27000"},{"taxonomy":"product_tag","embeddable":true,"href":"https:\/\/soydeaqui.ddns.net\/pachuca\/index.php\/wp-json\/wp\/v2\/product_tag?post=27000"}],"curies":[{"name":"wp","href":"https:\/\/api.w.org\/{rel}","templated":true}]}}